{"id":509027,"date":"2021-06-07T15:50:31","date_gmt":"2021-06-07T13:50:31","guid":{"rendered":"http:\/\/biomes.world\/?page_id=509027"},"modified":"2022-01-03T11:55:25","modified_gmt":"2022-01-03T10:55:25","slug":"dein-darmtest","status":"publish","type":"page","link":"https:\/\/biomes.world\/de\/dein-darmtest\/","title":{"rendered":"Dein Darmtest"},"content":{"rendered":"<div id=\"fullpic-block_60be34220ca38\" class=\"fullpic fullpic--reverse site-block\" style=\"background-color: #F5F5F5;\">\n    <div class=\"fullpic__media\" data-slick='{ \"autoplaySpeed\": 6000, \"speed\": 3000 }'>\n            <\/div>\n    <div class=\"fullpic__content\">\n        <div class=\"fullpic__col column\">\n            <div class=\"fullpic__title h1\"><span>Dein Darmtest<\/span>Wie funktioniert der Darmtest INTEST.pro?<\/div><div>\n\n<p>Mit dem im Kit von\u00a0<strong>INTEST.<\/strong>pro enthaltenen Wattest\u00e4bchen wird etwas Stuhl abgestrichen und in das beiliegende Probengef\u00e4\u00df einger\u00fchrt, das eine DNA-stabilisierende L\u00f6sung enth\u00e4lt. Das bef\u00fcllte Probengef\u00e4\u00df wird mit dem beiliegenden Briefumschlag in die Labore von\u00a0<strong>BIOMES<\/strong>\u00a0gesendet und dort ausgewertet.<\/p>\n\n<\/div><a href=\"https:\/\/biomes.world\/de\/shop\/intest-pro\" target=\"\" class=\"wp-block-button__link \">Mehr Informationen im Shop<\/a>        <\/div>\n    <\/div>\n    <\/div>\n    \n\n\n<h2 class=\"wp-block-heading\" id=\"h-wie-analysiert-biomes-deine-darmflora\">Wie analysiert BIOMES deine Darmflora?<\/h2>\n\n\n<div id=\"benefits-block_60be21afc5e20\" class=\"benefits site-block\">\n    <div class=\"benefits__row row xs-up-1 md-up-2 lg-up-3\">\n        <div class=\"benefits__item column\"><div class=\"benefits__content\"><div class=\"benefits__media--icon benefits__media\"><svg xmlns=\"http:\/\/www.w3.org\/2000\/svg\" viewBox=\"0 0 12 12\"><use xlink:href=\"https:\/\/biomes.world\/wp-content\/themes\/biomesworld\/resources\/public\/svg\/icons.svg?1.62#hochdurchsatz-frequenzierung\"><\/use><\/svg><\/div><div class=\"benefits__text\"><div class=\"benefits__header\">Hochdurchsatz-Sequenzierung<\/div><p>Im BIOMES Labor angekommen wird die Probe nach einem Qualit\u00e4tscheck mit Hilfe selbstentwickelter Laborprozesse die mikrobielle DNA verarbeitet und anschlie\u00dfend mit modernsten Methoden der Hochdurchsatz-Sequenzierung (HTS) analysiert.<\/p>\n<\/div><\/div><\/div><div class=\"benefits__item column\"><div class=\"benefits__content\"><div class=\"benefits__media--icon benefits__media\"><svg xmlns=\"http:\/\/www.w3.org\/2000\/svg\" viewBox=\"0 0 12 12\"><use xlink:href=\"https:\/\/biomes.world\/wp-content\/themes\/biomesworld\/resources\/public\/svg\/icons.svg?1.62#pipeline\"><\/use><\/svg><\/div><div class=\"benefits__text\"><div class=\"benefits__header\">Analyse-Pipeline<\/div><p>Die ermittelten DNA-Sequenzen werden in unserer eigenentwickelten BIOMES Software-Pipeline auf ihre Qualit\u00e4t gepr\u00fcft und anschlie\u00dfend mit allen bekannten Mikroben-Genomen verglichen, sodass ein kundenspezifisches Mikrobiota-Profil erzeugt wird.<\/p>\n<\/div><\/div><\/div><div class=\"benefits__item column\"><div class=\"benefits__content\"><div class=\"benefits__media--icon benefits__media\"><svg xmlns=\"http:\/\/www.w3.org\/2000\/svg\" viewBox=\"0 0 12 12\"><use xlink:href=\"https:\/\/biomes.world\/wp-content\/themes\/biomesworld\/resources\/public\/svg\/icons.svg?1.62#dashboard\"><\/use><\/svg><\/div><div class=\"benefits__text\"><div class=\"benefits__header\">Mikrobiota-Profil<\/div><p>Dieses Profil wiederum wird mit einer eigenentwickelten Wissensdatenbank auf verschiedenste physiologische Eigenschaften untersucht, darunter Verdauung, Vitaminsynthese, Nahrungsunvertr\u00e4glichkeiten, K\u00f6rpergewicht und Kalorienverwertung etc.<\/p>\n<\/div><\/div><\/div>    <\/div>\n<\/div>\n\n\n<div id=\"fullpic-block_60be22bac5e28\" class=\"fullpic  site-block\" style=\"background-color: #F5F5F5;\">\n    <div class=\"fullpic__media\" data-slick='{ \"autoplaySpeed\": 6000, \"speed\": 3000 }'>\n        <div><img decoding=\"async\" src=\"https:\/\/biomes.world\/wp-content\/uploads\/2021\/05\/ipad-darmtest-1600x650.jpg\" alt=\"\" srcset=\"https:\/\/biomes.world\/wp-content\/uploads\/2021\/05\/ipad-darmtest-300x120.jpg 300w, https:\/\/biomes.world\/wp-content\/uploads\/2021\/05\/ipad-darmtest-1024x410.jpg 1024w, https:\/\/biomes.world\/wp-content\/uploads\/2021\/05\/ipad-darmtest-768x307.jpg 768w, https:\/\/biomes.world\/wp-content\/uploads\/2021\/05\/ipad-darmtest-1536x614.jpg 1536w, https:\/\/biomes.world\/wp-content\/uploads\/2021\/05\/ipad-darmtest-250x100.jpg 250w, https:\/\/biomes.world\/wp-content\/uploads\/2021\/05\/ipad-darmtest.jpg 1975w\" sizes=\"(max-width: 30em) 100vw, (max-width: 48em) 100vw, (max-width: 62em) 100vw, (max-width: 75em) 100vw, 1600px\"><\/div>    <\/div>\n    <div class=\"fullpic__content\">\n        <div class=\"fullpic__col column\">\n            <div class=\"fullpic__title h1\">Wie bekommst du deine Ergebnisse?<\/div><div>\n\n<p>Deine&nbsp;<a href=\"http:\/\/biomes.world\/wp-content\/uploads\/2019\/05\/pdf_report_de-2.pdf\">Ergebnisse<\/a>&nbsp;werden professionell und leicht verst\u00e4ndlich in einem Online-Dashboard (<a href=\"https:\/\/my.biomes.world\/en\/login\" target=\"_blank\" rel=\"noreferrer noopener\">my.BIOMES.world<\/a>) aufbereitet. Dort bekommst du Aufschluss \u00fcber Schwachstellen deiner Darmflora und individuelle Empfehlungen zur Steigerung deines Wohlbefindens.<\/p>\n\n\n\n<p>Die Darmflora-Analyse <strong>INTEST.<\/strong>pro von <strong>BIOMES<\/strong> gibt unter anderem Aufschluss \u00fcber folgende Aspekte:<\/p>\n\n\n\n<ul class=\"wp-block-list\"><li>Vitaminsynthese<\/li><li>Verdauung<\/li><li>Neigung zu Unvertr\u00e4glichkeiten<\/li><li>Immunst\u00e4rke<\/li><li>Kalorienverwertung<\/li><li>Ausgeglichenheit der Darmbakterien<\/li><\/ul>\n\n<\/div>        <\/div>\n    <\/div>\n    <\/div>\n    \n\n<div id=\"teaser-posts-block_60de30f0d7141\" class=\"post__entries site-block\">\n    <div class=\"post__slide xs-up-1 md-up-2 lg-up-2 row\">\n                                <div class=\"post__item post column\">\n                <div class=\"post__content\">\n                    <div class=\"post__youtube-wrap\"><a href=\"https:\/\/youtu.be\/7PtCjEWI-yE\" target=\"_blank\"><div class=\"post__youtube\"><\/div><\/a><a href=\"https:\/\/youtu.be\/7PtCjEWI-yE\" class=\"post__thumbnail\" tabindex=\"0\"><img loading=\"lazy\" decoding=\"async\" width=\"800\" height=\"470\" src=\"https:\/\/biomes.world\/wp-content\/uploads\/2019\/01\/Depositphotos_330685550_xl-2015-scaled-800x470.jpg\" class=\"attachment-post-thumbnail size-post-thumbnail\" alt=\"Bildbeschreibung\" srcset=\"https:\/\/biomes.world\/wp-content\/uploads\/2019\/01\/Depositphotos_330685550_xl-2015-scaled-800x470.jpg 800w, https:\/\/biomes.world\/wp-content\/uploads\/2019\/01\/Depositphotos_330685550_xl-2015-scaled-400x235.jpg 400w\" sizes=\"auto, (max-width: 800px) 100vw, 800px\" \/><\/div><\/a>                    <div class=\"entry\">\n                        <div class=\"entry__header\">\n                            <div class=\"entry__title h2\">\n                            <a href=\"https:\/\/youtu.be\/7PtCjEWI-yE\">Erfahre mehr \u00fcber den Ablauf des Darmtests INTEST.pro<\/a>                            <\/div>\n                        <\/div>\n                                            <\/div>\n                <\/div>\n            <\/div>\n                        <div class=\"post__item post column\">\n                <div class=\"post__content\">\n                    <div class=\"post__youtube-wrap\"><a href=\"https:\/\/youtu.be\/NFpEhp30euo\" target=\"_blank\"><div class=\"post__youtube\"><\/div><\/a><a href=\"https:\/\/youtu.be\/NFpEhp30euo\" class=\"post__thumbnail\" tabindex=\"0\"><img loading=\"lazy\" decoding=\"async\" width=\"800\" height=\"470\" src=\"https:\/\/biomes.world\/wp-content\/uploads\/2021\/05\/eBook_Immunsystem_200506_Seite_04-800x470.jpg\" class=\"attachment-post-thumbnail size-post-thumbnail\" alt=\"eBook Darm und Immunsystem Seite 3\" srcset=\"https:\/\/biomes.world\/wp-content\/uploads\/2021\/05\/eBook_Immunsystem_200506_Seite_04-800x470.jpg 800w, https:\/\/biomes.world\/wp-content\/uploads\/2021\/05\/eBook_Immunsystem_200506_Seite_04-400x235.jpg 400w\" sizes=\"auto, (max-width: 800px) 100vw, 800px\" \/><\/div><\/a>                    <div class=\"entry\">\n                        <div class=\"entry__header\">\n                            <div class=\"entry__title h2\">\n                            <a href=\"https:\/\/youtu.be\/NFpEhp30euo\">Warum ist unsere Darmflora so wichtig?<\/a>                            <\/div>\n                        <\/div>\n                                            <\/div>\n                <\/div>\n            <\/div>\n                        <\/div>\n<\/div>\n\n\n<div id=\"fullpic-block_60be2603ed897\" class=\"fullpic fullpic--reverse site-block\" style=\"background-color: #F5F5F5;\">\n    <div class=\"fullpic__media\" data-slick='{ \"autoplaySpeed\": 6000, \"speed\": 3000 }'>\n        <div><img decoding=\"async\" src=\"https:\/\/biomes.world\/wp-content\/uploads\/2021\/06\/biomes-background-technologie-650.jpg\" alt=\"\" srcset=\"https:\/\/biomes.world\/wp-content\/uploads\/2021\/06\/biomes-background-technologie-650-300x122.jpg 300w, https:\/\/biomes.world\/wp-content\/uploads\/2021\/06\/biomes-background-technologie-650-1024x417.jpg 1024w, https:\/\/biomes.world\/wp-content\/uploads\/2021\/06\/biomes-background-technologie-650-768x312.jpg 768w, https:\/\/biomes.world\/wp-content\/uploads\/2021\/06\/biomes-background-technologie-650-1536x625.jpg 1536w, https:\/\/biomes.world\/wp-content\/uploads\/2021\/06\/biomes-background-technologie-650-250x102.jpg 250w, https:\/\/biomes.world\/wp-content\/uploads\/2021\/06\/biomes-background-technologie-650-800x325.jpg 800w, https:\/\/biomes.world\/wp-content\/uploads\/2021\/06\/biomes-background-technologie-650.jpg 1600w\" sizes=\"(max-width: 30em) 100vw, (max-width: 48em) 100vw, (max-width: 62em) 100vw, (max-width: 75em) 100vw, 1600px\"><\/div>    <\/div>\n    <div class=\"fullpic__content\">\n        <div class=\"fullpic__col column\">\n            <div class=\"fullpic__title h1\">Worauf basieren die Ergebnisse von BIOMES?<\/div><div>\n\n<p>Deine Ergebnisse werden mit Hilfe unserer <strong>BIOMES<\/strong> Wissensdatenbank verglichen und interpretiert: \u00dcber 7.000 wissenschaftliche und klinische Studien bilden die Grundlage der Interpretation. Die Wissenschaftler von <strong>BIOMES<\/strong> haben \u00fcber viele Jahre alle weltweiten Mikrobiom-Studien ausgewertet sowie gepr\u00fcft und nur valide Ergebnisse in die <strong>BIOMES<\/strong> Datenbank integriert.<\/p>\n\n\n\n<p>\u00dcber 20.000 Datens\u00e4tze dienen dabei zur Personalisierung deiner Ergebnisse:<br>Weil allgemeine Referenzwerte alle Menschen \u00fcber einen Kamm scheren, wird in der <strong>BIOMES<\/strong> Community jeder Datensatz mit einer zu ihm passenden gesunden Subgruppe verglichen. Das f\u00fchrt zu einem Darmflora-Profil, das so individuell ist, wie dein Fingerabdruck.<\/p>\n\n<\/div>        <\/div>\n    <\/div>\n    <\/div>\n    \n\n<div id=\"trust-block_60be265bed8a1\" class=\"trust wp-block-biomesworld-trust acf-block\">\n    <div class=\"align-center row\">\n        <div class=\"wp-block-biomesworld-trust__header column\">\n            <div class=\"h3\">\n                <span>Datenschutz<\/span>Deine Daten sind bei uns sicher.            <\/div>\n        <\/div>\n        <div class=\"wp-block-biomesworld-trust__badge\">\n            <svg width=\"85\" height=\"76.197\"><use xlink:href=\"https:\/\/biomes.world\/wp-content\/themes\/biomesworld\/resources\/public\/svg\/sprite.svg?1.62#trust-badge\"><\/use><\/svg>\n        <\/div>\n    <\/div>\n    <div class=\"wp-block-biomesworld-trust__row row\">\n                <div class=\"wp-block-biomesworld-trust__item column\">\n            <svg width=\"101.284\" height=\"89.233\"><use xlink:href=\"https:\/\/biomes.world\/wp-content\/themes\/biomesworld\/resources\/public\/svg\/sprite.svg?1.62#trust-encrypt\"><\/use><\/svg>\n            <div class=\"wp-block-biomesworld-trust__text\">SSL-Verschl\u00fcsselung<\/div>\n        <\/div>\n                        <div class=\"wp-block-biomesworld-trust__item column\">\n            <svg width=\"101.284\" height=\"89.233\"><use xlink:href=\"https:\/\/biomes.world\/wp-content\/themes\/biomesworld\/resources\/public\/svg\/sprite.svg?1.62#trust-analysis\"><\/use><\/svg>\n            <div class=\"wp-block-biomesworld-trust__text\">Analyse im eigenen Labor bei Berlin<\/div>\n        <\/div>\n                        <div class=\"wp-block-biomesworld-trust__item column\">\n            <svg width=\"101.284\" height=\"89.233\"><use xlink:href=\"https:\/\/biomes.world\/wp-content\/themes\/biomesworld\/resources\/public\/svg\/sprite.svg?1.62#trust-server\"><\/use><\/svg>\n            <div class=\"wp-block-biomesworld-trust__text\">Europ\u00e4ische Server \u2013 100 % DSGVO<\/div>\n        <\/div>\n                        <div class=\"wp-block-biomesworld-trust__item column\">\n            <svg width=\"101.284\" height=\"89.233\"><use xlink:href=\"https:\/\/biomes.world\/wp-content\/themes\/biomesworld\/resources\/public\/svg\/sprite.svg?1.62#trust-dashboard\"><\/use><\/svg>\n            <div class=\"wp-block-biomesworld-trust__text\">Gesch\u00fctzter Login f\u00fcr deine Auswertung<\/div>\n        <\/div>\n            <\/div>\n<\/div>\n\n\n    <div id=\"hero-product-testimonial-block_60be2718ed8ac\" class=\"hero-product-testimonial site-block\">\n        <div class=\"align-center row\">\n            <div class=\"teaser-columns__col lg-6 xl-5 xs-12 column\">\n                <div class=\"testimonial__item column\">\n    <div class=\"testimonial__content\">\n        <div class=\"testimonial__icon\">\n            <svg width=\"33.4\" height=\"30.3\"><use xlink:href=\"https:\/\/biomes.world\/wp-content\/themes\/biomesworld\/resources\/public\/svg\/sprite.svg?1.62#quote-fill\"><\/use><\/svg>\n        <\/div>\n        <div class=\"testimonial__text\">Dr. Paul Hammer ist Gr\u00fcnder und CEO der <strong>BIOMES<\/strong> 4.0 GmbH. Paul promovierte 2012 in Systembiologie und Bioinformatik. Seine gro\u00dfe Leidenschaft ist die Erforschung von genomischen und mikrobiellen Mechanismen und ihrer Auswirkungen auf unser Leben. Nach seiner wissenschaftlichen Ausbildung und unterschiedlichen Projekten an renommierten Institutionen, wie dem Max-Planck-Institut f\u00fcr molekulare Genetik in Berlin, begann er 2010 seine unternehmerische Karriere mit der Mission, allen Menschen Zugang zu Hochtechnologien zu geben.<\/div>\n        <div class=\"testimonial__footer\">\n            <div class=\"testimonial__portrait\">\n                <svg xmlns=\"http:\/\/www.w3.org\/2000\/svg\" viewBox=\"0 0 400 358.6\" preserveAspectRatio=\"xMaxYMax slice\"><image xlink:href=\"https:\/\/biomes.world\/wp-content\/uploads\/2021\/06\/CEO_Dr._Paul_Hammer_Expertenprofilbild-400x360.png\" clip-path=\"url(#clip-portrait)\"><\/image>\n                    <clipPath id=\"clip-portrait\">\n                        <path d=\"M277.3,0H122.7c-16.2,0-31.2,8.7-39.3,22.7L6.1,156.6c-8.1,14-8.1,31.3,0,45.4l77.3,133.9 c8.1,14,23.1,22.7,39.3,22.7h154.6c16.2,0,31.2-8.7,39.3-22.7L393.9,202c8.1-14,8.1-31.3,0-45.4L316.6,22.7 C308.5,8.7,293.5,0,277.3,0z\"\/>\n                    <\/clipPath>\n                <\/svg>\n            <\/div>\n            <div class=\"testimonial__author\">\n                <div class=\"testimonial__name\">Dr. Paul Hammer<\/div>CEO &#038; Founder\n            <\/div>\n        <\/div>\n    <\/div><\/div>            <\/div>\n            <div class=\"teaser-columns__col lg-5 xs-12 column\">\n                <div class=\"hero-product--category hero-product\">\n                <div class=\"hero-product__wrap\">\n                            <div class=\"xs-12 column\">\n                                <div class=\"hero-product__header\">Wo kann ich INTEST.pro kaufen?<\/div>\n                            <\/div>\n                            <div class=\"hero-product__media md-6 xs-12 column\"><img decoding=\"async\" src=\"https:\/\/biomes.world\/wp-content\/uploads\/2021\/05\/intest_pro-1.png\" alt=\"\"><\/div>\n                            <div class=\"hero-product__content md-6 xs-12 column\"> Du kannst den Darmtest in ausgew\u00e4hlten Apotheken, bei Ern\u00e4hrungsberatern und in Fitnessstudios kaufen, oder einfach direkt in unserem BIOMES Online-Shop.<br \/>\r\n<br \/>\r\nBestelle dir jetzt die erste vollst\u00e4ndige Darmflora-Analyse mit individuellen Empfehlungen zur Steigerung der Lebensqualit\u00e4t.<br \/>\r\n\n                                <div class=\"hero-product__action\"><a href=\"https:\/\/biomes.world\/de\/shop\/intest-pro\" target=\"\" class=\"wp-block-button__link \">INTEST.pro bestellen<\/a><\/div>\n                            <\/div>\n                        <\/div>                <\/div>\n            <\/div>\n        <\/div>\n    <\/div>\n\n\n","protected":false},"excerpt":{"rendered":"<p>Dein DarmtestWie funktioniert der Darmtest INTEST.pro? Mit dem im Kit von\u00a0INTEST.pro enthaltenen Wattest\u00e4bchen wird etwas Stuhl abgestrichen und in das beiliegende Probengef\u00e4\u00df einger\u00fchrt, das eine DNA-stabilisierende L\u00f6sung enth\u00e4lt. Das bef\u00fcllte Probengef\u00e4\u00df wird mit dem beiliegenden Briefumschlag in die Labore von\u00a0BIOMES\u00a0gesendet und dort ausgewertet. Mehr Informationen im Shop Wie analysiert BIOMES deine Darmflora? Hochdurchsatz-SequenzierungIm BIOMES Labor [&#8230;]<\/p>\n","protected":false},"author":3168,"featured_media":0,"parent":0,"menu_order":0,"comment_status":"closed","ping_status":"closed","template":"","meta":{"_acf_changed":false,"footnotes":""},"class_list":["post-509027","page","type-page","status-publish","hentry"],"acf":[],"yoast_head":"<!-- This site is optimized with the Yoast SEO plugin v27.4 - https:\/\/yoast.com\/product\/yoast-seo-wordpress\/ -->\n<title>Dein Darmtest - BIOMES - Feel better<\/title>\n<meta name=\"robots\" content=\"index, follow, max-snippet:-1, max-image-preview:large, max-video-preview:-1\" \/>\n<link rel=\"canonical\" href=\"https:\/\/biomes.world\/de\/dein-darmtest\/\" \/>\n<meta property=\"og:locale\" content=\"de_DE\" \/>\n<meta property=\"og:type\" content=\"article\" \/>\n<meta property=\"og:title\" content=\"Dein Darmtest - BIOMES - Feel better\" \/>\n<meta property=\"og:description\" content=\"Dein DarmtestWie funktioniert der Darmtest INTEST.pro? Mit dem im Kit von\u00a0INTEST.pro enthaltenen Wattest\u00e4bchen wird etwas Stuhl abgestrichen und in das beiliegende Probengef\u00e4\u00df einger\u00fchrt, das eine DNA-stabilisierende L\u00f6sung enth\u00e4lt. Das bef\u00fcllte Probengef\u00e4\u00df wird mit dem beiliegenden Briefumschlag in die Labore von\u00a0BIOMES\u00a0gesendet und dort ausgewertet. Mehr Informationen im Shop Wie analysiert BIOMES deine Darmflora? Hochdurchsatz-SequenzierungIm BIOMES Labor [...]\" \/>\n<meta property=\"og:url\" content=\"https:\/\/biomes.world\/de\/dein-darmtest\/\" \/>\n<meta property=\"og:site_name\" content=\"BIOMES - Feel better\" \/>\n<meta property=\"article:publisher\" content=\"https:\/\/de-de.facebook.com\/BIOMES.world\/\" \/>\n<meta property=\"article:modified_time\" content=\"2022-01-03T10:55:25+00:00\" \/>\n<meta name=\"twitter:card\" content=\"summary_large_image\" \/>\n<meta name=\"twitter:label1\" content=\"Gesch\u00e4tzte Lesezeit\" \/>\n\t<meta name=\"twitter:data1\" content=\"2\u00a0Minuten\" \/>\n<script type=\"application\/ld+json\" class=\"yoast-schema-graph\">{\"@context\":\"https:\\\/\\\/schema.org\",\"@graph\":[{\"@type\":\"WebPage\",\"@id\":\"https:\\\/\\\/biomes.world\\\/de\\\/dein-darmtest\\\/\",\"url\":\"https:\\\/\\\/biomes.world\\\/de\\\/dein-darmtest\\\/\",\"name\":\"Dein Darmtest - BIOMES - Feel better\",\"isPartOf\":{\"@id\":\"https:\\\/\\\/biomes.world\\\/de\\\/#website\"},\"datePublished\":\"2021-06-07T13:50:31+00:00\",\"dateModified\":\"2022-01-03T10:55:25+00:00\",\"breadcrumb\":{\"@id\":\"https:\\\/\\\/biomes.world\\\/de\\\/dein-darmtest\\\/#breadcrumb\"},\"inLanguage\":\"de\",\"potentialAction\":[{\"@type\":\"ReadAction\",\"target\":[\"https:\\\/\\\/biomes.world\\\/de\\\/dein-darmtest\\\/\"]}]},{\"@type\":\"BreadcrumbList\",\"@id\":\"https:\\\/\\\/biomes.world\\\/de\\\/dein-darmtest\\\/#breadcrumb\",\"itemListElement\":[{\"@type\":\"ListItem\",\"position\":1,\"name\":\"Home\",\"item\":\"https:\\\/\\\/biomes.world\\\/de\\\/\"},{\"@type\":\"ListItem\",\"position\":2,\"name\":\"Dein Darmtest\"}]},{\"@type\":\"WebSite\",\"@id\":\"https:\\\/\\\/biomes.world\\\/de\\\/#website\",\"url\":\"https:\\\/\\\/biomes.world\\\/de\\\/\",\"name\":\"BIOMES - Feel better\",\"description\":\"Cutting-edge biotechnology used to help people\",\"publisher\":{\"@id\":\"https:\\\/\\\/biomes.world\\\/de\\\/#organization\"},\"potentialAction\":[{\"@type\":\"SearchAction\",\"target\":{\"@type\":\"EntryPoint\",\"urlTemplate\":\"https:\\\/\\\/biomes.world\\\/de\\\/?s={search_term_string}\"},\"query-input\":{\"@type\":\"PropertyValueSpecification\",\"valueRequired\":true,\"valueName\":\"search_term_string\"}}],\"inLanguage\":\"de\"},{\"@type\":\"Organization\",\"@id\":\"https:\\\/\\\/biomes.world\\\/de\\\/#organization\",\"name\":\"BIOMES 4.0 GmbH\",\"url\":\"https:\\\/\\\/biomes.world\\\/de\\\/\",\"logo\":{\"@type\":\"ImageObject\",\"inLanguage\":\"de\",\"@id\":\"https:\\\/\\\/biomes.world\\\/de\\\/#\\\/schema\\\/logo\\\/image\\\/\",\"url\":\"http:\\\/\\\/biomes.world\\\/wp-content\\\/uploads\\\/2024\\\/04\\\/biomes_logo_2021_RGB.png\",\"contentUrl\":\"http:\\\/\\\/biomes.world\\\/wp-content\\\/uploads\\\/2024\\\/04\\\/biomes_logo_2021_RGB.png\",\"width\":10040,\"height\":2599,\"caption\":\"BIOMES 4.0 GmbH\"},\"image\":{\"@id\":\"https:\\\/\\\/biomes.world\\\/de\\\/#\\\/schema\\\/logo\\\/image\\\/\"},\"sameAs\":[\"https:\\\/\\\/de-de.facebook.com\\\/BIOMES.world\\\/\",\"https:\\\/\\\/www.youtube.com\\\/@BIOMESworld\",\"https:\\\/\\\/www.instagram.com\\\/biomes_official\\\/\"]}]}<\/script>\n<!-- \/ Yoast SEO plugin. -->","yoast_head_json":{"title":"Dein Darmtest - BIOMES - Feel better","robots":{"index":"index","follow":"follow","max-snippet":"max-snippet:-1","max-image-preview":"max-image-preview:large","max-video-preview":"max-video-preview:-1"},"canonical":"https:\/\/biomes.world\/de\/dein-darmtest\/","og_locale":"de_DE","og_type":"article","og_title":"Dein Darmtest - BIOMES - Feel better","og_description":"Dein DarmtestWie funktioniert der Darmtest INTEST.pro? Mit dem im Kit von\u00a0INTEST.pro enthaltenen Wattest\u00e4bchen wird etwas Stuhl abgestrichen und in das beiliegende Probengef\u00e4\u00df einger\u00fchrt, das eine DNA-stabilisierende L\u00f6sung enth\u00e4lt. Das bef\u00fcllte Probengef\u00e4\u00df wird mit dem beiliegenden Briefumschlag in die Labore von\u00a0BIOMES\u00a0gesendet und dort ausgewertet. Mehr Informationen im Shop Wie analysiert BIOMES deine Darmflora? Hochdurchsatz-SequenzierungIm BIOMES Labor [...]","og_url":"https:\/\/biomes.world\/de\/dein-darmtest\/","og_site_name":"BIOMES - Feel better","article_publisher":"https:\/\/de-de.facebook.com\/BIOMES.world\/","article_modified_time":"2022-01-03T10:55:25+00:00","twitter_card":"summary_large_image","twitter_misc":{"Gesch\u00e4tzte Lesezeit":"2\u00a0Minuten"},"schema":{"@context":"https:\/\/schema.org","@graph":[{"@type":"WebPage","@id":"https:\/\/biomes.world\/de\/dein-darmtest\/","url":"https:\/\/biomes.world\/de\/dein-darmtest\/","name":"Dein Darmtest - BIOMES - Feel better","isPartOf":{"@id":"https:\/\/biomes.world\/de\/#website"},"datePublished":"2021-06-07T13:50:31+00:00","dateModified":"2022-01-03T10:55:25+00:00","breadcrumb":{"@id":"https:\/\/biomes.world\/de\/dein-darmtest\/#breadcrumb"},"inLanguage":"de","potentialAction":[{"@type":"ReadAction","target":["https:\/\/biomes.world\/de\/dein-darmtest\/"]}]},{"@type":"BreadcrumbList","@id":"https:\/\/biomes.world\/de\/dein-darmtest\/#breadcrumb","itemListElement":[{"@type":"ListItem","position":1,"name":"Home","item":"https:\/\/biomes.world\/de\/"},{"@type":"ListItem","position":2,"name":"Dein Darmtest"}]},{"@type":"WebSite","@id":"https:\/\/biomes.world\/de\/#website","url":"https:\/\/biomes.world\/de\/","name":"BIOMES - Feel better","description":"Cutting-edge biotechnology used to help people","publisher":{"@id":"https:\/\/biomes.world\/de\/#organization"},"potentialAction":[{"@type":"SearchAction","target":{"@type":"EntryPoint","urlTemplate":"https:\/\/biomes.world\/de\/?s={search_term_string}"},"query-input":{"@type":"PropertyValueSpecification","valueRequired":true,"valueName":"search_term_string"}}],"inLanguage":"de"},{"@type":"Organization","@id":"https:\/\/biomes.world\/de\/#organization","name":"BIOMES 4.0 GmbH","url":"https:\/\/biomes.world\/de\/","logo":{"@type":"ImageObject","inLanguage":"de","@id":"https:\/\/biomes.world\/de\/#\/schema\/logo\/image\/","url":"http:\/\/biomes.world\/wp-content\/uploads\/2024\/04\/biomes_logo_2021_RGB.png","contentUrl":"http:\/\/biomes.world\/wp-content\/uploads\/2024\/04\/biomes_logo_2021_RGB.png","width":10040,"height":2599,"caption":"BIOMES 4.0 GmbH"},"image":{"@id":"https:\/\/biomes.world\/de\/#\/schema\/logo\/image\/"},"sameAs":["https:\/\/de-de.facebook.com\/BIOMES.world\/","https:\/\/www.youtube.com\/@BIOMESworld","https:\/\/www.instagram.com\/biomes_official\/"]}]}},"_links":{"self":[{"href":"https:\/\/biomes.world\/de\/wp-json\/wp\/v2\/pages\/509027","targetHints":{"allow":["GET"]}}],"collection":[{"href":"https:\/\/biomes.world\/de\/wp-json\/wp\/v2\/pages"}],"about":[{"href":"https:\/\/biomes.world\/de\/wp-json\/wp\/v2\/types\/page"}],"author":[{"embeddable":true,"href":"https:\/\/biomes.world\/de\/wp-json\/wp\/v2\/users\/3168"}],"replies":[{"embeddable":true,"href":"https:\/\/biomes.world\/de\/wp-json\/wp\/v2\/comments?post=509027"}],"version-history":[{"count":0,"href":"https:\/\/biomes.world\/de\/wp-json\/wp\/v2\/pages\/509027\/revisions"}],"wp:attachment":[{"href":"https:\/\/biomes.world\/de\/wp-json\/wp\/v2\/media?parent=509027"}],"curies":[{"name":"wp","href":"https:\/\/api.w.org\/{rel}","templated":true}]}}