{"id":508537,"date":"2021-06-04T11:40:28","date_gmt":"2021-06-04T09:40:28","guid":{"rendered":"http:\/\/biomes.world\/?page_id=508537"},"modified":"2023-05-22T11:19:29","modified_gmt":"2023-05-22T09:19:29","slug":"expertenprofil-philipp-franke","status":"publish","type":"page","link":"https:\/\/biomes.world\/de\/expertenprofil-philipp-franke\/","title":{"rendered":"Expertenprofil Philipp Franke"},"content":{"rendered":"<div id=\"expert-block_fad30e27594606f7d1512da204677b6c\" class=\"expert site-block\">\n\t<div class=\"row align-center\">\n\t\t<div class=\"xs-8 lg-4 column\">\n\t\t\t<figure class=\"expert__figure\">\n\t\t\t\t<svg xmlns=\"http:\/\/www.w3.org\/2000\/svg\" xmlns:xlink=\"http:\/\/www.w3.org\/1999\/xlink\" viewBox=\"0 0 400 358.572\">\n\t\t\t\t\t<defs>\n\t\t\t\t\t\t<pattern id=\"a_616\" width=\"1\" height=\"1\" viewBox=\"0 0.714 400 358.572\">\n                            <image preserveAspectRatio=\"xMidYMid slice\" width=\"400\" height=\"400\" xlink:href=\"https:\/\/biomes.world\/wp-content\/uploads\/2021\/06\/Philipp_Expertenprofilbild-400x360.png\" \/>\t\t\t\t\t\t<\/pattern>\n\t\t\t\t\t<\/defs>\n\t\t\t\t\t<path d=\"M422.691 113.321H268.08a45.389 45.389 0 00-39.308 22.695l-77.305 133.9a45.389 45.389 0 000 45.389l77.305 133.9A45.389 45.389 0 00268.08 471.9h154.611A45.389 45.389 0 00462 449.2l77.3-133.9a45.39 45.39 0 000-45.389L462 136.016a45.389 45.389 0 00-39.309-22.695z\" transform=\"translate(-145.385 -113.321)\" fill=\"url(#a_616)\"\/>\n\t\t\t\t<\/svg>\n                <div class=\"expert__social\"><a href=\"https:\/\/www.linkedin.com\/in\/philipp-franke-b0a50187\/\" target=\"_blank\" class=\"expert__social-link\"><svg width=\"29\" height=\"14\"><use xlink:href=\"https:\/\/biomes.world\/wp-content\/themes\/biomesworld\/resources\/public\/svg\/sprite.svg?1.62#linkedin-in\"><\/use><\/svg><\/a><\/div>\t\t\t<\/figure>\n\t\t<\/div>\n\t\t<div class=\"xs-12 lg-6 column\">\n            <h1><span>Head of Laboratory &#038; Co-Founder <\/span>Philipp Franke <\/h1><div class=\"expert__description\"><p>Philipp Franke ist Wissenschaftler mit Leib und Seele. Er studierte Biosystemtechnik\/ Bioinformatik mit den Schwerpunkten Methodenentwicklung, Laborautomatisierung und Nukleins\u00e4ure-Sequenzierung an der Technischen Hochschule Wildau. Zun\u00e4chst arbeitete er als Dozent f\u00fcr Zellbiologie und beteiligte sich an verschiedenen Projekten im Zusammenhang mit der hochkomplexen Methode der Sequenzierung.<\/p>\n<\/div>\t\t<\/div>\n\t<\/div>\n<\/div>\n\n\n\n<p>Dabei kam er bereits mit der Erforschung des Mikrobioms in Ber\u00fchrung, z.B. im Zusammenhang mit medizinischen Blutegeln. Danach war er ma\u00dfgeblich an der Etablierung von Standards in der Hochdurchsatzsequenzierung mit sowie an der Entwicklung eines Patents zur Vorbereitung von Nukleins\u00e4uren f\u00fcr die Hochdurchsatzsequenzierung beteiligt. Nachdem er an mehreren Publikationen mitwirkte, brachte er sich schlie\u00dflich ab 2017 in die Gr\u00fcndung der <strong>BIOMES 4.0<\/strong> GmbH ein. <\/p>\n\n\n\n<p>Seitdem ist er als Head of Laboratory verantwortlich f\u00fcr das\u202f<strong>BIOMES<\/strong>-Labor. Durch seine vielf\u00e4ltigen Erfahrungen im Bereich des Next-Generation-Sequencing tr\u00e4gt Philipp ma\u00dfgeblich dazu bei, das <strong>BIOMES<\/strong> den Goldstandard in der Mikrobiom-Sequenzierung in Europa definiert. <br> <\/p>\n\n\n\n<h2 class=\"wp-block-heading\">Berufliche Erfahrung<\/h2>\n\n\n\n<figure class=\"wp-block-table cv\"><table><tbody><tr><td><strong>2017<\/strong><\/td><td>Mitgr\u00fcnder und Head of Laboratory der <strong>BIOMES<\/strong> 4.0 GmbH<\/td><\/tr><tr><td><strong>2012-2017<\/strong><\/td><td>Wissenschaftlicher Projektmitarbeiter in der Arbeitsgruppe \u201eMolekulare Biotechnologie und Funktionelle Genomik\u201c, T\u00e4tigkeit im Bereich NGS und Standardisierung<\/td><\/tr><tr><td><strong>2009 &#8211; 2011<\/strong><\/td><td>Tutor f\u00fcr Bioanalytik und Biohybride Technologien <\/td><\/tr><tr><td><strong>2012<\/strong><\/td><td>Lehrbeauftragter f\u00fcr das Fach Zellkultur<\/td><\/tr><\/tbody><\/table><\/figure>\n\n\n\n<h2 class=\"wp-block-heading\">Wissenschaftliche Arbeiten<\/h2>\n\n\n\n<p class=\"literature\"><strong>Masterarbeit <\/strong><br>\u201eEinfluss ausgew\u00e4hlter \u03b2-Carboline auf die Expression von Histon-Deacetylasen\u201c<\/p>\n\n\n\n<p class=\"literature\">Artikel <br>\u201e<strong>Qualit\u00e4tsmanagement in der RT-qPCR<\/strong>\u201c <br>BIOspektrum &#8211; Februar 2012, Volume 18, Issue 1, pp 42-45<br> <br>\u201e<strong>Charakterisierung des mikrobiellen Symbioms von Blutegeln<\/strong>\u201c <br>Wissenschaftliche Beitr\u00e4ge der TH-Wildau 2013, Januar 2013, pp 8-12 <\/p>\n\n\n\n<p class=\"literature\">\u201e<strong>Screening and genetic characterization of thermo-tolerant Synechocystis sp. PCC6803 strains created by adaptive evolution<\/strong>\u201d BMC Biotechnol. 2014; 14:66; <br><br>\u201e<strong>Standardization and quality management in next-generation sequencing<\/strong>\u201d <br>Applied &amp; Translational Genomics 2016; 10:2-9 <\/p>\n\n\n\n<h3 class=\"wp-block-heading\">Reviews<\/h3>\n\n\n\n<p class=\"literature\">Durchsicht und Kommentierung einer DIN-SPEC f\u00fcr das NGS; <br>Durchsicht und Kommentierung eines ISO-Standards zur qPCR <\/p>\n","protected":false},"excerpt":{"rendered":"<p>Head of Laboratory &#038; Co-Founder Philipp Franke Philipp Franke ist Wissenschaftler mit Leib und Seele. Er studierte Biosystemtechnik\/ Bioinformatik mit den Schwerpunkten Methodenentwicklung, Laborautomatisierung und Nukleins\u00e4ure-Sequenzierung an der Technischen Hochschule Wildau. Zun\u00e4chst arbeitete er als Dozent f\u00fcr Zellbiologie und beteiligte sich an verschiedenen Projekten im Zusammenhang mit der hochkomplexen Methode der Sequenzierung. Dabei kam er [&#8230;]<\/p>\n","protected":false},"author":3168,"featured_media":0,"parent":0,"menu_order":0,"comment_status":"closed","ping_status":"closed","template":"","meta":{"_acf_changed":false,"footnotes":""},"class_list":["post-508537","page","type-page","status-publish","hentry"],"acf":[],"yoast_head":"<!-- This site is optimized with the Yoast SEO plugin v27.4 - https:\/\/yoast.com\/product\/yoast-seo-wordpress\/ -->\n<title>Expertenprofil Philipp Franke - BIOMES - Feel better<\/title>\n<meta name=\"robots\" content=\"index, follow, max-snippet:-1, max-image-preview:large, max-video-preview:-1\" \/>\n<link rel=\"canonical\" href=\"https:\/\/biomes.world\/de\/expertenprofil-philipp-franke\/\" \/>\n<meta property=\"og:locale\" content=\"de_DE\" \/>\n<meta property=\"og:type\" content=\"article\" \/>\n<meta property=\"og:title\" content=\"Expertenprofil Philipp Franke - BIOMES - Feel better\" \/>\n<meta property=\"og:description\" content=\"Head of Laboratory &#038; Co-Founder Philipp Franke Philipp Franke ist Wissenschaftler mit Leib und Seele. Er studierte Biosystemtechnik\/ Bioinformatik mit den Schwerpunkten Methodenentwicklung, Laborautomatisierung und Nukleins\u00e4ure-Sequenzierung an der Technischen Hochschule Wildau. Zun\u00e4chst arbeitete er als Dozent f\u00fcr Zellbiologie und beteiligte sich an verschiedenen Projekten im Zusammenhang mit der hochkomplexen Methode der Sequenzierung. Dabei kam er [...]\" \/>\n<meta property=\"og:url\" content=\"https:\/\/biomes.world\/de\/expertenprofil-philipp-franke\/\" \/>\n<meta property=\"og:site_name\" content=\"BIOMES - Feel better\" \/>\n<meta property=\"article:publisher\" content=\"https:\/\/de-de.facebook.com\/BIOMES.world\/\" \/>\n<meta property=\"article:modified_time\" content=\"2023-05-22T09:19:29+00:00\" \/>\n<meta name=\"twitter:card\" content=\"summary_large_image\" \/>\n<meta name=\"twitter:label1\" content=\"Gesch\u00e4tzte Lesezeit\" \/>\n\t<meta name=\"twitter:data1\" content=\"2\u00a0Minuten\" \/>\n<script type=\"application\/ld+json\" class=\"yoast-schema-graph\">{\"@context\":\"https:\\\/\\\/schema.org\",\"@graph\":[{\"@type\":\"WebPage\",\"@id\":\"https:\\\/\\\/biomes.world\\\/de\\\/expertenprofil-philipp-franke\\\/\",\"url\":\"https:\\\/\\\/biomes.world\\\/de\\\/expertenprofil-philipp-franke\\\/\",\"name\":\"Expertenprofil Philipp Franke - BIOMES - Feel better\",\"isPartOf\":{\"@id\":\"https:\\\/\\\/biomes.world\\\/de\\\/#website\"},\"datePublished\":\"2021-06-04T09:40:28+00:00\",\"dateModified\":\"2023-05-22T09:19:29+00:00\",\"breadcrumb\":{\"@id\":\"https:\\\/\\\/biomes.world\\\/de\\\/expertenprofil-philipp-franke\\\/#breadcrumb\"},\"inLanguage\":\"de\",\"potentialAction\":[{\"@type\":\"ReadAction\",\"target\":[\"https:\\\/\\\/biomes.world\\\/de\\\/expertenprofil-philipp-franke\\\/\"]}]},{\"@type\":\"BreadcrumbList\",\"@id\":\"https:\\\/\\\/biomes.world\\\/de\\\/expertenprofil-philipp-franke\\\/#breadcrumb\",\"itemListElement\":[{\"@type\":\"ListItem\",\"position\":1,\"name\":\"Home\",\"item\":\"https:\\\/\\\/biomes.world\\\/de\\\/\"},{\"@type\":\"ListItem\",\"position\":2,\"name\":\"Expertenprofil Philipp Franke\"}]},{\"@type\":\"WebSite\",\"@id\":\"https:\\\/\\\/biomes.world\\\/de\\\/#website\",\"url\":\"https:\\\/\\\/biomes.world\\\/de\\\/\",\"name\":\"BIOMES - Feel better\",\"description\":\"Cutting-edge biotechnology used to help people\",\"publisher\":{\"@id\":\"https:\\\/\\\/biomes.world\\\/de\\\/#organization\"},\"potentialAction\":[{\"@type\":\"SearchAction\",\"target\":{\"@type\":\"EntryPoint\",\"urlTemplate\":\"https:\\\/\\\/biomes.world\\\/de\\\/?s={search_term_string}\"},\"query-input\":{\"@type\":\"PropertyValueSpecification\",\"valueRequired\":true,\"valueName\":\"search_term_string\"}}],\"inLanguage\":\"de\"},{\"@type\":\"Organization\",\"@id\":\"https:\\\/\\\/biomes.world\\\/de\\\/#organization\",\"name\":\"BIOMES 4.0 GmbH\",\"url\":\"https:\\\/\\\/biomes.world\\\/de\\\/\",\"logo\":{\"@type\":\"ImageObject\",\"inLanguage\":\"de\",\"@id\":\"https:\\\/\\\/biomes.world\\\/de\\\/#\\\/schema\\\/logo\\\/image\\\/\",\"url\":\"http:\\\/\\\/biomes.world\\\/wp-content\\\/uploads\\\/2024\\\/04\\\/biomes_logo_2021_RGB.png\",\"contentUrl\":\"http:\\\/\\\/biomes.world\\\/wp-content\\\/uploads\\\/2024\\\/04\\\/biomes_logo_2021_RGB.png\",\"width\":10040,\"height\":2599,\"caption\":\"BIOMES 4.0 GmbH\"},\"image\":{\"@id\":\"https:\\\/\\\/biomes.world\\\/de\\\/#\\\/schema\\\/logo\\\/image\\\/\"},\"sameAs\":[\"https:\\\/\\\/de-de.facebook.com\\\/BIOMES.world\\\/\",\"https:\\\/\\\/www.youtube.com\\\/@BIOMESworld\",\"https:\\\/\\\/www.instagram.com\\\/biomes_official\\\/\"]}]}<\/script>\n<!-- \/ Yoast SEO plugin. -->","yoast_head_json":{"title":"Expertenprofil Philipp Franke - BIOMES - Feel better","robots":{"index":"index","follow":"follow","max-snippet":"max-snippet:-1","max-image-preview":"max-image-preview:large","max-video-preview":"max-video-preview:-1"},"canonical":"https:\/\/biomes.world\/de\/expertenprofil-philipp-franke\/","og_locale":"de_DE","og_type":"article","og_title":"Expertenprofil Philipp Franke - BIOMES - Feel better","og_description":"Head of Laboratory &#038; Co-Founder Philipp Franke Philipp Franke ist Wissenschaftler mit Leib und Seele. Er studierte Biosystemtechnik\/ Bioinformatik mit den Schwerpunkten Methodenentwicklung, Laborautomatisierung und Nukleins\u00e4ure-Sequenzierung an der Technischen Hochschule Wildau. Zun\u00e4chst arbeitete er als Dozent f\u00fcr Zellbiologie und beteiligte sich an verschiedenen Projekten im Zusammenhang mit der hochkomplexen Methode der Sequenzierung. Dabei kam er [...]","og_url":"https:\/\/biomes.world\/de\/expertenprofil-philipp-franke\/","og_site_name":"BIOMES - Feel better","article_publisher":"https:\/\/de-de.facebook.com\/BIOMES.world\/","article_modified_time":"2023-05-22T09:19:29+00:00","twitter_card":"summary_large_image","twitter_misc":{"Gesch\u00e4tzte Lesezeit":"2\u00a0Minuten"},"schema":{"@context":"https:\/\/schema.org","@graph":[{"@type":"WebPage","@id":"https:\/\/biomes.world\/de\/expertenprofil-philipp-franke\/","url":"https:\/\/biomes.world\/de\/expertenprofil-philipp-franke\/","name":"Expertenprofil Philipp Franke - BIOMES - Feel better","isPartOf":{"@id":"https:\/\/biomes.world\/de\/#website"},"datePublished":"2021-06-04T09:40:28+00:00","dateModified":"2023-05-22T09:19:29+00:00","breadcrumb":{"@id":"https:\/\/biomes.world\/de\/expertenprofil-philipp-franke\/#breadcrumb"},"inLanguage":"de","potentialAction":[{"@type":"ReadAction","target":["https:\/\/biomes.world\/de\/expertenprofil-philipp-franke\/"]}]},{"@type":"BreadcrumbList","@id":"https:\/\/biomes.world\/de\/expertenprofil-philipp-franke\/#breadcrumb","itemListElement":[{"@type":"ListItem","position":1,"name":"Home","item":"https:\/\/biomes.world\/de\/"},{"@type":"ListItem","position":2,"name":"Expertenprofil Philipp Franke"}]},{"@type":"WebSite","@id":"https:\/\/biomes.world\/de\/#website","url":"https:\/\/biomes.world\/de\/","name":"BIOMES - Feel better","description":"Cutting-edge biotechnology used to help people","publisher":{"@id":"https:\/\/biomes.world\/de\/#organization"},"potentialAction":[{"@type":"SearchAction","target":{"@type":"EntryPoint","urlTemplate":"https:\/\/biomes.world\/de\/?s={search_term_string}"},"query-input":{"@type":"PropertyValueSpecification","valueRequired":true,"valueName":"search_term_string"}}],"inLanguage":"de"},{"@type":"Organization","@id":"https:\/\/biomes.world\/de\/#organization","name":"BIOMES 4.0 GmbH","url":"https:\/\/biomes.world\/de\/","logo":{"@type":"ImageObject","inLanguage":"de","@id":"https:\/\/biomes.world\/de\/#\/schema\/logo\/image\/","url":"http:\/\/biomes.world\/wp-content\/uploads\/2024\/04\/biomes_logo_2021_RGB.png","contentUrl":"http:\/\/biomes.world\/wp-content\/uploads\/2024\/04\/biomes_logo_2021_RGB.png","width":10040,"height":2599,"caption":"BIOMES 4.0 GmbH"},"image":{"@id":"https:\/\/biomes.world\/de\/#\/schema\/logo\/image\/"},"sameAs":["https:\/\/de-de.facebook.com\/BIOMES.world\/","https:\/\/www.youtube.com\/@BIOMESworld","https:\/\/www.instagram.com\/biomes_official\/"]}]}},"_links":{"self":[{"href":"https:\/\/biomes.world\/de\/wp-json\/wp\/v2\/pages\/508537","targetHints":{"allow":["GET"]}}],"collection":[{"href":"https:\/\/biomes.world\/de\/wp-json\/wp\/v2\/pages"}],"about":[{"href":"https:\/\/biomes.world\/de\/wp-json\/wp\/v2\/types\/page"}],"author":[{"embeddable":true,"href":"https:\/\/biomes.world\/de\/wp-json\/wp\/v2\/users\/3168"}],"replies":[{"embeddable":true,"href":"https:\/\/biomes.world\/de\/wp-json\/wp\/v2\/comments?post=508537"}],"version-history":[{"count":1,"href":"https:\/\/biomes.world\/de\/wp-json\/wp\/v2\/pages\/508537\/revisions"}],"predecessor-version":[{"id":616659,"href":"https:\/\/biomes.world\/de\/wp-json\/wp\/v2\/pages\/508537\/revisions\/616659"}],"wp:attachment":[{"href":"https:\/\/biomes.world\/de\/wp-json\/wp\/v2\/media?parent=508537"}],"curies":[{"name":"wp","href":"https:\/\/api.w.org\/{rel}","templated":true}]}}