{"id":508525,"date":"2021-06-04T11:29:23","date_gmt":"2021-06-04T09:29:23","guid":{"rendered":"http:\/\/biomes.world\/?page_id=508525"},"modified":"2023-11-14T09:18:10","modified_gmt":"2023-11-14T08:18:10","slug":"expertenprofil-plamena-dikarlo","status":"publish","type":"page","link":"https:\/\/biomes.world\/de\/expertenprofil-plamena-dikarlo\/","title":{"rendered":"Expertenprofil Plamena Dikarlo"},"content":{"rendered":"<div id=\"expert-block_2c97cf630eeccf0e796ea2952fcee71e\" class=\"expert site-block\">\n\t<div class=\"row align-center\">\n\t\t<div class=\"xs-8 lg-4 column\">\n\t\t\t<figure class=\"expert__figure\">\n\t\t\t\t<svg xmlns=\"http:\/\/www.w3.org\/2000\/svg\" xmlns:xlink=\"http:\/\/www.w3.org\/1999\/xlink\" viewBox=\"0 0 400 358.572\">\n\t\t\t\t\t<defs>\n\t\t\t\t\t\t<pattern id=\"a_3176\" width=\"1\" height=\"1\" viewBox=\"0 0.714 400 358.572\">\n                            <image preserveAspectRatio=\"xMidYMid slice\" width=\"400\" height=\"400\" xlink:href=\"https:\/\/biomes.world\/wp-content\/uploads\/2023\/11\/Plamena_skaliert-400x360.jpg\" \/>\t\t\t\t\t\t<\/pattern>\n\t\t\t\t\t<\/defs>\n\t\t\t\t\t<path d=\"M422.691 113.321H268.08a45.389 45.389 0 00-39.308 22.695l-77.305 133.9a45.389 45.389 0 000 45.389l77.305 133.9A45.389 45.389 0 00268.08 471.9h154.611A45.389 45.389 0 00462 449.2l77.3-133.9a45.39 45.39 0 000-45.389L462 136.016a45.389 45.389 0 00-39.309-22.695z\" transform=\"translate(-145.385 -113.321)\" fill=\"url(#a_3176)\"\/>\n\t\t\t\t<\/svg>\n                <div class=\"expert__social\"><a href=\"https:\/\/www.linkedin.com\/in\/plamena-dikarlo-a31a6412a\/\" target=\"_blank\" class=\"expert__social-link\"><svg width=\"29\" height=\"14\"><use xlink:href=\"https:\/\/biomes.world\/wp-content\/themes\/biomesworld\/resources\/public\/svg\/sprite.svg?1.62#linkedin-in\"><\/use><\/svg><\/a><\/div>\t\t\t<\/figure>\n\t\t<\/div>\n\t\t<div class=\"xs-12 lg-6 column\">\n            <h1><span>Research &amp; Development  <\/span>Plamena Dikarlo <\/h1><div class=\"expert__description\"><p>Plamena Dikarlo setzt seit Oktober 2019 im Science Team von BIOMES im Bereich Forschung und Entwicklung ma\u00dfgebliche Akzente. Sie verf\u00fcgt \u00fcber ein vielf\u00e4ltiges Erfahrungsspektrum. Zun\u00e4chst studierte sie Pharmazie an der Freien Universit\u00e4t in Berlin und verf\u00fcgt seit 2014 \u00fcber ihre Approbation als Apothekerin. Sie arbeitete in verschiedenen Berliner Apotheken, vorrangig als Angestellte und eignete sich dort ein enorm breites Wissensspektrum zur Zusammenstellung der richtigen Medikation an. Nicht zuletzt baute sie in der t\u00e4glichen Arbeit am Schalter auch ihre au\u00dferordentliche Empathie und Feinf\u00fchligkeit in der Kommunikation aus.<\/p>\n<\/div>\t\t<\/div>\n\t<\/div>\n<\/div>\n\n\n\n<p>Da Plamena jedoch nicht nur an der Medikation zur Behandlung bereits vorhandener Beschwerden und Erkrankungen interessiert war, sondern vielmehr an deren Pr\u00e4vention, erg\u00e4nzte sie ihr Wissen von 2015 bis 2018 um den berufsbegleitenden Master im Fach \u201cConsumer Health Care\u201d am Universit\u00e4tsklinikum Charit\u00e9 Berlin. Dort erhielt sie einen umfassenden \u00dcberblick \u00fcber die Strukturen in der Gesundheitsversorgung und sch\u00e4rfte ihren Blick f\u00fcr die Notwendigkeit neuartiger, patientenorientierter Ans\u00e4tze zur Verbesserung der Gesundheit. Schon in ihrer Masterarbeit setzte sie den Fokus auf das Thema Pr\u00e4vention. Da allen voran die richtige Ern\u00e4hrung der Schl\u00fcssel zur Erhaltung unserer Gesundheit ist, schloss sie zudem eine Weiterbildung zur Ganzheitlichen Ern\u00e4hrungsberaterin an der Paracelsus Heilpraktikerschule in Berlin an. So kennt sie sich bestens mit Gesundheit und Krankheit und der richtigen Pr\u00e4vention oder Medikation aus.  <br> <\/p>\n\n\n\n<p>Ihr Wissen bringt sie bei <strong>BIOMES<\/strong> in die stetige Verbesserung des Darmtests ein, um Menschen dabei zu helfen, die Auswirkungen ihrer Gewohnheiten auf ihre Gesundheit besser zu verstehen. Mit Pr\u00e4zision, Charme und Geduld kl\u00e4rt sie alle Interessierten auf und hat nicht zuletzt schon vielen Mitarbeitenden von <strong>BIOMES<\/strong> selbst die Augen ge\u00f6ffnet, wie einfach gesunde Entscheidungen sein k\u00f6nnen.  <\/p>\n\n\n\n<h2 class=\"wp-block-heading\" id=\"h-berufliche-erfahrung\">Berufliche Erfahrung<\/h2>\n\n\n\n<figure class=\"wp-block-table cv\"><table><tbody><tr><td><strong>Seit 2019<\/strong><\/td><td>Mitarbeiterin im Bereich Forschung und Entwicklung im Science Team der <strong>BIOMES<\/strong> 4.0 GmbH <\/td><\/tr><tr><td><strong>2019<\/strong><\/td><td>Angestellte Apothekerin bei der Quartier Apotheke Nolleturm in Berlin mit Beratungsschwerpunkt HIV\/Hepatitis C, Infektionskrankheiten, Dermatologie, Impfungen, Reisemedizin, Selbstmedikation<\/td><\/tr><tr><td><strong>2018\/2019<\/strong><\/td><td>Angestellte Apothekerin bei der Apotheke am Olivaer Platz in Berlin mit Beratungsschwerpunkt Metabolischer Erkrankungen, Orthop\u00e4die, Naturheilkunde, Selbstmedikation; Ern\u00e4hrungsberatung in der Pr\u00e4vention und Therapie <\/td><\/tr><tr><td><strong>2017\/2018<\/strong><\/td><td>Angestellte Apothekerin bei der MediosApotheke in Berlin mit Beratungsschwerpunkt Infektionskrankheiten, Substitutionstherapie, Dermatologie, Selbstmedikation; Ern\u00e4hrungsberatung, Durchf\u00fchrung von BIA &#8211; Messungen; Qualit\u00e4tsmanagement <\/td><\/tr><tr><td><strong>2013-2016<\/strong><\/td><td>Pharmaziepraktikantin &amp; Angestellte Apothekerin in der Bong Apotheke in Berlin mit Leitung Rezeptur&amp;Labor (Pr\u00fcfung, Herstellung und Dokumentation von personalisierten Arzneimitteln nach QMS) sowie Leitung und Durchf\u00fchrung des Pilotprojekts \u201eMedikationsmanagement\u201c <\/td><\/tr><\/tbody><\/table><\/figure>\n\n\n\n<h2 class=\"wp-block-heading\" id=\"h-wissenschaftliche-arbeiten\">Wissenschaftliche Arbeiten<\/h2>\n\n\n\n<p><strong>Masterarbeit<\/strong><br>Evidenzbewertung der orthomolekularen Medizin in der Pr\u00e4vention und Therapie der banalen Erk\u00e4ltung unter besonderer Ber\u00fccksichtigung der Pr\u00e4parate auf dem deutschen Apothekenmarkt<\/p>\n\n\n\n<h2 class=\"wp-block-heading\" id=\"h-publikationen\">Publikationen<\/h2>\n\n\n\n<p class=\"literature\">Dikarlo, P., Dorst, I., Moskalenko, O., &amp; Yateem, M. (2022). Precision Nutrition from the View of the Gut Microbiome. In A. G. Haslberger (Ed.), <em>Advances in Precision Nutrition, Personalization and Healthy Aging<\/em> (pp. 67-96). Springer International Publishing. https:\/\/doi.org\/10.1007\/978-3-031-10153-3_4<\/p>\n\n\n\n<p><\/p>\n","protected":false},"excerpt":{"rendered":"<p>Research &amp; Development Plamena Dikarlo Plamena Dikarlo setzt seit Oktober 2019 im Science Team von BIOMES im Bereich Forschung und Entwicklung ma\u00dfgebliche Akzente. Sie verf\u00fcgt \u00fcber ein vielf\u00e4ltiges Erfahrungsspektrum. Zun\u00e4chst studierte sie Pharmazie an der Freien Universit\u00e4t in Berlin und verf\u00fcgt seit 2014 \u00fcber ihre Approbation als Apothekerin. Sie arbeitete in verschiedenen Berliner Apotheken, vorrangig [&#8230;]<\/p>\n","protected":false},"author":3168,"featured_media":0,"parent":0,"menu_order":0,"comment_status":"closed","ping_status":"closed","template":"","meta":{"_acf_changed":false,"footnotes":""},"class_list":["post-508525","page","type-page","status-publish","hentry"],"acf":[],"yoast_head":"<!-- This site is optimized with the Yoast SEO plugin v27.4 - https:\/\/yoast.com\/product\/yoast-seo-wordpress\/ -->\n<title>Expertenprofil Plamena Dikarlo - BIOMES - Feel better<\/title>\n<meta name=\"description\" content=\"Bereich Forschung und Entwicklung ma\u00dfgebliche Akzente. Sie verf\u00fcgt \u00fcber ein vielf\u00e4ltiges Erfahrungsspektrum.\" \/>\n<meta name=\"robots\" content=\"index, follow, max-snippet:-1, max-image-preview:large, max-video-preview:-1\" \/>\n<link rel=\"canonical\" href=\"https:\/\/biomes.world\/de\/expertenprofil-plamena-dikarlo\/\" \/>\n<meta property=\"og:locale\" content=\"de_DE\" \/>\n<meta property=\"og:type\" content=\"article\" \/>\n<meta property=\"og:title\" content=\"Expertenprofil Plamena Dikarlo - BIOMES - Feel better\" \/>\n<meta property=\"og:description\" content=\"Bereich Forschung und Entwicklung ma\u00dfgebliche Akzente. Sie verf\u00fcgt \u00fcber ein vielf\u00e4ltiges Erfahrungsspektrum.\" \/>\n<meta property=\"og:url\" content=\"https:\/\/biomes.world\/de\/expertenprofil-plamena-dikarlo\/\" \/>\n<meta property=\"og:site_name\" content=\"BIOMES - Feel better\" \/>\n<meta property=\"article:publisher\" content=\"https:\/\/de-de.facebook.com\/BIOMES.world\/\" \/>\n<meta property=\"article:modified_time\" content=\"2023-11-14T08:18:10+00:00\" \/>\n<meta name=\"twitter:card\" content=\"summary_large_image\" \/>\n<meta name=\"twitter:label1\" content=\"Gesch\u00e4tzte Lesezeit\" \/>\n\t<meta name=\"twitter:data1\" content=\"2\u00a0Minuten\" \/>\n<script type=\"application\/ld+json\" class=\"yoast-schema-graph\">{\"@context\":\"https:\\\/\\\/schema.org\",\"@graph\":[{\"@type\":\"WebPage\",\"@id\":\"https:\\\/\\\/biomes.world\\\/de\\\/expertenprofil-plamena-dikarlo\\\/\",\"url\":\"https:\\\/\\\/biomes.world\\\/de\\\/expertenprofil-plamena-dikarlo\\\/\",\"name\":\"Expertenprofil Plamena Dikarlo - BIOMES - Feel better\",\"isPartOf\":{\"@id\":\"https:\\\/\\\/biomes.world\\\/de\\\/#website\"},\"datePublished\":\"2021-06-04T09:29:23+00:00\",\"dateModified\":\"2023-11-14T08:18:10+00:00\",\"description\":\"Bereich Forschung und Entwicklung ma\u00dfgebliche Akzente. Sie verf\u00fcgt \u00fcber ein vielf\u00e4ltiges Erfahrungsspektrum.\",\"breadcrumb\":{\"@id\":\"https:\\\/\\\/biomes.world\\\/de\\\/expertenprofil-plamena-dikarlo\\\/#breadcrumb\"},\"inLanguage\":\"de\",\"potentialAction\":[{\"@type\":\"ReadAction\",\"target\":[\"https:\\\/\\\/biomes.world\\\/de\\\/expertenprofil-plamena-dikarlo\\\/\"]}]},{\"@type\":\"BreadcrumbList\",\"@id\":\"https:\\\/\\\/biomes.world\\\/de\\\/expertenprofil-plamena-dikarlo\\\/#breadcrumb\",\"itemListElement\":[{\"@type\":\"ListItem\",\"position\":1,\"name\":\"Home\",\"item\":\"https:\\\/\\\/biomes.world\\\/de\\\/\"},{\"@type\":\"ListItem\",\"position\":2,\"name\":\"Expertenprofil Plamena Dikarlo\"}]},{\"@type\":\"WebSite\",\"@id\":\"https:\\\/\\\/biomes.world\\\/de\\\/#website\",\"url\":\"https:\\\/\\\/biomes.world\\\/de\\\/\",\"name\":\"BIOMES - Feel better\",\"description\":\"Cutting-edge biotechnology used to help people\",\"publisher\":{\"@id\":\"https:\\\/\\\/biomes.world\\\/de\\\/#organization\"},\"potentialAction\":[{\"@type\":\"SearchAction\",\"target\":{\"@type\":\"EntryPoint\",\"urlTemplate\":\"https:\\\/\\\/biomes.world\\\/de\\\/?s={search_term_string}\"},\"query-input\":{\"@type\":\"PropertyValueSpecification\",\"valueRequired\":true,\"valueName\":\"search_term_string\"}}],\"inLanguage\":\"de\"},{\"@type\":\"Organization\",\"@id\":\"https:\\\/\\\/biomes.world\\\/de\\\/#organization\",\"name\":\"BIOMES 4.0 GmbH\",\"url\":\"https:\\\/\\\/biomes.world\\\/de\\\/\",\"logo\":{\"@type\":\"ImageObject\",\"inLanguage\":\"de\",\"@id\":\"https:\\\/\\\/biomes.world\\\/de\\\/#\\\/schema\\\/logo\\\/image\\\/\",\"url\":\"http:\\\/\\\/biomes.world\\\/wp-content\\\/uploads\\\/2024\\\/04\\\/biomes_logo_2021_RGB.png\",\"contentUrl\":\"http:\\\/\\\/biomes.world\\\/wp-content\\\/uploads\\\/2024\\\/04\\\/biomes_logo_2021_RGB.png\",\"width\":10040,\"height\":2599,\"caption\":\"BIOMES 4.0 GmbH\"},\"image\":{\"@id\":\"https:\\\/\\\/biomes.world\\\/de\\\/#\\\/schema\\\/logo\\\/image\\\/\"},\"sameAs\":[\"https:\\\/\\\/de-de.facebook.com\\\/BIOMES.world\\\/\",\"https:\\\/\\\/www.youtube.com\\\/@BIOMESworld\",\"https:\\\/\\\/www.instagram.com\\\/biomes_official\\\/\"]}]}<\/script>\n<!-- \/ Yoast SEO plugin. -->","yoast_head_json":{"title":"Expertenprofil Plamena Dikarlo - BIOMES - Feel better","description":"Bereich Forschung und Entwicklung ma\u00dfgebliche Akzente. Sie verf\u00fcgt \u00fcber ein vielf\u00e4ltiges Erfahrungsspektrum.","robots":{"index":"index","follow":"follow","max-snippet":"max-snippet:-1","max-image-preview":"max-image-preview:large","max-video-preview":"max-video-preview:-1"},"canonical":"https:\/\/biomes.world\/de\/expertenprofil-plamena-dikarlo\/","og_locale":"de_DE","og_type":"article","og_title":"Expertenprofil Plamena Dikarlo - BIOMES - Feel better","og_description":"Bereich Forschung und Entwicklung ma\u00dfgebliche Akzente. Sie verf\u00fcgt \u00fcber ein vielf\u00e4ltiges Erfahrungsspektrum.","og_url":"https:\/\/biomes.world\/de\/expertenprofil-plamena-dikarlo\/","og_site_name":"BIOMES - Feel better","article_publisher":"https:\/\/de-de.facebook.com\/BIOMES.world\/","article_modified_time":"2023-11-14T08:18:10+00:00","twitter_card":"summary_large_image","twitter_misc":{"Gesch\u00e4tzte Lesezeit":"2\u00a0Minuten"},"schema":{"@context":"https:\/\/schema.org","@graph":[{"@type":"WebPage","@id":"https:\/\/biomes.world\/de\/expertenprofil-plamena-dikarlo\/","url":"https:\/\/biomes.world\/de\/expertenprofil-plamena-dikarlo\/","name":"Expertenprofil Plamena Dikarlo - BIOMES - Feel better","isPartOf":{"@id":"https:\/\/biomes.world\/de\/#website"},"datePublished":"2021-06-04T09:29:23+00:00","dateModified":"2023-11-14T08:18:10+00:00","description":"Bereich Forschung und Entwicklung ma\u00dfgebliche Akzente. Sie verf\u00fcgt \u00fcber ein vielf\u00e4ltiges Erfahrungsspektrum.","breadcrumb":{"@id":"https:\/\/biomes.world\/de\/expertenprofil-plamena-dikarlo\/#breadcrumb"},"inLanguage":"de","potentialAction":[{"@type":"ReadAction","target":["https:\/\/biomes.world\/de\/expertenprofil-plamena-dikarlo\/"]}]},{"@type":"BreadcrumbList","@id":"https:\/\/biomes.world\/de\/expertenprofil-plamena-dikarlo\/#breadcrumb","itemListElement":[{"@type":"ListItem","position":1,"name":"Home","item":"https:\/\/biomes.world\/de\/"},{"@type":"ListItem","position":2,"name":"Expertenprofil Plamena Dikarlo"}]},{"@type":"WebSite","@id":"https:\/\/biomes.world\/de\/#website","url":"https:\/\/biomes.world\/de\/","name":"BIOMES - Feel better","description":"Cutting-edge biotechnology used to help people","publisher":{"@id":"https:\/\/biomes.world\/de\/#organization"},"potentialAction":[{"@type":"SearchAction","target":{"@type":"EntryPoint","urlTemplate":"https:\/\/biomes.world\/de\/?s={search_term_string}"},"query-input":{"@type":"PropertyValueSpecification","valueRequired":true,"valueName":"search_term_string"}}],"inLanguage":"de"},{"@type":"Organization","@id":"https:\/\/biomes.world\/de\/#organization","name":"BIOMES 4.0 GmbH","url":"https:\/\/biomes.world\/de\/","logo":{"@type":"ImageObject","inLanguage":"de","@id":"https:\/\/biomes.world\/de\/#\/schema\/logo\/image\/","url":"http:\/\/biomes.world\/wp-content\/uploads\/2024\/04\/biomes_logo_2021_RGB.png","contentUrl":"http:\/\/biomes.world\/wp-content\/uploads\/2024\/04\/biomes_logo_2021_RGB.png","width":10040,"height":2599,"caption":"BIOMES 4.0 GmbH"},"image":{"@id":"https:\/\/biomes.world\/de\/#\/schema\/logo\/image\/"},"sameAs":["https:\/\/de-de.facebook.com\/BIOMES.world\/","https:\/\/www.youtube.com\/@BIOMESworld","https:\/\/www.instagram.com\/biomes_official\/"]}]}},"_links":{"self":[{"href":"https:\/\/biomes.world\/de\/wp-json\/wp\/v2\/pages\/508525","targetHints":{"allow":["GET"]}}],"collection":[{"href":"https:\/\/biomes.world\/de\/wp-json\/wp\/v2\/pages"}],"about":[{"href":"https:\/\/biomes.world\/de\/wp-json\/wp\/v2\/types\/page"}],"author":[{"embeddable":true,"href":"https:\/\/biomes.world\/de\/wp-json\/wp\/v2\/users\/3168"}],"replies":[{"embeddable":true,"href":"https:\/\/biomes.world\/de\/wp-json\/wp\/v2\/comments?post=508525"}],"version-history":[{"count":4,"href":"https:\/\/biomes.world\/de\/wp-json\/wp\/v2\/pages\/508525\/revisions"}],"predecessor-version":[{"id":628069,"href":"https:\/\/biomes.world\/de\/wp-json\/wp\/v2\/pages\/508525\/revisions\/628069"}],"wp:attachment":[{"href":"https:\/\/biomes.world\/de\/wp-json\/wp\/v2\/media?parent=508525"}],"curies":[{"name":"wp","href":"https:\/\/api.w.org\/{rel}","templated":true}]}}