{"id":508293,"date":"2021-06-03T16:08:05","date_gmt":"2021-06-03T14:08:05","guid":{"rendered":"http:\/\/biomes.world\/?page_id=508293"},"modified":"2021-09-27T15:42:27","modified_gmt":"2021-09-27T13:42:27","slug":"expertenprofil-franziska-dreidax","status":"publish","type":"page","link":"https:\/\/biomes.world\/de\/expertenprofil\/franziska-dreidax\/","title":{"rendered":"Expertenprofil Franziska Dreidax"},"content":{"rendered":"<div id=\"expert-block_60b8d3a51634e\" class=\"expert site-block\">\n\t<div class=\"row align-center\">\n\t\t<div class=\"xs-8 lg-4 column\">\n\t\t\t<figure class=\"expert__figure\">\n\t\t\t\t<svg xmlns=\"http:\/\/www.w3.org\/2000\/svg\" xmlns:xlink=\"http:\/\/www.w3.org\/1999\/xlink\" viewBox=\"0 0 400 358.572\">\n\t\t\t\t\t<defs>\n\t\t\t\t\t\t<pattern id=\"a_9487\" width=\"1\" height=\"1\" viewBox=\"0 0.714 400 358.572\">\n                            <image preserveAspectRatio=\"xMidYMid slice\" width=\"400\" height=\"400\" xlink:href=\"https:\/\/biomes.world\/wp-content\/uploads\/2021\/06\/Franziska_Expertenprofilbild-400x360.png\" \/>\t\t\t\t\t\t<\/pattern>\n\t\t\t\t\t<\/defs>\n\t\t\t\t\t<path d=\"M422.691 113.321H268.08a45.389 45.389 0 00-39.308 22.695l-77.305 133.9a45.389 45.389 0 000 45.389l77.305 133.9A45.389 45.389 0 00268.08 471.9h154.611A45.389 45.389 0 00462 449.2l77.3-133.9a45.39 45.39 0 000-45.389L462 136.016a45.389 45.389 0 00-39.309-22.695z\" transform=\"translate(-145.385 -113.321)\" fill=\"url(#a_9487)\"\/>\n\t\t\t\t<\/svg>\n                \t\t\t<\/figure>\n\t\t<\/div>\n\t\t<div class=\"xs-12 lg-6 column\">\n            <h1><span>Nutritionist <\/span>Franziska Dreidax <\/h1><div class=\"expert__description\"><p>Franziska Dreidax studierte Ern\u00e4hrungswissenschaften an der renommierten Justus-Liebig-Universit\u00e4t Gie\u00dfen und erhielt ihren Master of Science mit dem Schwerpunkt in Biomedizin an der Martin-Luther-Universit\u00e4t in Halle-Wittenberg. In der Vergangenheit besch\u00e4ftigte sie sich vor allem mit Diabetes-Pr\u00e4vention am Deutschen Institut f\u00fcr Ern\u00e4hrungsforschung an der Charit\u00e9 Berlin.  <\/p>\n<\/div>\t\t<\/div>\n\t<\/div>\n<\/div>\n\n\n\n<p>Sie kombiniert auf besonders charmante Weise ein schier unersch\u00f6pfliches Wissen \u00fcber gesunde Nahrungsmittel mit einer gro\u00dfen Leidenschaft f\u00fcr die Beratung in vielf\u00e4ltigen Ern\u00e4hrungsfragen. Ihre Aufmerksamkeit gilt dabei v. a. der Aufkl\u00e4rung \u00fcber Ballaststoffe und fermentierten Nahrungsmitteln.<\/p>\n\n\n\n<p>Bereits als Kind entdeckte sie ihre Vorliebe f\u00fcr gemeinsames Kochen, Anpflanzen und Ernten aus dem heimischen Garten. Ihr unerm\u00fcdlicher Drang, die Natur und Mamas K\u00fcche zu erforschen, f\u00fchrte sie schon sehr fr\u00fch an das Thema Ern\u00e4hrung heran. In ihrer eigenen Familie gab es Angeh\u00f6rige mit rheumatischen Erkrankungen u. \u00e4. Diese Faktoren hatten ausschlaggebenden Einfluss auf Franziskas Werdegang, so dass ihr Berufswunsch fr\u00fch feststand.  <\/p>\n\n\n\n<p>Als junge Frau zog es sie daher nach Gie\u00dfen, um an der renommierten Justus-Liebig-Universit\u00e4t Ern\u00e4hrungswissenschaften zu studieren. 2019 hat sie dieses Studium dann an der Martin-Luther-Universit\u00e4t in Halle-Wittenberg mit dem Master of Science erfolgreich abgeschlossen. Ihre praktische Masterarbeit absolvierte sie dabei an der Berliner Charit\u00e9 im Bereich Diabetes-Pr\u00e4vention. Erste Publikationen im Rahmen eines Workshops erarbeitete sie bereits f\u00fcr das DZD (Deutsches Zentrum f\u00fcr Diabetesforschung).  <\/p>\n\n\n\n<p>Der Umgang mit sowie die individuelle Ern\u00e4hrungsberatung von Patient<sup>*<\/sup>innen, die an Diabetes mellitus Typ 2 und Pr\u00e4diabetes erkrankt sind bereicherten Franziskas Erfahrungsschatz enorm. Besonderen Spa\u00df hatte sie au\u00dferdem an der Erstellung von individuellen Ern\u00e4hrungsprotokollen. Ihr umfangreiches Wissen sowie ihre Beratungserfahrungen flie\u00dfen ma\u00dfgebend in die Entwicklung der personalisierten <strong>BIOMES<\/strong>-Ern\u00e4hrungspl\u00e4ne ein. Das Wohlbefinden der Menschen mittels gesunder Ern\u00e4hrung zu steigern und ihnen damit mehr Lebensqualit\u00e4t zu schenken, treibt sie bei ihrer Arbeit tagt\u00e4glich an. <\/p>\n\n\n\n<h2 class=\"wp-block-heading\">Berufliche Erfahrung<\/h2>\n\n\n\n<figure class=\"wp-block-table cv\"><table><tbody><tr><td><strong>2017<\/strong><\/td><td>Nutritionist in der Abteilung Science der <strong>BIOMES<\/strong> 4.0 GmbH<\/td><\/tr><\/tbody><\/table><\/figure>\n\n\n\n<h2 class=\"wp-block-heading\">Wissenschaftliche Arbeiten<\/h2>\n\n\n\n<p class=\"literature\"><strong>Masterarbeit  <\/strong><br>&#8222;Das Geschlecht als Cofaktor f\u00fcr metabolische Effekte von Lebensstilma\u00dfnahmen bei Pr\u00e4diabetes\u201c <\/p>\n\n\n\n<p class=\"literature\"><strong>Bachelorarbeit  <\/strong><br>\u201eDie optimale Proteinzufuhr im Kraftsport\u201c <\/p>\n","protected":false},"excerpt":{"rendered":"<p>Nutritionist Franziska Dreidax Franziska Dreidax studierte Ern\u00e4hrungswissenschaften an der renommierten Justus-Liebig-Universit\u00e4t Gie\u00dfen und erhielt ihren Master of Science mit dem Schwerpunkt in Biomedizin an der Martin-Luther-Universit\u00e4t in Halle-Wittenberg. In der Vergangenheit besch\u00e4ftigte sie sich vor allem mit Diabetes-Pr\u00e4vention am Deutschen Institut f\u00fcr Ern\u00e4hrungsforschung an der Charit\u00e9 Berlin. Sie kombiniert auf besonders charmante Weise ein schier [&#8230;]<\/p>\n","protected":false},"author":3168,"featured_media":0,"parent":0,"menu_order":0,"comment_status":"closed","ping_status":"closed","template":"","meta":{"_acf_changed":false,"footnotes":""},"class_list":["post-508293","page","type-page","status-publish","hentry"],"acf":[],"yoast_head":"<!-- This site is optimized with the Yoast SEO plugin v27.4 - https:\/\/yoast.com\/product\/yoast-seo-wordpress\/ -->\n<title>Expertenprofil Franziska Dreidax - BIOMES - Feel better<\/title>\n<meta name=\"description\" content=\"Sie kombiniert auf besonders charmante Weise ein schier unersch\u00f6pfliches Wissen \u00fcber gesunde Nahrungsmittel mit einer gro\u00dfen Leidenschaft.\" \/>\n<meta name=\"robots\" content=\"index, follow, max-snippet:-1, max-image-preview:large, max-video-preview:-1\" \/>\n<link rel=\"canonical\" href=\"https:\/\/biomes.world\/de\/expertenprofil\/franziska-dreidax\/\" \/>\n<meta property=\"og:locale\" content=\"de_DE\" \/>\n<meta property=\"og:type\" content=\"article\" \/>\n<meta property=\"og:title\" content=\"Expertenprofil Franziska Dreidax - BIOMES - Feel better\" \/>\n<meta property=\"og:description\" content=\"Sie kombiniert auf besonders charmante Weise ein schier unersch\u00f6pfliches Wissen \u00fcber gesunde Nahrungsmittel mit einer gro\u00dfen Leidenschaft.\" \/>\n<meta property=\"og:url\" content=\"https:\/\/biomes.world\/de\/expertenprofil\/franziska-dreidax\/\" \/>\n<meta property=\"og:site_name\" content=\"BIOMES - Feel better\" \/>\n<meta property=\"article:publisher\" content=\"https:\/\/de-de.facebook.com\/BIOMES.world\/\" \/>\n<meta property=\"article:modified_time\" content=\"2021-09-27T13:42:27+00:00\" \/>\n<meta name=\"twitter:card\" content=\"summary_large_image\" \/>\n<meta name=\"twitter:label1\" content=\"Gesch\u00e4tzte Lesezeit\" \/>\n\t<meta name=\"twitter:data1\" content=\"2\u00a0Minuten\" \/>\n<script type=\"application\/ld+json\" class=\"yoast-schema-graph\">{\"@context\":\"https:\\\/\\\/schema.org\",\"@graph\":[{\"@type\":\"WebPage\",\"@id\":\"https:\\\/\\\/biomes.world\\\/de\\\/expertenprofil\\\/franziska-dreidax\\\/\",\"url\":\"https:\\\/\\\/biomes.world\\\/de\\\/expertenprofil\\\/franziska-dreidax\\\/\",\"name\":\"Expertenprofil Franziska Dreidax - BIOMES - Feel better\",\"isPartOf\":{\"@id\":\"https:\\\/\\\/biomes.world\\\/de\\\/#website\"},\"datePublished\":\"2021-06-03T14:08:05+00:00\",\"dateModified\":\"2021-09-27T13:42:27+00:00\",\"description\":\"Sie kombiniert auf besonders charmante Weise ein schier unersch\u00f6pfliches Wissen \u00fcber gesunde Nahrungsmittel mit einer gro\u00dfen Leidenschaft.\",\"breadcrumb\":{\"@id\":\"https:\\\/\\\/biomes.world\\\/de\\\/expertenprofil\\\/franziska-dreidax\\\/#breadcrumb\"},\"inLanguage\":\"de\",\"potentialAction\":[{\"@type\":\"ReadAction\",\"target\":[\"https:\\\/\\\/biomes.world\\\/de\\\/expertenprofil\\\/franziska-dreidax\\\/\"]}]},{\"@type\":\"BreadcrumbList\",\"@id\":\"https:\\\/\\\/biomes.world\\\/de\\\/expertenprofil\\\/franziska-dreidax\\\/#breadcrumb\",\"itemListElement\":[{\"@type\":\"ListItem\",\"position\":1,\"name\":\"Home\",\"item\":\"https:\\\/\\\/biomes.world\\\/de\\\/\"},{\"@type\":\"ListItem\",\"position\":2,\"name\":\"Expertenprofil Franziska Dreidax\"}]},{\"@type\":\"WebSite\",\"@id\":\"https:\\\/\\\/biomes.world\\\/de\\\/#website\",\"url\":\"https:\\\/\\\/biomes.world\\\/de\\\/\",\"name\":\"BIOMES - Feel better\",\"description\":\"Cutting-edge biotechnology used to help people\",\"publisher\":{\"@id\":\"https:\\\/\\\/biomes.world\\\/de\\\/#organization\"},\"potentialAction\":[{\"@type\":\"SearchAction\",\"target\":{\"@type\":\"EntryPoint\",\"urlTemplate\":\"https:\\\/\\\/biomes.world\\\/de\\\/?s={search_term_string}\"},\"query-input\":{\"@type\":\"PropertyValueSpecification\",\"valueRequired\":true,\"valueName\":\"search_term_string\"}}],\"inLanguage\":\"de\"},{\"@type\":\"Organization\",\"@id\":\"https:\\\/\\\/biomes.world\\\/de\\\/#organization\",\"name\":\"BIOMES 4.0 GmbH\",\"url\":\"https:\\\/\\\/biomes.world\\\/de\\\/\",\"logo\":{\"@type\":\"ImageObject\",\"inLanguage\":\"de\",\"@id\":\"https:\\\/\\\/biomes.world\\\/de\\\/#\\\/schema\\\/logo\\\/image\\\/\",\"url\":\"http:\\\/\\\/biomes.world\\\/wp-content\\\/uploads\\\/2024\\\/04\\\/biomes_logo_2021_RGB.png\",\"contentUrl\":\"http:\\\/\\\/biomes.world\\\/wp-content\\\/uploads\\\/2024\\\/04\\\/biomes_logo_2021_RGB.png\",\"width\":10040,\"height\":2599,\"caption\":\"BIOMES 4.0 GmbH\"},\"image\":{\"@id\":\"https:\\\/\\\/biomes.world\\\/de\\\/#\\\/schema\\\/logo\\\/image\\\/\"},\"sameAs\":[\"https:\\\/\\\/de-de.facebook.com\\\/BIOMES.world\\\/\",\"https:\\\/\\\/www.youtube.com\\\/@BIOMESworld\",\"https:\\\/\\\/www.instagram.com\\\/biomes_official\\\/\"]}]}<\/script>\n<!-- \/ Yoast SEO plugin. -->","yoast_head_json":{"title":"Expertenprofil Franziska Dreidax - BIOMES - Feel better","description":"Sie kombiniert auf besonders charmante Weise ein schier unersch\u00f6pfliches Wissen \u00fcber gesunde Nahrungsmittel mit einer gro\u00dfen Leidenschaft.","robots":{"index":"index","follow":"follow","max-snippet":"max-snippet:-1","max-image-preview":"max-image-preview:large","max-video-preview":"max-video-preview:-1"},"canonical":"https:\/\/biomes.world\/de\/expertenprofil\/franziska-dreidax\/","og_locale":"de_DE","og_type":"article","og_title":"Expertenprofil Franziska Dreidax - BIOMES - Feel better","og_description":"Sie kombiniert auf besonders charmante Weise ein schier unersch\u00f6pfliches Wissen \u00fcber gesunde Nahrungsmittel mit einer gro\u00dfen Leidenschaft.","og_url":"https:\/\/biomes.world\/de\/expertenprofil\/franziska-dreidax\/","og_site_name":"BIOMES - Feel better","article_publisher":"https:\/\/de-de.facebook.com\/BIOMES.world\/","article_modified_time":"2021-09-27T13:42:27+00:00","twitter_card":"summary_large_image","twitter_misc":{"Gesch\u00e4tzte Lesezeit":"2\u00a0Minuten"},"schema":{"@context":"https:\/\/schema.org","@graph":[{"@type":"WebPage","@id":"https:\/\/biomes.world\/de\/expertenprofil\/franziska-dreidax\/","url":"https:\/\/biomes.world\/de\/expertenprofil\/franziska-dreidax\/","name":"Expertenprofil Franziska Dreidax - BIOMES - Feel better","isPartOf":{"@id":"https:\/\/biomes.world\/de\/#website"},"datePublished":"2021-06-03T14:08:05+00:00","dateModified":"2021-09-27T13:42:27+00:00","description":"Sie kombiniert auf besonders charmante Weise ein schier unersch\u00f6pfliches Wissen \u00fcber gesunde Nahrungsmittel mit einer gro\u00dfen Leidenschaft.","breadcrumb":{"@id":"https:\/\/biomes.world\/de\/expertenprofil\/franziska-dreidax\/#breadcrumb"},"inLanguage":"de","potentialAction":[{"@type":"ReadAction","target":["https:\/\/biomes.world\/de\/expertenprofil\/franziska-dreidax\/"]}]},{"@type":"BreadcrumbList","@id":"https:\/\/biomes.world\/de\/expertenprofil\/franziska-dreidax\/#breadcrumb","itemListElement":[{"@type":"ListItem","position":1,"name":"Home","item":"https:\/\/biomes.world\/de\/"},{"@type":"ListItem","position":2,"name":"Expertenprofil Franziska Dreidax"}]},{"@type":"WebSite","@id":"https:\/\/biomes.world\/de\/#website","url":"https:\/\/biomes.world\/de\/","name":"BIOMES - Feel better","description":"Cutting-edge biotechnology used to help people","publisher":{"@id":"https:\/\/biomes.world\/de\/#organization"},"potentialAction":[{"@type":"SearchAction","target":{"@type":"EntryPoint","urlTemplate":"https:\/\/biomes.world\/de\/?s={search_term_string}"},"query-input":{"@type":"PropertyValueSpecification","valueRequired":true,"valueName":"search_term_string"}}],"inLanguage":"de"},{"@type":"Organization","@id":"https:\/\/biomes.world\/de\/#organization","name":"BIOMES 4.0 GmbH","url":"https:\/\/biomes.world\/de\/","logo":{"@type":"ImageObject","inLanguage":"de","@id":"https:\/\/biomes.world\/de\/#\/schema\/logo\/image\/","url":"http:\/\/biomes.world\/wp-content\/uploads\/2024\/04\/biomes_logo_2021_RGB.png","contentUrl":"http:\/\/biomes.world\/wp-content\/uploads\/2024\/04\/biomes_logo_2021_RGB.png","width":10040,"height":2599,"caption":"BIOMES 4.0 GmbH"},"image":{"@id":"https:\/\/biomes.world\/de\/#\/schema\/logo\/image\/"},"sameAs":["https:\/\/de-de.facebook.com\/BIOMES.world\/","https:\/\/www.youtube.com\/@BIOMESworld","https:\/\/www.instagram.com\/biomes_official\/"]}]}},"_links":{"self":[{"href":"https:\/\/biomes.world\/de\/wp-json\/wp\/v2\/pages\/508293","targetHints":{"allow":["GET"]}}],"collection":[{"href":"https:\/\/biomes.world\/de\/wp-json\/wp\/v2\/pages"}],"about":[{"href":"https:\/\/biomes.world\/de\/wp-json\/wp\/v2\/types\/page"}],"author":[{"embeddable":true,"href":"https:\/\/biomes.world\/de\/wp-json\/wp\/v2\/users\/3168"}],"replies":[{"embeddable":true,"href":"https:\/\/biomes.world\/de\/wp-json\/wp\/v2\/comments?post=508293"}],"version-history":[{"count":0,"href":"https:\/\/biomes.world\/de\/wp-json\/wp\/v2\/pages\/508293\/revisions"}],"wp:attachment":[{"href":"https:\/\/biomes.world\/de\/wp-json\/wp\/v2\/media?parent=508293"}],"curies":[{"name":"wp","href":"https:\/\/api.w.org\/{rel}","templated":true}]}}