{"id":507788,"date":"2021-06-02T07:08:22","date_gmt":"2021-06-02T05:08:22","guid":{"rendered":"http:\/\/biomes.world\/?page_id=507788"},"modified":"2024-02-13T19:43:42","modified_gmt":"2024-02-13T18:43:42","slug":"expertenprofil-dr-tewodros-debebe-aklilu","status":"publish","type":"page","link":"https:\/\/biomes.world\/de\/expertenprofil\/dr-tewodros-debebe-aklilu\/","title":{"rendered":"Expertenprofil Dr. Tewodros Debebe Aklilu"},"content":{"rendered":"<div id=\"expert-block_7939ad6e50f59e703a3a336d679d224b\" class=\"expert site-block\">\n\t<div class=\"row align-center\">\n\t\t<div class=\"xs-8 lg-4 column\">\n\t\t\t<figure class=\"expert__figure\">\n\t\t\t\t<svg xmlns=\"http:\/\/www.w3.org\/2000\/svg\" xmlns:xlink=\"http:\/\/www.w3.org\/1999\/xlink\" viewBox=\"0 0 400 358.572\">\n\t\t\t\t\t<defs>\n\t\t\t\t\t\t<pattern id=\"a_8356\" width=\"1\" height=\"1\" viewBox=\"0 0.714 400 358.572\">\n                            <image preserveAspectRatio=\"xMidYMid slice\" width=\"400\" height=\"400\" xlink:href=\"https:\/\/biomes.world\/wp-content\/uploads\/2021\/04\/tewo_web-400x360.jpg\" \/>\t\t\t\t\t\t<\/pattern>\n\t\t\t\t\t<\/defs>\n\t\t\t\t\t<path d=\"M422.691 113.321H268.08a45.389 45.389 0 00-39.308 22.695l-77.305 133.9a45.389 45.389 0 000 45.389l77.305 133.9A45.389 45.389 0 00268.08 471.9h154.611A45.389 45.389 0 00462 449.2l77.3-133.9a45.39 45.39 0 000-45.389L462 136.016a45.389 45.389 0 00-39.309-22.695z\" transform=\"translate(-145.385 -113.321)\" fill=\"url(#a_8356)\"\/>\n\t\t\t\t<\/svg>\n                <div class=\"expert__social\"><a href=\"https:\/\/de.linkedin.com\/in\/tewodros-debebe-aklilu-phd-9a8017153\" target=\"_blank\" class=\"expert__social-link\"><svg width=\"29\" height=\"14\"><use xlink:href=\"https:\/\/biomes.world\/wp-content\/themes\/biomesworld\/resources\/public\/svg\/sprite.svg?1.62#linkedin-in\"><\/use><\/svg><\/a><\/div>\t\t\t<\/figure>\n\t\t<\/div>\n\t\t<div class=\"xs-12 lg-6 column\">\n            <h1><span>Ehemaliger Head of Science &#038; Co-Founder<\/span>Dr. Tewodros Debebe Aklilu<\/h1><div class=\"expert__description\"><p>Dr. Tewodros Debebe Aklilu war Mitgr\u00fcnder und Head of Science bei <strong>BIOMES<\/strong>. Im Jahr 2017 promovierte er in Medizinischer Mikrobiologie an der medizinischen Fakult\u00e4t der Universit\u00e4t Leipzig. Seine Promotion wurde mit dem Promotionspreis und dem Dr. Margarete Blank Publikationspreis der Universit\u00e4tsklinikum Leipzig als eine der besten Promotionen des Jahres 2017 ausgezeichnet.<\/p>\n<\/div>\t\t<\/div>\n\t<\/div>\n<\/div>\n\n\n\n<p>Nach seinem erfolgreichen Abschluss der Promotion mit summa cum laude und praktischen Erfahrungen in der medizinischen Mikrobiologie sowohl in Diagnostik als auch Forschung an der medizinischen Fakult\u00e4t der Universit\u00e4t Leipzig, begann er 2017 seine unternehmerische Karriere als Mitgru\u0308nder und Wissenschaftlicher Leiter.<\/p>\n\n\n\n<p>Zuvor machte er seinen Bachelor an der medizinischen Fakult\u00e4t der Universit\u00e4t Bahir Dar in seinem Heimatland \u00c4thiopien, wo er 2010-2012 auch als Dozent t\u00e4tig war. In 2012 absolvierte er ein fortgeschrittenes Diplomstudium der Vakzinologie am renommierten Institut Pastuer in Paris.<\/p>\n\n\n\n<p>Dr. Debebe hat bereits mehr als 15 wissenschaftliche Arbeiten in international renommierten Fachzeitschriften ver\u00f6ffentlicht. Seine gro\u00dfe Leidenschaft ist das Verst\u00e4ndnis der Mikrobiota in Gesundheit und Krankheit und wie sie mit unserem Immunsystem interagiert. Er erforscht die Mikrobiota, um Gesundheit, Wohlbefinden und Lebensqualit\u00e4t des individuellen Menschen zu verbessern.<\/p>\n\n\n\n<h2 class=\"wp-block-heading\" id=\"h-werdegang\">Werdegang<\/h2>\n\n\n\n<figure class=\"wp-block-table cv\"><table><tbody><tr><td><strong>2024<\/strong><\/td><td>Fachmediziner, Medizinische Mikrobiologie, Universit\u00e4tsklinikum des Saarlandes\u00a0<\/td><\/tr><tr><td><strong>2017<\/strong><\/td><td>Mit-Gr\u00fcnder und Head of Science der <strong>BIOMES<\/strong> 4.0 GmbH<\/td><\/tr><tr><td><strong>2013-2017&nbsp;<\/strong><\/td><td>Promotion (Doktorand)&nbsp;Medizinische Mikrobiologie, Institut f\u00fcr Medizinische Mikrobiologie,&nbsp;Medizinische Fakult\u00e4t Universit\u00e4tsklinikum Leipzig<\/td><\/tr><tr><td><strong>2012&nbsp;<\/strong><\/td><td>Diplom&nbsp;Impfstoffkunde, Institut Pasteur Paris&nbsp;<\/td><\/tr><tr><td><strong>2010-2012<\/strong><\/td><td>Dozent an der medizinischen Fakult\u00e4t der Universit\u00e4t Bahir Dar<\/td><\/tr><tr><td><strong>01-02\/2011<\/strong><\/td><td>Molekularbiologische und immunologische Techniken,&nbsp;Armauer&nbsp;Hansen Research&nbsp;Institut,&nbsp;\u00c4thiopien<\/td><\/tr><tr><td><strong>2007-2009<\/strong><\/td><td>Master of Science (M.Sc.),&nbsp;Tropenmedizin&nbsp;und&nbsp;Infektionskrankheiten,&nbsp;<br>Addis&nbsp;Abeba&nbsp;Universit\u00e4t,&nbsp;\u00c4thiopien&nbsp;<\/td><\/tr><tr><td><strong>2003-2006<\/strong><\/td><td>Bachelor of Science (B.Sc.),&nbsp;Mikrobiologie&nbsp;und&nbsp;Parasitologie,<br>Jimma&nbsp;Universit\u00e4t, Ambo College,&nbsp;\u00c4thiopien<\/td><\/tr><\/tbody><\/table><\/figure>\n\n\n\n<h2 class=\"wp-block-heading\" id=\"h-publikationen\">Publikationen<\/h2>\n\n\n\n<p class=\"literature\">Lilja S, Pointner A, B\u00e4ck H, Duszka K, Hippe B, Suarez L, H\u00f6finger I, Debebe T, K\u00f6nig J, Haslberger A. <strong>Fasting and fasting mimetic supplementation address sirtuin expression, miRNA and microbiota composition. Functional Foods in Health and Disease<\/strong> 2020; 10(10): 439-455.<\/p>\n\n\n\n<p class=\"literature\">Franke P, Krumbiegel C, Girke B, Hammer P, Frohme M, Debebe T. <strong>Diet Type, Antibiotic Intake and Gut Microbiota: A Lesson from a Large Cross-Sectional Study.<\/strong> Archive of the International Society of Microbiota, 2019 (pp 1-112).<\/p>\n\n\n\n<p class=\"literature\">Debebe T, Biagi E, Soverini M, Holtze S, Hildebrandt TB, Birkemeyer C, Wyohannis D, Lemma A, Brigidi P, Savkovic V, K\u00f6nig B, Candela M, Birkenmeier G. <strong>Unraveling the gut microbiome of the long-lived naked mole-rat.<\/strong> Nature Scientific Report 2017;7(1):9590.<\/p>\n\n\n\n<p class=\"literature\">Hutschenreuther A, Bigl M, Hemdan NY, Debebe T, Gaunitz F, Birkenmeier G. Modulation of GLO1 Expression Affects Malignant Properties of Cells. Int J Mol Sci. 2016; 17(12). pii: E2133.<br>Debebe T, Kru\u0308ger M, Huse K, Kacza J, Mu\u0308hlberg K, K\u00f6nig B, Birkenmeier G. Ethyl pyruvate: <strong>An anti-microbial agent that selectively targets pathobionts and biofilms. <\/strong>PLos One. 2016; 11(9):e0162919.<\/p>\n\n\n\n<p class=\"literature\">Birkenmeier G, Hemdan NY, Kurz S, Bigl M, Pieroh P, Debebe T, Buchold M, Thieme R, Wichmann, Dehghani F. <strong>Ethyl Pyruvate Combats Human Leukemia Cells but Spares Normal Blood Cells.<\/strong> PLoS One. 2016; 31;11(8):e0161571.<\/p>\n\n\n\n<p class=\"literature\">Debebe T, Holtze S, Morhart M, Hildebrandt TB, Rodewald S, Huse K, Platzer M, Wyohannes D, Yirga S, Lemma A, Thieme R, K\u00f6nig B, Birkenmeier G. <strong>Analysis of cultivable microbiota and diet intake pattern of the long-lived naked mole-rat.<\/strong> <em>Gut Pathog<\/em>. 2016;8:25.<\/p>\n\n\n\n<p class=\"literature\">Thieme R, Kurz S, Kolb M, Debebe T, Holtze S, Morhart M, Huse K, Szafranski K, Platzer M, Hildebrandt TB, Birkenmeier G. <strong>Analysis of Alpha-2 Macroglobulin from the Long-Lived and Cancer-Resistant Naked Mole-Rat and Human Plasma.<\/strong> PLoS One. 2015; 23:10(6):e0130470.<\/p>\n\n\n\n<p class=\"literature\">Debebe T, Admassu A, Mamo G, Ameni G. <strong>Molecular characterization of Mycobacterium tuberculosis isolated from pulmonary tuberculosis patients in Felege Hiwot Referral Hospital, northwest Ethiopia<\/strong>. <em>J Microbiol Immunol Infect<\/em>. 2014;47(4):333-8.<\/p>\n\n\n\n<h2 class=\"wp-block-heading\" id=\"h-prasentationen-und-vortrage\"><strong>Pr\u00e4sentationen und Vortr\u00e4ge<\/strong><\/h2>\n\n\n\n<ul class=\"wp-block-list\">\n<li><strong>Die&nbsp;Mikrobiota&nbsp;des&nbsp;Nacktmulls:&nbsp;Ursache&nbsp;f\u00fcr&nbsp;Langlebigkeit&nbsp;und&nbsp;Krebsresistenz?&nbsp;<\/strong>\n<ol class=\"wp-block-list\">\n<li>Symposium der Universit\u00e4t Leipzig\/&nbsp;Deutschland und der Universit\u00e4t&nbsp;Gondar\/&nbsp;\u00c4thiopien, am 11. Juli 2015 in Leipzig&nbsp;<\/li>\n\n\n\n<li>Internationaler&nbsp;Kongress \u201eTargeting Microbiota\u201c:&nbsp;\u201eToward Clinical Revolution\u201c, 16. bis 17.&nbsp;Oktober&nbsp;2014,&nbsp;Institut&nbsp;Pasteur, Paris,&nbsp;Frankreich&nbsp;<\/li>\n\n\n\n<li>13. Forschungsfest Leipzig 2014.&nbsp; 18. Dezember 2014 Max-B\u00fcrger-Forschungszentrum, Leipzig, Deutschland<\/li>\n<\/ol>\n<\/li>\n<\/ul>\n\n\n\n<ul class=\"wp-block-list\">\n<li><strong><strong>Die Rolle der&nbsp;Apoptose&nbsp;bei&nbsp;der HIV-1-Infektion; Nationales&nbsp;Forschungssymposium,&nbsp;Februar&nbsp;2010. Debre Markos Universit\u00e4t,&nbsp;\u00c4thiopien&nbsp;<\/strong>&nbsp;<\/strong><\/li>\n<\/ul>\n\n\n\n<h2 class=\"wp-block-heading\" id=\"h-auszeichnungen-und-awards-nbsp\"><strong>Auszeichnungen und Awards<\/strong>&nbsp;<\/h2>\n\n\n\n<ol class=\"wp-block-list\">\n<li>Auszeichnung mit dem Dr. Margarete Blank Publikationspreis der&nbsp;Medizinischen Fakult\u00e4t des Universit\u00e4tsklinikums Leipzig f\u00fcr eine der besten Promotionen des Jahres 2017&nbsp;(summa cum laude)&nbsp;&nbsp;<\/li>\n\n\n\n<li>EXIST Gr\u00fcnderstipendium des Deutschen Bundesministeriums f\u00fcr Wirtschaft und Energie im Mai 2017&nbsp;<\/li>\n\n\n\n<li>Zertifikat der&nbsp;\u201eInternational Society of&nbsp;Microbiota\u201c&nbsp;f\u00fcr den besten Vortrag auf dem&nbsp;2. Internationalen Kongress \u201eTargeting&nbsp;Microbiota\u201c vom&nbsp;16. bis 17. Oktober 2014,&nbsp;Institut&nbsp;Pasteur, Paris, Frankreich.&nbsp;<\/li>\n\n\n\n<li>Auszeichnung&nbsp;f\u00fcr&nbsp;einen&nbsp;Forschungsprojektvorschlag&nbsp;durch&nbsp;die Universit\u00e4t Bahir Dar&nbsp;im&nbsp;Jahr&nbsp;2010.&nbsp;&nbsp;<\/li>\n<\/ol>\n\n\n\n<p> <\/p>\n","protected":false},"excerpt":{"rendered":"<p>Ehemaliger Head of Science &#038; Co-FounderDr. Tewodros Debebe AkliluDr. Tewodros Debebe Aklilu war Mitgr\u00fcnder und Head of Science bei BIOMES. Im Jahr 2017 promovierte er in Medizinischer Mikrobiologie an der medizinischen Fakult\u00e4t der Universit\u00e4t Leipzig. Seine Promotion wurde mit dem Promotionspreis und dem Dr. Margarete Blank Publikationspreis der Universit\u00e4tsklinikum Leipzig als eine der besten Promotionen [&#8230;]<\/p>\n","protected":false},"author":1572,"featured_media":0,"parent":0,"menu_order":0,"comment_status":"closed","ping_status":"closed","template":"","meta":{"_acf_changed":false,"footnotes":""},"class_list":["post-507788","page","type-page","status-publish","hentry"],"acf":[],"yoast_head":"<!-- This site is optimized with the Yoast SEO plugin v27.4 - https:\/\/yoast.com\/product\/yoast-seo-wordpress\/ -->\n<title>Expertenprofil Dr. Tewodros Debebe Aklilu | BIOMES<\/title>\n<meta name=\"description\" content=\"Mitgr\u00fcnder und Head of Science bei BIOMES. Promovierte er in Medizinischer Mikrobiologie an der medizinischen Fakult\u00e4t der Uni Leipzig.\" \/>\n<meta name=\"robots\" content=\"index, follow, max-snippet:-1, max-image-preview:large, max-video-preview:-1\" \/>\n<link rel=\"canonical\" href=\"https:\/\/biomes.world\/de\/expertenprofil\/dr-tewodros-debebe-aklilu\/\" \/>\n<meta property=\"og:locale\" content=\"de_DE\" \/>\n<meta property=\"og:type\" content=\"article\" \/>\n<meta property=\"og:title\" content=\"Expertenprofil Dr. Tewodros Debebe Aklilu | BIOMES\" \/>\n<meta property=\"og:description\" content=\"Mitgr\u00fcnder und Head of Science bei BIOMES. Promovierte er in Medizinischer Mikrobiologie an der medizinischen Fakult\u00e4t der Uni Leipzig.\" \/>\n<meta property=\"og:url\" content=\"https:\/\/biomes.world\/de\/expertenprofil\/dr-tewodros-debebe-aklilu\/\" \/>\n<meta property=\"og:site_name\" content=\"BIOMES - Feel better\" \/>\n<meta property=\"article:publisher\" content=\"https:\/\/de-de.facebook.com\/BIOMES.world\/\" \/>\n<meta property=\"article:modified_time\" content=\"2024-02-13T18:43:42+00:00\" \/>\n<meta name=\"twitter:card\" content=\"summary_large_image\" \/>\n<meta name=\"twitter:label1\" content=\"Gesch\u00e4tzte Lesezeit\" \/>\n\t<meta name=\"twitter:data1\" content=\"4\u00a0Minuten\" \/>\n<script type=\"application\/ld+json\" class=\"yoast-schema-graph\">{\"@context\":\"https:\\\/\\\/schema.org\",\"@graph\":[{\"@type\":\"WebPage\",\"@id\":\"https:\\\/\\\/biomes.world\\\/de\\\/expertenprofil\\\/dr-tewodros-debebe-aklilu\\\/\",\"url\":\"https:\\\/\\\/biomes.world\\\/de\\\/expertenprofil\\\/dr-tewodros-debebe-aklilu\\\/\",\"name\":\"Expertenprofil Dr. Tewodros Debebe Aklilu | BIOMES\",\"isPartOf\":{\"@id\":\"https:\\\/\\\/biomes.world\\\/de\\\/#website\"},\"datePublished\":\"2021-06-02T05:08:22+00:00\",\"dateModified\":\"2024-02-13T18:43:42+00:00\",\"description\":\"Mitgr\u00fcnder und Head of Science bei BIOMES. Promovierte er in Medizinischer Mikrobiologie an der medizinischen Fakult\u00e4t der Uni Leipzig.\",\"breadcrumb\":{\"@id\":\"https:\\\/\\\/biomes.world\\\/de\\\/expertenprofil\\\/dr-tewodros-debebe-aklilu\\\/#breadcrumb\"},\"inLanguage\":\"de\",\"potentialAction\":[{\"@type\":\"ReadAction\",\"target\":[\"https:\\\/\\\/biomes.world\\\/de\\\/expertenprofil\\\/dr-tewodros-debebe-aklilu\\\/\"]}]},{\"@type\":\"BreadcrumbList\",\"@id\":\"https:\\\/\\\/biomes.world\\\/de\\\/expertenprofil\\\/dr-tewodros-debebe-aklilu\\\/#breadcrumb\",\"itemListElement\":[{\"@type\":\"ListItem\",\"position\":1,\"name\":\"Home\",\"item\":\"https:\\\/\\\/biomes.world\\\/de\\\/\"},{\"@type\":\"ListItem\",\"position\":2,\"name\":\"Expertenprofil Dr. Tewodros Debebe Aklilu\"}]},{\"@type\":\"WebSite\",\"@id\":\"https:\\\/\\\/biomes.world\\\/de\\\/#website\",\"url\":\"https:\\\/\\\/biomes.world\\\/de\\\/\",\"name\":\"BIOMES - Feel better\",\"description\":\"Cutting-edge biotechnology used to help people\",\"publisher\":{\"@id\":\"https:\\\/\\\/biomes.world\\\/de\\\/#organization\"},\"potentialAction\":[{\"@type\":\"SearchAction\",\"target\":{\"@type\":\"EntryPoint\",\"urlTemplate\":\"https:\\\/\\\/biomes.world\\\/de\\\/?s={search_term_string}\"},\"query-input\":{\"@type\":\"PropertyValueSpecification\",\"valueRequired\":true,\"valueName\":\"search_term_string\"}}],\"inLanguage\":\"de\"},{\"@type\":\"Organization\",\"@id\":\"https:\\\/\\\/biomes.world\\\/de\\\/#organization\",\"name\":\"BIOMES 4.0 GmbH\",\"url\":\"https:\\\/\\\/biomes.world\\\/de\\\/\",\"logo\":{\"@type\":\"ImageObject\",\"inLanguage\":\"de\",\"@id\":\"https:\\\/\\\/biomes.world\\\/de\\\/#\\\/schema\\\/logo\\\/image\\\/\",\"url\":\"http:\\\/\\\/biomes.world\\\/wp-content\\\/uploads\\\/2024\\\/04\\\/biomes_logo_2021_RGB.png\",\"contentUrl\":\"http:\\\/\\\/biomes.world\\\/wp-content\\\/uploads\\\/2024\\\/04\\\/biomes_logo_2021_RGB.png\",\"width\":10040,\"height\":2599,\"caption\":\"BIOMES 4.0 GmbH\"},\"image\":{\"@id\":\"https:\\\/\\\/biomes.world\\\/de\\\/#\\\/schema\\\/logo\\\/image\\\/\"},\"sameAs\":[\"https:\\\/\\\/de-de.facebook.com\\\/BIOMES.world\\\/\",\"https:\\\/\\\/www.youtube.com\\\/@BIOMESworld\",\"https:\\\/\\\/www.instagram.com\\\/biomes_official\\\/\"]}]}<\/script>\n<!-- \/ Yoast SEO plugin. -->","yoast_head_json":{"title":"Expertenprofil Dr. Tewodros Debebe Aklilu | BIOMES","description":"Mitgr\u00fcnder und Head of Science bei BIOMES. Promovierte er in Medizinischer Mikrobiologie an der medizinischen Fakult\u00e4t der Uni Leipzig.","robots":{"index":"index","follow":"follow","max-snippet":"max-snippet:-1","max-image-preview":"max-image-preview:large","max-video-preview":"max-video-preview:-1"},"canonical":"https:\/\/biomes.world\/de\/expertenprofil\/dr-tewodros-debebe-aklilu\/","og_locale":"de_DE","og_type":"article","og_title":"Expertenprofil Dr. Tewodros Debebe Aklilu | BIOMES","og_description":"Mitgr\u00fcnder und Head of Science bei BIOMES. Promovierte er in Medizinischer Mikrobiologie an der medizinischen Fakult\u00e4t der Uni Leipzig.","og_url":"https:\/\/biomes.world\/de\/expertenprofil\/dr-tewodros-debebe-aklilu\/","og_site_name":"BIOMES - Feel better","article_publisher":"https:\/\/de-de.facebook.com\/BIOMES.world\/","article_modified_time":"2024-02-13T18:43:42+00:00","twitter_card":"summary_large_image","twitter_misc":{"Gesch\u00e4tzte Lesezeit":"4\u00a0Minuten"},"schema":{"@context":"https:\/\/schema.org","@graph":[{"@type":"WebPage","@id":"https:\/\/biomes.world\/de\/expertenprofil\/dr-tewodros-debebe-aklilu\/","url":"https:\/\/biomes.world\/de\/expertenprofil\/dr-tewodros-debebe-aklilu\/","name":"Expertenprofil Dr. Tewodros Debebe Aklilu | BIOMES","isPartOf":{"@id":"https:\/\/biomes.world\/de\/#website"},"datePublished":"2021-06-02T05:08:22+00:00","dateModified":"2024-02-13T18:43:42+00:00","description":"Mitgr\u00fcnder und Head of Science bei BIOMES. Promovierte er in Medizinischer Mikrobiologie an der medizinischen Fakult\u00e4t der Uni Leipzig.","breadcrumb":{"@id":"https:\/\/biomes.world\/de\/expertenprofil\/dr-tewodros-debebe-aklilu\/#breadcrumb"},"inLanguage":"de","potentialAction":[{"@type":"ReadAction","target":["https:\/\/biomes.world\/de\/expertenprofil\/dr-tewodros-debebe-aklilu\/"]}]},{"@type":"BreadcrumbList","@id":"https:\/\/biomes.world\/de\/expertenprofil\/dr-tewodros-debebe-aklilu\/#breadcrumb","itemListElement":[{"@type":"ListItem","position":1,"name":"Home","item":"https:\/\/biomes.world\/de\/"},{"@type":"ListItem","position":2,"name":"Expertenprofil Dr. Tewodros Debebe Aklilu"}]},{"@type":"WebSite","@id":"https:\/\/biomes.world\/de\/#website","url":"https:\/\/biomes.world\/de\/","name":"BIOMES - Feel better","description":"Cutting-edge biotechnology used to help people","publisher":{"@id":"https:\/\/biomes.world\/de\/#organization"},"potentialAction":[{"@type":"SearchAction","target":{"@type":"EntryPoint","urlTemplate":"https:\/\/biomes.world\/de\/?s={search_term_string}"},"query-input":{"@type":"PropertyValueSpecification","valueRequired":true,"valueName":"search_term_string"}}],"inLanguage":"de"},{"@type":"Organization","@id":"https:\/\/biomes.world\/de\/#organization","name":"BIOMES 4.0 GmbH","url":"https:\/\/biomes.world\/de\/","logo":{"@type":"ImageObject","inLanguage":"de","@id":"https:\/\/biomes.world\/de\/#\/schema\/logo\/image\/","url":"http:\/\/biomes.world\/wp-content\/uploads\/2024\/04\/biomes_logo_2021_RGB.png","contentUrl":"http:\/\/biomes.world\/wp-content\/uploads\/2024\/04\/biomes_logo_2021_RGB.png","width":10040,"height":2599,"caption":"BIOMES 4.0 GmbH"},"image":{"@id":"https:\/\/biomes.world\/de\/#\/schema\/logo\/image\/"},"sameAs":["https:\/\/de-de.facebook.com\/BIOMES.world\/","https:\/\/www.youtube.com\/@BIOMESworld","https:\/\/www.instagram.com\/biomes_official\/"]}]}},"_links":{"self":[{"href":"https:\/\/biomes.world\/de\/wp-json\/wp\/v2\/pages\/507788","targetHints":{"allow":["GET"]}}],"collection":[{"href":"https:\/\/biomes.world\/de\/wp-json\/wp\/v2\/pages"}],"about":[{"href":"https:\/\/biomes.world\/de\/wp-json\/wp\/v2\/types\/page"}],"author":[{"embeddable":true,"href":"https:\/\/biomes.world\/de\/wp-json\/wp\/v2\/users\/1572"}],"replies":[{"embeddable":true,"href":"https:\/\/biomes.world\/de\/wp-json\/wp\/v2\/comments?post=507788"}],"version-history":[{"count":3,"href":"https:\/\/biomes.world\/de\/wp-json\/wp\/v2\/pages\/507788\/revisions"}],"predecessor-version":[{"id":631203,"href":"https:\/\/biomes.world\/de\/wp-json\/wp\/v2\/pages\/507788\/revisions\/631203"}],"wp:attachment":[{"href":"https:\/\/biomes.world\/de\/wp-json\/wp\/v2\/media?parent=507788"}],"curies":[{"name":"wp","href":"https:\/\/api.w.org\/{rel}","templated":true}]}}