{"id":506367,"date":"2021-05-26T09:22:02","date_gmt":"2021-05-26T07:22:02","guid":{"rendered":"http:\/\/biomes.world\/?page_id=506367"},"modified":"2024-02-28T18:17:30","modified_gmt":"2024-02-28T17:17:30","slug":"biomes-ebooks","status":"publish","type":"page","link":"https:\/\/biomes.world\/de\/service\/biomes-ebooks\/","title":{"rendered":"BIOMES eBooks"},"content":{"rendered":"\n<h2 class=\"wp-block-heading\" id=\"h-unsere-kostenlosen-ebooks\">Unsere kostenlosen eBooks<\/h2>\n\n\n\n<p>Wir von <strong>BIOMES<\/strong> m\u00f6chten Menschen dabei helfen, ihre Gesundheit in die eigene Hand zu nehmen und begleiten sie auf ihrem Weg zu mehr Wohlbefinden. Deshalb teilen wir in unseren kostenlosen eBooks gern unser geballtes Wissen rund um die Themen \u201e<strong>Darm und Immunsystem<\/strong>\u201c, \u201e<strong>Darmgesunde Ern\u00e4hrung<\/strong>\u201c und \u201e<strong>Darmgesunde Rezepte<\/strong>\u201c. Erfahre mehr \u00fcber die spannende Welt deiner Darmbakterien \u2013 es lohnt sich!\u00a0<\/p>\n\n\n<div id=\"reading-block_5a3b2ecd7e4e6512220f84416a62cf7b\" class=\"reading site-blockspace--both site-block\">\n    <div class=\"reading__slide row xs-up-1 md-up-2 lg-up-3\">\n                                    <div class=\"reading__item column\">\n                    <a href=\"http:\/\/biomes.world\/de\/service\/biomes-ebooks\/darm-und-immunsystem\/\" class=\"reading__item\" target=\"_blank\"><span class=\"reading__media\"><img decoding=\"async\" src=\"https:\/\/biomes.world\/wp-content\/uploads\/2024\/02\/Darm-und-Immunsystem-400x360.png\" width=400 heigth=360 alt=\"Darm und Immunsystem\"><\/span>                        <div class=\"h4 reading__title\">Darm und Immunsystem<\/div>\n                        <span class=\"reading__link\">\n                            <svg width=\"38\" height=\"43\">\n                                <use xlink:href=\"https:\/\/biomes.world\/wp-content\/themes\/biomesworld\/resources\/public\/svg\/sprite.svg#arrow-comb\"><\/use>\n                                <use xlink:href=\"https:\/\/biomes.world\/wp-content\/themes\/biomesworld\/resources\/public\/svg\/sprite.svg#arrow-right-only\"><\/use>\n                            <\/svg>\n                            zum eBook                        <\/span>\n                    <\/a>\n                <\/div>\n                            <div class=\"reading__item column\">\n                    <a href=\"http:\/\/biomes.world\/de\/service\/biomes-ebooks\/darmgesunde-ernaehrung\/\" class=\"reading__item\" target=\"_blank\"><span class=\"reading__media\"><img decoding=\"async\" src=\"https:\/\/biomes.world\/wp-content\/uploads\/2024\/02\/Darmgesunde-Ernaehrung-400x360.png\" width=400 heigth=360 alt=\"Darmgesunde Ern\u00e4hrung\"><\/span>                        <div class=\"h4 reading__title\">Darmgesunde Ern\u00e4hrung<\/div>\n                        <span class=\"reading__link\">\n                            <svg width=\"38\" height=\"43\">\n                                <use xlink:href=\"https:\/\/biomes.world\/wp-content\/themes\/biomesworld\/resources\/public\/svg\/sprite.svg#arrow-comb\"><\/use>\n                                <use xlink:href=\"https:\/\/biomes.world\/wp-content\/themes\/biomesworld\/resources\/public\/svg\/sprite.svg#arrow-right-only\"><\/use>\n                            <\/svg>\n                            zum eBook                        <\/span>\n                    <\/a>\n                <\/div>\n                            <div class=\"reading__item column\">\n                    <a href=\"http:\/\/biomes.world\/de\/service\/biomes-ebooks\/abnehmen-mit-darmbakterien\/\" class=\"reading__item\" target=\"_blank\"><span class=\"reading__media\"><img decoding=\"async\" src=\"https:\/\/biomes.world\/wp-content\/uploads\/2024\/02\/Darmgesunde-Rezepte-400x360.png\" width=400 heigth=360 alt=\"Darmgesunde Rezepte\"><\/span>                        <div class=\"h4 reading__title\">Darmgesunde Rezepte<\/div>\n                        <span class=\"reading__link\">\n                            <svg width=\"38\" height=\"43\">\n                                <use xlink:href=\"https:\/\/biomes.world\/wp-content\/themes\/biomesworld\/resources\/public\/svg\/sprite.svg#arrow-comb\"><\/use>\n                                <use xlink:href=\"https:\/\/biomes.world\/wp-content\/themes\/biomesworld\/resources\/public\/svg\/sprite.svg#arrow-right-only\"><\/use>\n                            <\/svg>\n                            zum eBook                        <\/span>\n                    <\/a>\n                <\/div>\n                        <\/div>\n<\/div>\n\n\n\n<h2 class=\"wp-block-heading\" id=\"h-warum-solltest-du-deinen-darm-kennenlernen\">Warum solltest du deinen Darm kennenlernen?\u00a0\u00a0<\/h2>\n\n\n\n<p class=\".stage__media:before{background: none !important;}\">In deinem Darm leben Milliarden von Bakterien, die meisten davon sind besser als ihr Ruf und tun dir viel Gutes. Denn deine bakteriellen Mitbewohner beeinflussen nicht nur deine Verdauung. Sie steuern dein Immunsystem, z\u00fcgeln deinen Appetit, regeln deine Kalorienverwertung und vieles mehr. Die gute Nachricht ist, dass die Zusammensetzung deiner Darmbakterien sich beeinflussen l\u00e4sst \u2013 vor allem mit unseren Tipps zur Darmgesunden Ern\u00e4hrung.&nbsp;&nbsp;<\/p>\n\n\n<div id=\"benefits-block_5d8c2f54e4ad83e21f3d5b280367bc5e\" class=\"benefits site-block\">\n    <div class=\"benefits__row row xs-up-1 md-up-2 lg-up-3\">\n        <div class=\"benefits__item column\"><div class=\"benefits__content\"><div class=\"benefits__media--icon benefits__media\"><svg xmlns=\"http:\/\/www.w3.org\/2000\/svg\" viewBox=\"0 0 12 12\"><use xlink:href=\"https:\/\/biomes.world\/wp-content\/themes\/biomesworld\/resources\/public\/svg\/icons.svg?1.62#protection\"><\/use><\/svg><\/div><div class=\"benefits__text\"><div class=\"benefits__header\">Darm und Immunsystem  <\/div><p>Darm gesund, Mensch gesund: In diesem eBook erf\u00e4hrst du, wie dein Immunsystem funktioniert und wie du es st\u00e4rken kannst. Lerne au\u00dferdem die h\u00e4ufigsten Krankheiten deines Immunsystem kennen und erfahre, wovon speziell Kinder profitieren.  <\/p>\n<\/div><\/div><\/div><div class=\"benefits__item column\"><div class=\"benefits__content\"><div class=\"benefits__media--icon benefits__media\"><svg xmlns=\"http:\/\/www.w3.org\/2000\/svg\" viewBox=\"0 0 12 12\"><use xlink:href=\"https:\/\/biomes.world\/wp-content\/themes\/biomesworld\/resources\/public\/svg\/icons.svg?1.62#vitamins\"><\/use><\/svg><\/div><div class=\"benefits__text\"><div class=\"benefits__header\">Darmgesunde Ern\u00e4hrung <\/div><p>Du bist nicht was du isst, du bist, was deine Bakterien f\u00fcr dich verdauen! Lerne in diesem eBook, was deinem Darm und deiner Seele gut tut und welche Ern\u00e4hrung zum Aufbau der Darmflora geeignet ist.  <\/p>\n<\/div><\/div><\/div><div class=\"benefits__item column\"><div class=\"benefits__content\"><div class=\"benefits__media--icon benefits__media\"><svg xmlns=\"http:\/\/www.w3.org\/2000\/svg\" viewBox=\"0 0 12 12\"><use xlink:href=\"https:\/\/biomes.world\/wp-content\/themes\/biomesworld\/resources\/public\/svg\/icons.svg?1.62#digestion\"><\/use><\/svg><\/div><div class=\"benefits__text\"><div class=\"benefits__header\">Darmgesunde Rezepte<\/div><p>Fehlen dir kreative Kochideen, die gut f\u00fcr deinen Darm sind? Mit unseren 10 einfachen und leckeren Rezepten f\u00fcr Fr\u00fchst\u00fcck, Mittag- und Abendessen sowie gesunden Snacks sorgst du f\u00fcr Wohlbefinden von innen heraus.<\/p>\n<\/div><\/div><\/div>    <\/div>\n<\/div>\n\n\n\n<p><\/p>\n","protected":false},"excerpt":{"rendered":"<p>Unsere kostenlosen eBooks Wir von BIOMES m\u00f6chten Menschen dabei helfen, ihre Gesundheit in die eigene Hand zu nehmen und begleiten sie auf ihrem Weg zu mehr Wohlbefinden. Deshalb teilen wir in unseren kostenlosen eBooks gern unser geballtes Wissen rund um die Themen \u201eDarm und Immunsystem\u201c, \u201eDarmgesunde Ern\u00e4hrung\u201c und \u201eDarmgesunde Rezepte\u201c. Erfahre mehr \u00fcber die spannende [&#8230;]<\/p>\n","protected":false},"author":3168,"featured_media":0,"parent":500601,"menu_order":0,"comment_status":"closed","ping_status":"closed","template":"","meta":{"_acf_changed":false,"footnotes":""},"class_list":["post-506367","page","type-page","status-publish","hentry"],"acf":[],"yoast_head":"<!-- This site is optimized with the Yoast SEO Premium plugin v26.2 (Yoast SEO v27.2) - https:\/\/yoast.com\/product\/yoast-seo-premium-wordpress\/ -->\n<title>Unsere kostenlosen e-Books - BIOMES<\/title>\n<meta name=\"description\" content=\"In unseren kostenlosen eBooks erh\u00e4lst du Einblicke in die Welt der Darmgesundheit, in die richtige Ern\u00e4hrung und des Immunsystems.\" \/>\n<meta name=\"robots\" content=\"index, follow, max-snippet:-1, max-image-preview:large, max-video-preview:-1\" \/>\n<link rel=\"canonical\" href=\"https:\/\/biomes.world\/de\/service\/biomes-ebooks\/\" \/>\n<meta property=\"og:locale\" content=\"de_DE\" \/>\n<meta property=\"og:type\" content=\"article\" \/>\n<meta property=\"og:title\" content=\"BIOMES eBooks\" \/>\n<meta property=\"og:description\" content=\"In unseren kostenlosen eBooks erh\u00e4lst du Einblicke in die Welt der Darmgesundheit, in die richtige Ern\u00e4hrung und des Immunsystems.\" \/>\n<meta property=\"og:url\" content=\"https:\/\/biomes.world\/de\/service\/biomes-ebooks\/\" \/>\n<meta property=\"og:site_name\" content=\"BIOMES - Feel better\" \/>\n<meta property=\"article:publisher\" content=\"https:\/\/de-de.facebook.com\/BIOMES.world\/\" \/>\n<meta property=\"article:modified_time\" content=\"2024-02-28T17:17:30+00:00\" \/>\n<meta name=\"twitter:card\" content=\"summary_large_image\" \/>\n<meta name=\"twitter:label1\" content=\"Gesch\u00e4tzte Lesezeit\" \/>\n\t<meta name=\"twitter:data1\" content=\"1\u00a0Minute\" \/>\n<script type=\"application\/ld+json\" class=\"yoast-schema-graph\">{\"@context\":\"https:\/\/schema.org\",\"@graph\":[{\"@type\":\"WebPage\",\"@id\":\"https:\/\/biomes.world\/de\/service\/biomes-ebooks\/\",\"url\":\"https:\/\/biomes.world\/de\/service\/biomes-ebooks\/\",\"name\":\"Unsere kostenlosen e-Books - BIOMES\",\"isPartOf\":{\"@id\":\"https:\/\/biomes.world\/de\/#website\"},\"datePublished\":\"2021-05-26T07:22:02+00:00\",\"dateModified\":\"2024-02-28T17:17:30+00:00\",\"description\":\"In unseren kostenlosen eBooks erh\u00e4lst du Einblicke in die Welt der Darmgesundheit, in die richtige Ern\u00e4hrung und des Immunsystems.\",\"breadcrumb\":{\"@id\":\"https:\/\/biomes.world\/de\/service\/biomes-ebooks\/#breadcrumb\"},\"inLanguage\":\"de\",\"potentialAction\":[{\"@type\":\"ReadAction\",\"target\":[\"https:\/\/biomes.world\/de\/service\/biomes-ebooks\/\"]}]},{\"@type\":\"BreadcrumbList\",\"@id\":\"https:\/\/biomes.world\/de\/service\/biomes-ebooks\/#breadcrumb\",\"itemListElement\":[{\"@type\":\"ListItem\",\"position\":1,\"name\":\"Home\",\"item\":\"https:\/\/biomes.world\/de\/\"},{\"@type\":\"ListItem\",\"position\":2,\"name\":\"Footer Service\",\"item\":\"https:\/\/biomes.world\/de\/service\/\"},{\"@type\":\"ListItem\",\"position\":3,\"name\":\"BIOMES eBooks\"}]},{\"@type\":\"WebSite\",\"@id\":\"https:\/\/biomes.world\/de\/#website\",\"url\":\"https:\/\/biomes.world\/de\/\",\"name\":\"BIOMES - Feel better\",\"description\":\"Cutting-edge biotechnology used to help people\",\"publisher\":{\"@id\":\"https:\/\/biomes.world\/de\/#organization\"},\"potentialAction\":[{\"@type\":\"SearchAction\",\"target\":{\"@type\":\"EntryPoint\",\"urlTemplate\":\"https:\/\/biomes.world\/de\/?s={search_term_string}\"},\"query-input\":{\"@type\":\"PropertyValueSpecification\",\"valueRequired\":true,\"valueName\":\"search_term_string\"}}],\"inLanguage\":\"de\"},{\"@type\":\"Organization\",\"@id\":\"https:\/\/biomes.world\/de\/#organization\",\"name\":\"BIOMES 4.0 GmbH\",\"url\":\"https:\/\/biomes.world\/de\/\",\"logo\":{\"@type\":\"ImageObject\",\"inLanguage\":\"de\",\"@id\":\"https:\/\/biomes.world\/de\/#\/schema\/logo\/image\/\",\"url\":\"http:\/\/biomes.world\/wp-content\/uploads\/2024\/04\/biomes_logo_2021_RGB.png\",\"contentUrl\":\"http:\/\/biomes.world\/wp-content\/uploads\/2024\/04\/biomes_logo_2021_RGB.png\",\"width\":10040,\"height\":2599,\"caption\":\"BIOMES 4.0 GmbH\"},\"image\":{\"@id\":\"https:\/\/biomes.world\/de\/#\/schema\/logo\/image\/\"},\"sameAs\":[\"https:\/\/de-de.facebook.com\/BIOMES.world\/\",\"https:\/\/www.youtube.com\/@BIOMESworld\",\"https:\/\/www.instagram.com\/biomes_official\/\"],\"legalName\":\"BIOMES 4.0 GmbH\",\"duns\":\"314778637\"}]}<\/script>\n<!-- \/ Yoast SEO Premium plugin. -->","yoast_head_json":{"title":"Unsere kostenlosen e-Books - BIOMES","description":"In unseren kostenlosen eBooks erh\u00e4lst du Einblicke in die Welt der Darmgesundheit, in die richtige Ern\u00e4hrung und des Immunsystems.","robots":{"index":"index","follow":"follow","max-snippet":"max-snippet:-1","max-image-preview":"max-image-preview:large","max-video-preview":"max-video-preview:-1"},"canonical":"https:\/\/biomes.world\/de\/service\/biomes-ebooks\/","og_locale":"de_DE","og_type":"article","og_title":"BIOMES eBooks","og_description":"In unseren kostenlosen eBooks erh\u00e4lst du Einblicke in die Welt der Darmgesundheit, in die richtige Ern\u00e4hrung und des Immunsystems.","og_url":"https:\/\/biomes.world\/de\/service\/biomes-ebooks\/","og_site_name":"BIOMES - Feel better","article_publisher":"https:\/\/de-de.facebook.com\/BIOMES.world\/","article_modified_time":"2024-02-28T17:17:30+00:00","twitter_card":"summary_large_image","twitter_misc":{"Gesch\u00e4tzte Lesezeit":"1\u00a0Minute"},"schema":{"@context":"https:\/\/schema.org","@graph":[{"@type":"WebPage","@id":"https:\/\/biomes.world\/de\/service\/biomes-ebooks\/","url":"https:\/\/biomes.world\/de\/service\/biomes-ebooks\/","name":"Unsere kostenlosen e-Books - BIOMES","isPartOf":{"@id":"https:\/\/biomes.world\/de\/#website"},"datePublished":"2021-05-26T07:22:02+00:00","dateModified":"2024-02-28T17:17:30+00:00","description":"In unseren kostenlosen eBooks erh\u00e4lst du Einblicke in die Welt der Darmgesundheit, in die richtige Ern\u00e4hrung und des Immunsystems.","breadcrumb":{"@id":"https:\/\/biomes.world\/de\/service\/biomes-ebooks\/#breadcrumb"},"inLanguage":"de","potentialAction":[{"@type":"ReadAction","target":["https:\/\/biomes.world\/de\/service\/biomes-ebooks\/"]}]},{"@type":"BreadcrumbList","@id":"https:\/\/biomes.world\/de\/service\/biomes-ebooks\/#breadcrumb","itemListElement":[{"@type":"ListItem","position":1,"name":"Home","item":"https:\/\/biomes.world\/de\/"},{"@type":"ListItem","position":2,"name":"Footer Service","item":"https:\/\/biomes.world\/de\/service\/"},{"@type":"ListItem","position":3,"name":"BIOMES eBooks"}]},{"@type":"WebSite","@id":"https:\/\/biomes.world\/de\/#website","url":"https:\/\/biomes.world\/de\/","name":"BIOMES - Feel better","description":"Cutting-edge biotechnology used to help people","publisher":{"@id":"https:\/\/biomes.world\/de\/#organization"},"potentialAction":[{"@type":"SearchAction","target":{"@type":"EntryPoint","urlTemplate":"https:\/\/biomes.world\/de\/?s={search_term_string}"},"query-input":{"@type":"PropertyValueSpecification","valueRequired":true,"valueName":"search_term_string"}}],"inLanguage":"de"},{"@type":"Organization","@id":"https:\/\/biomes.world\/de\/#organization","name":"BIOMES 4.0 GmbH","url":"https:\/\/biomes.world\/de\/","logo":{"@type":"ImageObject","inLanguage":"de","@id":"https:\/\/biomes.world\/de\/#\/schema\/logo\/image\/","url":"http:\/\/biomes.world\/wp-content\/uploads\/2024\/04\/biomes_logo_2021_RGB.png","contentUrl":"http:\/\/biomes.world\/wp-content\/uploads\/2024\/04\/biomes_logo_2021_RGB.png","width":10040,"height":2599,"caption":"BIOMES 4.0 GmbH"},"image":{"@id":"https:\/\/biomes.world\/de\/#\/schema\/logo\/image\/"},"sameAs":["https:\/\/de-de.facebook.com\/BIOMES.world\/","https:\/\/www.youtube.com\/@BIOMESworld","https:\/\/www.instagram.com\/biomes_official\/"],"legalName":"BIOMES 4.0 GmbH","duns":"314778637"}]}},"_links":{"self":[{"href":"https:\/\/biomes.world\/de\/wp-json\/wp\/v2\/pages\/506367","targetHints":{"allow":["GET"]}}],"collection":[{"href":"https:\/\/biomes.world\/de\/wp-json\/wp\/v2\/pages"}],"about":[{"href":"https:\/\/biomes.world\/de\/wp-json\/wp\/v2\/types\/page"}],"author":[{"embeddable":true,"href":"https:\/\/biomes.world\/de\/wp-json\/wp\/v2\/users\/3168"}],"replies":[{"embeddable":true,"href":"https:\/\/biomes.world\/de\/wp-json\/wp\/v2\/comments?post=506367"}],"version-history":[{"count":14,"href":"https:\/\/biomes.world\/de\/wp-json\/wp\/v2\/pages\/506367\/revisions"}],"predecessor-version":[{"id":631327,"href":"https:\/\/biomes.world\/de\/wp-json\/wp\/v2\/pages\/506367\/revisions\/631327"}],"up":[{"embeddable":true,"href":"https:\/\/biomes.world\/de\/wp-json\/wp\/v2\/pages\/500601"}],"wp:attachment":[{"href":"https:\/\/biomes.world\/de\/wp-json\/wp\/v2\/media?parent=506367"}],"curies":[{"name":"wp","href":"https:\/\/api.w.org\/{rel}","templated":true}]}}