{"id":340029,"date":"2020-12-14T12:42:51","date_gmt":"2020-12-14T11:42:51","guid":{"rendered":"http:\/\/biomes.world\/?page_id=340029"},"modified":"2023-08-25T09:15:04","modified_gmt":"2023-08-25T07:15:04","slug":"bewusste-ernaehrung","status":"publish","type":"page","link":"https:\/\/biomes.world\/de\/wissenswertes\/ernaehrung\/bewusste-ernaehrung\/","title":{"rendered":"Kategorie: bewusste Ern\u00e4hrung"},"content":{"rendered":"\n<h1 class=\"wp-block-heading\" id=\"h-bewusste-ernahrung\">Bewusste Ern\u00e4hrung<\/h1>\n\n\n\n<p>Sich bewusst(er) zu ern\u00e4hren \u2013 das ist ein Ziel, das viele Menschen verfolgen. Doch wodurch definiert sich eine bewusste und gesunde Ern\u00e4hrung \u00fcberhaupt? Gleich vorab: <strong>Mit dem Verzicht auf bestimmte Lebensmittel ist es nicht getan.<\/strong> Wie du isst, ist fast ebenso wichtig, wie das, was du isst.<\/p>\n\n\n\n<h2 class=\"wp-block-heading\" id=\"h-die-definition-einer-bewussten-ernahrung\">Die Definition einer bewussten Ern\u00e4hrung<\/h2>\n\n\n\n<p>Eine gesunde und bewusste Ern\u00e4hrungsweise zeichnet sich vor allem dadurch aus, dass sie <strong>den K\u00f6rper kontinuierlich mit allen n\u00f6tigen N\u00e4hrstoffen versorgt.<\/strong> Sie unterst\u00fctzt die K\u00f6rperfunktionen und damit deine Leistungsf\u00e4higkeit. M\u00f6chtest du dich bewusst ern\u00e4hren, musst du also zun\u00e4chst wissen, was dein K\u00f6rper individuell braucht. Die Wissenschaftler*innen von <strong>BIOMES<\/strong> stellen dir im Rahmen einer Darmanalyse<a href=\"http:\/\/biomes.world\/de\/wissenswertes\/ernaehrung\/ernaehrungsplan\/personalisierte-ernaehrung\/\"> einen auf deine Bed\u00fcrfnisse abgestimmten Ern\u00e4hrungsplan<\/a> zur Verf\u00fcgung.<\/p>\n\n\n\n<p>Da Essen jedoch nicht nur der Versorgung mit N\u00e4hrstoffen dient, sondern auch Genuss und emotionale Befriedigung bedeutet, solltest du zudem dein Essverhalten unter die Lupe nehmen. Wann, wo und wie viel isst du und wie nimmst du deine Mahlzeiten zu dir? Viele Ern\u00e4hrungsgewohnheiten bilden sich in der Kindheit heraus. Als Erwachsene essen wir daher nicht automatisch das, was uns gut bekommt.<\/p>\n\n\n\n<h2 class=\"wp-block-heading has-text-align-center\" id=\"h-neuester-beitrag\">Neuester Beitrag<\/h2>\n\n\n\n<div id=\"post-349932\" class=\"post__item--sticky post__item post-349932 post type-post status-publish format-standard has-post-thumbnail hentry category-bewusste-ernaehrung category-ernaehrung\">\n    <div class=\"post__content\">\n\n        <div class=\"stage--sticky stage\">\n            <div class=\"stage__media--sticky stage__media\">\n                <img loading=\"lazy\" decoding=\"async\" width=\"1500\" height=\"650\" src=\"https:\/\/biomes.world\/wp-content\/uploads\/2021\/01\/Formen_Biohacking-1500x650.jpg\" class=\"attachment-post-header size-post-header wp-post-image\" alt=\"Formen des Biohackings\" \/><div class=\"post__thumbnail\"><\/div>            <\/div>\n            <div class=\"stage__header--sticky stage__header\">\n                <div class=\"stage__col column\">\n                    <div class=\"stage__title--sticky stage__title h1\">\n                        <span class=\"cat-links\"><a href=\"https:\/\/biomes.world\/de\/.\/wissenswertes\/ernaehrung\/bewusste-ernaehrung\/\" rel=\"tag\">Bewusste Ern\u00e4hrung<\/a>, <a href=\"https:\/\/biomes.world\/de\/.\/wissenswertes\/ernaehrung\/\" rel=\"tag\">Ern\u00e4hrung<\/a><\/span>                        <a href=\"https:\/\/biomes.world\/de\/wissenswertes\/ernaehrung\/bewusste-ernaehrung\/biohacking-und-ernaehrung\/\" aria-hidden=\"true\" tabindex=\"-1\">\n                            <strong>Was ist Biohacking? Ein \u00dcberblick und Tipps f\u00fcr die Umsetzung<\/strong>                        <\/a>\n                    <\/div>\n                <\/div>\n                <a href=\"https:\/\/biomes.world\/de\/wissenswertes\/ernaehrung\/bewusste-ernaehrung\/biohacking-und-ernaehrung\/\" aria-hidden=\"true\" tabindex=\"-1\" class=\"stage__blocklink\">\n                    <span class=\"show-for-sr\"><strong>Was ist Biohacking? Ein \u00dcberblick und Tipps f\u00fcr die Umsetzung<\/strong><\/span>\n                <\/a>\n            <\/div><!-- .stage__header -->\n        <\/div>\n\n    <\/div>\n<\/div><!-- #post-349932 -->\n\n\n\n\n<p><\/p>\n\n\n\n<h2 class=\"wp-block-heading has-text-align-center\" id=\"h-bewusste-ernahrung-fur-einen-gesunden-korper\">Bewusste Ern\u00e4hrung f\u00fcr einen gesunden K\u00f6rper<\/h2>\n\n\n\n<p>Ein Geb\u00e4ckst\u00fcck hier, eine schnelle Bratwurst dort: H\u00e4ufig stehen einem Alltagsgewohnheiten im Weg, wenn es darum geht, sich ges\u00fcnder zu ern\u00e4hren. St\u00e4ndig neue Ern\u00e4hrungs- und Di\u00e4ttrends sorgen zudem f\u00fcr Unsicherheit. Keine Kohlenhydrate, kein Fett, kein Gluten \u2013<strong> was darf man heute eigentlich noch essen?<\/strong><\/p>\n\n\n\n<p>Fest steht, dass die Ern\u00e4hrung <strong>einen gro\u00dfen Einfluss auf das k\u00f6rperliche und seelische Wohlbefinden<\/strong> hat. Eine ungesunde Ern\u00e4hrungsweise wirkt sich nicht nur auf die Verdauung aus, sondern f\u00fchrt auf lange Sicht auch zu \u00dcbergewicht und verschiedenen Krankheitsbildern. Deshalb ist es so wichtig, sich bewusst zu ern\u00e4hren<\/p>\n\n\n\n<h2 class=\"wp-block-heading has-text-align-center\" id=\"h-weitere-beitrage\">Weitere Beitr\u00e4ge<\/h2>\n\n\n\n<p>Beitr\u00e4ge zu einer darmgesunden Ern\u00e4hrung haben viele Ansatzpunkte und behandeln verschiedene Ern\u00e4hrungsformen, wie die vegane oder vegetarische Ern\u00e4hrung, aber auch spezielle Di\u00e4ten, wie die FODMAP-Di\u00e4t. Entdecke die M\u00f6glichkeiten einer darmgesunden Ern\u00e4hrung in unseren Artikeln.<\/p>\n\n\n<div class=\"post__entries site-block site-blockspace--bottom\"><div class=\"lg-up-3 md-up-2 xs-up-1 row\"><div class=\"post__item post column\"><div class=\"post__content\"><a href=\"https:\/\/biomes.world\/de\/wissenswertes\/ernaehrung\/bewusste-ernaehrung\/warum-dein-darm-keinen-zucker-mag\/\" class=\"post__thumbnail\" tabindex=\"0\"><img loading=\"lazy\" decoding=\"async\" width=\"800\" height=\"470\" src=\"https:\/\/biomes.world\/wp-content\/uploads\/2019\/04\/Warum_dein_Koerper_kein_Zucker_Mag-800x470.jpg\" class=\"attachment-post-thumbnail size-post-thumbnail wp-post-image\" alt=\"Zucker ist dein Feind - Zucker in Sch\u00fcsseln\" srcset=\"https:\/\/biomes.world\/wp-content\/uploads\/2019\/04\/Warum_dein_Koerper_kein_Zucker_Mag-800x470.jpg 800w, https:\/\/biomes.world\/wp-content\/uploads\/2019\/04\/Warum_dein_Koerper_kein_Zucker_Mag-400x235.jpg 400w\" sizes=\"auto, (max-width: 800px) 100vw, 800px\" \/><\/a><div class=\"entry\"><div class=\"entry__meta\"><span class=\"meta__posted-on\">Ver\u00f6ffentlicht am <time class=\"meta__date meta__date--published\" datetime=\"2019-04-17T07:00:23+02:00\" itemprop=\"datePublished\">17. April 2019<\/time><time class=\"meta__date--updated\" datetime=\"2023-05-07T21:20:10+02:00\" itemprop=\"dateModified\"><\/time><\/span><\/div><div class=\"entry__header\"><div class=\"entry__title h2\"><a href=\"https:\/\/biomes.world\/de\/wissenswertes\/ernaehrung\/bewusste-ernaehrung\/warum-dein-darm-keinen-zucker-mag\/\">Zucker ist der Feind im Darm: Warum dein Darm keinen Zucker mag<\/a><\/div><\/div><div class=\"entry__excerpt\"><p>Zucker ist der neue Buhmann unter den Lebensmitteln. Was heutzutage als \u201ewei\u00dfes Gift\u201c bezeichnet wird, war im Mittelalter das \u201ewei\u00dfe [...]<\/p><\/div><\/div><\/div><\/div><\/div><div class=\"site-blockspace--both text-center row\"><div class=\"column\"><button class=\"wp-block-button__link post__loadmore\" data-limit=\"6\" data-slug=\"bewusste-ernaehrung\" data-hide-excerpt=\"0\">Mehr Artikel lesen<\/button><\/div><\/div><\/div>\n\n\n\n<p><\/p>\n\n\n\n<h2 class=\"wp-block-heading\" id=\"h-warum-ist-eine-bewusste-ernahrung-gesunder\">Warum ist eine bewusste Ern\u00e4hrung ges\u00fcnder?<\/h2>\n\n\n\n<p>Jeder K\u00f6rper ist anders: Wenn du lernst, auf die Signale deines K\u00f6rpers zu achten, findest du schneller heraus, was dir guttut und was nicht. Der <a href=\"http:\/\/biomes.world\/de\/feel-better\/intest-pro\/\">INTEST.pro von BIOMES<\/a> kann dir dabei helfen, die f\u00fcr dich optimale Ern\u00e4hrungsform zu finden und dich insgesamt bewusster zu ern\u00e4hren.<\/p>\n\n\n\n<p>Doch selbst <strong>die ges\u00fcndeste Mahlzeit kann Verdauungsbeschwerden verursachen, wenn du sie unter Stress isst.<\/strong> Nimm dir daher m\u00f6glichst Zeit zum Essen und kaue jeden Bissen gut. Essen zwischen T\u00fcr und Angel verursacht Stress \u2013 und Stress ist schlecht f\u00fcr deine Verdauung. Zu einer bewussten Ern\u00e4hrung geh\u00f6rt nicht zuletzt, sich au\u00dfer f\u00fcr den N\u00e4hrstoffgehalt von Lebensmitteln auch f\u00fcr ihre Herkunft und die Nachhaltigkeit der Produktion zu interessieren.<\/p>\n\n\n    <section class=\"cta horizontal_split\">\n        <div class=\"image_container light_purple-background\">\n            <img loading=\"lazy\" decoding=\"async\" width=\"800\" height=\"800\" src=\"https:\/\/biomes.world\/wp-content\/uploads\/2023\/06\/darmflora-test-erwachsene-800x800.webp\" class=\"product__img\" alt=\"darmflora-test-erwachsene\" srcset=\"https:\/\/biomes.world\/wp-content\/uploads\/2023\/06\/darmflora-test-erwachsene-300x300.webp 300w, https:\/\/biomes.world\/wp-content\/uploads\/2023\/06\/darmflora-test-erwachsene-1024x1024.webp 1024w, https:\/\/biomes.world\/wp-content\/uploads\/2023\/06\/darmflora-test-erwachsene-150x150.webp 150w, https:\/\/biomes.world\/wp-content\/uploads\/2023\/06\/darmflora-test-erwachsene-768x769.webp 768w, https:\/\/biomes.world\/wp-content\/uploads\/2023\/06\/darmflora-test-erwachsene-800x800.webp 800w, https:\/\/biomes.world\/wp-content\/uploads\/2023\/06\/darmflora-test-erwachsene-250x250.webp 250w, https:\/\/biomes.world\/wp-content\/uploads\/2023\/06\/darmflora-test-erwachsene-100x100.webp 100w, https:\/\/biomes.world\/wp-content\/uploads\/2023\/06\/darmflora-test-erwachsene-400x400.webp 400w, https:\/\/biomes.world\/wp-content\/uploads\/2023\/06\/darmflora-test-erwachsene.webp 1206w\" sizes=\"auto, (max-width: 30em) 100vw, (max-width: 48em) 100vw, (max-width: 62em) 1000vw, (max-width: 75em) 800px, 800px\" \/><div class=\"figure_tag\">159 EUR<\/div>        <\/div>\n        <div class=\"vertical_center_child white-background\">\n            <div>\n                <h2>Finde heraus, was deinem Darm gut tut<\/h2>                <p>Bestelle jetzt die Darmfloraanalyse <b>INTEST<\/b>.pro und starte ein gl\u00fcckliches Leben.<\/p>                <button class=\"yellow_theme--button yellow\"><a href=\"https:\/\/shop.biomes.world\/products\/intest-pro\">Jetzt bestellen<\/a><\/button>\n            <\/div>\n        <\/div>\n    <\/section>\n\n\n\n<h2 class=\"wp-block-heading\" id=\"h-kalorienbewusste-ernahrung\">Kalorienbewusste Ern\u00e4hrung<\/h2>\n\n\n\n<p>Du fragst dich, ob es einen Unterschied zwischen bewusster und kalorienbewusster Ern\u00e4hrung gibt? Den gibt es tats\u00e4chlich \u2013 allerdings mit einer gro\u00dfen Schnittmenge. W\u00e4hrend eine bewusste und gesunde Ern\u00e4hrung vor allem auf eine vielseitige Zusammenstellung der Mahlzeiten, eine ausgewogene N\u00e4hrstoffzufuhr und die Auseinandersetzung mit dem eigenen Essverhalten abzielt, <strong>geht es bei einer kalorienbewussten Ern\u00e4hrungsweise vorrangig um einen Gewichtsverlust.<\/strong><\/p>\n\n\n\n<p>Das Gute an einer bewussteren Ern\u00e4hrung ist jedoch, dass du meist automatisch ein paar Kilo verlierst. Wer h\u00e4ufiger selbst kocht, viel Gem\u00fcse und gesunde Fette isst und auf Fertigprodukte verzichtet,<strong> ern\u00e4hrt sich nicht nur ges\u00fcnder, sondern meist auch kalorien\u00e4rmer.<\/strong> Langsames und bewusstes Essen hat zus\u00e4tzlich den Vorteil, dass sich schneller ein S\u00e4ttigungsgef\u00fchl einstellt, sodass du wahrscheinlich insgesamt weniger isst. Bei uns findest du viele Tipps rund um eine gesunde und bewusste Ern\u00e4hrungsweise sowie leckere Rezeptideen<a href=\"http:\/\/biomes.world\/de\/wissenswertes\/ernaehrung\/ernaehrungsplan\/ernaehrungsumstellung\/\"> f\u00fcr einen erfolgreiche Ern\u00e4hrungsumstellung<\/a>.<\/p>\n\n\n\n<h2 class=\"wp-block-heading\" id=\"h-eine-ausgeglichene-darmflora-lindert-darmbeschwerden\">Eine ausgeglichene Darmflora lindert Darmbeschwerden<\/h2>\n\n\n\n<p>Um die Darmflora wiederherzustellen, ist eine genaue Analyse der Ursachen des Ungleichgewichts notwendig. Mit <strong>INTEST.<\/strong>pro bringt die <strong>BIOMES<\/strong> die erste vollst\u00e4ndige Darmflora-Analyse auf den Markt, die individuelle Empfehlungen zur Steigerung der Gesundheit, des Wohlbefindens und der Lebensqualit\u00e4t enth\u00e4lt.<\/p>\n\n\n\n<p><strong>INTEST.<\/strong>pro ist ein Selbsttest zur Entnahme einer Stuhlprobe in vertrauter Umgebung, der die mikrobielle Beschaffenheit, d.h. die Anzahl und Verteilung der Darmbakterien, ermittelt.<\/p>\n\n\n\n<p>Das Gleichgeweicht der Darmflora kann durch die Einnahme von Probiotika oder probiotischen Lebensmitteln unterst\u00fctzt werden. Mehr Informationen dazu findest du auf unserer Info-Seite zu <a href=\"http:\/\/biomes.world\/de\/wissenswertes\/darm\/darmgesundheit\/probiotika\/\">Probiotika<\/a>.<\/p>\n","protected":false},"excerpt":{"rendered":"<p>Zucker ist der neue Buhmann unter den Lebensmitteln. Was heutzutage als \u201ewei\u00dfes Gift\u201c bezeichnet wird, war im Mittelalter das \u201ewei\u00dfe [&#8230;]<\/p>\n","protected":false},"author":3168,"featured_media":0,"parent":340027,"menu_order":13,"comment_status":"closed","ping_status":"closed","template":"","meta":{"_acf_changed":false,"footnotes":""},"class_list":["post-340029","page","type-page","status-publish","hentry"],"acf":[],"yoast_head":"<!-- This site is optimized with the Yoast SEO Premium plugin v26.2 (Yoast SEO v27.2) - https:\/\/yoast.com\/product\/yoast-seo-premium-wordpress\/ -->\n<title>Die bewusste Ern\u00e4hrung: Eine Definition | BIOMES<\/title>\n<meta name=\"description\" content=\"Wie sieht eine bewusste Ern\u00e4hrung aus? Wie sie definiert, wie es funktioniert und worauf du achten solltest erkl\u00e4rt dir BIOMES hier!\" \/>\n<meta name=\"robots\" content=\"index, follow, max-snippet:-1, max-image-preview:large, max-video-preview:-1\" \/>\n<link rel=\"canonical\" href=\"https:\/\/biomes.world\/de\/wissenswertes\/ernaehrung\/bewusste-ernaehrung\/\" \/>\n<meta property=\"og:locale\" content=\"de_DE\" \/>\n<meta property=\"og:type\" content=\"article\" \/>\n<meta property=\"og:title\" content=\"Kategorie: bewusste Ern\u00e4hrung\" \/>\n<meta property=\"og:description\" content=\"Wie sieht eine bewusste Ern\u00e4hrung aus? Wie sie definiert, wie es funktioniert und worauf du achten solltest erkl\u00e4rt dir BIOMES hier!\" \/>\n<meta property=\"og:url\" content=\"https:\/\/biomes.world\/de\/wissenswertes\/ernaehrung\/bewusste-ernaehrung\/\" \/>\n<meta property=\"og:site_name\" content=\"BIOMES - Feel better\" \/>\n<meta property=\"article:publisher\" content=\"https:\/\/de-de.facebook.com\/BIOMES.world\/\" \/>\n<meta property=\"article:modified_time\" content=\"2023-08-25T07:15:04+00:00\" \/>\n<meta name=\"twitter:card\" content=\"summary_large_image\" \/>\n<meta name=\"twitter:label1\" content=\"Gesch\u00e4tzte Lesezeit\" \/>\n\t<meta name=\"twitter:data1\" content=\"4\u00a0Minuten\" \/>\n<script type=\"application\/ld+json\" class=\"yoast-schema-graph\">{\"@context\":\"https:\/\/schema.org\",\"@graph\":[{\"@type\":\"WebPage\",\"@id\":\"https:\/\/biomes.world\/de\/wissenswertes\/ernaehrung\/bewusste-ernaehrung\/\",\"url\":\"https:\/\/biomes.world\/de\/wissenswertes\/ernaehrung\/bewusste-ernaehrung\/\",\"name\":\"Die bewusste Ern\u00e4hrung: Eine Definition | BIOMES\",\"isPartOf\":{\"@id\":\"https:\/\/biomes.world\/de\/#website\"},\"datePublished\":\"2020-12-14T11:42:51+00:00\",\"dateModified\":\"2023-08-25T07:15:04+00:00\",\"description\":\"Wie sieht eine bewusste Ern\u00e4hrung aus? Wie sie definiert, wie es funktioniert und worauf du achten solltest erkl\u00e4rt dir BIOMES hier!\",\"breadcrumb\":{\"@id\":\"https:\/\/biomes.world\/de\/wissenswertes\/ernaehrung\/bewusste-ernaehrung\/#breadcrumb\"},\"inLanguage\":\"de\",\"potentialAction\":[{\"@type\":\"ReadAction\",\"target\":[\"https:\/\/biomes.world\/de\/wissenswertes\/ernaehrung\/bewusste-ernaehrung\/\"]}]},{\"@type\":\"BreadcrumbList\",\"@id\":\"https:\/\/biomes.world\/de\/wissenswertes\/ernaehrung\/bewusste-ernaehrung\/#breadcrumb\",\"itemListElement\":[{\"@type\":\"ListItem\",\"position\":1,\"name\":\"Home\",\"item\":\"https:\/\/biomes.world\/de\/\"},{\"@type\":\"ListItem\",\"position\":2,\"name\":\"My Health, My Life\",\"item\":\"https:\/\/biomes.world\/de\/wissenswertes\/\"},{\"@type\":\"ListItem\",\"position\":3,\"name\":\"Kategorie: Ern\u00e4hrung\",\"item\":\"https:\/\/biomes.world\/de\/wissenswertes\/ernaehrung\/\"},{\"@type\":\"ListItem\",\"position\":4,\"name\":\"Kategorie: bewusste Ern\u00e4hrung\"}]},{\"@type\":\"WebSite\",\"@id\":\"https:\/\/biomes.world\/de\/#website\",\"url\":\"https:\/\/biomes.world\/de\/\",\"name\":\"BIOMES - Feel better\",\"description\":\"Cutting-edge biotechnology used to help people\",\"publisher\":{\"@id\":\"https:\/\/biomes.world\/de\/#organization\"},\"potentialAction\":[{\"@type\":\"SearchAction\",\"target\":{\"@type\":\"EntryPoint\",\"urlTemplate\":\"https:\/\/biomes.world\/de\/?s={search_term_string}\"},\"query-input\":{\"@type\":\"PropertyValueSpecification\",\"valueRequired\":true,\"valueName\":\"search_term_string\"}}],\"inLanguage\":\"de\"},{\"@type\":\"Organization\",\"@id\":\"https:\/\/biomes.world\/de\/#organization\",\"name\":\"BIOMES 4.0 GmbH\",\"url\":\"https:\/\/biomes.world\/de\/\",\"logo\":{\"@type\":\"ImageObject\",\"inLanguage\":\"de\",\"@id\":\"https:\/\/biomes.world\/de\/#\/schema\/logo\/image\/\",\"url\":\"http:\/\/biomes.world\/wp-content\/uploads\/2024\/04\/biomes_logo_2021_RGB.png\",\"contentUrl\":\"http:\/\/biomes.world\/wp-content\/uploads\/2024\/04\/biomes_logo_2021_RGB.png\",\"width\":10040,\"height\":2599,\"caption\":\"BIOMES 4.0 GmbH\"},\"image\":{\"@id\":\"https:\/\/biomes.world\/de\/#\/schema\/logo\/image\/\"},\"sameAs\":[\"https:\/\/de-de.facebook.com\/BIOMES.world\/\",\"https:\/\/www.youtube.com\/@BIOMESworld\",\"https:\/\/www.instagram.com\/biomes_official\/\"],\"legalName\":\"BIOMES 4.0 GmbH\",\"duns\":\"314778637\"}]}<\/script>\n<!-- \/ Yoast SEO Premium plugin. -->","yoast_head_json":{"title":"Die bewusste Ern\u00e4hrung: Eine Definition | BIOMES","description":"Wie sieht eine bewusste Ern\u00e4hrung aus? Wie sie definiert, wie es funktioniert und worauf du achten solltest erkl\u00e4rt dir BIOMES hier!","robots":{"index":"index","follow":"follow","max-snippet":"max-snippet:-1","max-image-preview":"max-image-preview:large","max-video-preview":"max-video-preview:-1"},"canonical":"https:\/\/biomes.world\/de\/wissenswertes\/ernaehrung\/bewusste-ernaehrung\/","og_locale":"de_DE","og_type":"article","og_title":"Kategorie: bewusste Ern\u00e4hrung","og_description":"Wie sieht eine bewusste Ern\u00e4hrung aus? Wie sie definiert, wie es funktioniert und worauf du achten solltest erkl\u00e4rt dir BIOMES hier!","og_url":"https:\/\/biomes.world\/de\/wissenswertes\/ernaehrung\/bewusste-ernaehrung\/","og_site_name":"BIOMES - Feel better","article_publisher":"https:\/\/de-de.facebook.com\/BIOMES.world\/","article_modified_time":"2023-08-25T07:15:04+00:00","twitter_card":"summary_large_image","twitter_misc":{"Gesch\u00e4tzte Lesezeit":"4\u00a0Minuten"},"schema":{"@context":"https:\/\/schema.org","@graph":[{"@type":"WebPage","@id":"https:\/\/biomes.world\/de\/wissenswertes\/ernaehrung\/bewusste-ernaehrung\/","url":"https:\/\/biomes.world\/de\/wissenswertes\/ernaehrung\/bewusste-ernaehrung\/","name":"Die bewusste Ern\u00e4hrung: Eine Definition | BIOMES","isPartOf":{"@id":"https:\/\/biomes.world\/de\/#website"},"datePublished":"2020-12-14T11:42:51+00:00","dateModified":"2023-08-25T07:15:04+00:00","description":"Wie sieht eine bewusste Ern\u00e4hrung aus? Wie sie definiert, wie es funktioniert und worauf du achten solltest erkl\u00e4rt dir BIOMES hier!","breadcrumb":{"@id":"https:\/\/biomes.world\/de\/wissenswertes\/ernaehrung\/bewusste-ernaehrung\/#breadcrumb"},"inLanguage":"de","potentialAction":[{"@type":"ReadAction","target":["https:\/\/biomes.world\/de\/wissenswertes\/ernaehrung\/bewusste-ernaehrung\/"]}]},{"@type":"BreadcrumbList","@id":"https:\/\/biomes.world\/de\/wissenswertes\/ernaehrung\/bewusste-ernaehrung\/#breadcrumb","itemListElement":[{"@type":"ListItem","position":1,"name":"Home","item":"https:\/\/biomes.world\/de\/"},{"@type":"ListItem","position":2,"name":"My Health, My Life","item":"https:\/\/biomes.world\/de\/wissenswertes\/"},{"@type":"ListItem","position":3,"name":"Kategorie: Ern\u00e4hrung","item":"https:\/\/biomes.world\/de\/wissenswertes\/ernaehrung\/"},{"@type":"ListItem","position":4,"name":"Kategorie: bewusste Ern\u00e4hrung"}]},{"@type":"WebSite","@id":"https:\/\/biomes.world\/de\/#website","url":"https:\/\/biomes.world\/de\/","name":"BIOMES - Feel better","description":"Cutting-edge biotechnology used to help people","publisher":{"@id":"https:\/\/biomes.world\/de\/#organization"},"potentialAction":[{"@type":"SearchAction","target":{"@type":"EntryPoint","urlTemplate":"https:\/\/biomes.world\/de\/?s={search_term_string}"},"query-input":{"@type":"PropertyValueSpecification","valueRequired":true,"valueName":"search_term_string"}}],"inLanguage":"de"},{"@type":"Organization","@id":"https:\/\/biomes.world\/de\/#organization","name":"BIOMES 4.0 GmbH","url":"https:\/\/biomes.world\/de\/","logo":{"@type":"ImageObject","inLanguage":"de","@id":"https:\/\/biomes.world\/de\/#\/schema\/logo\/image\/","url":"http:\/\/biomes.world\/wp-content\/uploads\/2024\/04\/biomes_logo_2021_RGB.png","contentUrl":"http:\/\/biomes.world\/wp-content\/uploads\/2024\/04\/biomes_logo_2021_RGB.png","width":10040,"height":2599,"caption":"BIOMES 4.0 GmbH"},"image":{"@id":"https:\/\/biomes.world\/de\/#\/schema\/logo\/image\/"},"sameAs":["https:\/\/de-de.facebook.com\/BIOMES.world\/","https:\/\/www.youtube.com\/@BIOMESworld","https:\/\/www.instagram.com\/biomes_official\/"],"legalName":"BIOMES 4.0 GmbH","duns":"314778637"}]}},"_links":{"self":[{"href":"https:\/\/biomes.world\/de\/wp-json\/wp\/v2\/pages\/340029","targetHints":{"allow":["GET"]}}],"collection":[{"href":"https:\/\/biomes.world\/de\/wp-json\/wp\/v2\/pages"}],"about":[{"href":"https:\/\/biomes.world\/de\/wp-json\/wp\/v2\/types\/page"}],"author":[{"embeddable":true,"href":"https:\/\/biomes.world\/de\/wp-json\/wp\/v2\/users\/3168"}],"replies":[{"embeddable":true,"href":"https:\/\/biomes.world\/de\/wp-json\/wp\/v2\/comments?post=340029"}],"version-history":[{"count":1,"href":"https:\/\/biomes.world\/de\/wp-json\/wp\/v2\/pages\/340029\/revisions"}],"predecessor-version":[{"id":616296,"href":"https:\/\/biomes.world\/de\/wp-json\/wp\/v2\/pages\/340029\/revisions\/616296"}],"up":[{"embeddable":true,"href":"https:\/\/biomes.world\/de\/wp-json\/wp\/v2\/pages\/340027"}],"wp:attachment":[{"href":"https:\/\/biomes.world\/de\/wp-json\/wp\/v2\/media?parent=340029"}],"curies":[{"name":"wp","href":"https:\/\/api.w.org\/{rel}","templated":true}]}}