{"id":324330,"date":"2020-05-26T09:34:50","date_gmt":"2020-05-26T07:34:50","guid":{"rendered":"http:\/\/biomes.world\/?page_id=324330"},"modified":"2024-02-28T18:18:30","modified_gmt":"2024-02-28T17:18:30","slug":"lp-ebook-draft-1","status":"publish","type":"page","link":"https:\/\/biomes.world\/de\/service\/biomes-ebooks\/darmgesunde-ernaehrung\/","title":{"rendered":"BIOMES eBook &#8211; Darmgesunde Ern\u00e4hrung"},"content":{"rendered":"\n<h2 class=\"wp-block-heading\" id=\"h-unser-kostenloses-ebook-darmgesunde-ernahrung\">Unser kostenloses eBook: Darmgesunde Ern\u00e4hrung<\/h2>\n\n\n\n<p>Trage dich hier in unseren Newsletter ein und erhalte unser kostenloses eBook mit vielen Informationen \u00fcber eine darmgesunde Ern\u00e4hrung und wie du sie in deinen Alltag integrieren kannst.&nbsp;<\/p>\n\n\n\n<p>Einfach mit deiner E-Mail registrieren und <strong>kostenlos herunterladen!<\/strong><\/p>\n\n\n<div class=\"site-blockspace--both zohoform\"><!--Zoho Marketing Automation Web-Optin Form Starts Here--><div id=\"sf3ze69f27166caef44cd01374bbb2fd15493c8d6c0565d7b2ac4960d0b817a2f2d4\" data-type=\"signupform\"><div id=\"customForm\"><input type=\"hidden\" id=\"recapTheme\" value=\"2\"><input type=\"hidden\" id=\"recapMode\" value=\"70822000000649202\"><input type=\"hidden\" id=\"signupFormType\" value=\"LargeForm_Vertical\"><div name=\"SIGNUP_PAGE\" id=\"SIGNUP_PAGE\" class=\"SIGNUP_PAGE large_form_2_css\"><div><div id=\"signupMainDiv\" name=\"SIGNUPFORM\" changeid=\"SIGNUPFORM\" changename=\"SIGNUPFORM\"><div><div style=\"position:relative;\"><div id=\"Zc_SignupSuccess\" style=\"display:none;position:absolute;margin-left:4%;width:90%;background-color: white; padding: 3px; border: 3px solid rgb(194, 225, 154); margin-top: 10px;margin-bottom:10px;word-break:break-all \"><table width=\"100%\" cellpadding=\"0\" cellspacing=\"0\" border=\"0\"><tbody><tr><td width=\"10%\"><img decoding=\"async\" loading=lazy class=\"successicon\" src=\"https:\/\/sngh.maillist-manage.eu\/images\/challangeiconenable.jpg\" align=\"absmiddle\"><\/td><td><span id=\"signupSuccessMsg\" style=\"color: rgb(73, 140, 132); font-family: sans-serif; font-size: 14px;word-break:break-word\">&nbsp;&nbsp;Thank you for Signing Up<\/span><\/td><\/tr><\/tbody><\/table><\/div><\/div><form method=\"POST\" id=\"zcampaignOptinForm\" action=\"https:\/\/sngh.maillist-manage.eu\/weboptin.zc\" target=\"_blank\"><div id=\"SIGNUP_BODY_ALL\" name=\"SIGNUP_BODY_ALL\"><h2 id=\"SIGNUP_HEADING\" name=\"SIGNUP_HEADING\" changeid=\"SIGNUP_MSG\" changetype=\"SIGNUP_HEADER\">Du interessierst dich f\u00fcr das eBook \"Darmgesunde Ern\u00e4hrung\"?<\/h2><div id=\"SIGNUP_BODY\" name=\"SIGNUP_BODY\"><div><div class=\"\" changeid=\"SIGNUP_MSG\" id=\"SIGNUP_DESCRIPTION\" changetype=\"SIGNUP_DESCRIPTION\"><\/div><div id=\"errorMsgDiv\">&nbsp;&nbsp;Bitte korrigieren Sie die nachstehenden markierten Felder.<\/div><div><div name=\"fieldsdivSf\" class=\"zcsffieldsdiv\"><div class=\"zcsffield \" fieldid=\"70822000000000015\"><div><div name=\"SIGNUP_FORM_LABEL\">E-Mail-Adresse&nbsp; <span name=\"SIGNUP_REQUIRED\">*<\/span><\/div><div><!-- check to mark emailid field as type email, and other mandatory fields as type required --><input name=\"CONTACT_EMAIL\" changeitem=\"SIGNUP_FORM_FIELD\" maxlength=\"100\" type=\"email\" required=\"true\" value=\"\"><\/div><\/div><div><\/div><\/div><div class=\"zcsffield \" fieldid=\"70822000000000019\"><div><div name=\"SIGNUP_FORM_LABEL\">Vorname&nbsp;<span name=\"SIGNUP_REQUIRED\">*<\/span><\/div><div><!-- check to mark emailid field as type email, and other mandatory fields as type required --><input name=\"FIRSTNAME\" changeitem=\"SIGNUP_FORM_FIELD\" maxlength=\"100\" type=\"text\" required=\"true\" value=\"\"><\/div><\/div><div><\/div><\/div><div class=\"zcsffield \" fieldid=\"70822000000000021\"><div><div name=\"SIGNUP_FORM_LABEL\">Nachname&nbsp;<span name=\"SIGNUP_REQUIRED\">*<\/span><\/div><div><!-- check to mark emailid field as type email, and other mandatory fields as type required --><input name=\"LASTNAME\" changeitem=\"SIGNUP_FORM_FIELD\" maxlength=\"100\" type=\"text\" required=\"true\" value=\"\"><\/div><\/div><div><\/div><\/div><\/div><!-- Captcha for Signup --><div class=\"recapDivlight recaptcha\" id=\"recapDiv\"><\/div><input type=\"hidden\" id=\"secretid\" value=\"6LdNeDUUAAAAAG5l7cJfv1AA5OKLslkrOa_xXxLs\"><!-- Captcha for Signup End--><!-- Other Lists Subscription Start--><!-- Other Lists Subscription End--><div><\/div><div id=\" REQUIRED_FIELD_TEXT\" changetype=\"REQUIRED_FIELD_TEXT\" name=\"SIGNUP_REQUIRED\">*Pflichtfeld<\/div><div name=\"privacyPolicy\"><input type=\"checkbox\" name=\"PRIVACY_POLICY\" value=\"PRIVACY_AGREED\"><span style=\"vertical-align:middle;margin-left:5px\">Hiermit willige ich in die Verarbeitung meiner E-Mail-Adresse und meines Vor- und Nachnamens zum Zwecke der Zusendung des BIOMES Newsletters ein. Die Einwilligung kann jederzeit ohne Angaben von Gr\u00fcnden widerrufen werden. Weitere Informationen finden Sie in unseren&nbsp; <a href=\"http:\/\/biomes.world\/de\/rechtliches\/datenschutz\/\" target=\"_blank\" rel=\"noopener\">Datenschutzbestimmungen<\/a>&nbsp;und&nbsp; <a href=\"http:\/\/biomes.world\/de\/rechtliches\/agb\/\" target=\"_blank\" rel=\"noopener\">Nutzungsbedingungen.<\/a>&nbsp;<\/span><\/div><div><input type=\"submit\" class=\"wp-block-button__link\" action=\"Save\" id=\"zcWebOptin\" name=\"SIGNUP_SUBMIT_BUTTON\" changetype=\"SIGNUP_SUBMIT_BUTTON_TEXT\" value=\"Newsletter abonnieren &amp; eBook erhalten\"><\/div><!-- Do not edit the below Zoho Campaigns hidden tags --><input type=\"hidden\" id=\"fieldBorder\" value=\"rgb(222, 222, 222)\"><input type=\"hidden\" name=\"zc_trackCode\" id=\"zc_trackCode\" value=\"ZCFORMVIEW\" onload=\"\"><input type=\"hidden\" id=\"submitType\" name=\"submitType\" value=\"optinCustomView\"><input type=\"hidden\" id=\"lD\" name=\"lD\" value=\"1fb9c3bd848faa1\"><input type=\"hidden\" name=\"emailReportId\" id=\"emailReportId\" value=\"\"><input type=\"hidden\" name=\"zx\" id=\"cmpZuid\" value=\"14acb55815\"><input type=\"hidden\" name=\"zcvers\" value=\"2.0\"><input type=\"hidden\" name=\"oldListIds\" id=\"allCheckedListIds\" value=\"\"><input type=\"hidden\" id=\"mode\" name=\"mode\" value=\"OptinCreateView\"><input type=\"hidden\" id=\"zcld\" name=\"zcld\" value=\"1fb9c3bd848faa1\"><input type=\"hidden\" id=\"zctd\" name=\"zctd\" value=\"\"><input type=\"hidden\" id=\"document_domain\" value=\"zoho.eu\"><input type=\"hidden\" id=\"zc_Url\" value=\"sngh.maillist-manage.eu\"><input type=\"hidden\" id=\"new_optin_response_in\" value=\"0\"><input type=\"hidden\" id=\"duplicate_optin_response_in\" value=\"0\"><input type=\"hidden\" id=\"zc_formIx\" name=\"zc_formIx\" value=\"3ze69f27166caef44cd01374bbb2fd15493c8d6c0565d7b2ac4960d0b817a2f2d4\"><!-- End of the campaigns hidden tags --><\/div><\/div><input type=\"hidden\" id=\"isCaptchaNeeded\" value=\"false\"><\/div><\/div><input type=\"hidden\" id=\"scriptless\" name=\"scriptless\" value=\"yes\"><\/form><\/div><\/div><\/div><\/div><\/div><\/div><div id=\"zcOptinOverLay\" oncontextmenu=\"return false\" style=\"display:none;text-align: center; background-color: rgb(0, 0, 0); opacity: 0.5; z-index: 100; position: fixed; width: 100%; top: 0px; left: 0px; height: 988px;\"><\/div><div id=\"zcOptinSuccessPopup\" style=\"display:none;z-index: 9999;width: 800px; height: 40%;top: 84px;position: fixed; left: 26%;background-color: #FFFFFF;border-color: #E6E6E6; border-style: solid; border-width: 1px; box-shadow: 0 1px 10px #424242;padding: 35px;\"><span style=\"position: absolute;top: -16px;right:-14px;z-index:99999;cursor: pointer;\" id=\"closeSuccess\"><img decoding=\"async\" src=\"https:\/\/sngh.maillist-manage.eu\/images\/videoclose.png\"><\/span><div id=\"zcOptinSuccessPanel\"><\/div><\/div><!--Zoho Marketing Automation Web-Optin Form Ends Here--><\/div>\n\n\n<div id=\"benefits-block_83c52a66916a73d77dcd4776f5afe543\" class=\"benefits site-block\">\n    <div class=\"benefits__row row xs-up-1 md-up-2 lg-up-3\">\n        <div class=\"benefits__item column\"><div class=\"benefits__content\"><div class=\"benefits__media--icon benefits__media\"><svg xmlns=\"http:\/\/www.w3.org\/2000\/svg\" viewBox=\"0 0 12 12\"><use xlink:href=\"https:\/\/biomes.world\/wp-content\/themes\/biomesworld\/resources\/public\/svg\/icons.svg?1.62#digestion\"><\/use><\/svg><\/div><div class=\"benefits__text\"><div class=\"benefits__header\">Tipps f\u00fcr eine gesunde Ern\u00e4hrung <\/div><p>In unserem eBook erf\u00e4hrst du, welche Lebensmittel deiner Darmflora gut tun und welche du lieber meiden solltest. Au\u00dferdem bekommst du Tipps, wie du unsere Empfehlungen in deinen Alltag integrieren kannst. <\/p>\n<\/div><\/div><\/div><div class=\"benefits__item column\"><div class=\"benefits__content\"><div class=\"benefits__media--icon benefits__media\"><svg xmlns=\"http:\/\/www.w3.org\/2000\/svg\" viewBox=\"0 0 12 12\"><use xlink:href=\"https:\/\/biomes.world\/wp-content\/themes\/biomesworld\/resources\/public\/svg\/icons.svg?1.62#vitamins\"><\/use><\/svg><\/div><div class=\"benefits__text\"><div class=\"benefits__header\">Pflanzliche Ern\u00e4hrungsformen<\/div><p>Au\u00dferdem informieren wir dich dar\u00fcber, wie sich eine vegetarische oder vegane Ern\u00e4hrung auf deine Gesundheit auswirken kann und wie du einen Versuch starten kannst, diese Ern\u00e4hrungsformen auszuprobieren. <\/p>\n<\/div><\/div><\/div><div class=\"benefits__item column\"><div class=\"benefits__content\"><div class=\"benefits__media--icon benefits__media\"><svg xmlns=\"http:\/\/www.w3.org\/2000\/svg\" viewBox=\"0 0 12 12\"><use xlink:href=\"https:\/\/biomes.world\/wp-content\/themes\/biomesworld\/resources\/public\/svg\/icons.svg?1.62#influence\"><\/use><\/svg><\/div><div class=\"benefits__text\"><div class=\"benefits__header\">Lebensmittel und das Mikrobiom <\/div><p>Freue dich auf spannende Informationen \u00fcber die Auswirkungen bestimmter Lebensmittel auf dein Mikrobiom und Tipps, wie du deine Ern\u00e4hrung nutzen kannst, um deine Darmflora aufzubauen. <\/p>\n<\/div><\/div><\/div>    <\/div>\n<\/div>\n\n\n\n<h2 class=\"wp-block-heading\" id=\"h-sub-feel-better-sub-wirf-einen-blick-auf-die-inhalte\"><span class=\"subheader\">Feel better<\/span> Wirf einen Blick auf die Inhalte<\/h2>\n\n\n\n<p>Hier kannst du einen ersten Blick auf auf die Inhalte deines neuen eBooks werfen!<\/p>\n\n\n\n<figure class=\"wp-block-gallery has-nested-images columns-default is-cropped wp-block-gallery-1 is-layout-flex wp-block-gallery-is-layout-flex\"><\/figure>\n\n\n\n<figure class=\"wp-block-gallery aligncenter has-nested-images columns-4 wp-block-gallery-2 is-layout-flex wp-block-gallery-is-layout-flex\">\n<figure class=\"wp-block-image size-thumbnail\"><a href=\"http:\/\/biomes.world\/wp-content\/uploads\/2021\/05\/eBook_Darmgesunde-Ernaehrung_200506_Seite_03.png\"><img loading=\"lazy\" decoding=\"async\" width=\"150\" height=\"150\" data-id=\"506226\" src=\"http:\/\/biomes.world\/wp-content\/uploads\/2021\/05\/eBook_Darmgesunde-Ernaehrung_200506_Seite_03-150x150.png\" alt=\"eBook Darmgesunde Ern\u00e4hrung Seite 4\" class=\"wp-image-506226\" srcset=\"https:\/\/biomes.world\/wp-content\/uploads\/2021\/05\/eBook_Darmgesunde-Ernaehrung_200506_Seite_03-150x150.png 150w, https:\/\/biomes.world\/wp-content\/uploads\/2021\/05\/eBook_Darmgesunde-Ernaehrung_200506_Seite_03-800x800.png 800w, https:\/\/biomes.world\/wp-content\/uploads\/2021\/05\/eBook_Darmgesunde-Ernaehrung_200506_Seite_03-100x100.png 100w, https:\/\/biomes.world\/wp-content\/uploads\/2021\/05\/eBook_Darmgesunde-Ernaehrung_200506_Seite_03-400x400.png 400w\" sizes=\"auto, (max-width: 150px) 100vw, 150px\" \/><\/a><\/figure>\n\n\n\n<figure class=\"wp-block-image size-thumbnail\"><a href=\"http:\/\/biomes.world\/wp-content\/uploads\/2021\/05\/eBook_Darmgesunde-Ernaehrung_200506_Seite_08-1.png\"><img loading=\"lazy\" decoding=\"async\" width=\"150\" height=\"150\" data-id=\"506236\" src=\"http:\/\/biomes.world\/wp-content\/uploads\/2021\/05\/eBook_Darmgesunde-Ernaehrung_200506_Seite_08-1-150x150.png\" alt=\"eBook Darmgesunde Ern\u00e4hrung Seite 2\" class=\"wp-image-506236\" srcset=\"https:\/\/biomes.world\/wp-content\/uploads\/2021\/05\/eBook_Darmgesunde-Ernaehrung_200506_Seite_08-1-150x150.png 150w, https:\/\/biomes.world\/wp-content\/uploads\/2021\/05\/eBook_Darmgesunde-Ernaehrung_200506_Seite_08-1-800x800.png 800w, https:\/\/biomes.world\/wp-content\/uploads\/2021\/05\/eBook_Darmgesunde-Ernaehrung_200506_Seite_08-1-100x100.png 100w, https:\/\/biomes.world\/wp-content\/uploads\/2021\/05\/eBook_Darmgesunde-Ernaehrung_200506_Seite_08-1-400x400.png 400w\" sizes=\"auto, (max-width: 150px) 100vw, 150px\" \/><\/a><\/figure>\n\n\n\n<figure class=\"wp-block-image size-thumbnail\"><a href=\"http:\/\/biomes.world\/wp-content\/uploads\/2021\/05\/eBook_Darmgesunde-Ernaehrung_200506_Seite_21-1.png\"><img loading=\"lazy\" decoding=\"async\" width=\"150\" height=\"150\" data-id=\"506241\" src=\"http:\/\/biomes.world\/wp-content\/uploads\/2021\/05\/eBook_Darmgesunde-Ernaehrung_200506_Seite_21-1-150x150.png\" alt=\"eBook Darmgesunde Ern\u00e4hrung Seite 1\" class=\"wp-image-506241\" srcset=\"https:\/\/biomes.world\/wp-content\/uploads\/2021\/05\/eBook_Darmgesunde-Ernaehrung_200506_Seite_21-1-150x150.png 150w, https:\/\/biomes.world\/wp-content\/uploads\/2021\/05\/eBook_Darmgesunde-Ernaehrung_200506_Seite_21-1-800x800.png 800w, https:\/\/biomes.world\/wp-content\/uploads\/2021\/05\/eBook_Darmgesunde-Ernaehrung_200506_Seite_21-1-100x100.png 100w, https:\/\/biomes.world\/wp-content\/uploads\/2021\/05\/eBook_Darmgesunde-Ernaehrung_200506_Seite_21-1-400x400.png 400w\" sizes=\"auto, (max-width: 150px) 100vw, 150px\" \/><\/a><\/figure>\n\n\n\n<figure class=\"wp-block-image size-thumbnail\"><a href=\"http:\/\/biomes.world\/wp-content\/uploads\/2021\/05\/eBook_Darmgesunde-Ernaehrung_200506_Seite_14.jpg\"><img loading=\"lazy\" decoding=\"async\" width=\"150\" height=\"150\" data-id=\"506231\" src=\"http:\/\/biomes.world\/wp-content\/uploads\/2021\/05\/eBook_Darmgesunde-Ernaehrung_200506_Seite_14-150x150.jpg\" alt=\"eBook Darmgesunde Ern\u00e4hrung Seite 3\" class=\"wp-image-506231\" srcset=\"https:\/\/biomes.world\/wp-content\/uploads\/2021\/05\/eBook_Darmgesunde-Ernaehrung_200506_Seite_14-150x150.jpg 150w, https:\/\/biomes.world\/wp-content\/uploads\/2021\/05\/eBook_Darmgesunde-Ernaehrung_200506_Seite_14-800x800.jpg 800w, https:\/\/biomes.world\/wp-content\/uploads\/2021\/05\/eBook_Darmgesunde-Ernaehrung_200506_Seite_14-100x100.jpg 100w, https:\/\/biomes.world\/wp-content\/uploads\/2021\/05\/eBook_Darmgesunde-Ernaehrung_200506_Seite_14-400x400.jpg 400w\" sizes=\"auto, (max-width: 150px) 100vw, 150px\" \/><\/a><\/figure>\n<\/figure>\n","protected":false},"excerpt":{"rendered":"<p>&nbsp;&nbsp;Thank you for Signing Up Du interessierst dich f\u00fcr das eBook &#8222;Darmgesunde Ern\u00e4hrung&#8220;? &nbsp;&nbsp;Bitte korrigieren Sie die nachstehenden markierten Felder. E-Mail-Adresse&nbsp; * Vorname&nbsp;* Nachname&nbsp;* *Pflichtfeld Hiermit willige ich in die Verarbeitung meiner E-Mail-Adresse und meines Vor- und Nachnamens zum Zwecke der Zusendung des BIOMES Newsletters ein. Die Einwilligung kann jederzeit ohne Angaben von Gr\u00fcnden widerrufen [&#8230;]<\/p>\n","protected":false},"author":3168,"featured_media":0,"parent":506367,"menu_order":0,"comment_status":"closed","ping_status":"closed","template":"","meta":{"_acf_changed":false,"footnotes":""},"class_list":["post-324330","page","type-page","status-publish","hentry"],"acf":[],"yoast_head":"<!-- This site is optimized with the Yoast SEO plugin v27.4 - https:\/\/yoast.com\/product\/yoast-seo-wordpress\/ -->\n<title>Biomes - eBook darmgesunde Ern\u00e4hrung | BIOMES<\/title>\n<meta name=\"description\" content=\"M\u00f6chtest du deine Darmgesundheit verbessern? Entdecke das eBook zu einer darmgesunden Ern\u00e4hrung und erhalte wertvolle Tipps!\" \/>\n<meta name=\"robots\" content=\"index, follow, max-snippet:-1, max-image-preview:large, max-video-preview:-1\" \/>\n<link rel=\"canonical\" href=\"https:\/\/biomes.world\/de\/service\/biomes-ebooks\/darmgesunde-ernaehrung\/\" \/>\n<meta property=\"og:locale\" content=\"de_DE\" \/>\n<meta property=\"og:type\" content=\"article\" \/>\n<meta property=\"og:title\" content=\"Biomes - eBook darmgesunde Ern\u00e4hrung | BIOMES\" \/>\n<meta property=\"og:description\" content=\"M\u00f6chtest du deine Darmgesundheit verbessern? Entdecke das eBook zu einer darmgesunden Ern\u00e4hrung und erhalte wertvolle Tipps!\" \/>\n<meta property=\"og:url\" content=\"https:\/\/biomes.world\/de\/service\/biomes-ebooks\/darmgesunde-ernaehrung\/\" \/>\n<meta property=\"og:site_name\" content=\"BIOMES - Feel better\" \/>\n<meta property=\"article:publisher\" content=\"https:\/\/de-de.facebook.com\/BIOMES.world\/\" \/>\n<meta property=\"article:modified_time\" content=\"2024-02-28T17:18:30+00:00\" \/>\n<meta property=\"og:image\" content=\"http:\/\/biomes.world\/wp-content\/uploads\/2021\/05\/eBook_Darmgesunde-Ernaehrung_200506_Seite_03-150x150.png\" \/>\n<meta name=\"twitter:card\" content=\"summary_large_image\" \/>\n<meta name=\"twitter:label1\" content=\"Gesch\u00e4tzte Lesezeit\" \/>\n\t<meta name=\"twitter:data1\" content=\"2\u00a0Minuten\" \/>\n<script type=\"application\/ld+json\" class=\"yoast-schema-graph\">{\"@context\":\"https:\\\/\\\/schema.org\",\"@graph\":[{\"@type\":\"WebPage\",\"@id\":\"https:\\\/\\\/biomes.world\\\/de\\\/service\\\/biomes-ebooks\\\/darmgesunde-ernaehrung\\\/\",\"url\":\"https:\\\/\\\/biomes.world\\\/de\\\/service\\\/biomes-ebooks\\\/darmgesunde-ernaehrung\\\/\",\"name\":\"Biomes - eBook darmgesunde Ern\u00e4hrung | BIOMES\",\"isPartOf\":{\"@id\":\"https:\\\/\\\/biomes.world\\\/de\\\/#website\"},\"primaryImageOfPage\":{\"@id\":\"https:\\\/\\\/biomes.world\\\/de\\\/service\\\/biomes-ebooks\\\/darmgesunde-ernaehrung\\\/#primaryimage\"},\"image\":{\"@id\":\"https:\\\/\\\/biomes.world\\\/de\\\/service\\\/biomes-ebooks\\\/darmgesunde-ernaehrung\\\/#primaryimage\"},\"thumbnailUrl\":\"http:\\\/\\\/biomes.world\\\/wp-content\\\/uploads\\\/2021\\\/05\\\/eBook_Darmgesunde-Ernaehrung_200506_Seite_03-150x150.png\",\"datePublished\":\"2020-05-26T07:34:50+00:00\",\"dateModified\":\"2024-02-28T17:18:30+00:00\",\"description\":\"M\u00f6chtest du deine Darmgesundheit verbessern? Entdecke das eBook zu einer darmgesunden Ern\u00e4hrung und erhalte wertvolle Tipps!\",\"breadcrumb\":{\"@id\":\"https:\\\/\\\/biomes.world\\\/de\\\/service\\\/biomes-ebooks\\\/darmgesunde-ernaehrung\\\/#breadcrumb\"},\"inLanguage\":\"de\",\"potentialAction\":[{\"@type\":\"ReadAction\",\"target\":[\"https:\\\/\\\/biomes.world\\\/de\\\/service\\\/biomes-ebooks\\\/darmgesunde-ernaehrung\\\/\"]}]},{\"@type\":\"ImageObject\",\"inLanguage\":\"de\",\"@id\":\"https:\\\/\\\/biomes.world\\\/de\\\/service\\\/biomes-ebooks\\\/darmgesunde-ernaehrung\\\/#primaryimage\",\"url\":\"http:\\\/\\\/biomes.world\\\/wp-content\\\/uploads\\\/2021\\\/05\\\/eBook_Darmgesunde-Ernaehrung_200506_Seite_03-150x150.png\",\"contentUrl\":\"http:\\\/\\\/biomes.world\\\/wp-content\\\/uploads\\\/2021\\\/05\\\/eBook_Darmgesunde-Ernaehrung_200506_Seite_03-150x150.png\"},{\"@type\":\"BreadcrumbList\",\"@id\":\"https:\\\/\\\/biomes.world\\\/de\\\/service\\\/biomes-ebooks\\\/darmgesunde-ernaehrung\\\/#breadcrumb\",\"itemListElement\":[{\"@type\":\"ListItem\",\"position\":1,\"name\":\"Home\",\"item\":\"https:\\\/\\\/biomes.world\\\/de\\\/\"},{\"@type\":\"ListItem\",\"position\":2,\"name\":\"Footer Service\",\"item\":\"https:\\\/\\\/biomes.world\\\/de\\\/service\\\/\"},{\"@type\":\"ListItem\",\"position\":3,\"name\":\"BIOMES eBooks\",\"item\":\"https:\\\/\\\/biomes.world\\\/de\\\/service\\\/biomes-ebooks\\\/\"},{\"@type\":\"ListItem\",\"position\":4,\"name\":\"BIOMES eBook &#8211; Darmgesunde Ern\u00e4hrung\"}]},{\"@type\":\"WebSite\",\"@id\":\"https:\\\/\\\/biomes.world\\\/de\\\/#website\",\"url\":\"https:\\\/\\\/biomes.world\\\/de\\\/\",\"name\":\"BIOMES - Feel better\",\"description\":\"Cutting-edge biotechnology used to help people\",\"publisher\":{\"@id\":\"https:\\\/\\\/biomes.world\\\/de\\\/#organization\"},\"potentialAction\":[{\"@type\":\"SearchAction\",\"target\":{\"@type\":\"EntryPoint\",\"urlTemplate\":\"https:\\\/\\\/biomes.world\\\/de\\\/?s={search_term_string}\"},\"query-input\":{\"@type\":\"PropertyValueSpecification\",\"valueRequired\":true,\"valueName\":\"search_term_string\"}}],\"inLanguage\":\"de\"},{\"@type\":\"Organization\",\"@id\":\"https:\\\/\\\/biomes.world\\\/de\\\/#organization\",\"name\":\"BIOMES 4.0 GmbH\",\"url\":\"https:\\\/\\\/biomes.world\\\/de\\\/\",\"logo\":{\"@type\":\"ImageObject\",\"inLanguage\":\"de\",\"@id\":\"https:\\\/\\\/biomes.world\\\/de\\\/#\\\/schema\\\/logo\\\/image\\\/\",\"url\":\"http:\\\/\\\/biomes.world\\\/wp-content\\\/uploads\\\/2024\\\/04\\\/biomes_logo_2021_RGB.png\",\"contentUrl\":\"http:\\\/\\\/biomes.world\\\/wp-content\\\/uploads\\\/2024\\\/04\\\/biomes_logo_2021_RGB.png\",\"width\":10040,\"height\":2599,\"caption\":\"BIOMES 4.0 GmbH\"},\"image\":{\"@id\":\"https:\\\/\\\/biomes.world\\\/de\\\/#\\\/schema\\\/logo\\\/image\\\/\"},\"sameAs\":[\"https:\\\/\\\/de-de.facebook.com\\\/BIOMES.world\\\/\",\"https:\\\/\\\/www.youtube.com\\\/@BIOMESworld\",\"https:\\\/\\\/www.instagram.com\\\/biomes_official\\\/\"]}]}<\/script>\n<!-- \/ Yoast SEO plugin. -->","yoast_head_json":{"title":"Biomes - eBook darmgesunde Ern\u00e4hrung | BIOMES","description":"M\u00f6chtest du deine Darmgesundheit verbessern? Entdecke das eBook zu einer darmgesunden Ern\u00e4hrung und erhalte wertvolle Tipps!","robots":{"index":"index","follow":"follow","max-snippet":"max-snippet:-1","max-image-preview":"max-image-preview:large","max-video-preview":"max-video-preview:-1"},"canonical":"https:\/\/biomes.world\/de\/service\/biomes-ebooks\/darmgesunde-ernaehrung\/","og_locale":"de_DE","og_type":"article","og_title":"Biomes - eBook darmgesunde Ern\u00e4hrung | BIOMES","og_description":"M\u00f6chtest du deine Darmgesundheit verbessern? Entdecke das eBook zu einer darmgesunden Ern\u00e4hrung und erhalte wertvolle Tipps!","og_url":"https:\/\/biomes.world\/de\/service\/biomes-ebooks\/darmgesunde-ernaehrung\/","og_site_name":"BIOMES - Feel better","article_publisher":"https:\/\/de-de.facebook.com\/BIOMES.world\/","article_modified_time":"2024-02-28T17:18:30+00:00","og_image":[{"url":"http:\/\/biomes.world\/wp-content\/uploads\/2021\/05\/eBook_Darmgesunde-Ernaehrung_200506_Seite_03-150x150.png","type":"","width":"","height":""}],"twitter_card":"summary_large_image","twitter_misc":{"Gesch\u00e4tzte Lesezeit":"2\u00a0Minuten"},"schema":{"@context":"https:\/\/schema.org","@graph":[{"@type":"WebPage","@id":"https:\/\/biomes.world\/de\/service\/biomes-ebooks\/darmgesunde-ernaehrung\/","url":"https:\/\/biomes.world\/de\/service\/biomes-ebooks\/darmgesunde-ernaehrung\/","name":"Biomes - eBook darmgesunde Ern\u00e4hrung | BIOMES","isPartOf":{"@id":"https:\/\/biomes.world\/de\/#website"},"primaryImageOfPage":{"@id":"https:\/\/biomes.world\/de\/service\/biomes-ebooks\/darmgesunde-ernaehrung\/#primaryimage"},"image":{"@id":"https:\/\/biomes.world\/de\/service\/biomes-ebooks\/darmgesunde-ernaehrung\/#primaryimage"},"thumbnailUrl":"http:\/\/biomes.world\/wp-content\/uploads\/2021\/05\/eBook_Darmgesunde-Ernaehrung_200506_Seite_03-150x150.png","datePublished":"2020-05-26T07:34:50+00:00","dateModified":"2024-02-28T17:18:30+00:00","description":"M\u00f6chtest du deine Darmgesundheit verbessern? Entdecke das eBook zu einer darmgesunden Ern\u00e4hrung und erhalte wertvolle Tipps!","breadcrumb":{"@id":"https:\/\/biomes.world\/de\/service\/biomes-ebooks\/darmgesunde-ernaehrung\/#breadcrumb"},"inLanguage":"de","potentialAction":[{"@type":"ReadAction","target":["https:\/\/biomes.world\/de\/service\/biomes-ebooks\/darmgesunde-ernaehrung\/"]}]},{"@type":"ImageObject","inLanguage":"de","@id":"https:\/\/biomes.world\/de\/service\/biomes-ebooks\/darmgesunde-ernaehrung\/#primaryimage","url":"http:\/\/biomes.world\/wp-content\/uploads\/2021\/05\/eBook_Darmgesunde-Ernaehrung_200506_Seite_03-150x150.png","contentUrl":"http:\/\/biomes.world\/wp-content\/uploads\/2021\/05\/eBook_Darmgesunde-Ernaehrung_200506_Seite_03-150x150.png"},{"@type":"BreadcrumbList","@id":"https:\/\/biomes.world\/de\/service\/biomes-ebooks\/darmgesunde-ernaehrung\/#breadcrumb","itemListElement":[{"@type":"ListItem","position":1,"name":"Home","item":"https:\/\/biomes.world\/de\/"},{"@type":"ListItem","position":2,"name":"Footer Service","item":"https:\/\/biomes.world\/de\/service\/"},{"@type":"ListItem","position":3,"name":"BIOMES eBooks","item":"https:\/\/biomes.world\/de\/service\/biomes-ebooks\/"},{"@type":"ListItem","position":4,"name":"BIOMES eBook &#8211; Darmgesunde Ern\u00e4hrung"}]},{"@type":"WebSite","@id":"https:\/\/biomes.world\/de\/#website","url":"https:\/\/biomes.world\/de\/","name":"BIOMES - Feel better","description":"Cutting-edge biotechnology used to help people","publisher":{"@id":"https:\/\/biomes.world\/de\/#organization"},"potentialAction":[{"@type":"SearchAction","target":{"@type":"EntryPoint","urlTemplate":"https:\/\/biomes.world\/de\/?s={search_term_string}"},"query-input":{"@type":"PropertyValueSpecification","valueRequired":true,"valueName":"search_term_string"}}],"inLanguage":"de"},{"@type":"Organization","@id":"https:\/\/biomes.world\/de\/#organization","name":"BIOMES 4.0 GmbH","url":"https:\/\/biomes.world\/de\/","logo":{"@type":"ImageObject","inLanguage":"de","@id":"https:\/\/biomes.world\/de\/#\/schema\/logo\/image\/","url":"http:\/\/biomes.world\/wp-content\/uploads\/2024\/04\/biomes_logo_2021_RGB.png","contentUrl":"http:\/\/biomes.world\/wp-content\/uploads\/2024\/04\/biomes_logo_2021_RGB.png","width":10040,"height":2599,"caption":"BIOMES 4.0 GmbH"},"image":{"@id":"https:\/\/biomes.world\/de\/#\/schema\/logo\/image\/"},"sameAs":["https:\/\/de-de.facebook.com\/BIOMES.world\/","https:\/\/www.youtube.com\/@BIOMESworld","https:\/\/www.instagram.com\/biomes_official\/"]}]}},"_links":{"self":[{"href":"https:\/\/biomes.world\/de\/wp-json\/wp\/v2\/pages\/324330","targetHints":{"allow":["GET"]}}],"collection":[{"href":"https:\/\/biomes.world\/de\/wp-json\/wp\/v2\/pages"}],"about":[{"href":"https:\/\/biomes.world\/de\/wp-json\/wp\/v2\/types\/page"}],"author":[{"embeddable":true,"href":"https:\/\/biomes.world\/de\/wp-json\/wp\/v2\/users\/3168"}],"replies":[{"embeddable":true,"href":"https:\/\/biomes.world\/de\/wp-json\/wp\/v2\/comments?post=324330"}],"version-history":[{"count":1,"href":"https:\/\/biomes.world\/de\/wp-json\/wp\/v2\/pages\/324330\/revisions"}],"predecessor-version":[{"id":631328,"href":"https:\/\/biomes.world\/de\/wp-json\/wp\/v2\/pages\/324330\/revisions\/631328"}],"up":[{"embeddable":true,"href":"https:\/\/biomes.world\/de\/wp-json\/wp\/v2\/pages\/506367"}],"wp:attachment":[{"href":"https:\/\/biomes.world\/de\/wp-json\/wp\/v2\/media?parent=324330"}],"curies":[{"name":"wp","href":"https:\/\/api.w.org\/{rel}","templated":true}]}}