{"id":323490,"date":"2020-05-15T19:23:04","date_gmt":"2020-05-15T17:23:04","guid":{"rendered":"http:\/\/biomes.world\/?page_id=323490"},"modified":"2023-08-31T10:38:30","modified_gmt":"2023-08-31T08:38:30","slug":"unsere-nahrungsergaenzungsmittel","status":"publish","type":"page","link":"https:\/\/biomes.world\/de\/feel-better\/unsere-nahrungsergaenzungsmittel\/","title":{"rendered":"Unsere Nahrungserg\u00e4nzungsmittel"},"content":{"rendered":"\n<h1 class=\"wp-block-heading\" id=\"h-sub-nahrungserganzung-sub-bakterienkulturen-fur-deinem-darm\"><span class=\"subheader\">Nahrungserg\u00e4nzung<\/span>Bakterien&shy;kulturen f\u00fcr deinem Darm<\/h1>\n\n\n\n<p>So individuell wie dein Darmflora-Profil sollte auch die Wahl deiner Bakterien&shy;kulturen sein. Deshalb bieten wir von <strong>BIOMES<\/strong> zwei Produktlinien an, die Bakterien&shy;kulturen, Vitamine und wichtige Mineralstoffe vereinen. Ihre Zusammenstellung basiert auf den Ergebnissen klinischer Studien. <\/p>\n\n\n<div id=\"textpic-block_2ab6b529051873b7e98c33cfd744d7da\" class=\"textpic site-block\">\n    <div class=\"textpic__wrap\">\n        <div class=\"textpic__slide\">\n                            <div class=\"textpic__item\">\n                    <div class=\"textpic__row expanded row\">\n                        <div class=\"textpic__media\">\n                            <img loading=\"lazy\" decoding=\"async\" width=\"800\" height=\"800\" src=\"https:\/\/biomes.world\/wp-content\/uploads\/2021\/05\/Nahrungsergaenznugsmittel-Gruppe_bearbeitet_1x1-800x800.jpg\" class=\"attachment-post-square size-post-square\" alt=\"Probiotische Nahrungsmittel Dosen gesamtes Sortiment und Angebot\" srcset=\"https:\/\/biomes.world\/wp-content\/uploads\/2021\/05\/Nahrungsergaenznugsmittel-Gruppe_bearbeitet_1x1-800x800.jpg 800w, https:\/\/biomes.world\/wp-content\/uploads\/2021\/05\/Nahrungsergaenznugsmittel-Gruppe_bearbeitet_1x1-300x300.jpg 300w, https:\/\/biomes.world\/wp-content\/uploads\/2021\/05\/Nahrungsergaenznugsmittel-Gruppe_bearbeitet_1x1-1024x1024.jpg 1024w, https:\/\/biomes.world\/wp-content\/uploads\/2021\/05\/Nahrungsergaenznugsmittel-Gruppe_bearbeitet_1x1-150x150.jpg 150w, https:\/\/biomes.world\/wp-content\/uploads\/2021\/05\/Nahrungsergaenznugsmittel-Gruppe_bearbeitet_1x1-768x768.jpg 768w, https:\/\/biomes.world\/wp-content\/uploads\/2021\/05\/Nahrungsergaenznugsmittel-Gruppe_bearbeitet_1x1-250x250.jpg 250w, https:\/\/biomes.world\/wp-content\/uploads\/2021\/05\/Nahrungsergaenznugsmittel-Gruppe_bearbeitet_1x1-100x100.jpg 100w, https:\/\/biomes.world\/wp-content\/uploads\/2021\/05\/Nahrungsergaenznugsmittel-Gruppe_bearbeitet_1x1-400x400.jpg 400w, https:\/\/biomes.world\/wp-content\/uploads\/2021\/05\/Nahrungsergaenznugsmittel-Gruppe_bearbeitet_1x1.jpg 1120w\" sizes=\"auto, (max-width: 800px) 100vw, 800px\" \/>                        <\/div>\n                        <div class=\"textpic__pull--text textpic__pull\">\n                            <div class=\"textpic__text\">\n                                <div class=\"h2\">\n                                    <span class=\"sub-header\">Nahrungserg\u00e4nzung<\/span>\n                                    F\u00fcr jeden Anlass                                 <\/div>\n                                <p>Wenn du einen bestimmten Anlass hast, wie zum Beispiel die Einnahme von Antibiotika, die du mit n\u00fctzlichen Bakterien&shy;kulturen begleiten m\u00f6chtest, findest du in unserem Shop das passende Nahrungs&shy;erg\u00e4nzungs&shy;mittel. Unsere Produkte kombinieren Bakterien&shy;kulturen, die nat\u00fcrlicherweise im Darm vorkommen sollten mit wertvollen Vitaminen und Mineralstoffen. Alle Produkte sind vegan, glutenfrei und laktosefrei.<\/p>\n<ul>\n<li><a href=\"https:\/\/shop.biomes.world\/hista-pro-30stk\/\"><strong>HISTA.<\/strong>pro<\/a><\/li>\n<li><a href=\"https:\/\/shop.biomes.world\/defense-pro-30stk\/\"><strong>DEFENSE.<\/strong>pro<\/a><\/li>\n<li><a href=\"https:\/\/shop.biomes.world\/lean-pro-30stk\/\"><strong>LEAN.<\/strong>pro<\/a><\/li>\n<li><a href=\"https:\/\/shop.biomes.world\/premium-pro-30stk\/\"><strong>PREMIUM.<\/strong>pro<\/a><\/li>\n<\/ul>\n<a href=\"https:\/\/shop.biomes.world\/\" target=\"\" class=\"wp-block-button__link \">Mehr Informationen im Shop<\/a>                            <\/div>\n                        <\/div>\n                    <\/div>\n                <\/div>\n                    <\/div>\n    <\/div>\n<\/div>\n\n\n\n<h2 class=\"wp-block-heading\" id=\"h-sub-nahrungserganzung-sub-warum-gibt-es-zwei-produktlinien\"><span class=\"subheader\">Nahrungserg\u00e4nzung <\/span>Warum gibt es zwei Produktlinien?  <\/h2>\n\n\n\n<p>Alle Produkte von <strong>BIOMES<\/strong> kombinieren als sogenannte \u201eSynbiotika\u201c sowohl verschiedenste Bakterienst\u00e4mme als auch Pr\u00e4biotika, die als Futter n\u00fctzlicher Bakterien dienen. Der Unterschied liegt in der Dosierung: Wenn du eine Darmbakterien-Kur machen m\u00f6chtest, solltest du vorab mit unserem Darmflora-Test <strong>INTEST.<\/strong>pro herausfinden, was genau dir fehlt und anschlie\u00dfend die passende, hochdosierte Kombination aus verschiedenen Bakterienst\u00e4mmen mit Vitaminen und Mineralstoffen einnehmen.  <\/p>\n\n\n\n<p>Alle Inhaltsstoffe werden mit gr\u00f6\u00dfter Sorgfalt ausgew\u00e4hlt und auf Basis klinischer Studien zusammengestellt. Die hochdosierten Produkte erm\u00f6glichen das ideale Wachstum der Bakterien&shy;kulturen und sind vegan, glutenfrei und laktosefrei.  <\/p>\n\n\n    <div id=\"product-compare-block_c11cfd48dcba658941d64e59a72d2723\" class=\"product-compare site-block\">\n        <div class=\"product-compare__wrap\">\n            <div class=\"product-compare__scroll\">\n                <table class=\"product-compare__table\">\n                    <colgroup>\n                        <col>\n                        <col style=\"width:40%\">\n                        <col style=\"width:40%\">\n                    <\/colgroup>\n                    <tr class=\"product-compare__media\">\n                        <td>&nbsp;<\/td>\n                        <td>\n                            <img loading=\"lazy\" decoding=\"async\" width=\"540\" height=\"540\" src=\"https:\/\/biomes.world\/wp-content\/uploads\/2023\/08\/BIOMES-Shopbilder-Premium-freigestellt.png\" class=\"attachment-post-square size-post-square\" alt=\"Produktfoto PREMIUM.pro BIOMES probiotische Nahrungs&shy;erg\u00e4nzungs&shy;mittel in Deutsch\" srcset=\"https:\/\/biomes.world\/wp-content\/uploads\/2023\/08\/BIOMES-Shopbilder-Premium-freigestellt.png 540w, https:\/\/biomes.world\/wp-content\/uploads\/2023\/08\/BIOMES-Shopbilder-Premium-freigestellt-300x300.png 300w, https:\/\/biomes.world\/wp-content\/uploads\/2023\/08\/BIOMES-Shopbilder-Premium-freigestellt-150x150.png 150w, https:\/\/biomes.world\/wp-content\/uploads\/2023\/08\/BIOMES-Shopbilder-Premium-freigestellt-250x250.png 250w, https:\/\/biomes.world\/wp-content\/uploads\/2023\/08\/BIOMES-Shopbilder-Premium-freigestellt-100x100.png 100w, https:\/\/biomes.world\/wp-content\/uploads\/2023\/08\/BIOMES-Shopbilder-Premium-freigestellt-400x400.png 400w\" sizes=\"auto, (max-width: 540px) 100vw, 540px\" \/>                        <\/td>\n                        <td>\n                            <img loading=\"lazy\" decoding=\"async\" width=\"540\" height=\"540\" src=\"https:\/\/biomes.world\/wp-content\/uploads\/2023\/08\/Typ_Alpha_Nahrungsergaenzungsmittel_Productshot.png\" class=\"attachment-post-square size-post-square\" alt=\"Bildbeschreibung\" srcset=\"https:\/\/biomes.world\/wp-content\/uploads\/2023\/08\/Typ_Alpha_Nahrungsergaenzungsmittel_Productshot.png 540w, https:\/\/biomes.world\/wp-content\/uploads\/2023\/08\/Typ_Alpha_Nahrungsergaenzungsmittel_Productshot-300x300.png 300w, https:\/\/biomes.world\/wp-content\/uploads\/2023\/08\/Typ_Alpha_Nahrungsergaenzungsmittel_Productshot-150x150.png 150w, https:\/\/biomes.world\/wp-content\/uploads\/2023\/08\/Typ_Alpha_Nahrungsergaenzungsmittel_Productshot-250x250.png 250w, https:\/\/biomes.world\/wp-content\/uploads\/2023\/08\/Typ_Alpha_Nahrungsergaenzungsmittel_Productshot-100x100.png 100w, https:\/\/biomes.world\/wp-content\/uploads\/2023\/08\/Typ_Alpha_Nahrungsergaenzungsmittel_Productshot-400x400.png 400w\" sizes=\"auto, (max-width: 540px) 100vw, 540px\" \/>                        <\/td>\n                    <\/tr>\n                    <tr class=\"product-compare__title\">\n                        <td>&nbsp;<\/td>\n                        <td>\n                            <h2>BIOMES<\/h2>                        <\/td>\n                        <td>\n                            <h2>BIOM.uniq<\/h2>                        <\/td>\n                    <\/tr>\n                    <tr class=\"product-compare__row\"><th scope=\"row\">Was?<\/th><td style=\"z-index:4\"><div data-label=\"Was?\"><p>Ohne vorherige Analytik<\/p>\n<\/div><\/td><td style=\"z-index:4\"><div data-label=\"Was?\"><p>Analytik-basiert (mit <strong>INTEST.<\/strong>pro)<\/p>\n<\/div><\/td><\/tr><tr class=\"product-compare__row\"><th scope=\"row\">Wie?<\/th><td style=\"z-index:3\"><div data-label=\"Wie?\"><p><strong>Anlassbezogen<\/strong><br \/>\nDiese Produkte mit Bakterienst\u00e4mmen, Vitaminen und Mineralstoffen kannst du zu einem bestimmten Anlass einnehmen, wie z.B. wenn du dein Immunsystem st\u00e4rken m\u00f6chtest, begleitend zur Antibiotika-Einnahme, bei Histamin-Unvertr\u00e4glichkeit, gegen Darmbeschwerden oder unterst\u00fctzend zu einer Nahrungsumstellung mit dem Ziel, abzunehmen. <\/p>\n<\/div><\/td><td style=\"z-index:3\"><div data-label=\"Wie?\"><p><strong>Individuelle Schwachstellen<\/strong><br \/>\nM\u00f6chtest du eine Darmbakterien-Kur mit hochdosierten Bakterienst\u00e4mmen, Vitaminen und Mineralstoffen machen, solltest du vorab den <strong>INTEST.<\/strong>pro Darmflora-Test durchf\u00fchren. In der Auswertung erh\u00e4ltst du eine Empfehlung des zu deinen Schwachstellen passenden Produktes unserer Marke <strong>BIOM.<\/strong>uniq. Denn deine Bakterien sind so einmalig, wie du.  <\/p>\n<\/div><\/td><\/tr><tr class=\"product-compare__row\"><th scope=\"row\">Wo?<\/th><td style=\"z-index:2\"><div data-label=\"Wo?\"><p><strong>Frei erh\u00e4ltlich <\/strong><br \/>\nim <a href=\"https:\/\/shop.biomes.world\/\"><strong>BIOMES<\/strong> Shop<\/a><\/p>\n<\/div><\/td><td style=\"z-index:2\"><div data-label=\"Wo?\"><p><strong>Empfehlung <\/strong><br \/>\nLink zum Produkt erfolgt erst nach durchgef\u00fchrter <a href=\"https:\/\/shop.biomes.world\/\"><strong>INTEST.<\/strong>pro<\/a> Analyse<\/p>\n<\/div><\/td><\/tr><tr class=\"product-compare__row\"><th scope=\"row\">Inhalt<\/th><td style=\"z-index:1\"><div data-label=\"Inhalt\"><p>30 Kapseln<br \/>\nKombination von Bakterienst\u00e4mmen, Pr\u00e4biotika, Vitaminen &#038; Mineralstoffen <\/p>\n<\/div><\/td><td style=\"z-index:1\"><div data-label=\"Inhalt\"><p>60 Kapseln<br \/>\nHochdosierte Kombination von Bakterienst\u00e4mmen, Pr\u00e4biotika, Vitaminen &#038; Mineralstoffen <\/p>\n<\/div><\/td><\/tr>                    <tr class=\"product-compare__row\">\n                        <th scope=\"row\">\n                            Preis                        <\/th>\n                        <td>\n                            <div data-label=\"\">\n                                35\u20ac inkl. MwSt.<a href=\"https:\/\/shop.biomes.world\/\" target=\"\" class=\"wp-block-button__link wp-block-button__link--alternate\">Zum Shop<\/a>                            <\/div>\n                        <\/td>\n                        <td>\n                            <div data-label=\"\">\n                                59\u20ac inkl. MwSt.<a href=\"https:\/\/shop.biomes.world\/\" target=\"\" class=\"wp-block-button__link wp-block-button__link--alternate\">Zum Shop<\/a>                            <\/div>\n                        <\/td>\n                    <\/tr>\n                <\/table>\n            <\/div>\n        <\/div>\n    <\/div>\n\n\n\n<h2 class=\"wp-block-heading\" id=\"h-sub-nahrungserganzung-sub-warum-unterscheidet-sich-die-menge\"><span class=\"subheader\">Nahrungserg\u00e4nzung<\/span>Warum unterscheidet sich die Menge?  <\/h2>\n\n\n\n<p>Probiotische Nahrungserg\u00e4nzung bringt Mikroorganismen in den K\u00f6rper, die eine positive Wirkung entfalten sollen. Auch n\u00fctzliche Bakterien k\u00f6nnen in zu hoher Dosierung jedoch ein Ungleichgewicht der Darmflora beg\u00fcnstigen, beispielsweise durch Verdr\u00e4ngung anderer Bakterien. Daher sollte vor der Einnahme idealerweise klar sein, welche Bakterien angesiedelt werden sollten.  <\/p>\n\n\n<div id=\"hero-product-block_70bc00930867ce67f6aab217af0cd8e6\" class=\"hero-product--single hero-product site-block\">\n    <div class=\"hero-product__wrap row\">\n        <div class=\"hero-product__media lg-6 xs-12 column\">\n            <img decoding=\"async\" src=\"https:\/\/biomes.world\/wp-content\/uploads\/2021\/05\/intest_pro-1.png\" srcset=\"https:\/\/biomes.world\/wp-content\/uploads\/2021\/05\/intest_pro-1-300x219.png 300w, https:\/\/biomes.world\/wp-content\/uploads\/2021\/05\/intest_pro-1-250x183.png 250w, https:\/\/biomes.world\/wp-content\/uploads\/2021\/05\/intest_pro-1.png 684w\" sizes=\"(max-width: 30em) 100vw, (max-width: 48em) 100vw, (max-width: 62em) 90vw, (max-width: 75em) 50vw, 800px\" alt=\"\">        <\/div>\n        <div class=\"hero-product__content lg-6 xs-12 column\">\n            <div class=\"hero-product__header\">Unser Darmtest<\/div><b>INTEST.<\/b>pro ist die erste vollst\u00e4ndige Darmflora-Analyse mit individuellen Ern\u00e4hrungs&shy;empfehlungen f\u00fcr deinen Darm, basierend auf der Analyse bakterieller DNA und den neuesten wissenschaftlichen Erkenntnissen.<div class=\"hero-product__price\">159,00 \u20ac<\/div><div class=\"hero-product__action\"><a href=\"https:\/\/shop.biomes.world\/\" target=\"\" class=\"wp-block-button__link wp-block-button__link--alternate\">INTEST.pro bestellen<\/a><\/div>        <\/div>\n    <\/div>\n<\/div>\n","protected":false},"excerpt":{"rendered":"<p>Bakterien&shy;kulturen f\u00fcr deinem Darm So individuell wie dein Darmflora-Profil sollte auch die Wahl deiner Bakterien&shy;kulturen sein. Deshalb bieten wir von BIOMES zwei Produktlinien an, die Bakterien&shy;kulturen, Vitamine und wichtige Mineralstoffe vereinen. Ihre Zusammenstellung basiert auf den Ergebnissen klinischer Studien. Nahrungserg\u00e4nzung F\u00fcr jeden Anlass Wenn du einen bestimmten Anlass hast, wie zum Beispiel die Einnahme von [&#8230;]<\/p>\n","protected":false},"author":3168,"featured_media":0,"parent":364543,"menu_order":13,"comment_status":"closed","ping_status":"closed","template":"","meta":{"_acf_changed":false,"footnotes":""},"class_list":["post-323490","page","type-page","status-publish","hentry"],"acf":[],"yoast_head":"<!-- This site is optimized with the Yoast SEO plugin v27.4 - https:\/\/yoast.com\/product\/yoast-seo-wordpress\/ -->\n<title>Unsere Nahrungserg\u00e4nzungsmittel - BIOMES - Feel better<\/title>\n<meta name=\"description\" content=\"Bakterienkulturen f\u00fcr deinem Darm - So individuell wie dein Darmflora-Profil sollte auch die Wahl deiner Nahrungserg\u00e4nzungsmittel sein. \u2705\" \/>\n<meta name=\"robots\" content=\"index, follow, max-snippet:-1, max-image-preview:large, max-video-preview:-1\" \/>\n<link rel=\"canonical\" href=\"https:\/\/biomes.world\/de\/feel-better\/unsere-nahrungsergaenzungsmittel\/\" \/>\n<meta property=\"og:locale\" content=\"de_DE\" \/>\n<meta property=\"og:type\" content=\"article\" \/>\n<meta property=\"og:title\" content=\"Unsere Nahrungserg\u00e4nzungsmittel - BIOMES - Feel better\" \/>\n<meta property=\"og:description\" content=\"Bakterienkulturen f\u00fcr deinem Darm - So individuell wie dein Darmflora-Profil sollte auch die Wahl deiner Nahrungserg\u00e4nzungsmittel sein. \u2705\" \/>\n<meta property=\"og:url\" content=\"https:\/\/biomes.world\/de\/feel-better\/unsere-nahrungsergaenzungsmittel\/\" \/>\n<meta property=\"og:site_name\" content=\"BIOMES - Feel better\" \/>\n<meta property=\"article:publisher\" content=\"https:\/\/de-de.facebook.com\/BIOMES.world\/\" \/>\n<meta property=\"article:modified_time\" content=\"2023-08-31T08:38:30+00:00\" \/>\n<meta name=\"twitter:card\" content=\"summary_large_image\" \/>\n<meta name=\"twitter:image\" content=\"https:\/\/biomes.world\/wp-content\/uploads\/2021\/05\/Nahrungsergaenznugsmittel-Gruppe_bearbeitet_15x3.jpg\" \/>\n<meta name=\"twitter:label1\" content=\"Gesch\u00e4tzte Lesezeit\" \/>\n\t<meta name=\"twitter:data1\" content=\"2\u00a0Minuten\" \/>\n<script type=\"application\/ld+json\" class=\"yoast-schema-graph\">{\"@context\":\"https:\\\/\\\/schema.org\",\"@graph\":[{\"@type\":\"WebPage\",\"@id\":\"https:\\\/\\\/biomes.world\\\/de\\\/feel-better\\\/unsere-nahrungsergaenzungsmittel\\\/\",\"url\":\"https:\\\/\\\/biomes.world\\\/de\\\/feel-better\\\/unsere-nahrungsergaenzungsmittel\\\/\",\"name\":\"Unsere Nahrungserg\u00e4nzungsmittel - BIOMES - Feel better\",\"isPartOf\":{\"@id\":\"https:\\\/\\\/biomes.world\\\/de\\\/#website\"},\"datePublished\":\"2020-05-15T17:23:04+00:00\",\"dateModified\":\"2023-08-31T08:38:30+00:00\",\"description\":\"Bakterienkulturen f\u00fcr deinem Darm - So individuell wie dein Darmflora-Profil sollte auch die Wahl deiner Nahrungserg\u00e4nzungsmittel sein. \u2705\",\"breadcrumb\":{\"@id\":\"https:\\\/\\\/biomes.world\\\/de\\\/feel-better\\\/unsere-nahrungsergaenzungsmittel\\\/#breadcrumb\"},\"inLanguage\":\"de\",\"potentialAction\":[{\"@type\":\"ReadAction\",\"target\":[\"https:\\\/\\\/biomes.world\\\/de\\\/feel-better\\\/unsere-nahrungsergaenzungsmittel\\\/\"]}]},{\"@type\":\"BreadcrumbList\",\"@id\":\"https:\\\/\\\/biomes.world\\\/de\\\/feel-better\\\/unsere-nahrungsergaenzungsmittel\\\/#breadcrumb\",\"itemListElement\":[{\"@type\":\"ListItem\",\"position\":1,\"name\":\"Home\",\"item\":\"https:\\\/\\\/biomes.world\\\/de\\\/\"},{\"@type\":\"ListItem\",\"position\":2,\"name\":\"Feel better\",\"item\":\"https:\\\/\\\/biomes.world\\\/de\\\/feel-better\\\/\"},{\"@type\":\"ListItem\",\"position\":3,\"name\":\"Unsere Nahrungserg\u00e4nzungsmittel\"}]},{\"@type\":\"WebSite\",\"@id\":\"https:\\\/\\\/biomes.world\\\/de\\\/#website\",\"url\":\"https:\\\/\\\/biomes.world\\\/de\\\/\",\"name\":\"BIOMES - Feel better\",\"description\":\"Cutting-edge biotechnology used to help people\",\"publisher\":{\"@id\":\"https:\\\/\\\/biomes.world\\\/de\\\/#organization\"},\"potentialAction\":[{\"@type\":\"SearchAction\",\"target\":{\"@type\":\"EntryPoint\",\"urlTemplate\":\"https:\\\/\\\/biomes.world\\\/de\\\/?s={search_term_string}\"},\"query-input\":{\"@type\":\"PropertyValueSpecification\",\"valueRequired\":true,\"valueName\":\"search_term_string\"}}],\"inLanguage\":\"de\"},{\"@type\":\"Organization\",\"@id\":\"https:\\\/\\\/biomes.world\\\/de\\\/#organization\",\"name\":\"BIOMES 4.0 GmbH\",\"url\":\"https:\\\/\\\/biomes.world\\\/de\\\/\",\"logo\":{\"@type\":\"ImageObject\",\"inLanguage\":\"de\",\"@id\":\"https:\\\/\\\/biomes.world\\\/de\\\/#\\\/schema\\\/logo\\\/image\\\/\",\"url\":\"http:\\\/\\\/biomes.world\\\/wp-content\\\/uploads\\\/2024\\\/04\\\/biomes_logo_2021_RGB.png\",\"contentUrl\":\"http:\\\/\\\/biomes.world\\\/wp-content\\\/uploads\\\/2024\\\/04\\\/biomes_logo_2021_RGB.png\",\"width\":10040,\"height\":2599,\"caption\":\"BIOMES 4.0 GmbH\"},\"image\":{\"@id\":\"https:\\\/\\\/biomes.world\\\/de\\\/#\\\/schema\\\/logo\\\/image\\\/\"},\"sameAs\":[\"https:\\\/\\\/de-de.facebook.com\\\/BIOMES.world\\\/\",\"https:\\\/\\\/www.youtube.com\\\/@BIOMESworld\",\"https:\\\/\\\/www.instagram.com\\\/biomes_official\\\/\"]}]}<\/script>\n<!-- \/ Yoast SEO plugin. -->","yoast_head_json":{"title":"Unsere Nahrungserg\u00e4nzungsmittel - BIOMES - Feel better","description":"Bakterienkulturen f\u00fcr deinem Darm - So individuell wie dein Darmflora-Profil sollte auch die Wahl deiner Nahrungserg\u00e4nzungsmittel sein. \u2705","robots":{"index":"index","follow":"follow","max-snippet":"max-snippet:-1","max-image-preview":"max-image-preview:large","max-video-preview":"max-video-preview:-1"},"canonical":"https:\/\/biomes.world\/de\/feel-better\/unsere-nahrungsergaenzungsmittel\/","og_locale":"de_DE","og_type":"article","og_title":"Unsere Nahrungserg\u00e4nzungsmittel - BIOMES - Feel better","og_description":"Bakterienkulturen f\u00fcr deinem Darm - So individuell wie dein Darmflora-Profil sollte auch die Wahl deiner Nahrungserg\u00e4nzungsmittel sein. \u2705","og_url":"https:\/\/biomes.world\/de\/feel-better\/unsere-nahrungsergaenzungsmittel\/","og_site_name":"BIOMES - Feel better","article_publisher":"https:\/\/de-de.facebook.com\/BIOMES.world\/","article_modified_time":"2023-08-31T08:38:30+00:00","twitter_card":"summary_large_image","twitter_image":"https:\/\/biomes.world\/wp-content\/uploads\/2021\/05\/Nahrungsergaenznugsmittel-Gruppe_bearbeitet_15x3.jpg","twitter_misc":{"Gesch\u00e4tzte Lesezeit":"2\u00a0Minuten"},"schema":{"@context":"https:\/\/schema.org","@graph":[{"@type":"WebPage","@id":"https:\/\/biomes.world\/de\/feel-better\/unsere-nahrungsergaenzungsmittel\/","url":"https:\/\/biomes.world\/de\/feel-better\/unsere-nahrungsergaenzungsmittel\/","name":"Unsere Nahrungserg\u00e4nzungsmittel - BIOMES - Feel better","isPartOf":{"@id":"https:\/\/biomes.world\/de\/#website"},"datePublished":"2020-05-15T17:23:04+00:00","dateModified":"2023-08-31T08:38:30+00:00","description":"Bakterienkulturen f\u00fcr deinem Darm - So individuell wie dein Darmflora-Profil sollte auch die Wahl deiner Nahrungserg\u00e4nzungsmittel sein. \u2705","breadcrumb":{"@id":"https:\/\/biomes.world\/de\/feel-better\/unsere-nahrungsergaenzungsmittel\/#breadcrumb"},"inLanguage":"de","potentialAction":[{"@type":"ReadAction","target":["https:\/\/biomes.world\/de\/feel-better\/unsere-nahrungsergaenzungsmittel\/"]}]},{"@type":"BreadcrumbList","@id":"https:\/\/biomes.world\/de\/feel-better\/unsere-nahrungsergaenzungsmittel\/#breadcrumb","itemListElement":[{"@type":"ListItem","position":1,"name":"Home","item":"https:\/\/biomes.world\/de\/"},{"@type":"ListItem","position":2,"name":"Feel better","item":"https:\/\/biomes.world\/de\/feel-better\/"},{"@type":"ListItem","position":3,"name":"Unsere Nahrungserg\u00e4nzungsmittel"}]},{"@type":"WebSite","@id":"https:\/\/biomes.world\/de\/#website","url":"https:\/\/biomes.world\/de\/","name":"BIOMES - Feel better","description":"Cutting-edge biotechnology used to help people","publisher":{"@id":"https:\/\/biomes.world\/de\/#organization"},"potentialAction":[{"@type":"SearchAction","target":{"@type":"EntryPoint","urlTemplate":"https:\/\/biomes.world\/de\/?s={search_term_string}"},"query-input":{"@type":"PropertyValueSpecification","valueRequired":true,"valueName":"search_term_string"}}],"inLanguage":"de"},{"@type":"Organization","@id":"https:\/\/biomes.world\/de\/#organization","name":"BIOMES 4.0 GmbH","url":"https:\/\/biomes.world\/de\/","logo":{"@type":"ImageObject","inLanguage":"de","@id":"https:\/\/biomes.world\/de\/#\/schema\/logo\/image\/","url":"http:\/\/biomes.world\/wp-content\/uploads\/2024\/04\/biomes_logo_2021_RGB.png","contentUrl":"http:\/\/biomes.world\/wp-content\/uploads\/2024\/04\/biomes_logo_2021_RGB.png","width":10040,"height":2599,"caption":"BIOMES 4.0 GmbH"},"image":{"@id":"https:\/\/biomes.world\/de\/#\/schema\/logo\/image\/"},"sameAs":["https:\/\/de-de.facebook.com\/BIOMES.world\/","https:\/\/www.youtube.com\/@BIOMESworld","https:\/\/www.instagram.com\/biomes_official\/"]}]}},"_links":{"self":[{"href":"https:\/\/biomes.world\/de\/wp-json\/wp\/v2\/pages\/323490","targetHints":{"allow":["GET"]}}],"collection":[{"href":"https:\/\/biomes.world\/de\/wp-json\/wp\/v2\/pages"}],"about":[{"href":"https:\/\/biomes.world\/de\/wp-json\/wp\/v2\/types\/page"}],"author":[{"embeddable":true,"href":"https:\/\/biomes.world\/de\/wp-json\/wp\/v2\/users\/3168"}],"replies":[{"embeddable":true,"href":"https:\/\/biomes.world\/de\/wp-json\/wp\/v2\/comments?post=323490"}],"version-history":[{"count":2,"href":"https:\/\/biomes.world\/de\/wp-json\/wp\/v2\/pages\/323490\/revisions"}],"predecessor-version":[{"id":622852,"href":"https:\/\/biomes.world\/de\/wp-json\/wp\/v2\/pages\/323490\/revisions\/622852"}],"up":[{"embeddable":true,"href":"https:\/\/biomes.world\/de\/wp-json\/wp\/v2\/pages\/364543"}],"wp:attachment":[{"href":"https:\/\/biomes.world\/de\/wp-json\/wp\/v2\/media?parent=323490"}],"curies":[{"name":"wp","href":"https:\/\/api.w.org\/{rel}","templated":true}]}}