{"id":236,"date":"2018-09-09T22:19:56","date_gmt":"2018-09-09T20:19:56","guid":{"rendered":"http:\/\/85.214.227.192\/?page_id=236"},"modified":"2026-02-09T10:16:33","modified_gmt":"2026-02-09T09:16:33","slug":"impressum","status":"publish","type":"page","link":"https:\/\/biomes.world\/de\/rechtliches\/impressum\/","title":{"rendered":"Impressum"},"content":{"rendered":"\n<h2 class=\"wp-block-heading\" id=\"h-impressum\">Impressum<\/h2>\n\n\n\n<h4 class=\"wp-block-heading\" id=\"h-angaben-gemass-5-tmg\">Angaben gem\u00e4\u00df \u00a7 5 TMG<\/h4>\n\n\n\n<p><strong>BIOMES<\/strong> 4.0 GmbH<br>Vertreten durch: Gesch\u00e4ftsf\u00fchrer Dr. Paul Hammer<br>Schwartzkopffstra\u00dfe 1, Halle 21, 15745 Wildau \u2013 Germany<br>Telefon: +49 (0) 3375 585 62 40<br>E-Mail: <a href=\"mailto:info@biomes.world\">info@biomes.world<\/a><\/p>\n\n\n\n<h4 class=\"wp-block-heading\" id=\"h-registereintrag\">Registereintrag<\/h4>\n\n\n\n<p>Registergericht: AG Cottbus<br>Registernummer: HRB 19253&nbsp;CB<\/p>\n\n\n\n<p><strong>Steuernummer: <\/strong>049 \/ 106 \/ 02484<\/p>\n\n\n\n<p><strong>UST-ID: <\/strong>DE459814797<br>Inhaltlich Verantwortlicher:<br>Dr. Paul Hammer (Anschrift siehe <strong>BIOMES<\/strong> 4.0 GmbH)<\/p>\n\n\n\n<h2 class=\"wp-block-heading\" id=\"h-weitere-informationen\">Weitere Informationen<\/h2>\n\n\n\n<h4 class=\"wp-block-heading\" id=\"h-haftung-fur-inhalte\">Haftung f\u00fcr Inhalte<\/h4>\n\n\n\n<p>Als Diensteanbieter sind wir gem\u00e4\u00df \u00a7 7 Abs.1 TMG f\u00fcr eigene Inhalte auf diesen Seiten nach den allgemeinen Gesetzen verantwortlich. Nach \u00a7\u00a7 8 bis 10 TMG sind wir als Diensteanbieter jedoch nicht verpflichtet, \u00fcbermittelte oder gespeicherte fremde Informationen zu \u00fcberwachen oder nach Umst\u00e4nden zu forschen, die auf eine rechtswidrige T\u00e4tigkeit hinweisen.<\/p>\n\n\n\n<p>Verpflichtungen zur Entfernung oder Sperrung der Nutzung von Informationen nach den allgemeinen Gesetzen bleiben hiervon unber\u00fchrt. Eine diesbez\u00fcgliche Haftung ist jedoch erst ab dem Zeitpunkt der Kenntnis einer konkreten Rechtsverletzung m\u00f6glich. Bei Bekanntwerden von entsprechenden Rechtsverletzungen werden wir diese Inhalte umgehend entfernen.<\/p>\n\n\n\n<h4 class=\"wp-block-heading\" id=\"h-haftung-fur-die-links\">Haftung f\u00fcr die Links<\/h4>\n\n\n\n<p>Unser Angebot enth\u00e4lt Links zu externen Webseiten Dritter, auf deren Inhalte wir keinen Einfluss haben. Deshalb k\u00f6nnen wir f\u00fcr diese fremden Inhalte auch keine Gew\u00e4hr \u00fcbernehmen. F\u00fcr die Inhalte der verlinkten Seiten ist stets der jeweilige Anbieter oder Betreiber der Seiten verantwortlich. Die verlinkten Seiten wurden zum Zeitpunkt der Verlinkung auf m\u00f6gliche Rechtsverst\u00f6\u00dfe \u00fcberpr\u00fcft. Rechtswidrige Inhalte waren zum Zeitpunkt der Verlinkung nicht erkennbar.<\/p>\n\n\n\n<p>Eine permanente inhaltliche Kontrolle der verlinkten Seiten ist jedoch ohne konkrete Anhaltspunkte einer Rechtsverletzung nicht zumutbar. Bei Bekanntwerden von Rechtsverletzungen werden wir derartige Links umgehend entfernen.<\/p>\n\n\n\n<h4 class=\"wp-block-heading\" id=\"h-urheberrecht\">Urheberrecht<\/h4>\n\n\n\n<p>Die durch die Seitenbetreiber erstellten Inhalte und Werke auf diesen Seiten unterliegen dem deutschen Urheberrecht. Die Vervielf\u00e4ltigung, Bearbeitung, Verbreitung und jede Art der Verwertung au\u00dferhalb der Grenzen des Urheberrechtes bed\u00fcrfen der schriftlichen Zustimmung des jeweiligen Autors bzw. Erstellers. Downloads und Kopien dieser Seite sind nur f\u00fcr den privaten, nicht kommerziellen Gebrauch gestattet.<\/p>\n\n\n\n<p>Soweit die Inhalte auf dieser Seite nicht vom Betreiber erstellt wurden, werden die Urheberrechte Dritter beachtet. Insbesondere werden Inhalte Dritter als solche gekennzeichnet. Sollten Sie trotzdem auf eine Urheberrechtsverletzung aufmerksam werden, bitten wir um einen entsprechenden Hinweis. Bei Bekanntwerden von Rechtsverletzungen werden wir derartige Inhalte umgehend entfernen.<\/p>\n\n\n\n<h4 class=\"wp-block-heading\" id=\"h-streitschlichtung\">Streitschlichtung<\/h4>\n\n\n\n<p>Die Europ\u00e4ische Kommission stellt eine Plattform zur Online-Streitbeilegung (OS) bereit:<br><a href=\"https:\/\/ec.europa.eu\/consumers\/odr\" target=\"_blank\" rel=\"noreferrer noopener\">https:\/\/ec.europa.eu\/consumers\/odr<\/a><br>Unsere E-Mail-Adresse finden Sie oben im Impressum.<br>Wir sind nicht bereit oder verpflichtet, an Streitbeilegungsverfahren vor einer Verbraucherschlichtungsstelle teilzunehmen.<\/p>\n\n\n\n<h2 class=\"wp-block-heading\" id=\"h-bildnachweise\">Bildnachweise<\/h2>\n\n\n\n<p>Alle <strong>BIOMES<\/strong>-Produktbilder, Teamfotos und Laboraufnahmen sind von <strong>BIOMES<\/strong> 4.0 GmbH<\/p>\n\n\n\n<p><\/p>\n","protected":false},"excerpt":{"rendered":"<p>Impressum Angaben gem\u00e4\u00df \u00a7 5 TMG BIOMES 4.0 GmbHVertreten durch: Gesch\u00e4ftsf\u00fchrer Dr. Paul HammerSchwartzkopffstra\u00dfe 1, Halle 21, 15745 Wildau \u2013 GermanyTelefon: +49 (0) 3375 585 62 40E-Mail: info@biomes.world Registereintrag Registergericht: AG CottbusRegisternummer: HRB 19253&nbsp;CB Steuernummer: 049 \/ 106 \/ 02484 UST-ID: DE459814797Inhaltlich Verantwortlicher:Dr. Paul Hammer (Anschrift siehe BIOMES 4.0 GmbH) Weitere Informationen Haftung f\u00fcr Inhalte [&#8230;]<\/p>\n","protected":false},"author":1572,"featured_media":0,"parent":500603,"menu_order":0,"comment_status":"closed","ping_status":"closed","template":"","meta":{"_acf_changed":false,"footnotes":""},"class_list":["post-236","page","type-page","status-publish","hentry"],"acf":[],"yoast_head":"<!-- This site is optimized with the Yoast SEO Premium plugin v26.2 (Yoast SEO v27.2) - https:\/\/yoast.com\/product\/yoast-seo-premium-wordpress\/ -->\n<title>Impressum BIOMES - Nie wieder Darmbeschwerden!<\/title>\n<meta name=\"description\" content=\"Impressum der BIOMES 4.0 GmbH. Wir analysieren deine Darmflora und geben dir eine Evaluation und individuelle Empfehlungen.\" \/>\n<meta name=\"robots\" content=\"noindex, follow\" \/>\n<meta property=\"og:locale\" content=\"de_DE\" \/>\n<meta property=\"og:type\" content=\"article\" \/>\n<meta property=\"og:title\" content=\"Impressum\" \/>\n<meta property=\"og:description\" content=\"Impressum der BIOMES 4.0 GmbH. Wir analysieren deine Darmflora und geben dir eine Evaluation und individuelle Empfehlungen.\" \/>\n<meta property=\"og:url\" content=\"https:\/\/biomes.world\/de\/rechtliches\/impressum\/\" \/>\n<meta property=\"og:site_name\" content=\"BIOMES - Feel better\" \/>\n<meta property=\"article:publisher\" content=\"https:\/\/de-de.facebook.com\/BIOMES.world\/\" \/>\n<meta property=\"article:modified_time\" content=\"2026-02-09T09:16:33+00:00\" \/>\n<meta name=\"twitter:card\" content=\"summary_large_image\" \/>\n<meta name=\"twitter:label1\" content=\"Gesch\u00e4tzte Lesezeit\" \/>\n\t<meta name=\"twitter:data1\" content=\"2\u00a0Minuten\" \/>\n<script type=\"application\/ld+json\" class=\"yoast-schema-graph\">{\"@context\":\"https:\/\/schema.org\",\"@graph\":[{\"@type\":\"WebPage\",\"@id\":\"https:\/\/biomes.world\/de\/rechtliches\/impressum\/\",\"url\":\"https:\/\/biomes.world\/de\/rechtliches\/impressum\/\",\"name\":\"Impressum BIOMES - Nie wieder Darmbeschwerden!\",\"isPartOf\":{\"@id\":\"https:\/\/biomes.world\/de\/#website\"},\"datePublished\":\"2018-09-09T20:19:56+00:00\",\"dateModified\":\"2026-02-09T09:16:33+00:00\",\"description\":\"Impressum der BIOMES 4.0 GmbH. Wir analysieren deine Darmflora und geben dir eine Evaluation und individuelle Empfehlungen.\",\"breadcrumb\":{\"@id\":\"https:\/\/biomes.world\/de\/rechtliches\/impressum\/#breadcrumb\"},\"inLanguage\":\"de\",\"potentialAction\":[{\"@type\":\"ReadAction\",\"target\":[\"https:\/\/biomes.world\/de\/rechtliches\/impressum\/\"]}]},{\"@type\":\"BreadcrumbList\",\"@id\":\"https:\/\/biomes.world\/de\/rechtliches\/impressum\/#breadcrumb\",\"itemListElement\":[{\"@type\":\"ListItem\",\"position\":1,\"name\":\"Home\",\"item\":\"https:\/\/biomes.world\/de\/\"},{\"@type\":\"ListItem\",\"position\":2,\"name\":\"Footer Rechtliches\",\"item\":\"https:\/\/biomes.world\/de\/rechtliches\/\"},{\"@type\":\"ListItem\",\"position\":3,\"name\":\"Impressum\"}]},{\"@type\":\"WebSite\",\"@id\":\"https:\/\/biomes.world\/de\/#website\",\"url\":\"https:\/\/biomes.world\/de\/\",\"name\":\"BIOMES - Feel better\",\"description\":\"Cutting-edge biotechnology used to help people\",\"publisher\":{\"@id\":\"https:\/\/biomes.world\/de\/#organization\"},\"potentialAction\":[{\"@type\":\"SearchAction\",\"target\":{\"@type\":\"EntryPoint\",\"urlTemplate\":\"https:\/\/biomes.world\/de\/?s={search_term_string}\"},\"query-input\":{\"@type\":\"PropertyValueSpecification\",\"valueRequired\":true,\"valueName\":\"search_term_string\"}}],\"inLanguage\":\"de\"},{\"@type\":\"Organization\",\"@id\":\"https:\/\/biomes.world\/de\/#organization\",\"name\":\"BIOMES 4.0 GmbH\",\"url\":\"https:\/\/biomes.world\/de\/\",\"logo\":{\"@type\":\"ImageObject\",\"inLanguage\":\"de\",\"@id\":\"https:\/\/biomes.world\/de\/#\/schema\/logo\/image\/\",\"url\":\"http:\/\/biomes.world\/wp-content\/uploads\/2024\/04\/biomes_logo_2021_RGB.png\",\"contentUrl\":\"http:\/\/biomes.world\/wp-content\/uploads\/2024\/04\/biomes_logo_2021_RGB.png\",\"width\":10040,\"height\":2599,\"caption\":\"BIOMES 4.0 GmbH\"},\"image\":{\"@id\":\"https:\/\/biomes.world\/de\/#\/schema\/logo\/image\/\"},\"sameAs\":[\"https:\/\/de-de.facebook.com\/BIOMES.world\/\",\"https:\/\/www.youtube.com\/@BIOMESworld\",\"https:\/\/www.instagram.com\/biomes_official\/\"],\"legalName\":\"BIOMES 4.0 GmbH\",\"duns\":\"314778637\"}]}<\/script>\n<!-- \/ Yoast SEO Premium plugin. -->","yoast_head_json":{"title":"Impressum BIOMES - Nie wieder Darmbeschwerden!","description":"Impressum der BIOMES 4.0 GmbH. Wir analysieren deine Darmflora und geben dir eine Evaluation und individuelle Empfehlungen.","robots":{"index":"noindex","follow":"follow"},"og_locale":"de_DE","og_type":"article","og_title":"Impressum","og_description":"Impressum der BIOMES 4.0 GmbH. Wir analysieren deine Darmflora und geben dir eine Evaluation und individuelle Empfehlungen.","og_url":"https:\/\/biomes.world\/de\/rechtliches\/impressum\/","og_site_name":"BIOMES - Feel better","article_publisher":"https:\/\/de-de.facebook.com\/BIOMES.world\/","article_modified_time":"2026-02-09T09:16:33+00:00","twitter_card":"summary_large_image","twitter_misc":{"Gesch\u00e4tzte Lesezeit":"2\u00a0Minuten"},"schema":{"@context":"https:\/\/schema.org","@graph":[{"@type":"WebPage","@id":"https:\/\/biomes.world\/de\/rechtliches\/impressum\/","url":"https:\/\/biomes.world\/de\/rechtliches\/impressum\/","name":"Impressum BIOMES - Nie wieder Darmbeschwerden!","isPartOf":{"@id":"https:\/\/biomes.world\/de\/#website"},"datePublished":"2018-09-09T20:19:56+00:00","dateModified":"2026-02-09T09:16:33+00:00","description":"Impressum der BIOMES 4.0 GmbH. Wir analysieren deine Darmflora und geben dir eine Evaluation und individuelle Empfehlungen.","breadcrumb":{"@id":"https:\/\/biomes.world\/de\/rechtliches\/impressum\/#breadcrumb"},"inLanguage":"de","potentialAction":[{"@type":"ReadAction","target":["https:\/\/biomes.world\/de\/rechtliches\/impressum\/"]}]},{"@type":"BreadcrumbList","@id":"https:\/\/biomes.world\/de\/rechtliches\/impressum\/#breadcrumb","itemListElement":[{"@type":"ListItem","position":1,"name":"Home","item":"https:\/\/biomes.world\/de\/"},{"@type":"ListItem","position":2,"name":"Footer Rechtliches","item":"https:\/\/biomes.world\/de\/rechtliches\/"},{"@type":"ListItem","position":3,"name":"Impressum"}]},{"@type":"WebSite","@id":"https:\/\/biomes.world\/de\/#website","url":"https:\/\/biomes.world\/de\/","name":"BIOMES - Feel better","description":"Cutting-edge biotechnology used to help people","publisher":{"@id":"https:\/\/biomes.world\/de\/#organization"},"potentialAction":[{"@type":"SearchAction","target":{"@type":"EntryPoint","urlTemplate":"https:\/\/biomes.world\/de\/?s={search_term_string}"},"query-input":{"@type":"PropertyValueSpecification","valueRequired":true,"valueName":"search_term_string"}}],"inLanguage":"de"},{"@type":"Organization","@id":"https:\/\/biomes.world\/de\/#organization","name":"BIOMES 4.0 GmbH","url":"https:\/\/biomes.world\/de\/","logo":{"@type":"ImageObject","inLanguage":"de","@id":"https:\/\/biomes.world\/de\/#\/schema\/logo\/image\/","url":"http:\/\/biomes.world\/wp-content\/uploads\/2024\/04\/biomes_logo_2021_RGB.png","contentUrl":"http:\/\/biomes.world\/wp-content\/uploads\/2024\/04\/biomes_logo_2021_RGB.png","width":10040,"height":2599,"caption":"BIOMES 4.0 GmbH"},"image":{"@id":"https:\/\/biomes.world\/de\/#\/schema\/logo\/image\/"},"sameAs":["https:\/\/de-de.facebook.com\/BIOMES.world\/","https:\/\/www.youtube.com\/@BIOMESworld","https:\/\/www.instagram.com\/biomes_official\/"],"legalName":"BIOMES 4.0 GmbH","duns":"314778637"}]}},"_links":{"self":[{"href":"https:\/\/biomes.world\/de\/wp-json\/wp\/v2\/pages\/236","targetHints":{"allow":["GET"]}}],"collection":[{"href":"https:\/\/biomes.world\/de\/wp-json\/wp\/v2\/pages"}],"about":[{"href":"https:\/\/biomes.world\/de\/wp-json\/wp\/v2\/types\/page"}],"author":[{"embeddable":true,"href":"https:\/\/biomes.world\/de\/wp-json\/wp\/v2\/users\/1572"}],"replies":[{"embeddable":true,"href":"https:\/\/biomes.world\/de\/wp-json\/wp\/v2\/comments?post=236"}],"version-history":[{"count":7,"href":"https:\/\/biomes.world\/de\/wp-json\/wp\/v2\/pages\/236\/revisions"}],"predecessor-version":[{"id":634151,"href":"https:\/\/biomes.world\/de\/wp-json\/wp\/v2\/pages\/236\/revisions\/634151"}],"up":[{"embeddable":true,"href":"https:\/\/biomes.world\/de\/wp-json\/wp\/v2\/pages\/500603"}],"wp:attachment":[{"href":"https:\/\/biomes.world\/de\/wp-json\/wp\/v2\/media?parent=236"}],"curies":[{"name":"wp","href":"https:\/\/api.w.org\/{rel}","templated":true}]}}