{"id":227,"date":"2018-09-09T21:57:44","date_gmt":"2018-09-09T19:57:44","guid":{"rendered":"http:\/\/85.214.227.192\/?page_id=227"},"modified":"2023-02-02T10:36:41","modified_gmt":"2023-02-02T09:36:41","slug":"zweckbestimmung","status":"publish","type":"page","link":"https:\/\/biomes.world\/de\/rechtliches\/zweckbestimmung\/","title":{"rendered":"Zweckbestimmung"},"content":{"rendered":"\n<h1 class=\"wp-block-heading\" id=\"h-sub-lifestyle-produkt-intest-pro-sub-zweckbestimmung\"><span class=\"subheader\">Lifestyle-Produkt INTEST.pro<\/span>Zweckbestimmung<\/h1>\n\n\n\n<p><strong>INTEST.<\/strong>pro ist ein Darmflora-Analysetest basierend auf der Erhebung der mikrobiellen DNA einer Stuhlprobe. Die Darstellung der Testergebnisse erfolgt \u00fcber das&nbsp;<strong>BIOMES<\/strong>-Dashboard <a href=\"https:\/\/my.biomes.world\/de\/login\">my.biomes.world<\/a>. Dabei handelt es sich um eine onlinebasierte Anwendung, die dem Kunden die M\u00f6glichkeit gibt, seine Darmflora zu erkunden. Durch Algorithmen der Mustererkennung und k\u00fcnstlichen Intelligenz wird ein Reporting \u00fcber verschiedene Themenbereiche generiert. Der Kunde erh\u00e4lt neben der Visualisierung seiner Testergebnisse individuelle Handlungsempfehlungen. Die Auswertungen und Handlungsempfehlungen sind so aufbereitet, dass sie einem Arzt, Heilpraktiker, Ern\u00e4hrungsberater, Apotheker u.W. als Grundlage f\u00fcr weiterf\u00fchrende Untersuchungen oder Empfehlungen zur Verf\u00fcgung gestellt werden k\u00f6nnen.<\/p>\n\n\n\n<p><strong>INTEST.<\/strong>pro ist ein Lifestyle- und kein Medizinprodukt. Die Analyse von&nbsp;<strong>BIOMES<\/strong>&nbsp;kann eine professionelle medizinische Beratung oder Behandlung durch einen approbierten Arzt\/ Heilpraktiker oder eine professionelle Ern\u00e4hrungsberatung unterst\u00fctzen, aber in keinem Fall ersetzen.&nbsp;<strong>BIOMES<\/strong>&nbsp;weist f\u00fcr den Kunden gut sichtbar und explizit darauf hin, dass die Testergebnisse von <strong>INTEST.<\/strong>pro lediglich eine Erg\u00e4nzung darstellen und bei medizinischen Fragestellungen ein Arzt zu konsultieren ist.<\/p>\n\n\n<div id=\"hero-product-block_025b3049815305c16ff042bcea45ec27\" class=\"hero-product--single hero-product site-block\">\n    <div class=\"hero-product__wrap row\">\n        <div class=\"hero-product__media lg-6 xs-12 column\">\n            <img decoding=\"async\" src=\"https:\/\/biomes.world\/wp-content\/uploads\/2021\/05\/intest_pro-1.png\" srcset=\"https:\/\/biomes.world\/wp-content\/uploads\/2021\/05\/intest_pro-1-300x219.png 300w, https:\/\/biomes.world\/wp-content\/uploads\/2021\/05\/intest_pro-1-250x183.png 250w, https:\/\/biomes.world\/wp-content\/uploads\/2021\/05\/intest_pro-1.png 684w\" sizes=\"(max-width: 30em) 100vw, (max-width: 48em) 100vw, (max-width: 62em) 90vw, (max-width: 75em) 50vw, 800px\" alt=\"\">        <\/div>\n        <div class=\"hero-product__content lg-6 xs-12 column\">\n            <div class=\"hero-product__header\">Unser Darmtest<\/div>Dein erster Schritt in ein ges\u00fcnderes Leben: <b>INTEST.<\/b>pro ist die erste vollst\u00e4ndige Darmflora-Analyse mit individuellen Ern\u00e4hrungs&shy;empfehlungen f\u00fcr deinen Darm, basierend auf der Analyse bakterieller DNA und den neuesten wissenschaftlichen Erkenntnissen.<div class=\"hero-product__price\">159,00 \u20ac<\/div><div class=\"hero-product__action\"><a href=\"https:\/\/shop.biomes.world\/products\/intest-pro\" target=\"\" class=\"wp-block-button__link wp-block-button__link--alternate\">INTEST.pro bestellen<\/a><\/div>        <\/div>\n    <\/div>\n<\/div>\n","protected":false},"excerpt":{"rendered":"<p>Zweckbestimmung INTEST.pro ist ein Darmflora-Analysetest basierend auf der Erhebung der mikrobiellen DNA einer Stuhlprobe. Die Darstellung der Testergebnisse erfolgt \u00fcber das&nbsp;BIOMES-Dashboard my.biomes.world. Dabei handelt es sich um eine onlinebasierte Anwendung, die dem Kunden die M\u00f6glichkeit gibt, seine Darmflora zu erkunden. Durch Algorithmen der Mustererkennung und k\u00fcnstlichen Intelligenz wird ein Reporting \u00fcber verschiedene Themenbereiche generiert. Der [&#8230;]<\/p>\n","protected":false},"author":3168,"featured_media":0,"parent":500603,"menu_order":0,"comment_status":"closed","ping_status":"closed","template":"","meta":{"_acf_changed":false,"footnotes":""},"class_list":["post-227","page","type-page","status-publish","hentry"],"acf":[],"yoast_head":"<!-- This site is optimized with the Yoast SEO Premium plugin v26.2 (Yoast SEO v27.2) - https:\/\/yoast.com\/product\/yoast-seo-premium-wordpress\/ -->\n<title>Zweckbestimmung INTEST.pro | BIOMES - Feel better<\/title>\n<meta name=\"description\" content=\"INTEST.pro ist ein Lifestyleprodukt und Darmflora-Analysetest basierend auf der Erhebung der mikrobiellen DNA einer Stuhlprobe.\" \/>\n<meta name=\"robots\" content=\"index, follow, max-snippet:-1, max-image-preview:large, max-video-preview:-1\" \/>\n<link rel=\"canonical\" href=\"https:\/\/biomes.world\/de\/rechtliches\/zweckbestimmung\/\" \/>\n<meta property=\"og:locale\" content=\"de_DE\" \/>\n<meta property=\"og:type\" content=\"article\" \/>\n<meta property=\"og:title\" content=\"Zweckbestimmung\" \/>\n<meta property=\"og:description\" content=\"INTEST.pro ist ein Lifestyleprodukt und Darmflora-Analysetest basierend auf der Erhebung der mikrobiellen DNA einer Stuhlprobe.\" \/>\n<meta property=\"og:url\" content=\"https:\/\/biomes.world\/de\/rechtliches\/zweckbestimmung\/\" \/>\n<meta property=\"og:site_name\" content=\"BIOMES - Feel better\" \/>\n<meta property=\"article:publisher\" content=\"https:\/\/de-de.facebook.com\/BIOMES.world\/\" \/>\n<meta property=\"article:modified_time\" content=\"2023-02-02T09:36:41+00:00\" \/>\n<meta name=\"twitter:card\" content=\"summary_large_image\" \/>\n<meta name=\"twitter:label1\" content=\"Gesch\u00e4tzte Lesezeit\" \/>\n\t<meta name=\"twitter:data1\" content=\"1\u00a0Minute\" \/>\n<script type=\"application\/ld+json\" class=\"yoast-schema-graph\">{\"@context\":\"https:\/\/schema.org\",\"@graph\":[{\"@type\":\"WebPage\",\"@id\":\"https:\/\/biomes.world\/de\/rechtliches\/zweckbestimmung\/\",\"url\":\"https:\/\/biomes.world\/de\/rechtliches\/zweckbestimmung\/\",\"name\":\"Zweckbestimmung INTEST.pro | BIOMES - Feel better\",\"isPartOf\":{\"@id\":\"https:\/\/biomes.world\/de\/#website\"},\"datePublished\":\"2018-09-09T19:57:44+00:00\",\"dateModified\":\"2023-02-02T09:36:41+00:00\",\"description\":\"INTEST.pro ist ein Lifestyleprodukt und Darmflora-Analysetest basierend auf der Erhebung der mikrobiellen DNA einer Stuhlprobe.\",\"breadcrumb\":{\"@id\":\"https:\/\/biomes.world\/de\/rechtliches\/zweckbestimmung\/#breadcrumb\"},\"inLanguage\":\"de\",\"potentialAction\":[{\"@type\":\"ReadAction\",\"target\":[\"https:\/\/biomes.world\/de\/rechtliches\/zweckbestimmung\/\"]}]},{\"@type\":\"BreadcrumbList\",\"@id\":\"https:\/\/biomes.world\/de\/rechtliches\/zweckbestimmung\/#breadcrumb\",\"itemListElement\":[{\"@type\":\"ListItem\",\"position\":1,\"name\":\"Home\",\"item\":\"https:\/\/biomes.world\/de\/\"},{\"@type\":\"ListItem\",\"position\":2,\"name\":\"Footer Rechtliches\",\"item\":\"https:\/\/biomes.world\/de\/rechtliches\/\"},{\"@type\":\"ListItem\",\"position\":3,\"name\":\"Zweckbestimmung\"}]},{\"@type\":\"WebSite\",\"@id\":\"https:\/\/biomes.world\/de\/#website\",\"url\":\"https:\/\/biomes.world\/de\/\",\"name\":\"BIOMES - Feel better\",\"description\":\"Cutting-edge biotechnology used to help people\",\"publisher\":{\"@id\":\"https:\/\/biomes.world\/de\/#organization\"},\"potentialAction\":[{\"@type\":\"SearchAction\",\"target\":{\"@type\":\"EntryPoint\",\"urlTemplate\":\"https:\/\/biomes.world\/de\/?s={search_term_string}\"},\"query-input\":{\"@type\":\"PropertyValueSpecification\",\"valueRequired\":true,\"valueName\":\"search_term_string\"}}],\"inLanguage\":\"de\"},{\"@type\":\"Organization\",\"@id\":\"https:\/\/biomes.world\/de\/#organization\",\"name\":\"BIOMES 4.0 GmbH\",\"url\":\"https:\/\/biomes.world\/de\/\",\"logo\":{\"@type\":\"ImageObject\",\"inLanguage\":\"de\",\"@id\":\"https:\/\/biomes.world\/de\/#\/schema\/logo\/image\/\",\"url\":\"http:\/\/biomes.world\/wp-content\/uploads\/2024\/04\/biomes_logo_2021_RGB.png\",\"contentUrl\":\"http:\/\/biomes.world\/wp-content\/uploads\/2024\/04\/biomes_logo_2021_RGB.png\",\"width\":10040,\"height\":2599,\"caption\":\"BIOMES 4.0 GmbH\"},\"image\":{\"@id\":\"https:\/\/biomes.world\/de\/#\/schema\/logo\/image\/\"},\"sameAs\":[\"https:\/\/de-de.facebook.com\/BIOMES.world\/\",\"https:\/\/www.youtube.com\/@BIOMESworld\",\"https:\/\/www.instagram.com\/biomes_official\/\"],\"legalName\":\"BIOMES 4.0 GmbH\",\"duns\":\"314778637\"}]}<\/script>\n<!-- \/ Yoast SEO Premium plugin. -->","yoast_head_json":{"title":"Zweckbestimmung INTEST.pro | BIOMES - Feel better","description":"INTEST.pro ist ein Lifestyleprodukt und Darmflora-Analysetest basierend auf der Erhebung der mikrobiellen DNA einer Stuhlprobe.","robots":{"index":"index","follow":"follow","max-snippet":"max-snippet:-1","max-image-preview":"max-image-preview:large","max-video-preview":"max-video-preview:-1"},"canonical":"https:\/\/biomes.world\/de\/rechtliches\/zweckbestimmung\/","og_locale":"de_DE","og_type":"article","og_title":"Zweckbestimmung","og_description":"INTEST.pro ist ein Lifestyleprodukt und Darmflora-Analysetest basierend auf der Erhebung der mikrobiellen DNA einer Stuhlprobe.","og_url":"https:\/\/biomes.world\/de\/rechtliches\/zweckbestimmung\/","og_site_name":"BIOMES - Feel better","article_publisher":"https:\/\/de-de.facebook.com\/BIOMES.world\/","article_modified_time":"2023-02-02T09:36:41+00:00","twitter_card":"summary_large_image","twitter_misc":{"Gesch\u00e4tzte Lesezeit":"1\u00a0Minute"},"schema":{"@context":"https:\/\/schema.org","@graph":[{"@type":"WebPage","@id":"https:\/\/biomes.world\/de\/rechtliches\/zweckbestimmung\/","url":"https:\/\/biomes.world\/de\/rechtliches\/zweckbestimmung\/","name":"Zweckbestimmung INTEST.pro | BIOMES - Feel better","isPartOf":{"@id":"https:\/\/biomes.world\/de\/#website"},"datePublished":"2018-09-09T19:57:44+00:00","dateModified":"2023-02-02T09:36:41+00:00","description":"INTEST.pro ist ein Lifestyleprodukt und Darmflora-Analysetest basierend auf der Erhebung der mikrobiellen DNA einer Stuhlprobe.","breadcrumb":{"@id":"https:\/\/biomes.world\/de\/rechtliches\/zweckbestimmung\/#breadcrumb"},"inLanguage":"de","potentialAction":[{"@type":"ReadAction","target":["https:\/\/biomes.world\/de\/rechtliches\/zweckbestimmung\/"]}]},{"@type":"BreadcrumbList","@id":"https:\/\/biomes.world\/de\/rechtliches\/zweckbestimmung\/#breadcrumb","itemListElement":[{"@type":"ListItem","position":1,"name":"Home","item":"https:\/\/biomes.world\/de\/"},{"@type":"ListItem","position":2,"name":"Footer Rechtliches","item":"https:\/\/biomes.world\/de\/rechtliches\/"},{"@type":"ListItem","position":3,"name":"Zweckbestimmung"}]},{"@type":"WebSite","@id":"https:\/\/biomes.world\/de\/#website","url":"https:\/\/biomes.world\/de\/","name":"BIOMES - Feel better","description":"Cutting-edge biotechnology used to help people","publisher":{"@id":"https:\/\/biomes.world\/de\/#organization"},"potentialAction":[{"@type":"SearchAction","target":{"@type":"EntryPoint","urlTemplate":"https:\/\/biomes.world\/de\/?s={search_term_string}"},"query-input":{"@type":"PropertyValueSpecification","valueRequired":true,"valueName":"search_term_string"}}],"inLanguage":"de"},{"@type":"Organization","@id":"https:\/\/biomes.world\/de\/#organization","name":"BIOMES 4.0 GmbH","url":"https:\/\/biomes.world\/de\/","logo":{"@type":"ImageObject","inLanguage":"de","@id":"https:\/\/biomes.world\/de\/#\/schema\/logo\/image\/","url":"http:\/\/biomes.world\/wp-content\/uploads\/2024\/04\/biomes_logo_2021_RGB.png","contentUrl":"http:\/\/biomes.world\/wp-content\/uploads\/2024\/04\/biomes_logo_2021_RGB.png","width":10040,"height":2599,"caption":"BIOMES 4.0 GmbH"},"image":{"@id":"https:\/\/biomes.world\/de\/#\/schema\/logo\/image\/"},"sameAs":["https:\/\/de-de.facebook.com\/BIOMES.world\/","https:\/\/www.youtube.com\/@BIOMESworld","https:\/\/www.instagram.com\/biomes_official\/"],"legalName":"BIOMES 4.0 GmbH","duns":"314778637"}]}},"_links":{"self":[{"href":"https:\/\/biomes.world\/de\/wp-json\/wp\/v2\/pages\/227","targetHints":{"allow":["GET"]}}],"collection":[{"href":"https:\/\/biomes.world\/de\/wp-json\/wp\/v2\/pages"}],"about":[{"href":"https:\/\/biomes.world\/de\/wp-json\/wp\/v2\/types\/page"}],"author":[{"embeddable":true,"href":"https:\/\/biomes.world\/de\/wp-json\/wp\/v2\/users\/3168"}],"replies":[{"embeddable":true,"href":"https:\/\/biomes.world\/de\/wp-json\/wp\/v2\/comments?post=227"}],"version-history":[{"count":0,"href":"https:\/\/biomes.world\/de\/wp-json\/wp\/v2\/pages\/227\/revisions"}],"up":[{"embeddable":true,"href":"https:\/\/biomes.world\/de\/wp-json\/wp\/v2\/pages\/500603"}],"wp:attachment":[{"href":"https:\/\/biomes.world\/de\/wp-json\/wp\/v2\/media?parent=227"}],"curies":[{"name":"wp","href":"https:\/\/api.w.org\/{rel}","templated":true}]}}