{"id":224,"date":"2018-09-09T21:45:53","date_gmt":"2018-09-09T19:45:53","guid":{"rendered":"http:\/\/85.214.227.192\/?page_id=224"},"modified":"2021-09-23T10:12:55","modified_gmt":"2021-09-23T08:12:55","slug":"versandkosten","status":"publish","type":"page","link":"https:\/\/biomes.world\/de\/versandkosten\/","title":{"rendered":"Versandkosten"},"content":{"rendered":"\n<h1 class=\"wp-block-heading\" id=\"h-versandkosten\">Versandkosten<\/h1>\n\n\n\n<p>Die auf den Produktseiten genannten Preise enthalten die gesetzliche Mehrwertsteuer. Wir liefern in fast alle L\u00e4nder der Welt.<\/p>\n\n\n\n<h2 class=\"wp-block-heading\" id=\"h-lieferkosten\">Lieferkosten<\/h2>\n\n\n\n<p>Ab \u20ac 100,- Warenkorbsumme fallen in Deutschland keine Versandkosten an.<\/p>\n\n\n\n<p>Unter \u20ac 100,- Warenkorbsumme werden in Deutschland zus\u00e4tzlich zu den angegebenen Produktpreisen pauschal \u20ac 5,90 pro Bestellung berechnet.<\/p>\n\n\n\n<p>F\u00fcr den Versand innerhalb der Europ\u00e4ischen Union werden zus\u00e4tzlich zu den angegebenen Produktpreisen pauschal \u20ac 9,90 pro Bestellung berechnet, ab \u20ac 100,- Warenkorbsumme ist der Versand innerhalb der Europ\u00e4ischen Union entgeltfrei.<\/p>\n\n\n\n<p>F\u00fcr den Versand innerhalb Europas, ausgenommen L\u00e4nder der Europ\u00e4ischen Union, werden zus\u00e4tzlich zu den angegebenen Produktpreisen pauschal \u20ac 19,90 pro Bestellung berechnet, ab \u20ac 100,- Warenkorbsumme ist der Versand innerhalb Europas, ausgenommen L\u00e4nder der Europ\u00e4ischen Union, entgeltfrei.<\/p>\n\n\n\n<p>F\u00fcr den Versand in L\u00e4nder au\u00dferhalb Europas werden zus\u00e4tzlich zu den angegebenen Produktpreisen pauschal \u20ac 19,90 pro Bestellung berechnet, ab \u20ac 200,- Warenkorbsumme ist der Versand au\u00dferhalb Europas entgeltfrei.<\/p>\n\n\n\n<p>Die Versandkostenpauschale versteht sich inkl. ggfs. anfallender gesetzlicher Mehrwertsteuer.<\/p>\n\n\n\n<p>Die Versandkosten beinhalten bei Kauf von <strong>INTEST.<\/strong>pro sowohl den Hinversand als auch den versicherten R\u00fcckversand.<\/p>\n\n\n\n<p>In vereinzelten F\u00e4llen erhebt unser Versanddienstleister einen Au\u00dfengebietszuschlag von \u20ac 25. Diesen Zuschlag geben wir an dich weiter. Ob dieser Zuschlag bei deiner Lieferadresse f\u00e4llig wird, siehst du in der \u00dcbersicht deines Warenkorbs.<\/p>\n","protected":false},"excerpt":{"rendered":"<p>Versandkosten Die auf den Produktseiten genannten Preise enthalten die gesetzliche Mehrwertsteuer. Wir liefern in fast alle L\u00e4nder der Welt. Lieferkosten Ab \u20ac 100,- Warenkorbsumme fallen in Deutschland keine Versandkosten an. Unter \u20ac 100,- Warenkorbsumme werden in Deutschland zus\u00e4tzlich zu den angegebenen Produktpreisen pauschal \u20ac 5,90 pro Bestellung berechnet. F\u00fcr den Versand innerhalb der Europ\u00e4ischen Union [&#8230;]<\/p>\n","protected":false},"author":3168,"featured_media":0,"parent":500603,"menu_order":0,"comment_status":"closed","ping_status":"closed","template":"","meta":{"_acf_changed":false,"footnotes":""},"class_list":["post-224","page","type-page","status-publish","hentry"],"acf":[],"yoast_head":"<!-- This site is optimized with the Yoast SEO Premium plugin v26.2 (Yoast SEO v27.2) - https:\/\/yoast.com\/product\/yoast-seo-premium-wordpress\/ -->\n<title>Zahlungsarten &amp; Versand | Nie wieder Darmbeschwerden<\/title>\n<meta name=\"description\" content=\"Hier findest du die Zahlungsarten und Versandkosten unsers BIOMES Shops. Bestelle unseren Darmtest INTEST.pro und erkunde Beschwerden.\" \/>\n<meta name=\"robots\" content=\"index, follow, max-snippet:-1, max-image-preview:large, max-video-preview:-1\" \/>\n<link rel=\"canonical\" href=\"https:\/\/biomes.world\/de\/versandkosten\/\" \/>\n<meta property=\"og:locale\" content=\"de_DE\" \/>\n<meta property=\"og:type\" content=\"article\" \/>\n<meta property=\"og:title\" content=\"Versandkosten\" \/>\n<meta property=\"og:description\" content=\"Hier findest du die Zahlungsarten und Versandkosten unsers BIOMES Shops. Bestelle unseren Darmtest INTEST.pro und erkunde Beschwerden.\" \/>\n<meta property=\"og:url\" content=\"https:\/\/biomes.world\/de\/versandkosten\/\" \/>\n<meta property=\"og:site_name\" content=\"BIOMES - Feel better\" \/>\n<meta property=\"article:publisher\" content=\"https:\/\/de-de.facebook.com\/BIOMES.world\/\" \/>\n<meta property=\"article:modified_time\" content=\"2021-09-23T08:12:55+00:00\" \/>\n<meta name=\"twitter:card\" content=\"summary_large_image\" \/>\n<meta name=\"twitter:label1\" content=\"Gesch\u00e4tzte Lesezeit\" \/>\n\t<meta name=\"twitter:data1\" content=\"1\u00a0Minute\" \/>\n<script type=\"application\/ld+json\" class=\"yoast-schema-graph\">{\"@context\":\"https:\/\/schema.org\",\"@graph\":[{\"@type\":\"WebPage\",\"@id\":\"https:\/\/biomes.world\/de\/versandkosten\/\",\"url\":\"https:\/\/biomes.world\/de\/versandkosten\/\",\"name\":\"Zahlungsarten & Versand | Nie wieder Darmbeschwerden\",\"isPartOf\":{\"@id\":\"https:\/\/biomes.world\/de\/#website\"},\"datePublished\":\"2018-09-09T19:45:53+00:00\",\"dateModified\":\"2021-09-23T08:12:55+00:00\",\"description\":\"Hier findest du die Zahlungsarten und Versandkosten unsers BIOMES Shops. Bestelle unseren Darmtest INTEST.pro und erkunde Beschwerden.\",\"breadcrumb\":{\"@id\":\"https:\/\/biomes.world\/de\/versandkosten\/#breadcrumb\"},\"inLanguage\":\"de\",\"potentialAction\":[{\"@type\":\"ReadAction\",\"target\":[\"https:\/\/biomes.world\/de\/versandkosten\/\"]}]},{\"@type\":\"BreadcrumbList\",\"@id\":\"https:\/\/biomes.world\/de\/versandkosten\/#breadcrumb\",\"itemListElement\":[{\"@type\":\"ListItem\",\"position\":1,\"name\":\"Home\",\"item\":\"https:\/\/biomes.world\/de\/\"},{\"@type\":\"ListItem\",\"position\":2,\"name\":\"Footer Rechtliches\",\"item\":\"https:\/\/biomes.world\/de\/rechtliches\/\"},{\"@type\":\"ListItem\",\"position\":3,\"name\":\"Versandkosten\"}]},{\"@type\":\"WebSite\",\"@id\":\"https:\/\/biomes.world\/de\/#website\",\"url\":\"https:\/\/biomes.world\/de\/\",\"name\":\"BIOMES - Feel better\",\"description\":\"Cutting-edge biotechnology used to help people\",\"publisher\":{\"@id\":\"https:\/\/biomes.world\/de\/#organization\"},\"potentialAction\":[{\"@type\":\"SearchAction\",\"target\":{\"@type\":\"EntryPoint\",\"urlTemplate\":\"https:\/\/biomes.world\/de\/?s={search_term_string}\"},\"query-input\":{\"@type\":\"PropertyValueSpecification\",\"valueRequired\":true,\"valueName\":\"search_term_string\"}}],\"inLanguage\":\"de\"},{\"@type\":\"Organization\",\"@id\":\"https:\/\/biomes.world\/de\/#organization\",\"name\":\"BIOMES 4.0 GmbH\",\"url\":\"https:\/\/biomes.world\/de\/\",\"logo\":{\"@type\":\"ImageObject\",\"inLanguage\":\"de\",\"@id\":\"https:\/\/biomes.world\/de\/#\/schema\/logo\/image\/\",\"url\":\"http:\/\/biomes.world\/wp-content\/uploads\/2024\/04\/biomes_logo_2021_RGB.png\",\"contentUrl\":\"http:\/\/biomes.world\/wp-content\/uploads\/2024\/04\/biomes_logo_2021_RGB.png\",\"width\":10040,\"height\":2599,\"caption\":\"BIOMES 4.0 GmbH\"},\"image\":{\"@id\":\"https:\/\/biomes.world\/de\/#\/schema\/logo\/image\/\"},\"sameAs\":[\"https:\/\/de-de.facebook.com\/BIOMES.world\/\",\"https:\/\/www.youtube.com\/@BIOMESworld\",\"https:\/\/www.instagram.com\/biomes_official\/\"],\"legalName\":\"BIOMES 4.0 GmbH\",\"duns\":\"314778637\"}]}<\/script>\n<!-- \/ Yoast SEO Premium plugin. -->","yoast_head_json":{"title":"Zahlungsarten & Versand | Nie wieder Darmbeschwerden","description":"Hier findest du die Zahlungsarten und Versandkosten unsers BIOMES Shops. Bestelle unseren Darmtest INTEST.pro und erkunde Beschwerden.","robots":{"index":"index","follow":"follow","max-snippet":"max-snippet:-1","max-image-preview":"max-image-preview:large","max-video-preview":"max-video-preview:-1"},"canonical":"https:\/\/biomes.world\/de\/versandkosten\/","og_locale":"de_DE","og_type":"article","og_title":"Versandkosten","og_description":"Hier findest du die Zahlungsarten und Versandkosten unsers BIOMES Shops. Bestelle unseren Darmtest INTEST.pro und erkunde Beschwerden.","og_url":"https:\/\/biomes.world\/de\/versandkosten\/","og_site_name":"BIOMES - Feel better","article_publisher":"https:\/\/de-de.facebook.com\/BIOMES.world\/","article_modified_time":"2021-09-23T08:12:55+00:00","twitter_card":"summary_large_image","twitter_misc":{"Gesch\u00e4tzte Lesezeit":"1\u00a0Minute"},"schema":{"@context":"https:\/\/schema.org","@graph":[{"@type":"WebPage","@id":"https:\/\/biomes.world\/de\/versandkosten\/","url":"https:\/\/biomes.world\/de\/versandkosten\/","name":"Zahlungsarten & Versand | Nie wieder Darmbeschwerden","isPartOf":{"@id":"https:\/\/biomes.world\/de\/#website"},"datePublished":"2018-09-09T19:45:53+00:00","dateModified":"2021-09-23T08:12:55+00:00","description":"Hier findest du die Zahlungsarten und Versandkosten unsers BIOMES Shops. Bestelle unseren Darmtest INTEST.pro und erkunde Beschwerden.","breadcrumb":{"@id":"https:\/\/biomes.world\/de\/versandkosten\/#breadcrumb"},"inLanguage":"de","potentialAction":[{"@type":"ReadAction","target":["https:\/\/biomes.world\/de\/versandkosten\/"]}]},{"@type":"BreadcrumbList","@id":"https:\/\/biomes.world\/de\/versandkosten\/#breadcrumb","itemListElement":[{"@type":"ListItem","position":1,"name":"Home","item":"https:\/\/biomes.world\/de\/"},{"@type":"ListItem","position":2,"name":"Footer Rechtliches","item":"https:\/\/biomes.world\/de\/rechtliches\/"},{"@type":"ListItem","position":3,"name":"Versandkosten"}]},{"@type":"WebSite","@id":"https:\/\/biomes.world\/de\/#website","url":"https:\/\/biomes.world\/de\/","name":"BIOMES - Feel better","description":"Cutting-edge biotechnology used to help people","publisher":{"@id":"https:\/\/biomes.world\/de\/#organization"},"potentialAction":[{"@type":"SearchAction","target":{"@type":"EntryPoint","urlTemplate":"https:\/\/biomes.world\/de\/?s={search_term_string}"},"query-input":{"@type":"PropertyValueSpecification","valueRequired":true,"valueName":"search_term_string"}}],"inLanguage":"de"},{"@type":"Organization","@id":"https:\/\/biomes.world\/de\/#organization","name":"BIOMES 4.0 GmbH","url":"https:\/\/biomes.world\/de\/","logo":{"@type":"ImageObject","inLanguage":"de","@id":"https:\/\/biomes.world\/de\/#\/schema\/logo\/image\/","url":"http:\/\/biomes.world\/wp-content\/uploads\/2024\/04\/biomes_logo_2021_RGB.png","contentUrl":"http:\/\/biomes.world\/wp-content\/uploads\/2024\/04\/biomes_logo_2021_RGB.png","width":10040,"height":2599,"caption":"BIOMES 4.0 GmbH"},"image":{"@id":"https:\/\/biomes.world\/de\/#\/schema\/logo\/image\/"},"sameAs":["https:\/\/de-de.facebook.com\/BIOMES.world\/","https:\/\/www.youtube.com\/@BIOMESworld","https:\/\/www.instagram.com\/biomes_official\/"],"legalName":"BIOMES 4.0 GmbH","duns":"314778637"}]}},"_links":{"self":[{"href":"https:\/\/biomes.world\/de\/wp-json\/wp\/v2\/pages\/224","targetHints":{"allow":["GET"]}}],"collection":[{"href":"https:\/\/biomes.world\/de\/wp-json\/wp\/v2\/pages"}],"about":[{"href":"https:\/\/biomes.world\/de\/wp-json\/wp\/v2\/types\/page"}],"author":[{"embeddable":true,"href":"https:\/\/biomes.world\/de\/wp-json\/wp\/v2\/users\/3168"}],"replies":[{"embeddable":true,"href":"https:\/\/biomes.world\/de\/wp-json\/wp\/v2\/comments?post=224"}],"version-history":[{"count":0,"href":"https:\/\/biomes.world\/de\/wp-json\/wp\/v2\/pages\/224\/revisions"}],"up":[{"embeddable":true,"href":"https:\/\/biomes.world\/de\/wp-json\/wp\/v2\/pages\/500603"}],"wp:attachment":[{"href":"https:\/\/biomes.world\/de\/wp-json\/wp\/v2\/media?parent=224"}],"curies":[{"name":"wp","href":"https:\/\/api.w.org\/{rel}","templated":true}]}}