{"id":215642,"date":"2019-10-23T19:26:22","date_gmt":"2019-10-23T17:26:22","guid":{"rendered":"http:\/\/biomes.world\/?page_id=215642"},"modified":"2023-08-02T14:40:03","modified_gmt":"2023-08-02T12:40:03","slug":"abnehmen-durch-probiotika","status":"publish","type":"page","link":"https:\/\/biomes.world\/de\/abnehmen-durch-probiotika\/","title":{"rendered":"Abnehmen durch Probiotika"},"content":{"rendered":"\n<h1 class=\"wp-block-heading\" id=\"h-konnen-probiotika-beim-abnehmen-helfen\">K\u00f6nnen Probiotika beim Abnehmen helfen?<\/h1>\n\n\n\n<p>Dass Probiotika unserem K\u00f6rper guttun, verr\u00e4t schon ihr Name: \u201ePro\u201c ist Latein und bedeutet&nbsp;<strong>\u201ef\u00fcr\u201c<\/strong>, und das altgriechische Wort \u201ebios\u201c bedeutet&nbsp;<strong>\u201eLeben\u201c<\/strong>. Kleine Mikroorganismen, Bakterien und Pilze, wie sie in Probiotika enthalten sind, sind lebensnotwendig f\u00fcr den menschlichen K\u00f6rper. Die Gesamtheit aller&nbsp;<a href=\"http:\/\/biomes.world\/de\/wissenswertes\/darm\/darmbakterien\/bakterien-der-darmflora\/\" target=\"_blank\" rel=\"noreferrer noopener\">Mikroorganismen in unserem Darm<\/a>&nbsp;\u2013 die intestinale Mikrobiota \u2013 erf\u00fcllt zahlreiche wichtige Aufgaben. Und wenn sie ausgeglichen und vielf\u00e4ltig zusammengesetzt ist, kann das beispielsweise auch bei der Gewichtsreduktion helfen. K\u00f6nnen dich Probiotika also beim Abnehmen unterst\u00fctzen?<\/p>\n\n\n\n<h2 class=\"wp-block-heading\" id=\"h-was-sind-probiotika\">Was sind Probiotika?<\/h2>\n\n\n\n<p><a href=\"http:\/\/biomes.world\/de\/wissenswertes\/darm\/darmgesundheit\/probiotika\/\" target=\"_blank\" rel=\"noreferrer noopener\">Probiotika<\/a>&nbsp;sind laut der Definition der Weltgesundheitsorganisation&nbsp;<strong>lebende Mikroorganismen<\/strong>, die dem Wirtsorganismus einen&nbsp;<strong>gesundheitlichen Nutzen<\/strong>&nbsp;bringen. Probiotika kommen in unterschiedlichen Formen vor: Es gibt Lebensmittel, die von Natur aus probiotisch sind, sowie probiotische Nahrungs&shy;erg\u00e4nzungs&shy;mittel, die mit Bakterien bestimmter St\u00e4mme angereichert sind. Entscheidend ist, dass die Mikroorganismen leben und sich&nbsp;<strong>im K\u00f6rper vermehren k\u00f6nnen<\/strong>.<\/p>\n\n\n\n<h2 class=\"wp-block-heading\" id=\"h-probiotische-lebensmittel-naturliche-abnehmhilfen\">Probiotische Lebensmittel: Nat\u00fcrliche Abnehmhilfen<\/h2>\n\n\n\n<p>Es gibt einige Lebensmittel, die lebende Bakterien enthalten, vor allem&nbsp;<strong>Milchs\u00e4urebakterien<\/strong>. Du kannst sie einfach&nbsp;<strong>\u00fcber deine Nahrung aufnehmen<\/strong>&nbsp;und damit deine Darmflora anreichern, was sich positiv auf deine Abnehmziele auswirken kann. F\u00fcr folgende nat\u00fcrliche Probiotika sollte auch abseits einer Di\u00e4t immer mal wieder ein Platz in deinem Speiseplan reserviert sein:<\/p>\n\n\n<div id=\"benefits-block_7d0c648240dd076a82b285ba2a0a3e6e\" class=\"benefits site-block\">\n    <div class=\"benefits__row row xs-up-1 md-up-2 lg-up-3\">\n        <div class=\"benefits__item column\"><div class=\"benefits__content\"><div class=\"benefits__media--icon benefits__media\"><svg xmlns=\"http:\/\/www.w3.org\/2000\/svg\" viewBox=\"0 0 12 12\"><use xlink:href=\"https:\/\/biomes.world\/wp-content\/themes\/biomesworld\/resources\/public\/svg\/icons.svg?1.62#check\"><\/use><\/svg><\/div><div class=\"benefits__text\"><div class=\"benefits__header\">Sauerkraut<\/div><p>Hierbei muss es sich um frisches Sauerkraut handeln, das nicht erhitzt, sondern fermentiert wurde, um es haltbar zu machen. Schau mal im Biomarkt, ob du f\u00fcndig wirst.<\/p>\n<\/div><\/div><\/div><div class=\"benefits__item column\"><div class=\"benefits__content\"><div class=\"benefits__media--icon benefits__media\"><svg xmlns=\"http:\/\/www.w3.org\/2000\/svg\" viewBox=\"0 0 12 12\"><use xlink:href=\"https:\/\/biomes.world\/wp-content\/themes\/biomesworld\/resources\/public\/svg\/icons.svg?1.62#check\"><\/use><\/svg><\/div><div class=\"benefits__text\"><div class=\"benefits__header\">Joghurt<\/div><p>Iss naturbelassenen Joghurt, den du mit Honig oder frischem Obst anreichern kannst, damit er mehr Geschmack bekommt.<\/p>\n<\/div><\/div><\/div><div class=\"benefits__item column\"><div class=\"benefits__content\"><div class=\"benefits__media--icon benefits__media\"><svg xmlns=\"http:\/\/www.w3.org\/2000\/svg\" viewBox=\"0 0 12 12\"><use xlink:href=\"https:\/\/biomes.world\/wp-content\/themes\/biomesworld\/resources\/public\/svg\/icons.svg?1.62#check\"><\/use><\/svg><\/div><div class=\"benefits__text\"><div class=\"benefits__header\">Kefir<\/div><p>Er schmeckt nicht jedem, aber es lohnt sich, dem Kefir eine Chance zu geben. Das s\u00e4uerliche, dicke Milchgetr\u00e4nk entsteht durch G\u00e4rung mit dem\u00a0<a href=\"http:\/\/biomes.world\/de\/wissenswertes\/ernaehrung\/kefir\/\">Kefirpilz<\/a>.<\/p>\n<\/div><\/div><\/div><div class=\"benefits__item column\"><div class=\"benefits__content\"><div class=\"benefits__media--icon benefits__media\"><svg xmlns=\"http:\/\/www.w3.org\/2000\/svg\" viewBox=\"0 0 12 12\"><use xlink:href=\"https:\/\/biomes.world\/wp-content\/themes\/biomesworld\/resources\/public\/svg\/icons.svg?1.62#check\"><\/use><\/svg><\/div><div class=\"benefits__text\"><div class=\"benefits__header\">Miso<\/div><p>Die japanische Gew\u00fcrzpaste wird aus fermentiertem Soja hergestellt \u2013 und fermentiert ist immer gut, da beim G\u00e4rungsprozess zahlreiche Bakterien am Werk sind.<\/p>\n<\/div><\/div><\/div><div class=\"benefits__item column\"><div class=\"benefits__content\"><div class=\"benefits__media--icon benefits__media\"><svg xmlns=\"http:\/\/www.w3.org\/2000\/svg\" viewBox=\"0 0 12 12\"><use xlink:href=\"https:\/\/biomes.world\/wp-content\/themes\/biomesworld\/resources\/public\/svg\/icons.svg?1.62#check\"><\/use><\/svg><\/div><div class=\"benefits__text\"><div class=\"benefits__header\">Apfelessig<\/div><p>Noch ein vergorenes Lebensmittel, das du immer mal zu dir nehmen kannst \u2013 ein Schuss Apfelessig im Salatdressing beispielsweise und schon freut sich dein Darm.<\/p>\n<\/div><\/div><\/div><div class=\"benefits__item column\"><div class=\"benefits__content\"><div class=\"benefits__media--icon benefits__media\"><svg xmlns=\"http:\/\/www.w3.org\/2000\/svg\" viewBox=\"0 0 12 12\"><use xlink:href=\"https:\/\/biomes.world\/wp-content\/themes\/biomesworld\/resources\/public\/svg\/icons.svg?1.62#check\"><\/use><\/svg><\/div><div class=\"benefits__text\"><div class=\"benefits__header\">Kombucha-Tee<\/div><p>Er feiert ein Comeback als Trend-Getr\u00e4nk \u2013 und wir finden das super. Denn Kombucha-Tee ist ebenfalls fermentiert. Und was du dementsprechend darin findest, m\u00fcssen wir wohl nicht noch einmal sagen.<\/p>\n<\/div><\/div><\/div>    <\/div>\n<\/div>\n\n\n\n<p><strong>Warum helfen Probiotika beim Abnehmen?<\/strong>&nbsp;Bei einer ausgeglichenen Darmflora halten sich f\u00fcrs Abnehmen vorteilhafte Bakterien und solche, die dem Abnehmen eher im Weg stehen, in etwa die Waage. N\u00fctzlich sind unter anderem die&nbsp;<a href=\"http:\/\/biomes.world\/de\/wissenswertes\/darm\/darmbakterien\/bacteroidetes\/\">Bacteroidetes-Bakterien<\/a>. Denn diese sind nicht so gr\u00fcndlich darin, Energie aus der Nahrung zu erschlie\u00dfen. Wenn deine Darmflora ausreichend Bacteroidetes aufweist, entsteht bei dir nicht so leicht ein Kalorien\u00fcberschuss, durch den du zunehmen w\u00fcrdest.<\/p>\n\n\n\n<p>Und auch, wenn du probiotische Lebensmittel zu dir nimmst, die keine dieser&nbsp;<strong>\u201eSchlankmacher-Bakterien\u201c<\/strong>&nbsp;enthalten, f\u00f6rderst du damit trotzdem die Vielfalt deiner Darmflora, und das macht es dir leichter, ein normales K\u00f6rpergewicht zu halten.<\/p>\n\n\n\n<h2 class=\"wp-block-heading\" id=\"h-probiotische-nahrungserganzungsmittel-wann-sind-sie-sinnvoll\">Probiotische Nahrungs&shy;erg\u00e4nzungs&shy;mittel \u2013 wann sind sie sinnvoll?<\/h2>\n\n\n\n<p>Die Darmflora baut sich von Geburt an automatisch auf \u2013 du musst sie nur gut f\u00fcttern. Probiotische Lebensmittel sind daf\u00fcr sehr gut geeignet. Allerdings enthalten l\u00e4ngst nicht alle Lebensmittel die n\u00fctzlichen Bakterien. Das&nbsp;<strong>aktive Anreichern des Darms mit Bakterien<\/strong>&nbsp;kann daher vor allem in bestimmten Situationen sehr empfehlenswert sein, beispielsweise&nbsp;<strong>nach einer<a href=\"http:\/\/biomes.world\/de\/wissenswertes\/darm\/darmflora\/darmprobleme-nach-antibiotika\/\">&nbsp;Antibiotikum-Einnahme<\/a><\/strong>. Denn Antibiotika arbeiten \u2013 wie der Name verr\u00e4t \u2013 gegen Bakterien.<\/p>\n\n\n\n<p>Zwar haben Antibiotika eigentlich nur bestimmte krankmachende Bakterien auf dem Kieker \u2013 aber kein Antibiotikum wirkt tats\u00e4chlich so gezielt. Daher erwischt es immer auch einige der guten Vertreter. Wenn dein Darm durch die Einnahme von Antibiotika also geschw\u00e4cht ist und die Vielfalt an Bakterien verringert ist, k\u00f6nnen dir&nbsp;<strong>probiotische Nahrungs&shy;erg\u00e4nzungs&shy;mittel<\/strong> dabei helfen, <strong>gezielt und in kurzer Zeit den Darm wieder mit n\u00fctzlichen Bakterien anzureichern<\/strong>.<\/p>\n\n\n\n<p>Auch wenn du abnehmen m\u00f6chtest, k\u00f6nnen Probiotika helfen. Manchen Menschen f\u00e4llt es schwer, Gewicht zu verlieren, weil sie zu wenige von den \u201eSchlankmachern\u201c im Darm haben, daf\u00fcr mehr von den \u201eDickmachern\u201c \u2013 allen voran den&nbsp;Firmicutes-Bakterien. Es sind einige probiotische Nahrungs&shy;erg\u00e4nzungs&shy;mittel erh\u00e4ltlich, die diese Bakterien enthalten. In&nbsp;<strong>Kombination mit einer ausgewogenen, ballaststoffreichen Ern\u00e4hrung<\/strong>&nbsp;kannst du diese kleinen Helfer im Darm vermehren und das Abnehmen f\u00e4llt dir leichter. Abnehmen allein mit Probiotika wird jedoch nicht zum Erfolg f\u00fchren: Eine ausgewogene Ern\u00e4hrung und ausreichend Bewegung sind ebenfalls notwendig.<\/p>\n\n\n\n<h2 class=\"wp-block-heading\" id=\"h-auf-dem-weg-zum-idealgewicht-die-darmbakterien-gezielt-fordern\">Auf dem Weg zum Idealgewicht: Die Darmbakterien gezielt f\u00f6rdern<\/h2>\n\n\n\n<p>Vielleicht fragst du dich, woher du eigentlich wissen sollst, welche Darmbakterien bei dir vorherrschen und ob dir Probiotika beim Abnehmen n\u00fctzen k\u00f6nnten? Mit der Darmanalyse <a href=\"http:\/\/biomes.world\/de\/feel-better\/intest-pro\/\"><strong>INTEST.<\/strong>pro<\/a> von <strong>BIOMES<\/strong>&nbsp;hast du bald Gewissheit: Lass dir ein&nbsp;<strong>Test-Kit zusenden, nimm eine Stuhlprobe, schick sie ins Labor<\/strong>&nbsp;von&nbsp;<strong>BIOMES<\/strong>&nbsp;und gedulde dich etwas. Nach etwa zwei Wochen erh\u00e4ltst du eine ausf\u00fchrliche Auswertung zum Zustand deiner Darmflora.<\/p>\n\n\n\n<p>Die Wissenschaftler*innen von&nbsp;<strong>BIOMES<\/strong>&nbsp;erkl\u00e4ren dir nicht nur, was in deinem Darm los ist und was vielleicht fehlt, sondern geben dir auch konkrete Tipps. Dies reicht von einem individuell erstellten Ern\u00e4hrungsplan bis hin zu Empfehlungen, ob dir beispielsweise spezielle Probiotika zum Abnehmen helfen k\u00f6nnten.<\/p>\n\n\n\n<p>Analysiere deine Darmflora.<\/p>\n\n\n\n<p>Finde heraus, was dein K\u00f6rper braucht.<\/p>\n\n\n<div\n    id=\"hero-teaser-block_5aa19e4cea43dfbfc970755dc0d52a33\"\n    class=\"hero-teaser site-block\"\n>\n    <div class=\"hero-teaser__media\">\n        <img decoding=\"async\"\n            src=\"https:\/\/biomes.world\/wp-content\/uploads\/2019\/12\/Darmflora_Immunsystem_aus_dem_Bauch_heraus-1600x650.jpg\"\n            alt=\"\"\n            srcset=\"https:\/\/biomes.world\/wp-content\/uploads\/2019\/12\/Darmflora_Immunsystem_aus_dem_Bauch_heraus-300x169.jpg 300w, https:\/\/biomes.world\/wp-content\/uploads\/2019\/12\/Darmflora_Immunsystem_aus_dem_Bauch_heraus-1024x576.jpg 1024w, https:\/\/biomes.world\/wp-content\/uploads\/2019\/12\/Darmflora_Immunsystem_aus_dem_Bauch_heraus-768x432.jpg 768w, https:\/\/biomes.world\/wp-content\/uploads\/2019\/12\/Darmflora_Immunsystem_aus_dem_Bauch_heraus-1536x864.jpg 1536w, https:\/\/biomes.world\/wp-content\/uploads\/2019\/12\/Darmflora_Immunsystem_aus_dem_Bauch_heraus-250x141.jpg 250w, https:\/\/biomes.world\/wp-content\/uploads\/2019\/12\/Darmflora_Immunsystem_aus_dem_Bauch_heraus.jpg 1620w\"\n            sizes=\"(max-width: 30em) 100vw, (max-width: 48em) 100vw, (max-width: 62em) 100vw, (max-width: 75em) 100vw, 1400px\t\"\n        >\n    <\/div>\n    <div class=\"hero-teaser__header\">\n        <div class=\"hero-teaser__col column\">\n            <h2 class=\"hero-teaser__title\">\n                <span>Analysiere deine Darmflora.<\/span>\n                Der Darmtest von BIOMES            <\/h2>\n            \n\n<p>Wie analysieren wir deine Darmflora? Was beinhaltet der Test genau? Wo kannst du <strong>INTEST.<\/strong>pro kaufen?<br>Und wie sch\u00fctzen wir deine Daten?<\/p>\n\n\n\n<div class=\"wp-block-buttons is-layout-flex wp-block-buttons-is-layout-flex\">\n<div class=\"wp-block-button\"><a class=\"wp-block-button__link wp-element-button\" href=\"https:\/\/shop.biomes.world\/\" target=\"_blank\" rel=\"noreferrer noopener\">Ausf\u00fchrliche Informationen<\/a><\/div>\n<\/div>\n\n        <\/div>\n    <\/div>\n<\/div>\n","protected":false},"excerpt":{"rendered":"<p>K\u00f6nnen Probiotika beim Abnehmen helfen? Dass Probiotika unserem K\u00f6rper guttun, verr\u00e4t schon ihr Name: \u201ePro\u201c ist Latein und bedeutet&nbsp;\u201ef\u00fcr\u201c, und das altgriechische Wort \u201ebios\u201c bedeutet&nbsp;\u201eLeben\u201c. Kleine Mikroorganismen, Bakterien und Pilze, wie sie in Probiotika enthalten sind, sind lebensnotwendig f\u00fcr den menschlichen K\u00f6rper. Die Gesamtheit aller&nbsp;Mikroorganismen in unserem Darm&nbsp;\u2013 die intestinale Mikrobiota \u2013 erf\u00fcllt zahlreiche wichtige [&#8230;]<\/p>\n","protected":false},"author":1572,"featured_media":0,"parent":0,"menu_order":0,"comment_status":"closed","ping_status":"closed","template":"","meta":{"_acf_changed":false,"footnotes":""},"class_list":["post-215642","page","type-page","status-publish","hentry"],"acf":[],"yoast_head":"<!-- This site is optimized with the Yoast SEO Premium plugin v26.2 (Yoast SEO v27.2) - https:\/\/yoast.com\/product\/yoast-seo-premium-wordpress\/ -->\n<title>Probiotika zum Abnehmen \u2013 bringt das was? | BIOMES<\/title>\n<meta name=\"description\" content=\"K\u00f6nnen Probiotika eine Di\u00e4t unterst\u00fctzen? Was genau sind die kleinen lebenden Mikroorganismen eigentlich? BIOMES verschafft einen \u00dcberblick.\" \/>\n<meta name=\"robots\" content=\"index, follow, max-snippet:-1, max-image-preview:large, max-video-preview:-1\" \/>\n<link rel=\"canonical\" href=\"https:\/\/biomes.world\/de\/abnehmen-durch-probiotika\/\" \/>\n<meta property=\"og:locale\" content=\"de_DE\" \/>\n<meta property=\"og:type\" content=\"article\" \/>\n<meta property=\"og:title\" content=\"Abnehmen durch Probiotika\" \/>\n<meta property=\"og:description\" content=\"K\u00f6nnen Probiotika eine Di\u00e4t unterst\u00fctzen? Was genau sind die kleinen lebenden Mikroorganismen eigentlich? BIOMES verschafft einen \u00dcberblick.\" \/>\n<meta property=\"og:url\" content=\"https:\/\/biomes.world\/de\/abnehmen-durch-probiotika\/\" \/>\n<meta property=\"og:site_name\" content=\"BIOMES - Feel better\" \/>\n<meta property=\"article:publisher\" content=\"https:\/\/de-de.facebook.com\/BIOMES.world\/\" \/>\n<meta property=\"article:modified_time\" content=\"2023-08-02T12:40:03+00:00\" \/>\n<meta name=\"twitter:card\" content=\"summary_large_image\" \/>\n<meta name=\"twitter:label1\" content=\"Gesch\u00e4tzte Lesezeit\" \/>\n\t<meta name=\"twitter:data1\" content=\"4\u00a0Minuten\" \/>\n<script type=\"application\/ld+json\" class=\"yoast-schema-graph\">{\"@context\":\"https:\/\/schema.org\",\"@graph\":[{\"@type\":\"WebPage\",\"@id\":\"https:\/\/biomes.world\/de\/abnehmen-durch-probiotika\/\",\"url\":\"https:\/\/biomes.world\/de\/abnehmen-durch-probiotika\/\",\"name\":\"Probiotika zum Abnehmen \u2013 bringt das was? | BIOMES\",\"isPartOf\":{\"@id\":\"https:\/\/biomes.world\/de\/#website\"},\"datePublished\":\"2019-10-23T17:26:22+00:00\",\"dateModified\":\"2023-08-02T12:40:03+00:00\",\"description\":\"K\u00f6nnen Probiotika eine Di\u00e4t unterst\u00fctzen? Was genau sind die kleinen lebenden Mikroorganismen eigentlich? BIOMES verschafft einen \u00dcberblick.\",\"breadcrumb\":{\"@id\":\"https:\/\/biomes.world\/de\/abnehmen-durch-probiotika\/#breadcrumb\"},\"inLanguage\":\"de\",\"potentialAction\":[{\"@type\":\"ReadAction\",\"target\":[\"https:\/\/biomes.world\/de\/abnehmen-durch-probiotika\/\"]}]},{\"@type\":\"BreadcrumbList\",\"@id\":\"https:\/\/biomes.world\/de\/abnehmen-durch-probiotika\/#breadcrumb\",\"itemListElement\":[{\"@type\":\"ListItem\",\"position\":1,\"name\":\"Home\",\"item\":\"https:\/\/biomes.world\/de\/\"},{\"@type\":\"ListItem\",\"position\":2,\"name\":\"Abnehmen durch Probiotika\"}]},{\"@type\":\"WebSite\",\"@id\":\"https:\/\/biomes.world\/de\/#website\",\"url\":\"https:\/\/biomes.world\/de\/\",\"name\":\"BIOMES - Feel better\",\"description\":\"Cutting-edge biotechnology used to help people\",\"publisher\":{\"@id\":\"https:\/\/biomes.world\/de\/#organization\"},\"potentialAction\":[{\"@type\":\"SearchAction\",\"target\":{\"@type\":\"EntryPoint\",\"urlTemplate\":\"https:\/\/biomes.world\/de\/?s={search_term_string}\"},\"query-input\":{\"@type\":\"PropertyValueSpecification\",\"valueRequired\":true,\"valueName\":\"search_term_string\"}}],\"inLanguage\":\"de\"},{\"@type\":\"Organization\",\"@id\":\"https:\/\/biomes.world\/de\/#organization\",\"name\":\"BIOMES 4.0 GmbH\",\"url\":\"https:\/\/biomes.world\/de\/\",\"logo\":{\"@type\":\"ImageObject\",\"inLanguage\":\"de\",\"@id\":\"https:\/\/biomes.world\/de\/#\/schema\/logo\/image\/\",\"url\":\"http:\/\/biomes.world\/wp-content\/uploads\/2024\/04\/biomes_logo_2021_RGB.png\",\"contentUrl\":\"http:\/\/biomes.world\/wp-content\/uploads\/2024\/04\/biomes_logo_2021_RGB.png\",\"width\":10040,\"height\":2599,\"caption\":\"BIOMES 4.0 GmbH\"},\"image\":{\"@id\":\"https:\/\/biomes.world\/de\/#\/schema\/logo\/image\/\"},\"sameAs\":[\"https:\/\/de-de.facebook.com\/BIOMES.world\/\",\"https:\/\/www.youtube.com\/@BIOMESworld\",\"https:\/\/www.instagram.com\/biomes_official\/\"],\"legalName\":\"BIOMES 4.0 GmbH\",\"duns\":\"314778637\"}]}<\/script>\n<!-- \/ Yoast SEO Premium plugin. -->","yoast_head_json":{"title":"Probiotika zum Abnehmen \u2013 bringt das was? | BIOMES","description":"K\u00f6nnen Probiotika eine Di\u00e4t unterst\u00fctzen? Was genau sind die kleinen lebenden Mikroorganismen eigentlich? BIOMES verschafft einen \u00dcberblick.","robots":{"index":"index","follow":"follow","max-snippet":"max-snippet:-1","max-image-preview":"max-image-preview:large","max-video-preview":"max-video-preview:-1"},"canonical":"https:\/\/biomes.world\/de\/abnehmen-durch-probiotika\/","og_locale":"de_DE","og_type":"article","og_title":"Abnehmen durch Probiotika","og_description":"K\u00f6nnen Probiotika eine Di\u00e4t unterst\u00fctzen? Was genau sind die kleinen lebenden Mikroorganismen eigentlich? BIOMES verschafft einen \u00dcberblick.","og_url":"https:\/\/biomes.world\/de\/abnehmen-durch-probiotika\/","og_site_name":"BIOMES - Feel better","article_publisher":"https:\/\/de-de.facebook.com\/BIOMES.world\/","article_modified_time":"2023-08-02T12:40:03+00:00","twitter_card":"summary_large_image","twitter_misc":{"Gesch\u00e4tzte Lesezeit":"4\u00a0Minuten"},"schema":{"@context":"https:\/\/schema.org","@graph":[{"@type":"WebPage","@id":"https:\/\/biomes.world\/de\/abnehmen-durch-probiotika\/","url":"https:\/\/biomes.world\/de\/abnehmen-durch-probiotika\/","name":"Probiotika zum Abnehmen \u2013 bringt das was? | BIOMES","isPartOf":{"@id":"https:\/\/biomes.world\/de\/#website"},"datePublished":"2019-10-23T17:26:22+00:00","dateModified":"2023-08-02T12:40:03+00:00","description":"K\u00f6nnen Probiotika eine Di\u00e4t unterst\u00fctzen? Was genau sind die kleinen lebenden Mikroorganismen eigentlich? BIOMES verschafft einen \u00dcberblick.","breadcrumb":{"@id":"https:\/\/biomes.world\/de\/abnehmen-durch-probiotika\/#breadcrumb"},"inLanguage":"de","potentialAction":[{"@type":"ReadAction","target":["https:\/\/biomes.world\/de\/abnehmen-durch-probiotika\/"]}]},{"@type":"BreadcrumbList","@id":"https:\/\/biomes.world\/de\/abnehmen-durch-probiotika\/#breadcrumb","itemListElement":[{"@type":"ListItem","position":1,"name":"Home","item":"https:\/\/biomes.world\/de\/"},{"@type":"ListItem","position":2,"name":"Abnehmen durch Probiotika"}]},{"@type":"WebSite","@id":"https:\/\/biomes.world\/de\/#website","url":"https:\/\/biomes.world\/de\/","name":"BIOMES - Feel better","description":"Cutting-edge biotechnology used to help people","publisher":{"@id":"https:\/\/biomes.world\/de\/#organization"},"potentialAction":[{"@type":"SearchAction","target":{"@type":"EntryPoint","urlTemplate":"https:\/\/biomes.world\/de\/?s={search_term_string}"},"query-input":{"@type":"PropertyValueSpecification","valueRequired":true,"valueName":"search_term_string"}}],"inLanguage":"de"},{"@type":"Organization","@id":"https:\/\/biomes.world\/de\/#organization","name":"BIOMES 4.0 GmbH","url":"https:\/\/biomes.world\/de\/","logo":{"@type":"ImageObject","inLanguage":"de","@id":"https:\/\/biomes.world\/de\/#\/schema\/logo\/image\/","url":"http:\/\/biomes.world\/wp-content\/uploads\/2024\/04\/biomes_logo_2021_RGB.png","contentUrl":"http:\/\/biomes.world\/wp-content\/uploads\/2024\/04\/biomes_logo_2021_RGB.png","width":10040,"height":2599,"caption":"BIOMES 4.0 GmbH"},"image":{"@id":"https:\/\/biomes.world\/de\/#\/schema\/logo\/image\/"},"sameAs":["https:\/\/de-de.facebook.com\/BIOMES.world\/","https:\/\/www.youtube.com\/@BIOMESworld","https:\/\/www.instagram.com\/biomes_official\/"],"legalName":"BIOMES 4.0 GmbH","duns":"314778637"}]}},"_links":{"self":[{"href":"https:\/\/biomes.world\/de\/wp-json\/wp\/v2\/pages\/215642","targetHints":{"allow":["GET"]}}],"collection":[{"href":"https:\/\/biomes.world\/de\/wp-json\/wp\/v2\/pages"}],"about":[{"href":"https:\/\/biomes.world\/de\/wp-json\/wp\/v2\/types\/page"}],"author":[{"embeddable":true,"href":"https:\/\/biomes.world\/de\/wp-json\/wp\/v2\/users\/1572"}],"replies":[{"embeddable":true,"href":"https:\/\/biomes.world\/de\/wp-json\/wp\/v2\/comments?post=215642"}],"version-history":[{"count":1,"href":"https:\/\/biomes.world\/de\/wp-json\/wp\/v2\/pages\/215642\/revisions"}],"predecessor-version":[{"id":621738,"href":"https:\/\/biomes.world\/de\/wp-json\/wp\/v2\/pages\/215642\/revisions\/621738"}],"wp:attachment":[{"href":"https:\/\/biomes.world\/de\/wp-json\/wp\/v2\/media?parent=215642"}],"curies":[{"name":"wp","href":"https:\/\/api.w.org\/{rel}","templated":true}]}}