{"id":181,"date":"2018-09-09T21:24:20","date_gmt":"2018-09-09T19:24:20","guid":{"rendered":"http:\/\/85.214.227.192\/?page_id=181"},"modified":"2025-01-30T15:48:07","modified_gmt":"2025-01-30T14:48:07","slug":"ueber-uns-karriere","status":"publish","type":"page","link":"https:\/\/biomes.world\/de\/ueber-uns\/karriere\/","title":{"rendered":"Karriere bei BIOMES"},"content":{"rendered":"<div id=\"stage-block_184e784f53d36636b063534f12f97aa2\" class=\"stage stage--entry\">\n    <div class=\"stage__media\">\n        <img loading=\"lazy\" decoding=\"async\" width=\"1600\" height=\"650\" src=\"https:\/\/biomes.world\/wp-content\/uploads\/2024\/02\/302141-1600x650.jpeg\" class=\"attachment-post-header size-post-header\" alt=\"Bildbeschreibung\" srcset=\"https:\/\/biomes.world\/wp-content\/uploads\/2024\/02\/302141-300x139.jpeg 300w, https:\/\/biomes.world\/wp-content\/uploads\/2024\/02\/302141-1024x475.jpeg 1024w, https:\/\/biomes.world\/wp-content\/uploads\/2024\/02\/302141-768x356.jpeg 768w, https:\/\/biomes.world\/wp-content\/uploads\/2024\/02\/302141-1536x713.jpeg 1536w, https:\/\/biomes.world\/wp-content\/uploads\/2024\/02\/302141-250x116.jpeg 250w, https:\/\/biomes.world\/wp-content\/uploads\/2024\/02\/302141.jpeg 1920w\" sizes=\"auto, (max-width: 30em) 100vw, (max-width: 48em) 100vw, (max-width: 62em) 100vw, (max-width: 75em) 100vw, 1400px\" \/>    <\/div>\n    <div class=\"stage__header stage__header--entry\">\n        <div class=\"stage__col column\">\n            <h1 class=\"stage__title stage__title--entry\">\n                <span>Karriere bei BIOMES <\/span>\n                Werde ein wichtiger Bestandteil <br \/>\r\nunseres Teams             <\/h1>\n                    <\/div>\n    <\/div>\n<\/div>\n\n\n\n<h2 class=\"wp-block-heading\" id=\"h-karriere-bei-biomes\">Karriere bei BIOMES<\/h2>\n\n\n\n<p class=\"lead\">Wir m\u00f6chten Menschen mit Hilfe modernster Technologien und wissenschaftlicher Erkenntnisse dabei helfen, ein ges\u00fcnderes Leben zu f\u00fchren.&nbsp;Nur gemeinsam k\u00f6nnen wir Gro\u00dfes leisten!&nbsp;Deshalb geben wir alles, um&nbsp;ein guter Arbeitgeber f\u00fcr&nbsp;unsere Mitarbeitenden&nbsp;zu sein, die&nbsp;nicht nur&nbsp;ihre&nbsp;Bakterien lieben, sondern auch&nbsp;ihren&nbsp;Job&nbsp;und das&nbsp;<strong>BIOMES<\/strong> Team.&nbsp;&nbsp;<\/p>\n\n\n\n<p class=\"lead\">Unsere Mitarbeitenden sind&nbsp;der Motor von&nbsp;<strong>BIOMES<\/strong>&nbsp;und die wichtigste Komponente unseres Erfolgs.&nbsp;Wir&nbsp;setzen auf Team-Geist, Eigenverantwortung&nbsp;und Spa\u00df bei der Arbeit. Besonders stolz sind wir auf unsere Diversit\u00e4t. F\u00fcr uns gilt: Unsere Vielfalt macht uns stark!&nbsp;Unser Leitspruch dabei ist:&nbsp;All different, but all&nbsp;equal.&nbsp;Flache Hierarchien&nbsp;sind&nbsp;f\u00fcr uns eine Selbstverst\u00e4ndlichkeit und&nbsp;spannende Gestaltungs- und Entwicklungsm\u00f6glichkeiten&nbsp;sollen deine&nbsp;pers\u00f6nliche Weiterentwicklung f\u00f6rdern.\u202fWir&nbsp;leben&nbsp;unsere&nbsp;drei Kernwerte:&nbsp;Vertrauensvoll \u2013&nbsp;Wegbereitend \u2013&nbsp;Wirkungsvoll.\u202f&nbsp;<\/p>\n\n\n\n<h2 class=\"wp-block-heading\">Unsere offenen Stellen:<\/h2>\n\n\n\n<p><strong>Wir haben derzeit keine Vakanzen<\/strong><\/p>\n\n\n<div id=\"textpic-images-block_49ba67d05b05d8a0e54ce54c186bb4f2\" class=\"textpic--imageslide textpic textpic-images site-block\">\n<div class=\"textpic__wrap\">\n    <div class=\"textpic__row expanded row\">\n        <div class=\"textpic__media\">\n                            <div class=\"textpic__slide\">\n                                        <div class=\"textpic__item\">\n                        <img loading=\"lazy\" decoding=\"async\" width=\"800\" height=\"610\" src=\"https:\/\/biomes.world\/wp-content\/uploads\/2021\/05\/DSCF2670_1000x-e1620389656794-800x610.jpg\" class=\"attachment-post-square size-post-square\" alt=\"Labor untersuchung\" \/>                    <\/div>\n                                    <\/div>\n                    <\/div>\n\n        <div class=\"textpic__pull--text textpic__pull\">\n            <div class=\"textpic__text\">\n                <div class=\"h2\">\n                    <span class=\"sub-header\"><\/span>\n                    Willkommen im BIOMES Team                <\/div>\n                <p>Wir m\u00f6chten, dass du dich bei uns rundum wohlf\u00fchlst. Daher kombinieren wir unser hochmodernes Labor mit einem angenehmen Arbeitsumfeld: helle und gro\u00dfz\u00fcgige B\u00fcror\u00e4ume, kostenfreie Getr\u00e4nke und eine gute Anbindung an die Stadt Berlin. Du bevorzugst das Arbeiten von zu Hause aus? Kein Problem \u2013 wir bieten flexible Arbeitszeiten und die M\u00f6glichkeit, remote zu arbeiten, soweit es die T\u00e4tigkeit erlaubt.<\/p>\n<p>Bei BIOMES legen wir Wert auf eine Arbeitskultur, die sowohl deine beruflichen Ziele als auch dein pers\u00f6nliches Wohlbefinden unterst\u00fctzt.<\/p>\n            <\/div>\n        <\/div>\n    <\/div>\n<\/div>\n<\/div>\n\n\n<div id=\"textpic-images-block_e56d276f6326d940dde7239697651863\" class=\"textpic--imageslide textpic textpic-images textpic--reverse site-block\">\n<div class=\"textpic__wrap\">\n    <div class=\"textpic__row expanded row\">\n        <div class=\"textpic__media\">\n                            <div class=\"textpic__slide\">\n                                        <div class=\"textpic__item\">\n                                            <\/div>\n                                    <\/div>\n                    <\/div>\n\n        <div class=\"textpic__pull--text textpic__pull\">\n            <div class=\"textpic__text\">\n                <div class=\"h2\">\n                    <span class=\"sub-header\">Gelebte Wertekultur <\/span>\n                    Vertrauensvoll \u2013 Wegbereitend \u2013 Wirkungsvoll                <\/div>\n                <p>Wir sind stolz auf unser gutes Betriebsklima und unsere famili\u00e4re Unternehmenskultur. Deshalb suchen wir unsere zuk\u00fcnftigen Mitarbeiter*innen nicht nur nach dem Lebenslauf aus, sondern auch danach, ob sie zu unserem Team passen. Ein wertsch\u00e4tzendes Miteinander ist f\u00fcr uns zentral, wir haben Spa\u00df an Team-Events und leben ein vertrauensvolles Verh\u00e4ltnis zwischen Kolleg*innen und Vorgesetzten.<\/p>\n            <\/div>\n        <\/div>\n    <\/div>\n<\/div>\n<\/div>\n\n\n\n<h2 class=\"wp-block-heading\" id=\"h-sub-deine-chancen-sub-hohe-eigenverantwortung-und-innovationsgeist\"><span class=\"subheader\">Deine Chancen<\/span>Hohe Eigenverantwortung und Innovationsgeist <\/h2>\n\n\n\n<p>Wir sind ein schnell gewachsenes Unternehmen und dabei immer noch ein Startup. Bei uns kommst du automatisch mit verschiedenen Teams und Aufgaben in Ber\u00fchrung und lernst viel in kurzer Zeit. Wir setzen unsere Mitarbeitenden nach ihren St\u00e4rken ein und bieten dabei ein hohes Ma\u00df an Eigenverantwortung. Egal ob Praktikant*in oder Head of \u2013 deine Ideen werden geh\u00f6rt und wir lieben Innovationen. Schlie\u00dflich wollen wir die Nummer eins bleiben!  <\/p>\n\n\n\n<div id=\"testimonial-block_21c202da18fe4f1cf39f5132bb7baf12\" class=\"testimonial site-block\">\n    <div class=\"testimonial__wrap site-blockspace--both\" style=\"\nbackground-image: url('https:\/\/biomes.world\/wp-content\/uploads\/2021\/06\/Depositphotos_174761828_xl-2015-scaled-1600x650.jpg');\nbackground-image: -webkit-image-set(url('https:\/\/biomes.world\/wp-content\/uploads\/2021\/06\/Depositphotos_174761828_xl-2015-scaled-1600x650.jpg') 1x, url('https:\/\/biomes.world\/wp-content\/uploads\/2021\/06\/Depositphotos_174761828_xl-2015-scaled-2048x1367.jpg') 2x);\nbackground-image: image-set('https:\/\/biomes.world\/wp-content\/uploads\/2021\/06\/Depositphotos_174761828_xl-2015-scaled-1600x650.jpg' 1x, 'https:\/\/biomes.world\/wp-content\/uploads\/2021\/06\/Depositphotos_174761828_xl-2015-scaled-2048x1367.jpg' 2x);\n\">\n                <div class=\"align-center row\">\n            <div class=\"testimonial__header column\">\n                <div class=\"h3\">\n                    <span>BIOMES Team<\/span>Das sagen unsere Mitarbeitenden                <\/div>\n            <\/div>\n        <\/div>\n                <div class=\"testimonial__slide lg-up-3 md-up-2 xs-up-1 row\">\n                                                <div class=\"testimonial__item column\">\n                        \n    <div class=\"testimonial__content\">\n        <div class=\"testimonial__icon\">\n            <svg width=\"33.4\" height=\"30.3\"><use xlink:href=\"https:\/\/biomes.world\/wp-content\/themes\/biomesworld\/resources\/public\/svg\/sprite.svg?1.62#quote-fill\"><\/use><\/svg>\n        <\/div>\n        <div class=\"testimonial__text\">Ich bin seit 2019 bei <strong>BIOMES<\/strong>, habe als Werksstudentin verschiedene Abteilungen kennengelernt (Logistik, Marketing, IT) und schlie\u00dflich in der IT als Full Stack Developerin meinen Platz in der <strong>BIOMES<\/strong>-Family gefunden. Eins haben alle Abteilungen bei uns gemein: ein wirklich tolles Arbeitsumfeld. Dazu geh\u00f6rt nicht nur Flexibilit\u00e4t bei der Arbeit, sondern auch eine offene Kommunikation und das beste Unternehmensklima, das ich mir vorstellen kann \u2013 weil wir nicht nur kompetent, sondern auch teamorientiert zusammenarbeiten. Und vor allem, weil wir viel Spa\u00df und Leidenschaft bei der Arbeit haben. Au\u00dferdem sch\u00e4tze ich, dass bei <strong>BIOMES<\/strong> alle Mitarbeitenden ihre Ideen einbringen und sich stets fachlich weiterbilden k\u00f6nnen.<\/div>\n        <div class=\"testimonial__footer\">\n            <div class=\"testimonial__portrait\">\n                <svg xmlns=\"http:\/\/www.w3.org\/2000\/svg\" viewBox=\"0 0 400 358.6\" preserveAspectRatio=\"xMaxYMax slice\"><image xlink:href=\"https:\/\/biomes.world\/wp-content\/uploads\/2021\/05\/denise-bebenroth-e1621934309223-400x360.jpg\" clip-path=\"url(#clip-portrait)\"><\/image>\n                    <clipPath id=\"clip-portrait\">\n                        <path d=\"M277.3,0H122.7c-16.2,0-31.2,8.7-39.3,22.7L6.1,156.6c-8.1,14-8.1,31.3,0,45.4l77.3,133.9 c8.1,14,23.1,22.7,39.3,22.7h154.6c16.2,0,31.2-8.7,39.3-22.7L393.9,202c8.1-14,8.1-31.3,0-45.4L316.6,22.7 C308.5,8.7,293.5,0,277.3,0z\"\/>\n                    <\/clipPath>\n                <\/svg>\n            <\/div>\n            <div class=\"testimonial__author\">\n                <div class=\"testimonial__name\">Denise B.<\/div>Full Stack Developerin, IT Team\n            <\/div>\n        <\/div>\n    <\/div>                    <\/div>\n                                    <div class=\"testimonial__item column\">\n                        \n    <div class=\"testimonial__content\">\n        <div class=\"testimonial__icon\">\n            <svg width=\"33.4\" height=\"30.3\"><use xlink:href=\"https:\/\/biomes.world\/wp-content\/themes\/biomesworld\/resources\/public\/svg\/sprite.svg?1.62#quote-fill\"><\/use><\/svg>\n        <\/div>\n        <div class=\"testimonial__text\">Als Mitgr\u00fcnder hat mich von Anfang an die Chemie unter uns Gr\u00fcnder*innen begeistert und auch nach einigen Jahren am Markt, haben wir immer noch einen riesigen Spa\u00df an und bei der Arbeit. Ich bin besonders gl\u00fccklich \u00fcber das multikulturelle Team, das wir aufgebaut haben. Mir als Abteilungsleiter ist es dabei sehr wichtig, dass wir unsere Besch\u00e4ftigten nach ihren St\u00e4rken einsetzen und ihnen Raum zur selbst\u00e4ndigen Entfaltung geben. Dabei fordere ich aktiv ein, dass Ideen eingebracht werden, v.a. was neue Ans\u00e4tze angeht, um technologisch Vorreiter zu bleiben. Daf\u00fcr bieten wir eine moderne, familienfreundliche sowie spa\u00dfige Arbeitsatmosph\u00e4re mit kurzen Entscheidungswegen.<\/div>\n        <div class=\"testimonial__footer\">\n            <div class=\"testimonial__portrait\">\n                <svg xmlns=\"http:\/\/www.w3.org\/2000\/svg\" viewBox=\"0 0 400 358.6\" preserveAspectRatio=\"xMaxYMax slice\"><image xlink:href=\"https:\/\/biomes.world\/wp-content\/uploads\/2021\/04\/jonas_web-400x360.jpg\" clip-path=\"url(#clip-portrait)\"><\/image>\n                    <clipPath id=\"clip-portrait\">\n                        <path d=\"M277.3,0H122.7c-16.2,0-31.2,8.7-39.3,22.7L6.1,156.6c-8.1,14-8.1,31.3,0,45.4l77.3,133.9 c8.1,14,23.1,22.7,39.3,22.7h154.6c16.2,0,31.2-8.7,39.3-22.7L393.9,202c8.1-14,8.1-31.3,0-45.4L316.6,22.7 C308.5,8.7,293.5,0,277.3,0z\"\/>\n                    <\/clipPath>\n                <\/svg>\n            <\/div>\n            <div class=\"testimonial__author\">\n                <div class=\"testimonial__name\">Jonas D.<\/div>Head of IT &#038; Mitgr\u00fcnder, IT Team\n            <\/div>\n        <\/div>\n    <\/div>                    <\/div>\n                                    <div class=\"testimonial__item column\">\n                        \n    <div class=\"testimonial__content\">\n        <div class=\"testimonial__icon\">\n            <svg width=\"33.4\" height=\"30.3\"><use xlink:href=\"https:\/\/biomes.world\/wp-content\/themes\/biomesworld\/resources\/public\/svg\/sprite.svg?1.62#quote-fill\"><\/use><\/svg>\n        <\/div>\n        <div class=\"testimonial__text\">Vor <strong>BIOMES<\/strong> habe ich viele\u00a0Jahre\u00a0lang\u00a0gelernt, wie\u00a0Erkrankungen\u00a0mit Medikamenten therapiert werden. Bei <strong>BIOMES<\/strong> bekomme ich die M\u00f6glichkeit,\u00a0Menschen davon zu \u00fcberzeugen, bessere Entscheidungen f\u00fcr ihre Gesundheit zu treffen, bevor sie krank werden. Das machen wir mit wissenschaftlichen\u00a0Erkenntnissen und hochmoderner Technologie. F\u00fcr mich\u00a0geht es nicht besser\u00a0\u2013 weil ich hier\u00a0mit neugierigen, offenen und gutherzigen Kolleg*innen meinen\u00a0Arbeitsalltag teile und wir an einer guten Sache arbeiten.<\/div>\n        <div class=\"testimonial__footer\">\n            <div class=\"testimonial__portrait\">\n                <svg xmlns=\"http:\/\/www.w3.org\/2000\/svg\" viewBox=\"0 0 400 358.6\" preserveAspectRatio=\"xMaxYMax slice\"><image xlink:href=\"https:\/\/biomes.world\/wp-content\/uploads\/2021\/05\/Plamena_Foto-400x360.png\" clip-path=\"url(#clip-portrait)\"><\/image>\n                    <clipPath id=\"clip-portrait\">\n                        <path d=\"M277.3,0H122.7c-16.2,0-31.2,8.7-39.3,22.7L6.1,156.6c-8.1,14-8.1,31.3,0,45.4l77.3,133.9 c8.1,14,23.1,22.7,39.3,22.7h154.6c16.2,0,31.2-8.7,39.3-22.7L393.9,202c8.1-14,8.1-31.3,0-45.4L316.6,22.7 C308.5,8.7,293.5,0,277.3,0z\"\/>\n                    <\/clipPath>\n                <\/svg>\n            <\/div>\n            <div class=\"testimonial__author\">\n                <div class=\"testimonial__name\">Plamena D.<\/div>Senior Scientist Research &#038; Development, Science Team\n            <\/div>\n        <\/div>\n    <\/div>                    <\/div>\n                                    <\/div>\n    <\/div>\n<\/div>\n\n\n    <div id=\"contact-block_a1307114dbed434ca3aa7f7418e057c3\" class=\"contact site-block site-blockspace--both\">\n        <div class=\"contact__media\">\n            <img loading=\"lazy\" decoding=\"async\" width=\"800\" height=\"800\" src=\"https:\/\/biomes.world\/wp-content\/uploads\/2021\/06\/ansprechpartner-andrej-wackerow-800x800.jpg\" class=\"contact__img\" alt=\"Hr-Ansprechpartner Andrej Wackerow\" srcset=\"https:\/\/biomes.world\/wp-content\/uploads\/2021\/06\/ansprechpartner-andrej-wackerow-300x300.jpg 300w, https:\/\/biomes.world\/wp-content\/uploads\/2021\/06\/ansprechpartner-andrej-wackerow-150x150.jpg 150w, https:\/\/biomes.world\/wp-content\/uploads\/2021\/06\/ansprechpartner-andrej-wackerow-768x768.jpg 768w, https:\/\/biomes.world\/wp-content\/uploads\/2021\/06\/ansprechpartner-andrej-wackerow-800x800.jpg 800w, https:\/\/biomes.world\/wp-content\/uploads\/2021\/06\/ansprechpartner-andrej-wackerow-250x250.jpg 250w, https:\/\/biomes.world\/wp-content\/uploads\/2021\/06\/ansprechpartner-andrej-wackerow-100x100.jpg 100w, https:\/\/biomes.world\/wp-content\/uploads\/2021\/06\/ansprechpartner-andrej-wackerow-400x400.jpg 400w, https:\/\/biomes.world\/wp-content\/uploads\/2021\/06\/ansprechpartner-andrej-wackerow.jpg 920w\" sizes=\"auto, (max-width: 30em) 100vw, (max-width: 48em) 100vw, (max-width: 62em) 1000vw, (max-width: 75em) 800px, 800px\" \/>                <svg xmlns=\"http:\/\/www.w3.org\/2000\/svg\" width=\"752.732\" height=\"578.499\" preserveAspectRatio=\"xMaxYMax meet\" class=\"contact__mask\">\n                    <image xlink:href=\"https:\/\/biomes.world\/wp-content\/uploads\/2021\/06\/ansprechpartner-andrej-wackerow-800x800.jpg\" clip-path=\"url(#clip-contact)\" \/>\n                    <clipPath id=\"clip-contact\">\n                        <path d=\"M61.73 578.498l-46.758-80.981a111.789 111.789 0 010-111.8L205.394 55.9A111.755 111.755 0 01302.214 0H752.73v578.5z\" fill=\"#4137a0\" \/>\n                    <\/clipPath>\n                <\/svg>\n                    <\/div>\n        <div class=\"contact__header\">\n            <div class=\"contact__col column\">\n                <div class=\"h1 contact__title\">\n                    <span>Dein direkter Ansprechpartner<\/span>Andrej Wackerow                <\/div>\n                <p><strong>Wir m\u00f6gen den direkten Kontakt.<\/strong><\/p>\n<p>Wenn du Fragen hast oder Hilfe brauchst, kontaktiere uns gern per E-Mail:<\/p><a href=\"mailto:jobs@biomes.world\">jobs@biomes.world<\/a>            <\/div>\n        <\/div>\n    <\/div>\n","protected":false},"excerpt":{"rendered":"<p>Karriere bei BIOMES Werde ein wichtiger Bestandteil unseres Teams Karriere bei BIOMES Wir m\u00f6chten Menschen mit Hilfe modernster Technologien und wissenschaftlicher Erkenntnisse dabei helfen, ein ges\u00fcnderes Leben zu f\u00fchren.&nbsp;Nur gemeinsam k\u00f6nnen wir Gro\u00dfes leisten!&nbsp;Deshalb geben wir alles, um&nbsp;ein guter Arbeitgeber f\u00fcr&nbsp;unsere Mitarbeitenden&nbsp;zu sein, die&nbsp;nicht nur&nbsp;ihre&nbsp;Bakterien lieben, sondern auch&nbsp;ihren&nbsp;Job&nbsp;und das&nbsp;BIOMES Team.&nbsp;&nbsp; Unsere Mitarbeitenden sind&nbsp;der Motor von&nbsp;BIOMES&nbsp;und [&#8230;]<\/p>\n","protected":false},"author":1572,"featured_media":0,"parent":177,"menu_order":0,"comment_status":"closed","ping_status":"closed","template":"","meta":{"_acf_changed":false,"footnotes":""},"class_list":["post-181","page","type-page","status-publish","hentry"],"acf":[],"yoast_head":"<!-- This site is optimized with the Yoast SEO plugin v27.4 - https:\/\/yoast.com\/product\/yoast-seo-wordpress\/ -->\n<title>Karriere - Werde ein Teil unseres motivierten Teams | BIOMES<\/title>\n<meta name=\"description\" content=\"Wir suchen Verst\u00e4rkung f\u00fcr unser Team. Unsere Zusammenarbeit zeichnet sich durch Spa\u00df, Motivation und Teamgeist aus. Bewirb dich jetzt!\" \/>\n<meta name=\"robots\" content=\"index, follow, max-snippet:-1, max-image-preview:large, max-video-preview:-1\" \/>\n<link rel=\"canonical\" href=\"https:\/\/biomes.world\/de\/ueber-uns\/karriere\/\" \/>\n<meta property=\"og:locale\" content=\"de_DE\" \/>\n<meta property=\"og:type\" content=\"article\" \/>\n<meta property=\"og:title\" content=\"Karriere - Werde ein Teil unseres motivierten Teams | BIOMES\" \/>\n<meta property=\"og:description\" content=\"Wir suchen Verst\u00e4rkung f\u00fcr unser Team. Unsere Zusammenarbeit zeichnet sich durch Spa\u00df, Motivation und Teamgeist aus. Bewirb dich jetzt!\" \/>\n<meta property=\"og:url\" content=\"https:\/\/biomes.world\/de\/ueber-uns\/karriere\/\" \/>\n<meta property=\"og:site_name\" content=\"BIOMES - Feel better\" \/>\n<meta property=\"article:publisher\" content=\"https:\/\/de-de.facebook.com\/BIOMES.world\/\" \/>\n<meta property=\"article:modified_time\" content=\"2025-01-30T14:48:07+00:00\" \/>\n<meta property=\"og:image\" content=\"https:\/\/biomes.world\/wp-content\/uploads\/2021\/08\/biomes_team_small.jpg\" \/>\n\t<meta property=\"og:image:width\" content=\"1680\" \/>\n\t<meta property=\"og:image:height\" content=\"638\" \/>\n\t<meta property=\"og:image:type\" content=\"image\/jpeg\" \/>\n<meta name=\"twitter:card\" content=\"summary_large_image\" \/>\n<meta name=\"twitter:label1\" content=\"Gesch\u00e4tzte Lesezeit\" \/>\n\t<meta name=\"twitter:data1\" content=\"1\u00a0Minute\" \/>\n<script type=\"application\/ld+json\" class=\"yoast-schema-graph\">{\"@context\":\"https:\\\/\\\/schema.org\",\"@graph\":[{\"@type\":\"WebPage\",\"@id\":\"https:\\\/\\\/biomes.world\\\/de\\\/ueber-uns\\\/karriere\\\/\",\"url\":\"https:\\\/\\\/biomes.world\\\/de\\\/ueber-uns\\\/karriere\\\/\",\"name\":\"Karriere - Werde ein Teil unseres motivierten Teams | BIOMES\",\"isPartOf\":{\"@id\":\"https:\\\/\\\/biomes.world\\\/de\\\/#website\"},\"datePublished\":\"2018-09-09T19:24:20+00:00\",\"dateModified\":\"2025-01-30T14:48:07+00:00\",\"description\":\"Wir suchen Verst\u00e4rkung f\u00fcr unser Team. Unsere Zusammenarbeit zeichnet sich durch Spa\u00df, Motivation und Teamgeist aus. Bewirb dich jetzt!\",\"breadcrumb\":{\"@id\":\"https:\\\/\\\/biomes.world\\\/de\\\/ueber-uns\\\/karriere\\\/#breadcrumb\"},\"inLanguage\":\"de\",\"potentialAction\":[{\"@type\":\"ReadAction\",\"target\":[\"https:\\\/\\\/biomes.world\\\/de\\\/ueber-uns\\\/karriere\\\/\"]}]},{\"@type\":\"BreadcrumbList\",\"@id\":\"https:\\\/\\\/biomes.world\\\/de\\\/ueber-uns\\\/karriere\\\/#breadcrumb\",\"itemListElement\":[{\"@type\":\"ListItem\",\"position\":1,\"name\":\"Home\",\"item\":\"https:\\\/\\\/biomes.world\\\/de\\\/\"},{\"@type\":\"ListItem\",\"position\":2,\"name\":\"\u00dcber uns\",\"item\":\"https:\\\/\\\/biomes.world\\\/de\\\/ueber-uns\\\/\"},{\"@type\":\"ListItem\",\"position\":3,\"name\":\"Karriere bei BIOMES\"}]},{\"@type\":\"WebSite\",\"@id\":\"https:\\\/\\\/biomes.world\\\/de\\\/#website\",\"url\":\"https:\\\/\\\/biomes.world\\\/de\\\/\",\"name\":\"BIOMES - Feel better\",\"description\":\"Cutting-edge biotechnology used to help people\",\"publisher\":{\"@id\":\"https:\\\/\\\/biomes.world\\\/de\\\/#organization\"},\"potentialAction\":[{\"@type\":\"SearchAction\",\"target\":{\"@type\":\"EntryPoint\",\"urlTemplate\":\"https:\\\/\\\/biomes.world\\\/de\\\/?s={search_term_string}\"},\"query-input\":{\"@type\":\"PropertyValueSpecification\",\"valueRequired\":true,\"valueName\":\"search_term_string\"}}],\"inLanguage\":\"de\"},{\"@type\":\"Organization\",\"@id\":\"https:\\\/\\\/biomes.world\\\/de\\\/#organization\",\"name\":\"BIOMES 4.0 GmbH\",\"url\":\"https:\\\/\\\/biomes.world\\\/de\\\/\",\"logo\":{\"@type\":\"ImageObject\",\"inLanguage\":\"de\",\"@id\":\"https:\\\/\\\/biomes.world\\\/de\\\/#\\\/schema\\\/logo\\\/image\\\/\",\"url\":\"http:\\\/\\\/biomes.world\\\/wp-content\\\/uploads\\\/2024\\\/04\\\/biomes_logo_2021_RGB.png\",\"contentUrl\":\"http:\\\/\\\/biomes.world\\\/wp-content\\\/uploads\\\/2024\\\/04\\\/biomes_logo_2021_RGB.png\",\"width\":10040,\"height\":2599,\"caption\":\"BIOMES 4.0 GmbH\"},\"image\":{\"@id\":\"https:\\\/\\\/biomes.world\\\/de\\\/#\\\/schema\\\/logo\\\/image\\\/\"},\"sameAs\":[\"https:\\\/\\\/de-de.facebook.com\\\/BIOMES.world\\\/\",\"https:\\\/\\\/www.youtube.com\\\/@BIOMESworld\",\"https:\\\/\\\/www.instagram.com\\\/biomes_official\\\/\"]}]}<\/script>\n<!-- \/ Yoast SEO plugin. -->","yoast_head_json":{"title":"Karriere - Werde ein Teil unseres motivierten Teams | BIOMES","description":"Wir suchen Verst\u00e4rkung f\u00fcr unser Team. Unsere Zusammenarbeit zeichnet sich durch Spa\u00df, Motivation und Teamgeist aus. Bewirb dich jetzt!","robots":{"index":"index","follow":"follow","max-snippet":"max-snippet:-1","max-image-preview":"max-image-preview:large","max-video-preview":"max-video-preview:-1"},"canonical":"https:\/\/biomes.world\/de\/ueber-uns\/karriere\/","og_locale":"de_DE","og_type":"article","og_title":"Karriere - Werde ein Teil unseres motivierten Teams | BIOMES","og_description":"Wir suchen Verst\u00e4rkung f\u00fcr unser Team. Unsere Zusammenarbeit zeichnet sich durch Spa\u00df, Motivation und Teamgeist aus. Bewirb dich jetzt!","og_url":"https:\/\/biomes.world\/de\/ueber-uns\/karriere\/","og_site_name":"BIOMES - Feel better","article_publisher":"https:\/\/de-de.facebook.com\/BIOMES.world\/","article_modified_time":"2025-01-30T14:48:07+00:00","og_image":[{"width":1680,"height":638,"url":"https:\/\/biomes.world\/wp-content\/uploads\/2021\/08\/biomes_team_small.jpg","type":"image\/jpeg"}],"twitter_card":"summary_large_image","twitter_misc":{"Gesch\u00e4tzte Lesezeit":"1\u00a0Minute"},"schema":{"@context":"https:\/\/schema.org","@graph":[{"@type":"WebPage","@id":"https:\/\/biomes.world\/de\/ueber-uns\/karriere\/","url":"https:\/\/biomes.world\/de\/ueber-uns\/karriere\/","name":"Karriere - Werde ein Teil unseres motivierten Teams | BIOMES","isPartOf":{"@id":"https:\/\/biomes.world\/de\/#website"},"datePublished":"2018-09-09T19:24:20+00:00","dateModified":"2025-01-30T14:48:07+00:00","description":"Wir suchen Verst\u00e4rkung f\u00fcr unser Team. Unsere Zusammenarbeit zeichnet sich durch Spa\u00df, Motivation und Teamgeist aus. Bewirb dich jetzt!","breadcrumb":{"@id":"https:\/\/biomes.world\/de\/ueber-uns\/karriere\/#breadcrumb"},"inLanguage":"de","potentialAction":[{"@type":"ReadAction","target":["https:\/\/biomes.world\/de\/ueber-uns\/karriere\/"]}]},{"@type":"BreadcrumbList","@id":"https:\/\/biomes.world\/de\/ueber-uns\/karriere\/#breadcrumb","itemListElement":[{"@type":"ListItem","position":1,"name":"Home","item":"https:\/\/biomes.world\/de\/"},{"@type":"ListItem","position":2,"name":"\u00dcber uns","item":"https:\/\/biomes.world\/de\/ueber-uns\/"},{"@type":"ListItem","position":3,"name":"Karriere bei BIOMES"}]},{"@type":"WebSite","@id":"https:\/\/biomes.world\/de\/#website","url":"https:\/\/biomes.world\/de\/","name":"BIOMES - Feel better","description":"Cutting-edge biotechnology used to help people","publisher":{"@id":"https:\/\/biomes.world\/de\/#organization"},"potentialAction":[{"@type":"SearchAction","target":{"@type":"EntryPoint","urlTemplate":"https:\/\/biomes.world\/de\/?s={search_term_string}"},"query-input":{"@type":"PropertyValueSpecification","valueRequired":true,"valueName":"search_term_string"}}],"inLanguage":"de"},{"@type":"Organization","@id":"https:\/\/biomes.world\/de\/#organization","name":"BIOMES 4.0 GmbH","url":"https:\/\/biomes.world\/de\/","logo":{"@type":"ImageObject","inLanguage":"de","@id":"https:\/\/biomes.world\/de\/#\/schema\/logo\/image\/","url":"http:\/\/biomes.world\/wp-content\/uploads\/2024\/04\/biomes_logo_2021_RGB.png","contentUrl":"http:\/\/biomes.world\/wp-content\/uploads\/2024\/04\/biomes_logo_2021_RGB.png","width":10040,"height":2599,"caption":"BIOMES 4.0 GmbH"},"image":{"@id":"https:\/\/biomes.world\/de\/#\/schema\/logo\/image\/"},"sameAs":["https:\/\/de-de.facebook.com\/BIOMES.world\/","https:\/\/www.youtube.com\/@BIOMESworld","https:\/\/www.instagram.com\/biomes_official\/"]}]}},"_links":{"self":[{"href":"https:\/\/biomes.world\/de\/wp-json\/wp\/v2\/pages\/181","targetHints":{"allow":["GET"]}}],"collection":[{"href":"https:\/\/biomes.world\/de\/wp-json\/wp\/v2\/pages"}],"about":[{"href":"https:\/\/biomes.world\/de\/wp-json\/wp\/v2\/types\/page"}],"author":[{"embeddable":true,"href":"https:\/\/biomes.world\/de\/wp-json\/wp\/v2\/users\/1572"}],"replies":[{"embeddable":true,"href":"https:\/\/biomes.world\/de\/wp-json\/wp\/v2\/comments?post=181"}],"version-history":[{"count":5,"href":"https:\/\/biomes.world\/de\/wp-json\/wp\/v2\/pages\/181\/revisions"}],"predecessor-version":[{"id":633181,"href":"https:\/\/biomes.world\/de\/wp-json\/wp\/v2\/pages\/181\/revisions\/633181"}],"up":[{"embeddable":true,"href":"https:\/\/biomes.world\/de\/wp-json\/wp\/v2\/pages\/177"}],"wp:attachment":[{"href":"https:\/\/biomes.world\/de\/wp-json\/wp\/v2\/media?parent=181"}],"curies":[{"name":"wp","href":"https:\/\/api.w.org\/{rel}","templated":true}]}}