{"id":132302,"date":"2018-12-11T10:35:59","date_gmt":"2018-12-11T09:35:59","guid":{"rendered":"http:\/\/biomes.world\/?page_id=132302"},"modified":"2023-07-27T11:24:38","modified_gmt":"2023-07-27T09:24:38","slug":"darmerkrankungen","status":"publish","type":"page","link":"https:\/\/biomes.world\/de\/wissenswertes\/darm\/darmerkrankungen\/","title":{"rendered":"Kategorie: Darmerkrankungen"},"content":{"rendered":"\n<h1 class=\"wp-block-heading\" id=\"block-0520d266-d653-4fc4-882e-1b765763b5bb\">Darmerkankungen <\/h1>\n\n\n\n<p><strong>Probleme mit dem Darm<\/strong>&nbsp;k\u00f6nnen deine Lebensqualit\u00e4t ziemlich einschr\u00e4nken. Schlie\u00dflich hat der Darm gro\u00dfen Einfluss auf die Gesundheit und das Wohlbefinden. Die Darmflora ist bei jedem Menschen einzigartig. Deswegen vertr\u00e4gt der eine zum Beispiel H\u00fclsenfr\u00fcchte und der andere nicht.H\u00e4ufig entstehen Darmprobleme, wenn die&nbsp;<a href=\"http:\/\/biomes.world\/de\/wissenswertes\/darm\/darmbakterien\/bakterien-der-darmflora\/\">Darmflora<\/a>&nbsp;aus dem Gleichgewicht ger\u00e4t. Manche Erkrankungen des Darms stellen \u00c4rzte und Wissenschaftler noch immer vor R\u00e4tsel, andere sind gut erforscht.<\/p>\n\n\n\n<h2 class=\"wp-block-heading\" id=\"block-8c52ff36-e178-47d0-8650-c9f41a7278c9\">Bl\u00e4hungen als klassische Darmbeschwerden<\/h2>\n\n\n\n<p>Nicht hinter allen Darmbeschwerden steckt eine Darmerkrankung. Die Darmflora kann n\u00e4mlich durch verschiedene Einfl\u00fcsse aus dem Gleichgewicht geraten. Antibiotika sind beispielsweise daf\u00fcr bekannt, die Zusammensetzung der Darmflora zu ver\u00e4ndern. Ern\u00e4hrst du dich unausgewogen, bewegst dich zu wenig oder trinkst zu viel Alkohol, kann das ebenfalls zu Problemen f\u00fchren.<\/p>\n\n\n\n<p>Ein Darmproblem \u2013 in der Fachsprache \u201eMeteorismus\u201c genannt \u2013 kennen wir alle: Ein&nbsp;<strong>Bl\u00e4hbauch<\/strong>&nbsp;ist mindestens unangenehm, manchmal sogar richtig schmerzhaft. Bl\u00e4hungen entstehen entweder durch zu viel verschluckte Luft oder durch&nbsp;<strong>Gasansammlungen im Darm<\/strong>. Meist sind bl\u00e4hende Speisen wie H\u00fclsenfr\u00fcchte, Zwiebeln, fettiges Essen, kohlens\u00e4urehaltige Getr\u00e4nke oder frisches Brot schuld.<\/p>\n\n\n\n<p>Hast du hin und wieder nach dem Essen Bl\u00e4hungen, ist das kein Grund zur Sorge. Meide in diesem Fall bl\u00e4hende Speisen, iss langsam und trink viel Wasser.&nbsp;<strong>Sanfte W\u00e4rme und Bauchmassagen<\/strong>&nbsp;k\u00f6nnen ebenfalls Linderung bringen.<\/p>\n\n\n\n<h2 class=\"wp-block-heading\" id=\"block-6d3f3b95-9953-42e2-b732-241514d8b646\">Weitere Beitr\u00e4ge<\/h2>\n\n\n<div class=\"post__entries site-block site-blockspace--bottom\"><div class=\"lg-up-3 md-up-2 xs-up-1 row\"><div class=\"post__item post column\"><div class=\"post__content\"><a href=\"https:\/\/biomes.world\/de\/wissenswertes\/darm\/darmerkrankungen\/darmerkrankungen-symptome\/\" class=\"post__thumbnail\" tabindex=\"0\"><img loading=\"lazy\" decoding=\"async\" width=\"800\" height=\"470\" src=\"https:\/\/biomes.world\/wp-content\/uploads\/2019\/12\/Darmflora_Immunsystem_aus_dem_Bauch_heraus-800x470.jpg\" class=\"attachment-post-thumbnail size-post-thumbnail wp-post-image\" alt=\"Darmflora: Immunsystem aus dem Bauch heraus Foto Darm\" srcset=\"https:\/\/biomes.world\/wp-content\/uploads\/2019\/12\/Darmflora_Immunsystem_aus_dem_Bauch_heraus-800x470.jpg 800w, https:\/\/biomes.world\/wp-content\/uploads\/2019\/12\/Darmflora_Immunsystem_aus_dem_Bauch_heraus-400x235.jpg 400w\" sizes=\"auto, (max-width: 800px) 100vw, 800px\" \/><\/a><div class=\"entry\"><div class=\"entry__meta\"><span class=\"meta__posted-on\">Ver\u00f6ffentlicht am <time class=\"meta__date meta__date--published\" datetime=\"2019-01-06T14:43:56+01:00\" itemprop=\"datePublished\">6. Januar 2019<\/time><time class=\"meta__date--updated\" datetime=\"2023-07-27T11:34:15+02:00\" itemprop=\"dateModified\"><\/time><\/span><\/div><div class=\"entry__header\"><div class=\"entry__title h2\"><a href=\"https:\/\/biomes.world\/de\/wissenswertes\/darm\/darmerkrankungen\/darmerkrankungen-symptome\/\">Die h\u00e4ufigsten Symptome bei Darmerkrankungen<\/a><\/div><\/div><div class=\"entry__excerpt\"><p>Wenn du Darmbeschwerden hast, stellt sich die Frage: Sind die Symptome auf den Darm zur\u00fcckzuf\u00fchren oder haben sie eine andere [...]<\/p><\/div><\/div><\/div><\/div><\/div><div class=\"site-blockspace--both text-center row\"><div class=\"column\"><button class=\"wp-block-button__link post__loadmore\" data-limit=\"6\" data-slug=\"darmerkrankungen\" data-hide-excerpt=\"0\">Mehr Artikel lesen<\/button><\/div><\/div><\/div>\n\n\n\n<p id=\"block-0f5d0190-f8d6-4e00-9ea1-46364efef04d\"><\/p>\n\n\n\n<h2 class=\"wp-block-heading\" id=\"block-66169d57-8694-439d-aaa8-3bf80154404d\">H\u00e4ufige Erkrankungen des Darms<\/h2>\n\n\n\n<p id=\"block-8a496bf0-3d4a-4b7b-99df-6ffadc86cb23\">Gelegentliche Bl\u00e4hungen, Verstopfung oder Durchfall m\u00fcssen nicht die Folge einer Darmerkrankung sein. Kommen diese Beschwerden jedoch h\u00e4ufig oder in Kombination vor, ist es wahrscheinlich, dass es sich um die&nbsp;<a href=\"http:\/\/biomes.world\/de\/wissenswertes\/darm\/darmerkrankungen\/darmerkrankungen-symptome\/\">Symptome einer Darmerkrankung<\/a>&nbsp;handelt.<\/p>\n\n\n\n<h3 class=\"wp-block-heading\">Hier bekommst du einen&nbsp;\u00dcberblick \u00fcber h\u00e4ufig auftretende Darmkrankheiten:<\/h3>\n\n\n\n<h4 class=\"wp-block-heading\">Reizdarm<\/h4>\n\n\n\n<p>Beim sogenannten Reizdarmsyndrom handelt es sich streng genommen nicht um eine Darmerkrankung, sondern um ein Syndrom. Verschiedene Darmst\u00f6rungen kommen zusammen und verursachen Beschwerden wie&nbsp;<strong>Durchfall, Bauchschmerzen, Verstopfung oder Bl\u00e4hungen<\/strong>. Welche Ursachen hinter dem Reizdarmsyndrom stecken, ist nicht zweifelsfrei gekl\u00e4rt. Folgende Faktoren k\u00f6nnen jedoch eine Rolle spielen:<\/p>\n\n\n\n<ul class=\"wp-block-list\">\n<li>Psychische Faktoren (Angst, \u00dcberlastung, Kummer)<\/li>\n\n\n\n<li>Ungewohnte Ern\u00e4hrung (beispielsweise in Urlaubsl\u00e4ndern)<\/li>\n\n\n\n<li>Eine vorausgegangene Magen-Darm-Grippe<\/li>\n\n\n\n<li>Laktoseintoleranz<\/li>\n\n\n\n<li>Genussmittelkonsum (Zigaretten, Kaffee, Alkohol)<\/li>\n\n\n\n<li>Ungleichgewicht der Darmflora (Dysbiose)<\/li>\n<\/ul>\n\n\n\n<p>\u00c4rzte diagnostizieren ein Reizdarmsyndrom anhand des&nbsp;<strong>Ausschlussverfahrens<\/strong>. Ergeben alle typischen Untersuchungen wie Laboruntersuchungen, Ultraschall oder Darmspiegelung keine Ausf\u00e4lligkeiten, liegt ein Reizdarm nahe.<\/p>\n\n\n\n<h4 class=\"wp-block-heading\">Morbus Crohn<\/h4>\n\n\n\n<p>Diese chronisch-entz\u00fcndliche Darmerkrankung kann deinen ganzen Verdauungstrakt betreffen \u2013 vom Mund bis zum After. Besonders h\u00e4ufig sind jedoch der untere D\u00fcnndarm und der obere Dickdarm entz\u00fcndet. Genau wie das Reizdarmsyndrom ist&nbsp;<a href=\"http:\/\/biomes.world\/de\/wissenswertes\/darm\/chronische-erkrankungen\/morbus-crohn\/\">Morbus Crohn<\/a>&nbsp;schwer zu diagnostizieren, weil die Symptome oft diffus sind. Diese Darmkrankheit verl\u00e4uft in Sch\u00fcben, die unvorhersehbar sind. Zu den h\u00e4ufigsten Symptomen z\u00e4hlen:<\/p>\n\n\n\n<ul class=\"wp-block-list\">\n<li>Durchfall<\/li>\n\n\n\n<li>Bauchschmerzen in der unteren rechten Bauchh\u00e4lfte<\/li>\n\n\n\n<li>Fieber<\/li>\n\n\n\n<li>\u00dcbelkeit und Erbrechen<\/li>\n\n\n\n<li>Gewichtsverlust<\/li>\n<\/ul>\n\n\n\n<p>Noch ist nicht gekl\u00e4rt, wie Morbus Crohn entsteht. Vermutet wird, dass eine&nbsp;<strong>Autoimmunst\u00f6rung<\/strong>&nbsp;dahintersteckt. Es gibt auch einige Hinweise, die f\u00fcr eine erbliche Veranlagung sprechen.<\/p>\n\n\n\n<h4 class=\"wp-block-heading\">Coilitis ulcerosa<\/h4>\n\n\n\n<p>Diese Darmkrankheit geh\u00f6rt wie Morbus Crohn zu den&nbsp;chronisch-entz\u00fcndlichen Darmerkrankungen. Bei ihr ist allerdings&nbsp;<strong>nur der Dickdarm von Entz\u00fcndungen betroffen<\/strong>&nbsp;und nicht der gesamte Verdauungstrakt. In vielen F\u00e4llen beginnt die Erkrankung im Mastdarm und breitet sich dann im Dickdarm aus.<\/p>\n\n\n\n<p><a href=\"http:\/\/biomes.world\/de\/wissenswertes\/darm\/chronische-erkrankungen\/colitis-ulcerosa\/\" target=\"_blank\" rel=\"noreferrer noopener\">Colitis ulcerosa<\/a><strong> verl\u00e4uft in Sch\u00fcben<\/strong>\u2013 es kann sein, dass Monate oder sogar Jahre vergehen, ohne dass Beschwerden auftreten. Da die Symptome denen von Morbus Crohn \u00e4hneln, muss dein Arzt zun\u00e4chst eine genaue Diagnose stellen. Die Ursachen f\u00fcr diese Darmerkrankung sind ebenfalls nicht eindeutig, vermutlich geht sie auf eine&nbsp;<strong>Autoimmunkrankheit<\/strong>&nbsp;zur\u00fcck. Denkbar ist, dass auch Viren und Bakterien eine Rolle spielen.<\/p>\n\n\n\n<h2 class=\"wp-block-heading\">Welche Darmkrankheiten k\u00f6nnen lebensbedrohlich sein?<\/h2>\n\n\n\n<p>In seltenen F\u00e4llen kann eine Darmkrankheit zu Komplikationen f\u00fchren. Bei Morbus Crohn ist ein&nbsp;<strong>Darmverschluss<\/strong>&nbsp;eine m\u00f6gliche Komplikation, die sofort behandelt werden muss. Durch die Narbenbildungen nach einem Schub k\u00f6nnen Verengungen entstehen, die im schlimmsten Fall einen Darmverschluss ausl\u00f6sen. M\u00f6glich ist auch ein&nbsp;<strong>Darmdurchbruch<\/strong>&nbsp;bei dem der Darminhalt in die Bauchh\u00f6hle gelangt und lebensbedrohliche Infektionen ausl\u00f6sen kann. Bei solchen Notf\u00e4llen musst du dich sofort im Krankenhaus behandeln lassen.Auch bei Colitis ulcerosa sind Komplikationen denkbar. Es kann nicht nur zum Darmdurchbruch kommen, sondern auch zu einem&nbsp;<strong>toxischen Megakolon<\/strong>. Das wiederum kann zu einem lebensbedrohlichen Darmverschluss f\u00fchren. Bei starken Sch\u00fcben kann es auch zu Blutungen im Darm kommen, die zu schwerem&nbsp;<strong>Blutverlust<\/strong>&nbsp;f\u00fchren k\u00f6nnen. In diesem Fall sind mitunter Bluttransfusionen und eine Operation n\u00f6tig.<\/p>\n\n\n\n<h2 class=\"wp-block-heading\">Wie steht es um die Gesundheit deiner Darmflora?<\/h2>\n\n\n\n<p>Vielen Darmbeschwerden kannst du&nbsp;<strong>mit einer gesunden Darmflora vorbeugen<\/strong>. Die Darmflora setzt sich aus Billionen Mikroorganismen zusammen \u2013 in deinem Darm leben bis zu zwei Kilogramm Mikroben. Wichtig ist, dass die \u201eguten\u201c&nbsp;<a href=\"http:\/\/biomes.world\/de\/wissenswertes\/darm\/darmbakterien\/\">Darmbakterien<\/a>&nbsp;\u00fcberwiegen.<\/p>\n\n\n\n<p><br>Aber woher wei\u00dft du, wie es um deine Darmflora steht? Bei&nbsp;<strong>BIOMES<\/strong>&nbsp;hast du Zugang zu einer genauen Darmanalyse. Mit&nbsp;<a href=\"https:\/\/shop.biomes.world\/\"><strong>INTEST.<\/strong>pro<\/a>&nbsp;von&nbsp;<strong>BIOMES<\/strong>&nbsp;erf\u00e4hrst du, aus welchen Bakterien sich deine Darmflora aktuell zusammensetzt.<\/p>\n\n\n    <section class=\"cta horizontal_split\">\n        <div class=\"image_container light_purple-background\">\n            <img loading=\"lazy\" decoding=\"async\" width=\"800\" height=\"800\" src=\"https:\/\/biomes.world\/wp-content\/uploads\/2023\/06\/darmflora-test-erwachsene-800x800.webp\" class=\"product__img\" alt=\"darmflora-test-erwachsene\" srcset=\"https:\/\/biomes.world\/wp-content\/uploads\/2023\/06\/darmflora-test-erwachsene-300x300.webp 300w, https:\/\/biomes.world\/wp-content\/uploads\/2023\/06\/darmflora-test-erwachsene-1024x1024.webp 1024w, https:\/\/biomes.world\/wp-content\/uploads\/2023\/06\/darmflora-test-erwachsene-150x150.webp 150w, https:\/\/biomes.world\/wp-content\/uploads\/2023\/06\/darmflora-test-erwachsene-768x769.webp 768w, https:\/\/biomes.world\/wp-content\/uploads\/2023\/06\/darmflora-test-erwachsene-800x800.webp 800w, https:\/\/biomes.world\/wp-content\/uploads\/2023\/06\/darmflora-test-erwachsene-250x250.webp 250w, https:\/\/biomes.world\/wp-content\/uploads\/2023\/06\/darmflora-test-erwachsene-100x100.webp 100w, https:\/\/biomes.world\/wp-content\/uploads\/2023\/06\/darmflora-test-erwachsene-400x400.webp 400w, https:\/\/biomes.world\/wp-content\/uploads\/2023\/06\/darmflora-test-erwachsene.webp 1206w\" sizes=\"auto, (max-width: 30em) 100vw, (max-width: 48em) 100vw, (max-width: 62em) 1000vw, (max-width: 75em) 800px, 800px\" \/><div class=\"figure_tag\">159 EUR<\/div>        <\/div>\n        <div class=\"vertical_center_child white-background\">\n            <div>\n                <h2>Finde heraus, was deinem Darm gut tut<\/h2>                <p>Bestelle jetzt die Darmfloraanalyse <b>INTEST<\/b>.pro und starte ein gl\u00fcckliches Leben.<\/p>                <button class=\"yellow_theme--button yellow\"><a href=\"https:\/\/shop.biomes.world\/products\/intest-pro\">Jetzt bestellen<\/a><\/button>\n            <\/div>\n        <\/div>\n    <\/section>\n","protected":false},"excerpt":{"rendered":"<p>Wenn du Darmbeschwerden hast, stellt sich die Frage: Sind die Symptome auf den Darm zur\u00fcckzuf\u00fchren oder haben sie eine andere [&#8230;]<\/p>\n","protected":false},"author":1572,"featured_media":0,"parent":592832,"menu_order":0,"comment_status":"closed","ping_status":"closed","template":"","meta":{"_acf_changed":false,"footnotes":""},"class_list":["post-132302","page","type-page","status-publish","hentry"],"acf":[],"yoast_head":"<!-- This site is optimized with the Yoast SEO Premium plugin v26.2 (Yoast SEO v27.2) - https:\/\/yoast.com\/product\/yoast-seo-premium-wordpress\/ -->\n<title>Welche Darmerkrankungen sind gef\u00e4hrlich? | BIOMES<\/title>\n<meta name=\"description\" content=\"Einige Darmbeschwerden sind harmlos. Darmerkrankungen hingegen sind ernster und verlaufen nicht immer komplikationsfrei.\" \/>\n<meta name=\"robots\" content=\"index, follow, max-snippet:-1, max-image-preview:large, max-video-preview:-1\" \/>\n<link rel=\"canonical\" href=\"https:\/\/biomes.world\/de\/wissenswertes\/darm\/darmerkrankungen\/\" \/>\n<meta property=\"og:locale\" content=\"de_DE\" \/>\n<meta property=\"og:type\" content=\"article\" \/>\n<meta property=\"og:title\" content=\"Kategorie: Darmerkrankungen\" \/>\n<meta property=\"og:description\" content=\"Einige Darmbeschwerden sind harmlos. Darmerkrankungen hingegen sind ernster und verlaufen nicht immer komplikationsfrei.\" \/>\n<meta property=\"og:url\" content=\"https:\/\/biomes.world\/de\/wissenswertes\/darm\/darmerkrankungen\/\" \/>\n<meta property=\"og:site_name\" content=\"BIOMES - Feel better\" \/>\n<meta property=\"article:publisher\" content=\"https:\/\/de-de.facebook.com\/BIOMES.world\/\" \/>\n<meta property=\"article:modified_time\" content=\"2023-07-27T09:24:38+00:00\" \/>\n<meta name=\"twitter:card\" content=\"summary_large_image\" \/>\n<meta name=\"twitter:label1\" content=\"Gesch\u00e4tzte Lesezeit\" \/>\n\t<meta name=\"twitter:data1\" content=\"5\u00a0Minuten\" \/>\n<script type=\"application\/ld+json\" class=\"yoast-schema-graph\">{\"@context\":\"https:\/\/schema.org\",\"@graph\":[{\"@type\":\"WebPage\",\"@id\":\"https:\/\/biomes.world\/de\/wissenswertes\/darm\/darmerkrankungen\/\",\"url\":\"https:\/\/biomes.world\/de\/wissenswertes\/darm\/darmerkrankungen\/\",\"name\":\"Welche Darmerkrankungen sind gef\u00e4hrlich? | BIOMES\",\"isPartOf\":{\"@id\":\"https:\/\/biomes.world\/de\/#website\"},\"datePublished\":\"2018-12-11T09:35:59+00:00\",\"dateModified\":\"2023-07-27T09:24:38+00:00\",\"description\":\"Einige Darmbeschwerden sind harmlos. Darmerkrankungen hingegen sind ernster und verlaufen nicht immer komplikationsfrei.\",\"breadcrumb\":{\"@id\":\"https:\/\/biomes.world\/de\/wissenswertes\/darm\/darmerkrankungen\/#breadcrumb\"},\"inLanguage\":\"de\",\"potentialAction\":[{\"@type\":\"ReadAction\",\"target\":[\"https:\/\/biomes.world\/de\/wissenswertes\/darm\/darmerkrankungen\/\"]}]},{\"@type\":\"BreadcrumbList\",\"@id\":\"https:\/\/biomes.world\/de\/wissenswertes\/darm\/darmerkrankungen\/#breadcrumb\",\"itemListElement\":[{\"@type\":\"ListItem\",\"position\":1,\"name\":\"Home\",\"item\":\"https:\/\/biomes.world\/de\/\"},{\"@type\":\"ListItem\",\"position\":2,\"name\":\"My Health, My Life\",\"item\":\"https:\/\/biomes.world\/de\/wissenswertes\/\"},{\"@type\":\"ListItem\",\"position\":3,\"name\":\"Kategorie: Darm\",\"item\":\"https:\/\/biomes.world\/de\/wissenswertes\/darm\/\"},{\"@type\":\"ListItem\",\"position\":4,\"name\":\"Kategorie: Darmerkrankungen\"}]},{\"@type\":\"WebSite\",\"@id\":\"https:\/\/biomes.world\/de\/#website\",\"url\":\"https:\/\/biomes.world\/de\/\",\"name\":\"BIOMES - Feel better\",\"description\":\"Cutting-edge biotechnology used to help people\",\"publisher\":{\"@id\":\"https:\/\/biomes.world\/de\/#organization\"},\"potentialAction\":[{\"@type\":\"SearchAction\",\"target\":{\"@type\":\"EntryPoint\",\"urlTemplate\":\"https:\/\/biomes.world\/de\/?s={search_term_string}\"},\"query-input\":{\"@type\":\"PropertyValueSpecification\",\"valueRequired\":true,\"valueName\":\"search_term_string\"}}],\"inLanguage\":\"de\"},{\"@type\":\"Organization\",\"@id\":\"https:\/\/biomes.world\/de\/#organization\",\"name\":\"BIOMES 4.0 GmbH\",\"url\":\"https:\/\/biomes.world\/de\/\",\"logo\":{\"@type\":\"ImageObject\",\"inLanguage\":\"de\",\"@id\":\"https:\/\/biomes.world\/de\/#\/schema\/logo\/image\/\",\"url\":\"http:\/\/biomes.world\/wp-content\/uploads\/2024\/04\/biomes_logo_2021_RGB.png\",\"contentUrl\":\"http:\/\/biomes.world\/wp-content\/uploads\/2024\/04\/biomes_logo_2021_RGB.png\",\"width\":10040,\"height\":2599,\"caption\":\"BIOMES 4.0 GmbH\"},\"image\":{\"@id\":\"https:\/\/biomes.world\/de\/#\/schema\/logo\/image\/\"},\"sameAs\":[\"https:\/\/de-de.facebook.com\/BIOMES.world\/\",\"https:\/\/www.youtube.com\/@BIOMESworld\",\"https:\/\/www.instagram.com\/biomes_official\/\"],\"legalName\":\"BIOMES 4.0 GmbH\",\"duns\":\"314778637\"}]}<\/script>\n<!-- \/ Yoast SEO Premium plugin. -->","yoast_head_json":{"title":"Welche Darmerkrankungen sind gef\u00e4hrlich? | BIOMES","description":"Einige Darmbeschwerden sind harmlos. Darmerkrankungen hingegen sind ernster und verlaufen nicht immer komplikationsfrei.","robots":{"index":"index","follow":"follow","max-snippet":"max-snippet:-1","max-image-preview":"max-image-preview:large","max-video-preview":"max-video-preview:-1"},"canonical":"https:\/\/biomes.world\/de\/wissenswertes\/darm\/darmerkrankungen\/","og_locale":"de_DE","og_type":"article","og_title":"Kategorie: Darmerkrankungen","og_description":"Einige Darmbeschwerden sind harmlos. Darmerkrankungen hingegen sind ernster und verlaufen nicht immer komplikationsfrei.","og_url":"https:\/\/biomes.world\/de\/wissenswertes\/darm\/darmerkrankungen\/","og_site_name":"BIOMES - Feel better","article_publisher":"https:\/\/de-de.facebook.com\/BIOMES.world\/","article_modified_time":"2023-07-27T09:24:38+00:00","twitter_card":"summary_large_image","twitter_misc":{"Gesch\u00e4tzte Lesezeit":"5\u00a0Minuten"},"schema":{"@context":"https:\/\/schema.org","@graph":[{"@type":"WebPage","@id":"https:\/\/biomes.world\/de\/wissenswertes\/darm\/darmerkrankungen\/","url":"https:\/\/biomes.world\/de\/wissenswertes\/darm\/darmerkrankungen\/","name":"Welche Darmerkrankungen sind gef\u00e4hrlich? | BIOMES","isPartOf":{"@id":"https:\/\/biomes.world\/de\/#website"},"datePublished":"2018-12-11T09:35:59+00:00","dateModified":"2023-07-27T09:24:38+00:00","description":"Einige Darmbeschwerden sind harmlos. Darmerkrankungen hingegen sind ernster und verlaufen nicht immer komplikationsfrei.","breadcrumb":{"@id":"https:\/\/biomes.world\/de\/wissenswertes\/darm\/darmerkrankungen\/#breadcrumb"},"inLanguage":"de","potentialAction":[{"@type":"ReadAction","target":["https:\/\/biomes.world\/de\/wissenswertes\/darm\/darmerkrankungen\/"]}]},{"@type":"BreadcrumbList","@id":"https:\/\/biomes.world\/de\/wissenswertes\/darm\/darmerkrankungen\/#breadcrumb","itemListElement":[{"@type":"ListItem","position":1,"name":"Home","item":"https:\/\/biomes.world\/de\/"},{"@type":"ListItem","position":2,"name":"My Health, My Life","item":"https:\/\/biomes.world\/de\/wissenswertes\/"},{"@type":"ListItem","position":3,"name":"Kategorie: Darm","item":"https:\/\/biomes.world\/de\/wissenswertes\/darm\/"},{"@type":"ListItem","position":4,"name":"Kategorie: Darmerkrankungen"}]},{"@type":"WebSite","@id":"https:\/\/biomes.world\/de\/#website","url":"https:\/\/biomes.world\/de\/","name":"BIOMES - Feel better","description":"Cutting-edge biotechnology used to help people","publisher":{"@id":"https:\/\/biomes.world\/de\/#organization"},"potentialAction":[{"@type":"SearchAction","target":{"@type":"EntryPoint","urlTemplate":"https:\/\/biomes.world\/de\/?s={search_term_string}"},"query-input":{"@type":"PropertyValueSpecification","valueRequired":true,"valueName":"search_term_string"}}],"inLanguage":"de"},{"@type":"Organization","@id":"https:\/\/biomes.world\/de\/#organization","name":"BIOMES 4.0 GmbH","url":"https:\/\/biomes.world\/de\/","logo":{"@type":"ImageObject","inLanguage":"de","@id":"https:\/\/biomes.world\/de\/#\/schema\/logo\/image\/","url":"http:\/\/biomes.world\/wp-content\/uploads\/2024\/04\/biomes_logo_2021_RGB.png","contentUrl":"http:\/\/biomes.world\/wp-content\/uploads\/2024\/04\/biomes_logo_2021_RGB.png","width":10040,"height":2599,"caption":"BIOMES 4.0 GmbH"},"image":{"@id":"https:\/\/biomes.world\/de\/#\/schema\/logo\/image\/"},"sameAs":["https:\/\/de-de.facebook.com\/BIOMES.world\/","https:\/\/www.youtube.com\/@BIOMESworld","https:\/\/www.instagram.com\/biomes_official\/"],"legalName":"BIOMES 4.0 GmbH","duns":"314778637"}]}},"_links":{"self":[{"href":"https:\/\/biomes.world\/de\/wp-json\/wp\/v2\/pages\/132302","targetHints":{"allow":["GET"]}}],"collection":[{"href":"https:\/\/biomes.world\/de\/wp-json\/wp\/v2\/pages"}],"about":[{"href":"https:\/\/biomes.world\/de\/wp-json\/wp\/v2\/types\/page"}],"author":[{"embeddable":true,"href":"https:\/\/biomes.world\/de\/wp-json\/wp\/v2\/users\/1572"}],"replies":[{"embeddable":true,"href":"https:\/\/biomes.world\/de\/wp-json\/wp\/v2\/comments?post=132302"}],"version-history":[{"count":2,"href":"https:\/\/biomes.world\/de\/wp-json\/wp\/v2\/pages\/132302\/revisions"}],"predecessor-version":[{"id":621533,"href":"https:\/\/biomes.world\/de\/wp-json\/wp\/v2\/pages\/132302\/revisions\/621533"}],"up":[{"embeddable":true,"href":"https:\/\/biomes.world\/de\/wp-json\/wp\/v2\/pages\/592832"}],"wp:attachment":[{"href":"https:\/\/biomes.world\/de\/wp-json\/wp\/v2\/media?parent=132302"}],"curies":[{"name":"wp","href":"https:\/\/api.w.org\/{rel}","templated":true}]}}