{"id":131592,"date":"2018-11-16T09:24:47","date_gmt":"2018-11-16T08:24:47","guid":{"rendered":"http:\/\/biomes.world\/terms-and-conditions\/"},"modified":"2022-03-14T16:18:15","modified_gmt":"2022-03-14T15:18:15","slug":"affiliate-terms-and-conditions","status":"publish","type":"page","link":"https:\/\/biomes.world\/de\/partnerprogramm\/geschaeftsbedingungen\/","title":{"rendered":"Gesch\u00e4ftsbedingungen"},"content":{"rendered":"<h1>BIOMES &#8211; Gesch\u00e4ftsbedingungen f\u00fcr Affiliate Partner<\/h1>\n<p>Diese Gesch\u00e4ftsbedingungen gelten zwischen<\/p>\n<p><strong>Biomes 4.0 GmbH<\/strong><br \/>\nSchwartzkopffstra\u00dfe 1<br \/>\nHalle 21<br \/>\n15745 Wildau<br \/>\nDeutschland<\/p>\n<p>\u2013 im Folgenden: \u201eUnternehmer\u201c \u2013<\/p>\n<p>und dem Affiliate Partner<\/p>\n<p>\u2013 im Folgenden: <a href=\"https:\/\/odoo.biomes.world\/de_DE\/\" target=\"_blank\" rel=\"noopener\">\u201eAffiliate Partner\u201c.<\/a><\/p>\n<h2>Inhaltsverzeichnis<\/h2>\n<p><a href=\"#\u00a71\">\u00a7 1 Gesch\u00e4ftsbedingungen<\/a><br \/>\n<a href=\"#\u00a72\">\u00a7 2 Vertragsgegenstand, Protokollierung, Provision, Auszahlung<\/a><br \/>\n<a href=\"#\u00a73\">\u00a7 3 Gew\u00e4hrleistung und Haftung<\/a><br \/>\n<a href=\"#\u00a74\">\u00a7 4 Dauer, K\u00fcndigung und Aufl\u00f6sung des Vertrages<\/a><br \/>\n<a href=\"#\u00a75\">\u00a7 5 Gerichtsstand, Erf\u00fcllungsort und Anzuwendendes Recht<\/a><br \/>\n<a href=\"#\u00a76\">\u00a7 6 \u00c4nderungen dieser Allgemeinen Gesch\u00e4ftsbedingungen, Salvatorische Klausel<\/a><br \/>\n<a href=\"#\u00a77\">\u00a7 7 Geheimhaltungspflicht<\/a><br \/>\n<a href=\"#\u00a78\">\u00a7 8 Kontaktdaten<\/a><br \/>\n<a href=\"#\u00a79\">\u00a7 9 Schlussbestimmungen<\/a><\/p>\n<hr>\n<h2 id=\"\u00a71\">\u00a7 1 Gesch\u00e4ftsbedingungen<\/h2>\n<p>(1) Ausschlie\u00dflich diese Allgemeinen Gesch\u00e4ftsbedingungen gelten f\u00fcr den zwischen Unternehmer und Affiliate Partner geschlossenem Vertrag.<\/p>\n<p>(2) Allgemeine Gesch\u00e4ftsbedingungen anderer Affiliate Partner gelten nicht als Vertragsgrundlage. Nebenabreden und das Abgehen von jedem Schriftformgebot sind schriftlich zu vereinbaren. Die Teilnahme ist f\u00fcr den Affiliate Partner kostenlos.<\/p>\n<h2 id=\"\u00a72\">\u00a7 2 Vertragsgegenstand, Protokollierung, Provision, Auszahlung<\/h2>\n<p>(1) Unternehmer gew\u00e4hrt dem Affiliate Partner, eigene Werbetexte \u00fcber die Produkte von Unternehmen zu verfassen und entsprechende Produktbilder zu schie\u00dfen. Der Affiliate Partner kann dar\u00fcber hinaus das Unternehmen bitten, einen Affiliate-Link, Werbetexte und Bilder zur Verf\u00fcgung zu stellen, welche f\u00fcr die Ver\u00f6ffentlichung in unver\u00e4nderter Qualit\u00e4t auf der Homepage vorgesehen sind. Vor der Ver\u00f6ffentlichung auf Homepage stellt der Affiliate Partner dem Unternehmen s\u00e4mtlich selbstverfasste Werbetexte und Produktbilder zur Abnahme zur Verf\u00fcgung. Der Unternehmer hat diese innerhalb von drei Werktagen abzunehmen oder abzulehnen.<\/p>\n<p>(2) Der Unternehmer stellt dem Affiliate-Partner ein Verwaltungstool kostenlos zu Verf\u00fcgung. In dem Tool hat der Affiliate-Partner Einsicht auf alle Aktivit\u00e4ten wie K\u00e4ufe oder Provisionen, ebenso dient das Tool zur Protokollierung aller Affiliate-Prozesse. Der Provisionsanspruch entsteht nur dann, wenn die get\u00e4tigte Bestellung \u00fcber den Onlineshop des Unternehmers (http:\/\/biomes.world\/shop) komplett und erfolgreich abgewickelt wurde. Ma\u00dfgeblicher Zeitpunkt ist die tats\u00e4chliche Zahlung des Kunden nach Abrechnung mit dem Unternehmer.<\/p>\n<p>(3) Der Affiliate Partner erh\u00e4lt pro \u00fcber seine Homepage abgeschlossener Onlinebestellung eine Provision von 15% brutto des gebuchten Wareneinkaufwerts. Der Provisionsanspruch entsteht nur, wenn die get\u00e4tigte Onlinebestellung komplett und erfolgreich abgewickelt wurde.<\/p>\n<p style=\"padding-left: 40px\">(3.1) In Ausnahmef\u00e4llen werden 20% Provision gew\u00e4hrt, sollten alle n\u00f6tigen Voraussetzungen erf\u00fcllt sein.<\/p>\n<p>(4) Die Verrechnung der Provisionen mit dem Affiliate Partner erfolgt monatlich, bis zum 20. Kalendertag des Folgemonats. Ber\u00fccksichtigt werden jeweils die im Vormonat \u00fcber den Affiliate Partner erzielten Onlinebestellungen, f\u00fcr welche der Unternehmer Zahlungseing\u00e4nge zu verzeichnen hat. Die Auszahlung der Provisionen erfolgt binnen vier Wochen ab Versand der Buchungs\u00fcbersicht auf ein vom Affiliate Partner zu benenndem Konto. Ein etwaiger Einspruch gegen diese Abrechnung muss schriftlich innerhalb eines Monats ab Erhalt der Abrechnung erfolgen, widrigenfalls deren Richtigkeit ausdr\u00fccklich und vorbehaltslos anerkannt wird. Sp\u00e4ter geltend gemachte Einwendungen und Anspr\u00fcche auf Provision verfallen.<\/p>\n<p>(5) Monatsguthaben unter \u20ac 100.00 werden mit jenem des Folgemonats ausbezahlt. Eine Verzinsung findet nicht statt. \u00dcberweisungen erfolgen in Euro. Ist der Affiliate Partner umsatzsteuerpflichtig, hat er die Umsatzsteuer-ID bzw. Steuernummer mit Angabe des Finanzamtes bei der Anmeldung mitzuteilen. Auslagen und Kosten des Affiliate Partners werden von Unternehmer nicht erstattet.<\/p>\n<h2 id=\"\u00a73\">\u00a7 3 Gew\u00e4hrleistung und Haftung<\/h2>\n<p>(1) Die Parteien vereinbaren die Einschr\u00e4nkung der Haftung des Unternehmers und der ihm zuzurechnenden Gehilfen f\u00fcr Sch\u00e4den, aus welchem Rechtsgrund auch immer, auf grobe Fahrl\u00e4ssigkeit und Vorsatz. Eine Haftung f\u00fcr entgangenen Gewinn und atypische und nicht vorhersehbare Folgesch\u00e4den ist auch f\u00fcr den Fall des Vorsatzes oder der groben Fahrl\u00e4ssigkeit ausgeschlossen. Der Affiliate Partner h\u00e4lt den Unternehmer f\u00fcr Anspr\u00fcche, die aufgrund der Verletzung von Rechts- oder Vertragsvorschriften durch ihn oder seine Gehilfen, an den Unternehmer herangetragen werden vollkommen schad- und klaglos, einschlie\u00dflich der notwendigen und zweckm\u00e4\u00dfigen Kosten der Rechtsverteidigung.<\/p>\n<h2 id=\"\u00a74\">\u00a7 4 Dauer, K\u00fcndigung und Aufl\u00f6sung des Vertrages<\/h2>\n<p>(1) Der Vertrag wird auf unbestimmte Zeit geschlossen.<\/p>\n<p>(2) Die Vertrag ist durch beide Vertragsparteien jeweils mit einer Vorlaufzeit von einem Monat k\u00fcndbar. Die K\u00fcndigung muss in Schriftform erfolgen.<\/p>\n<p>(3) Bis zum Ende der Vertragslaufzeit get\u00e4tigte Onlinebestellungen werden gem\u00e4\u00df den obgenannten Bestimmungen dieses Vertrages abgewickelt. Nach Beendigung des Vertrages ist der Affiliate Partner zur Deaktivierung des Affiliate-Links und dessen Entfernung, sowie allf\u00e4lliger zur Verf\u00fcgung gestellter Banner etc., von seiner Website verpflichtet. F\u00fcr den Fall des Vorliegens eines wichtigen Grundes, einschlie\u00dflich Er\u00f6ffnung des Konkursverfahrens \u00fcber das Verm\u00f6gen des Affiliate Partners und die Abweisung eines Konkursantrages mangels kostendeckenden Verm\u00f6gens, sowie unrichtige Angaben im Antragsformular, ist der Unternehmer zur sofortigen Aufl\u00f6sung des Vertrages berechtigt.<\/p>\n<p>(4) Sollte nach 90 Tagen Affiliatepartnerschaft kein Traffic in Form von Umsatz generiert werden, wird die Partnerschaft automatisch deaktiviert.<\/p>\n<p>(5) Der Unternehmer beh\u00e4lt sich das Recht vor, bestimmte Bewerbungen abzulehnen, die nicht zum Konzept bzw. Themengebiet passen.<\/p>\n<h2 id=\"\u00a75\">\u00a7 5 Gerichtsstand, Erf\u00fcllungsort und Anzuwendendes Recht<\/h2>\n<p>(1) F\u00fcr diesen Kooperationsvertrag gilt ausschlie\u00dflich das Recht der Bundesrepublik Deutschland unter Ausschluss des UN-Kaufrechts und der auf dieses verweisenden Normen des internationalen Privatrechts.<\/p>\n<p>(2) Die Vertragsparteien vereinbaren f\u00fcr alle aus und im Zusammenhang mit diesem Vertragsh\u00e4ndlervertrag entstehenden Streitigkeiten, soweit gesetzlich zul\u00e4ssig, die ausschlie\u00dfliche Zust\u00e4ndigkeit des Landgerichts am Sitz des Unternehmers.<\/p>\n<h2 id=\"\u00a76\">\u00a7 6 \u00c4nderungen dieser Allgemeinen Gesch\u00e4ftsbedingungen, Salvatorische Klausel<\/h2>\n<p>(1) Unternehmer ist berechtigt \u00c4nderungen dieser Allgemeinen Gesch\u00e4ftsbedingungen vorzunehmen, welche dem Affiliate Partner durch \u00dcbermittlung einer Ausfertigung der ge\u00e4nderten Allgemeinen Gesch\u00e4ftsbedingungen per Email zur Kenntnis gebracht werden. Stimmt der Vertragspartner den \u00c4nderungen nicht zu, ist er zur K\u00fcndigung binnen eines Monats ab deren Zugang berechtigt. Wird das K\u00fcndigungsrecht nicht ausge\u00fcbt gelten fortan die ge\u00e4nderten Allgemeinen Gesch\u00e4ftsbedingungen.<\/p>\n<p>(2) Sollten einzelne Klauseln der Allgemeinen Gesch\u00e4ftsbedingungen unwirksam sein, wird die Wirksamkeit im \u00fcbrigen davon nicht ber\u00fchrt. An die Stelle der unwirksamen Klausel tritt diejenige zul\u00e4ssige Regelung, die der mit der unwirksamen Klausel erstrebten wirtschaftlich am n\u00e4chsten kommt.<\/p>\n<h2 id=\"\u00a77\">\u00a7 7 Geheimhaltungspflicht<\/h2>\n<p>(1) Affiliate Partner darf ihm zur Kenntnis gelangende Gesch\u00e4ftsgeheimnisse des Unternehmers weder w\u00e4hrend des Vertrages noch nach seiner Beendigung Dritten mitteilen oder zug\u00e4nglich machen. Er wird daf\u00fcr sorgen, dass diese Verpflichtung auch durch seine Mitarbeiter eingehalten wird.<\/p>\n<p>(2) Unterlagen \u00fcber geheime Gesch\u00e4ftsvorg\u00e4nge, die der Unternehmer ihm anvertraut hat, wird der Affiliate Partner unverz\u00fcglich nach Aufforderung durch den Unternehmer, sp\u00e4testens jedoch innerhalb einer Woche nach Beendigung des Vertragsverh\u00e4ltnisses, zur\u00fcckgeben.<\/p>\n<p>(3) Vertrauliche Informationen sind s\u00e4mtliche Informationen insbesondere technischer und wirtschaftlicher Art, Absichten, Erfahrungen, Erkenntnisse, Konstruktionen und Unterlagen, einschlie\u00dflich der Vorbestehenden Ergebnisse, die ihnen aufgrund der Zusammenarbeit gem\u00e4\u00df dieses Vertrages bekannt werden, Dritten gegen\u00fcber \u2013 auch \u00fcber die Dauer des Vertrages hinaus \u2013 vertraulich zu behandeln, Dritten nicht zug\u00e4nglich zu machen, vor dem Zugriff Dritter zu sch\u00fctzen sowie nicht zum Gegenstand einer eigenen Schutzrechtsanmeldung zu machen. Ob und auf welchem Tr\u00e4germedium die Informationen verk\u00f6rpert sind, ist unerheblich; insbesondere sind auch m\u00fcndliche Informationen umfasst.<\/p>\n<h2 id=\"\u00a78\">\u00a7 8 Kontaktdaten<\/h2>\n<p>Kontaktadresse \/ Ansprechpartner von Unternehmer (Vertrag\/Werbemittel)<\/p>\n<p>BIOMES 4.0 GmbH<br \/>\nHerr Andrej Wackerow<br \/>\nSchwartzkopffstra\u00dfe 1<br \/>\nHalle 21<br \/>\n15745 Wildau<br \/>\nTel: +49 (0) 3375 585 62 40<br \/>\nE-Mail: vertrieb@biomes.world<\/p>\n<h2 id=\"\u00a79\">\u00a7 9 Schlussbestimmungen<\/h2>\n<p>(1) Dieser Vertrag stellt nebst Anlagen die vollst\u00e4ndige Absprache zwischen den Vertragsparteien dar. \u00c4nderungen und Erg\u00e4nzungen dieser Vereinbarung bed\u00fcrfen zu ihrer Wirksamkeit der Schriftform. Dies gilt \u2013 unbeschadet des Vorrangs der Individualabrede \u2013 auch f\u00fcr den Verzicht auf das Schriftformerfordernis. Die Parteien verpflichten sich gegenseitig, jeweils auf Wunsch der anderen Partei jederzeit alle Handlungen vorzunehmen und Erkl\u00e4rungen abzugeben, die erforderlich sind, um dem Schriftformerfordernis \u2013 auch im Zusammenhang mit Abschluss von Nachtrags-, \u00c4nderungs- und Erg\u00e4nzungsvertr\u00e4gen \u2013 Gen\u00fcge zu tun.<\/p>\n<p>(2) Die Parteien k\u00f6nnen Rechte und Pflichten aus diesem Vertragsh\u00e4ndlervertrag nicht ohne vorherige schriftliche Einwilligung der jeweils anderen Partei auf Dritte \u00fcbertragen.<\/p>\n<p>(3) Die Unwirksamkeit einer oder mehrerer Bestimmungen dieses Vertrages l\u00e4sst die Wirksamkeit des Vertrages im \u00dcbrigen unber\u00fchrt. Die Parteien sind verpflichtet, in gemeinsamer Abstimmung die unwirksame Bestimmung durch eine Bestimmung zu ersetzen, die dem wirtschaftlichen Zweck dieses Vertrages am n\u00e4chsten kommt. Entsprechendes gilt auch f\u00fcr eventuell auftretende L\u00fccken des Vertrages.<\/p>\n","protected":false},"excerpt":{"rendered":"<p>BIOMES &#8211; Gesch\u00e4ftsbedingungen f\u00fcr Affiliate Partner Diese Gesch\u00e4ftsbedingungen gelten zwischen Biomes 4.0 GmbH Schwartzkopffstra\u00dfe 1 Halle 21 15745 Wildau Deutschland \u2013 im Folgenden: \u201eUnternehmer\u201c \u2013 und dem Affiliate Partner \u2013 im Folgenden: \u201eAffiliate Partner\u201c. Inhaltsverzeichnis \u00a7 1 Gesch\u00e4ftsbedingungen \u00a7 2 Vertragsgegenstand, Protokollierung, Provision, Auszahlung \u00a7 3 Gew\u00e4hrleistung und Haftung \u00a7 4 Dauer, K\u00fcndigung und Aufl\u00f6sung [&#8230;]<\/p>\n","protected":false},"author":1572,"featured_media":0,"parent":177,"menu_order":0,"comment_status":"closed","ping_status":"closed","template":"","meta":{"_acf_changed":false,"footnotes":""},"class_list":["post-131592","page","type-page","status-publish","hentry"],"acf":[],"yoast_head":"<!-- This site is optimized with the Yoast SEO plugin v27.4 - https:\/\/yoast.com\/product\/yoast-seo-wordpress\/ -->\n<title>Gesch\u00e4ftsbedingungen - BIOMES - Feel better<\/title>\n<meta name=\"description\" content=\"Unternehmer gew\u00e4hrt dem Affiliate Partner, eigene Werbetexte \u00fcber die Produkte von Unternehmen zu verfassen und entsprechende.\" \/>\n<meta name=\"robots\" content=\"index, follow, max-snippet:-1, max-image-preview:large, max-video-preview:-1\" \/>\n<link rel=\"canonical\" href=\"https:\/\/biomes.world\/de\/partnerprogramm\/geschaeftsbedingungen\/\" \/>\n<meta property=\"og:locale\" content=\"de_DE\" \/>\n<meta property=\"og:type\" content=\"article\" \/>\n<meta property=\"og:title\" content=\"Gesch\u00e4ftsbedingungen - BIOMES - Feel better\" \/>\n<meta property=\"og:description\" content=\"Unternehmer gew\u00e4hrt dem Affiliate Partner, eigene Werbetexte \u00fcber die Produkte von Unternehmen zu verfassen und entsprechende.\" \/>\n<meta property=\"og:url\" content=\"https:\/\/biomes.world\/de\/partnerprogramm\/geschaeftsbedingungen\/\" \/>\n<meta property=\"og:site_name\" content=\"BIOMES - Feel better\" \/>\n<meta property=\"article:publisher\" content=\"https:\/\/de-de.facebook.com\/BIOMES.world\/\" \/>\n<meta property=\"article:modified_time\" content=\"2022-03-14T15:18:15+00:00\" \/>\n<meta name=\"twitter:card\" content=\"summary_large_image\" \/>\n<meta name=\"twitter:label1\" content=\"Gesch\u00e4tzte Lesezeit\" \/>\n\t<meta name=\"twitter:data1\" content=\"6\u00a0Minuten\" \/>\n<script type=\"application\/ld+json\" class=\"yoast-schema-graph\">{\"@context\":\"https:\\\/\\\/schema.org\",\"@graph\":[{\"@type\":\"WebPage\",\"@id\":\"https:\\\/\\\/biomes.world\\\/de\\\/partnerprogramm\\\/geschaeftsbedingungen\\\/\",\"url\":\"https:\\\/\\\/biomes.world\\\/de\\\/partnerprogramm\\\/geschaeftsbedingungen\\\/\",\"name\":\"Gesch\u00e4ftsbedingungen - BIOMES - Feel better\",\"isPartOf\":{\"@id\":\"https:\\\/\\\/biomes.world\\\/de\\\/#website\"},\"datePublished\":\"2018-11-16T08:24:47+00:00\",\"dateModified\":\"2022-03-14T15:18:15+00:00\",\"description\":\"Unternehmer gew\u00e4hrt dem Affiliate Partner, eigene Werbetexte \u00fcber die Produkte von Unternehmen zu verfassen und entsprechende.\",\"breadcrumb\":{\"@id\":\"https:\\\/\\\/biomes.world\\\/de\\\/partnerprogramm\\\/geschaeftsbedingungen\\\/#breadcrumb\"},\"inLanguage\":\"de\",\"potentialAction\":[{\"@type\":\"ReadAction\",\"target\":[\"https:\\\/\\\/biomes.world\\\/de\\\/partnerprogramm\\\/geschaeftsbedingungen\\\/\"]}]},{\"@type\":\"BreadcrumbList\",\"@id\":\"https:\\\/\\\/biomes.world\\\/de\\\/partnerprogramm\\\/geschaeftsbedingungen\\\/#breadcrumb\",\"itemListElement\":[{\"@type\":\"ListItem\",\"position\":1,\"name\":\"Home\",\"item\":\"https:\\\/\\\/biomes.world\\\/de\\\/\"},{\"@type\":\"ListItem\",\"position\":2,\"name\":\"\u00dcber uns\",\"item\":\"https:\\\/\\\/biomes.world\\\/de\\\/ueber-uns\\\/\"},{\"@type\":\"ListItem\",\"position\":3,\"name\":\"Gesch\u00e4ftsbedingungen\"}]},{\"@type\":\"WebSite\",\"@id\":\"https:\\\/\\\/biomes.world\\\/de\\\/#website\",\"url\":\"https:\\\/\\\/biomes.world\\\/de\\\/\",\"name\":\"BIOMES - Feel better\",\"description\":\"Cutting-edge biotechnology used to help people\",\"publisher\":{\"@id\":\"https:\\\/\\\/biomes.world\\\/de\\\/#organization\"},\"potentialAction\":[{\"@type\":\"SearchAction\",\"target\":{\"@type\":\"EntryPoint\",\"urlTemplate\":\"https:\\\/\\\/biomes.world\\\/de\\\/?s={search_term_string}\"},\"query-input\":{\"@type\":\"PropertyValueSpecification\",\"valueRequired\":true,\"valueName\":\"search_term_string\"}}],\"inLanguage\":\"de\"},{\"@type\":\"Organization\",\"@id\":\"https:\\\/\\\/biomes.world\\\/de\\\/#organization\",\"name\":\"BIOMES 4.0 GmbH\",\"url\":\"https:\\\/\\\/biomes.world\\\/de\\\/\",\"logo\":{\"@type\":\"ImageObject\",\"inLanguage\":\"de\",\"@id\":\"https:\\\/\\\/biomes.world\\\/de\\\/#\\\/schema\\\/logo\\\/image\\\/\",\"url\":\"http:\\\/\\\/biomes.world\\\/wp-content\\\/uploads\\\/2024\\\/04\\\/biomes_logo_2021_RGB.png\",\"contentUrl\":\"http:\\\/\\\/biomes.world\\\/wp-content\\\/uploads\\\/2024\\\/04\\\/biomes_logo_2021_RGB.png\",\"width\":10040,\"height\":2599,\"caption\":\"BIOMES 4.0 GmbH\"},\"image\":{\"@id\":\"https:\\\/\\\/biomes.world\\\/de\\\/#\\\/schema\\\/logo\\\/image\\\/\"},\"sameAs\":[\"https:\\\/\\\/de-de.facebook.com\\\/BIOMES.world\\\/\",\"https:\\\/\\\/www.youtube.com\\\/@BIOMESworld\",\"https:\\\/\\\/www.instagram.com\\\/biomes_official\\\/\"]}]}<\/script>\n<!-- \/ Yoast SEO plugin. -->","yoast_head_json":{"title":"Gesch\u00e4ftsbedingungen - BIOMES - Feel better","description":"Unternehmer gew\u00e4hrt dem Affiliate Partner, eigene Werbetexte \u00fcber die Produkte von Unternehmen zu verfassen und entsprechende.","robots":{"index":"index","follow":"follow","max-snippet":"max-snippet:-1","max-image-preview":"max-image-preview:large","max-video-preview":"max-video-preview:-1"},"canonical":"https:\/\/biomes.world\/de\/partnerprogramm\/geschaeftsbedingungen\/","og_locale":"de_DE","og_type":"article","og_title":"Gesch\u00e4ftsbedingungen - BIOMES - Feel better","og_description":"Unternehmer gew\u00e4hrt dem Affiliate Partner, eigene Werbetexte \u00fcber die Produkte von Unternehmen zu verfassen und entsprechende.","og_url":"https:\/\/biomes.world\/de\/partnerprogramm\/geschaeftsbedingungen\/","og_site_name":"BIOMES - Feel better","article_publisher":"https:\/\/de-de.facebook.com\/BIOMES.world\/","article_modified_time":"2022-03-14T15:18:15+00:00","twitter_card":"summary_large_image","twitter_misc":{"Gesch\u00e4tzte Lesezeit":"6\u00a0Minuten"},"schema":{"@context":"https:\/\/schema.org","@graph":[{"@type":"WebPage","@id":"https:\/\/biomes.world\/de\/partnerprogramm\/geschaeftsbedingungen\/","url":"https:\/\/biomes.world\/de\/partnerprogramm\/geschaeftsbedingungen\/","name":"Gesch\u00e4ftsbedingungen - BIOMES - Feel better","isPartOf":{"@id":"https:\/\/biomes.world\/de\/#website"},"datePublished":"2018-11-16T08:24:47+00:00","dateModified":"2022-03-14T15:18:15+00:00","description":"Unternehmer gew\u00e4hrt dem Affiliate Partner, eigene Werbetexte \u00fcber die Produkte von Unternehmen zu verfassen und entsprechende.","breadcrumb":{"@id":"https:\/\/biomes.world\/de\/partnerprogramm\/geschaeftsbedingungen\/#breadcrumb"},"inLanguage":"de","potentialAction":[{"@type":"ReadAction","target":["https:\/\/biomes.world\/de\/partnerprogramm\/geschaeftsbedingungen\/"]}]},{"@type":"BreadcrumbList","@id":"https:\/\/biomes.world\/de\/partnerprogramm\/geschaeftsbedingungen\/#breadcrumb","itemListElement":[{"@type":"ListItem","position":1,"name":"Home","item":"https:\/\/biomes.world\/de\/"},{"@type":"ListItem","position":2,"name":"\u00dcber uns","item":"https:\/\/biomes.world\/de\/ueber-uns\/"},{"@type":"ListItem","position":3,"name":"Gesch\u00e4ftsbedingungen"}]},{"@type":"WebSite","@id":"https:\/\/biomes.world\/de\/#website","url":"https:\/\/biomes.world\/de\/","name":"BIOMES - Feel better","description":"Cutting-edge biotechnology used to help people","publisher":{"@id":"https:\/\/biomes.world\/de\/#organization"},"potentialAction":[{"@type":"SearchAction","target":{"@type":"EntryPoint","urlTemplate":"https:\/\/biomes.world\/de\/?s={search_term_string}"},"query-input":{"@type":"PropertyValueSpecification","valueRequired":true,"valueName":"search_term_string"}}],"inLanguage":"de"},{"@type":"Organization","@id":"https:\/\/biomes.world\/de\/#organization","name":"BIOMES 4.0 GmbH","url":"https:\/\/biomes.world\/de\/","logo":{"@type":"ImageObject","inLanguage":"de","@id":"https:\/\/biomes.world\/de\/#\/schema\/logo\/image\/","url":"http:\/\/biomes.world\/wp-content\/uploads\/2024\/04\/biomes_logo_2021_RGB.png","contentUrl":"http:\/\/biomes.world\/wp-content\/uploads\/2024\/04\/biomes_logo_2021_RGB.png","width":10040,"height":2599,"caption":"BIOMES 4.0 GmbH"},"image":{"@id":"https:\/\/biomes.world\/de\/#\/schema\/logo\/image\/"},"sameAs":["https:\/\/de-de.facebook.com\/BIOMES.world\/","https:\/\/www.youtube.com\/@BIOMESworld","https:\/\/www.instagram.com\/biomes_official\/"]}]}},"_links":{"self":[{"href":"https:\/\/biomes.world\/de\/wp-json\/wp\/v2\/pages\/131592","targetHints":{"allow":["GET"]}}],"collection":[{"href":"https:\/\/biomes.world\/de\/wp-json\/wp\/v2\/pages"}],"about":[{"href":"https:\/\/biomes.world\/de\/wp-json\/wp\/v2\/types\/page"}],"author":[{"embeddable":true,"href":"https:\/\/biomes.world\/de\/wp-json\/wp\/v2\/users\/1572"}],"replies":[{"embeddable":true,"href":"https:\/\/biomes.world\/de\/wp-json\/wp\/v2\/comments?post=131592"}],"version-history":[{"count":0,"href":"https:\/\/biomes.world\/de\/wp-json\/wp\/v2\/pages\/131592\/revisions"}],"up":[{"embeddable":true,"href":"https:\/\/biomes.world\/de\/wp-json\/wp\/v2\/pages\/177"}],"wp:attachment":[{"href":"https:\/\/biomes.world\/de\/wp-json\/wp\/v2\/media?parent=131592"}],"curies":[{"name":"wp","href":"https:\/\/api.w.org\/{rel}","templated":true}]}}