{"id":131191,"date":"2018-10-27T21:18:41","date_gmt":"2018-10-27T19:18:41","guid":{"rendered":"http:\/\/biomes.world\/?page_id=131191"},"modified":"2023-05-11T18:52:16","modified_gmt":"2023-05-11T16:52:16","slug":"esf-foerderung","status":"publish","type":"page","link":"https:\/\/biomes.world\/de\/service\/esf-foerderung\/","title":{"rendered":"ESF F\u00f6rderung"},"content":{"rendered":"\n<h1 class=\"wp-block-heading\" id=\"h-europaischer-sozialfond-fur-deutschland-sub-gefordert-aus-mitteln-des-europaischen-fond-fur-regionale-entwicklung-sub\">Europ\u00e4ischer Sozialfond f\u00fcr Deutschland<span class=\"subheader\">Gef\u00f6rdert aus Mitteln des Europ\u00e4ischen Fond f\u00fcr Regionale Entwicklung<\/span><\/h1>\n\n\n\n<figure class=\"wp-block-image size-full is-resized\"><img loading=\"lazy\" decoding=\"async\" src=\"http:\/\/biomes.world\/wp-content\/uploads\/2021\/11\/EU-Logo_mit_ESF-Schriftzug_linksbu\u0308ndig_unter_der_Fahne.jpeg\" alt=\"\" class=\"wp-image-583141\" width=\"560\" height=\"293\"\/><\/figure>\n\n\n<div\n    id=\"hero-teaser-block_9a466c35be29caddd545046bc56f61fb\"\n    class=\"hero-teaser hero-teaser--reverse site-block\"\n>\n    <div class=\"hero-teaser__media\">\n        <img decoding=\"async\"\n            src=\"https:\/\/biomes.world\/wp-content\/uploads\/2021\/07\/Depositphotos_417833170_l-2015-1600x650.jpg\"\n            alt=\"\"\n            srcset=\"https:\/\/biomes.world\/wp-content\/uploads\/2021\/07\/Depositphotos_417833170_l-2015-300x200.jpg 300w, https:\/\/biomes.world\/wp-content\/uploads\/2021\/07\/Depositphotos_417833170_l-2015-1024x683.jpg 1024w, https:\/\/biomes.world\/wp-content\/uploads\/2021\/07\/Depositphotos_417833170_l-2015-768x512.jpg 768w, https:\/\/biomes.world\/wp-content\/uploads\/2021\/07\/Depositphotos_417833170_l-2015-1536x1025.jpg 1536w, https:\/\/biomes.world\/wp-content\/uploads\/2021\/07\/Depositphotos_417833170_l-2015-1440x960.jpg 1440w, https:\/\/biomes.world\/wp-content\/uploads\/2021\/07\/Depositphotos_417833170_l-2015-250x167.jpg 250w, https:\/\/biomes.world\/wp-content\/uploads\/2021\/07\/Depositphotos_417833170_l-2015.jpg 2000w\"\n            sizes=\"(max-width: 30em) 100vw, (max-width: 48em) 100vw, (max-width: 62em) 100vw, (max-width: 75em) 100vw, 1400px\t\"\n        >\n    <\/div>\n    <div class=\"hero-teaser__header\">\n        <div class=\"hero-teaser__col column\">\n            <h2 class=\"hero-teaser__title\">\n                <span>ESF F\u00f6rderung<\/span>\n                Wie genau wird BIOMES unterst\u00fctzt?<br \/>\r\n            <\/h2>\n                    <\/div>\n    <\/div>\n<\/div>\n\n\n\n<p>Die Einstellung der Innovationsfachkraft wird durch das Ministerium f\u00fcr Wirtschaft, Arbeit und Energie aus Mitteln des Europ\u00e4ischen Sozialfonds und des Landes Brandenburg gef\u00f6rdert. Die Innovationsfachkraft unterst\u00fctzt als BIOMES Angestellte die Gesch\u00e4ftsleitung und greift lenkend in die vorhandenen Strukturen ein. Das Aufgabengebiet der Innovationsfachkraft ist die:<\/p>\n\n\n\n<ul class=\"wp-block-list\">\n<li>Weiter- und Neuentwicklung von neuen, computergest\u00fctzten innovativen Datenverarbeitungs-, Analyse- und Interpretationsprozessen. <\/li>\n\n\n\n<li>Konzeption und Weiterentwicklung von skalierbaren und nachhaltigen EDV-Infrastrukturen zum Verarbeiten und Speichern gro\u00dfer Datenmengen<\/li>\n\n\n\n<li>Einf\u00fchrung von computergest\u00fctzten Qualit\u00e4tsstandards zur Verarbeitung von Nutzerdaten<\/li>\n\n\n\n<li>Vorbereitung, Planung und Nachbereitung von terminlichen Vereinbarungen<\/li>\n\n\n\n<li>pers\u00f6nliche Assistenz und Beratung sowie administrative Unterst\u00fctzung der EDV- &amp; IT-Leitung. Die zu bearbeitenden Aufgabengebiete der Innovationsfachkraft sollen die Effizienz der einzelnen Prozessketten in Hinblick auf Automatisierung und Qualit\u00e4tsmanagement steigern, wodurch Produktionskosten bei gleichbleibender Qualit\u00e4t und hoher Reproduzierbarkeit eingespart wird.<\/li>\n<\/ul>\n\n\n<div class=\"wp-block-image\">\n<figure class=\"alignright size-full is-resized\"><img loading=\"lazy\" decoding=\"async\" src=\"http:\/\/biomes.world\/wp-content\/uploads\/2021\/10\/MWAE_4C-0.jpg\" alt=\"\" class=\"wp-image-582907\" width=\"156\" height=\"153\"\/><\/figure>\n<\/div>\n\n<div class=\"wp-block-image\">\n<figure class=\"alignleft size-full\"><img decoding=\"async\" src=\"http:\/\/biomes.world\/wp-content\/uploads\/2021\/11\/EU-Logomit_EU-und_ESF_Schriftzg_rechts-oben_neben_der_Fahne.3880171.webp\" alt=\"\" class=\"wp-image-615508\"\/><\/figure>\n<\/div>","protected":false},"excerpt":{"rendered":"<p>Europ\u00e4ischer Sozialfond f\u00fcr Deutschland ESF F\u00f6rderung Wie genau wird BIOMES unterst\u00fctzt? Die Einstellung der Innovationsfachkraft wird durch das Ministerium f\u00fcr Wirtschaft, Arbeit und Energie aus Mitteln des Europ\u00e4ischen Sozialfonds und des Landes Brandenburg gef\u00f6rdert. Die Innovationsfachkraft unterst\u00fctzt als BIOMES Angestellte die Gesch\u00e4ftsleitung und greift lenkend in die vorhandenen Strukturen ein. Das Aufgabengebiet der Innovationsfachkraft ist [&#8230;]<\/p>\n","protected":false},"author":3168,"featured_media":0,"parent":500601,"menu_order":0,"comment_status":"closed","ping_status":"closed","template":"","meta":{"_acf_changed":false,"footnotes":""},"class_list":["post-131191","page","type-page","status-publish","hentry"],"acf":[],"yoast_head":"<!-- This site is optimized with the Yoast SEO plugin v27.4 - https:\/\/yoast.com\/product\/yoast-seo-wordpress\/ -->\n<title>BIOMES wird durch den ESF gef\u00f6rodert und unterst\u00fctzt<\/title>\n<meta name=\"description\" content=\"BIOMES wird durch das Programm Brandenburger Innovationsfachkr\u00e4fte, F\u00f6rderung einer Innovationsassistentin unterst\u00fctzt.\" \/>\n<meta name=\"robots\" content=\"index, follow, max-snippet:-1, max-image-preview:large, max-video-preview:-1\" \/>\n<link rel=\"canonical\" href=\"https:\/\/biomes.world\/de\/service\/esf-foerderung\/\" \/>\n<meta property=\"og:locale\" content=\"de_DE\" \/>\n<meta property=\"og:type\" content=\"article\" \/>\n<meta property=\"og:title\" content=\"BIOMES wird durch den ESF gef\u00f6rodert und unterst\u00fctzt\" \/>\n<meta property=\"og:description\" content=\"BIOMES wird durch das Programm Brandenburger Innovationsfachkr\u00e4fte, F\u00f6rderung einer Innovationsassistentin unterst\u00fctzt.\" \/>\n<meta property=\"og:url\" content=\"https:\/\/biomes.world\/de\/service\/esf-foerderung\/\" \/>\n<meta property=\"og:site_name\" content=\"BIOMES - Feel better\" \/>\n<meta property=\"article:publisher\" content=\"https:\/\/de-de.facebook.com\/BIOMES.world\/\" \/>\n<meta property=\"article:modified_time\" content=\"2023-05-11T16:52:16+00:00\" \/>\n<meta property=\"og:image\" content=\"http:\/\/biomes.world\/wp-content\/uploads\/2021\/10\/MWAE_4C-0.jpg\" \/>\n<meta name=\"twitter:card\" content=\"summary_large_image\" \/>\n<meta name=\"twitter:label1\" content=\"Gesch\u00e4tzte Lesezeit\" \/>\n\t<meta name=\"twitter:data1\" content=\"2\u00a0Minuten\" \/>\n<script type=\"application\/ld+json\" class=\"yoast-schema-graph\">{\"@context\":\"https:\\\/\\\/schema.org\",\"@graph\":[{\"@type\":\"WebPage\",\"@id\":\"https:\\\/\\\/biomes.world\\\/de\\\/service\\\/esf-foerderung\\\/\",\"url\":\"https:\\\/\\\/biomes.world\\\/de\\\/service\\\/esf-foerderung\\\/\",\"name\":\"BIOMES wird durch den ESF gef\u00f6rodert und unterst\u00fctzt\",\"isPartOf\":{\"@id\":\"https:\\\/\\\/biomes.world\\\/de\\\/#website\"},\"primaryImageOfPage\":{\"@id\":\"https:\\\/\\\/biomes.world\\\/de\\\/service\\\/esf-foerderung\\\/#primaryimage\"},\"image\":{\"@id\":\"https:\\\/\\\/biomes.world\\\/de\\\/service\\\/esf-foerderung\\\/#primaryimage\"},\"thumbnailUrl\":\"http:\\\/\\\/biomes.world\\\/wp-content\\\/uploads\\\/2021\\\/10\\\/MWAE_4C-0.jpg\",\"datePublished\":\"2018-10-27T19:18:41+00:00\",\"dateModified\":\"2023-05-11T16:52:16+00:00\",\"description\":\"BIOMES wird durch das Programm Brandenburger Innovationsfachkr\u00e4fte, F\u00f6rderung einer Innovationsassistentin unterst\u00fctzt.\",\"breadcrumb\":{\"@id\":\"https:\\\/\\\/biomes.world\\\/de\\\/service\\\/esf-foerderung\\\/#breadcrumb\"},\"inLanguage\":\"de\",\"potentialAction\":[{\"@type\":\"ReadAction\",\"target\":[\"https:\\\/\\\/biomes.world\\\/de\\\/service\\\/esf-foerderung\\\/\"]}]},{\"@type\":\"ImageObject\",\"inLanguage\":\"de\",\"@id\":\"https:\\\/\\\/biomes.world\\\/de\\\/service\\\/esf-foerderung\\\/#primaryimage\",\"url\":\"http:\\\/\\\/biomes.world\\\/wp-content\\\/uploads\\\/2021\\\/10\\\/MWAE_4C-0.jpg\",\"contentUrl\":\"http:\\\/\\\/biomes.world\\\/wp-content\\\/uploads\\\/2021\\\/10\\\/MWAE_4C-0.jpg\"},{\"@type\":\"BreadcrumbList\",\"@id\":\"https:\\\/\\\/biomes.world\\\/de\\\/service\\\/esf-foerderung\\\/#breadcrumb\",\"itemListElement\":[{\"@type\":\"ListItem\",\"position\":1,\"name\":\"Home\",\"item\":\"https:\\\/\\\/biomes.world\\\/de\\\/\"},{\"@type\":\"ListItem\",\"position\":2,\"name\":\"Footer Service\",\"item\":\"https:\\\/\\\/biomes.world\\\/de\\\/service\\\/\"},{\"@type\":\"ListItem\",\"position\":3,\"name\":\"ESF F\u00f6rderung\"}]},{\"@type\":\"WebSite\",\"@id\":\"https:\\\/\\\/biomes.world\\\/de\\\/#website\",\"url\":\"https:\\\/\\\/biomes.world\\\/de\\\/\",\"name\":\"BIOMES - Feel better\",\"description\":\"Cutting-edge biotechnology used to help people\",\"publisher\":{\"@id\":\"https:\\\/\\\/biomes.world\\\/de\\\/#organization\"},\"potentialAction\":[{\"@type\":\"SearchAction\",\"target\":{\"@type\":\"EntryPoint\",\"urlTemplate\":\"https:\\\/\\\/biomes.world\\\/de\\\/?s={search_term_string}\"},\"query-input\":{\"@type\":\"PropertyValueSpecification\",\"valueRequired\":true,\"valueName\":\"search_term_string\"}}],\"inLanguage\":\"de\"},{\"@type\":\"Organization\",\"@id\":\"https:\\\/\\\/biomes.world\\\/de\\\/#organization\",\"name\":\"BIOMES 4.0 GmbH\",\"url\":\"https:\\\/\\\/biomes.world\\\/de\\\/\",\"logo\":{\"@type\":\"ImageObject\",\"inLanguage\":\"de\",\"@id\":\"https:\\\/\\\/biomes.world\\\/de\\\/#\\\/schema\\\/logo\\\/image\\\/\",\"url\":\"http:\\\/\\\/biomes.world\\\/wp-content\\\/uploads\\\/2024\\\/04\\\/biomes_logo_2021_RGB.png\",\"contentUrl\":\"http:\\\/\\\/biomes.world\\\/wp-content\\\/uploads\\\/2024\\\/04\\\/biomes_logo_2021_RGB.png\",\"width\":10040,\"height\":2599,\"caption\":\"BIOMES 4.0 GmbH\"},\"image\":{\"@id\":\"https:\\\/\\\/biomes.world\\\/de\\\/#\\\/schema\\\/logo\\\/image\\\/\"},\"sameAs\":[\"https:\\\/\\\/de-de.facebook.com\\\/BIOMES.world\\\/\",\"https:\\\/\\\/www.youtube.com\\\/@BIOMESworld\",\"https:\\\/\\\/www.instagram.com\\\/biomes_official\\\/\"]}]}<\/script>\n<!-- \/ Yoast SEO plugin. -->","yoast_head_json":{"title":"BIOMES wird durch den ESF gef\u00f6rodert und unterst\u00fctzt","description":"BIOMES wird durch das Programm Brandenburger Innovationsfachkr\u00e4fte, F\u00f6rderung einer Innovationsassistentin unterst\u00fctzt.","robots":{"index":"index","follow":"follow","max-snippet":"max-snippet:-1","max-image-preview":"max-image-preview:large","max-video-preview":"max-video-preview:-1"},"canonical":"https:\/\/biomes.world\/de\/service\/esf-foerderung\/","og_locale":"de_DE","og_type":"article","og_title":"BIOMES wird durch den ESF gef\u00f6rodert und unterst\u00fctzt","og_description":"BIOMES wird durch das Programm Brandenburger Innovationsfachkr\u00e4fte, F\u00f6rderung einer Innovationsassistentin unterst\u00fctzt.","og_url":"https:\/\/biomes.world\/de\/service\/esf-foerderung\/","og_site_name":"BIOMES - Feel better","article_publisher":"https:\/\/de-de.facebook.com\/BIOMES.world\/","article_modified_time":"2023-05-11T16:52:16+00:00","og_image":[{"url":"http:\/\/biomes.world\/wp-content\/uploads\/2021\/10\/MWAE_4C-0.jpg","type":"","width":"","height":""}],"twitter_card":"summary_large_image","twitter_misc":{"Gesch\u00e4tzte Lesezeit":"2\u00a0Minuten"},"schema":{"@context":"https:\/\/schema.org","@graph":[{"@type":"WebPage","@id":"https:\/\/biomes.world\/de\/service\/esf-foerderung\/","url":"https:\/\/biomes.world\/de\/service\/esf-foerderung\/","name":"BIOMES wird durch den ESF gef\u00f6rodert und unterst\u00fctzt","isPartOf":{"@id":"https:\/\/biomes.world\/de\/#website"},"primaryImageOfPage":{"@id":"https:\/\/biomes.world\/de\/service\/esf-foerderung\/#primaryimage"},"image":{"@id":"https:\/\/biomes.world\/de\/service\/esf-foerderung\/#primaryimage"},"thumbnailUrl":"http:\/\/biomes.world\/wp-content\/uploads\/2021\/10\/MWAE_4C-0.jpg","datePublished":"2018-10-27T19:18:41+00:00","dateModified":"2023-05-11T16:52:16+00:00","description":"BIOMES wird durch das Programm Brandenburger Innovationsfachkr\u00e4fte, F\u00f6rderung einer Innovationsassistentin unterst\u00fctzt.","breadcrumb":{"@id":"https:\/\/biomes.world\/de\/service\/esf-foerderung\/#breadcrumb"},"inLanguage":"de","potentialAction":[{"@type":"ReadAction","target":["https:\/\/biomes.world\/de\/service\/esf-foerderung\/"]}]},{"@type":"ImageObject","inLanguage":"de","@id":"https:\/\/biomes.world\/de\/service\/esf-foerderung\/#primaryimage","url":"http:\/\/biomes.world\/wp-content\/uploads\/2021\/10\/MWAE_4C-0.jpg","contentUrl":"http:\/\/biomes.world\/wp-content\/uploads\/2021\/10\/MWAE_4C-0.jpg"},{"@type":"BreadcrumbList","@id":"https:\/\/biomes.world\/de\/service\/esf-foerderung\/#breadcrumb","itemListElement":[{"@type":"ListItem","position":1,"name":"Home","item":"https:\/\/biomes.world\/de\/"},{"@type":"ListItem","position":2,"name":"Footer Service","item":"https:\/\/biomes.world\/de\/service\/"},{"@type":"ListItem","position":3,"name":"ESF F\u00f6rderung"}]},{"@type":"WebSite","@id":"https:\/\/biomes.world\/de\/#website","url":"https:\/\/biomes.world\/de\/","name":"BIOMES - Feel better","description":"Cutting-edge biotechnology used to help people","publisher":{"@id":"https:\/\/biomes.world\/de\/#organization"},"potentialAction":[{"@type":"SearchAction","target":{"@type":"EntryPoint","urlTemplate":"https:\/\/biomes.world\/de\/?s={search_term_string}"},"query-input":{"@type":"PropertyValueSpecification","valueRequired":true,"valueName":"search_term_string"}}],"inLanguage":"de"},{"@type":"Organization","@id":"https:\/\/biomes.world\/de\/#organization","name":"BIOMES 4.0 GmbH","url":"https:\/\/biomes.world\/de\/","logo":{"@type":"ImageObject","inLanguage":"de","@id":"https:\/\/biomes.world\/de\/#\/schema\/logo\/image\/","url":"http:\/\/biomes.world\/wp-content\/uploads\/2024\/04\/biomes_logo_2021_RGB.png","contentUrl":"http:\/\/biomes.world\/wp-content\/uploads\/2024\/04\/biomes_logo_2021_RGB.png","width":10040,"height":2599,"caption":"BIOMES 4.0 GmbH"},"image":{"@id":"https:\/\/biomes.world\/de\/#\/schema\/logo\/image\/"},"sameAs":["https:\/\/de-de.facebook.com\/BIOMES.world\/","https:\/\/www.youtube.com\/@BIOMESworld","https:\/\/www.instagram.com\/biomes_official\/"]}]}},"_links":{"self":[{"href":"https:\/\/biomes.world\/de\/wp-json\/wp\/v2\/pages\/131191","targetHints":{"allow":["GET"]}}],"collection":[{"href":"https:\/\/biomes.world\/de\/wp-json\/wp\/v2\/pages"}],"about":[{"href":"https:\/\/biomes.world\/de\/wp-json\/wp\/v2\/types\/page"}],"author":[{"embeddable":true,"href":"https:\/\/biomes.world\/de\/wp-json\/wp\/v2\/users\/3168"}],"replies":[{"embeddable":true,"href":"https:\/\/biomes.world\/de\/wp-json\/wp\/v2\/comments?post=131191"}],"version-history":[{"count":1,"href":"https:\/\/biomes.world\/de\/wp-json\/wp\/v2\/pages\/131191\/revisions"}],"predecessor-version":[{"id":616595,"href":"https:\/\/biomes.world\/de\/wp-json\/wp\/v2\/pages\/131191\/revisions\/616595"}],"up":[{"embeddable":true,"href":"https:\/\/biomes.world\/de\/wp-json\/wp\/v2\/pages\/500601"}],"wp:attachment":[{"href":"https:\/\/biomes.world\/de\/wp-json\/wp\/v2\/media?parent=131191"}],"curies":[{"name":"wp","href":"https:\/\/api.w.org\/{rel}","templated":true}]}}