{"id":130993,"date":"2018-10-16T12:57:56","date_gmt":"2018-10-16T10:57:56","guid":{"rendered":"http:\/\/biomes.world\/?page_id=130993"},"modified":"2021-09-02T15:27:58","modified_gmt":"2021-09-02T13:27:58","slug":"seite-nicht-gefunden-404","status":"publish","type":"page","link":"https:\/\/biomes.world\/de\/seite-nicht-gefunden-404\/","title":{"rendered":"[404] &#8211; Seite nicht gefunden"},"content":{"rendered":"\n<h2 class=\"wp-block-heading\"><span class=\"subheader\">Seite nicht gefunden<\/span>Upps, sind wir falsch abgebogen? <\/h2>\n\n\n\n<div class=\"wp-block-image\"><figure class=\"aligncenter size-large\"><img loading=\"lazy\" decoding=\"async\" width=\"218\" height=\"225\" src=\"http:\/\/biomes.world\/wp-content\/uploads\/2021\/05\/BMS_fahrrad.png\" alt=\"\" class=\"wp-image-507358\"\/><\/figure><\/div>\n\n\n\n<p>Die Seite, die du aufrufen wolltest, wurde nicht gefunden. Das sollte nat\u00fcrlich nicht passieren. Vielleicht findest du hier, was du suchst:  <\/p>\n\n\n\n<ul class=\"wp-block-list\"><li><a href=\"http:\/\/www.biomes.world\">Home<\/a> &#8211; Sieh dich auf unserer Startseite um.<\/li><li><a href=\"https:\/\/shop.biomes.world\/\"><strong>INTEST.<\/strong>pro<\/a> &#8211; &nbsp;Lerne unseren&nbsp;einzigartigen&nbsp;Darmtest&nbsp;kennen.<\/li><li><a href=\"https:\/\/shop.biomes.world\/\">Shop<\/a> &#8211; Hier kannst du unsere Produkte bestellen.<\/li><li><a href=\"http:\/\/biomes.world\/de\/ueber-uns\/technologie\/\">Technologie <\/a>&#8211; Modernste Biotech im Dienst der Menschen<\/li><\/ul>\n\n\n\n<h2 class=\"wp-block-heading\">Wissenswertes: Unsere neusten Blog-Beitr\u00e4ge <\/h2>\n\n\n<div class=\"post__entries site-blockspace--both\"><div class=\"post__slide lg-up-3 md-up-2 xs-up-1 row\"><div class=\"post__item post column\"><div class=\"post__content\"><a href=\"https:\/\/biomes.world\/de\/wissenswertes\/darm\/darmschmerzen-periode-ursachen-was-du-tun-kannst\/\" class=\"post__thumbnail\" tabindex=\"0\"><img loading=\"lazy\" decoding=\"async\" width=\"800\" height=\"470\" src=\"https:\/\/biomes.world\/wp-content\/uploads\/2025\/11\/Rectangle-38-800x470.png\" class=\"attachment-post-thumbnail size-post-thumbnail wp-post-image\" alt=\"Darmschmerzen w\u00e4hrend der Periode \u2013 Ursachen &amp; was du tun kannst\" srcset=\"https:\/\/biomes.world\/wp-content\/uploads\/2025\/11\/Rectangle-38-800x470.png 800w, https:\/\/biomes.world\/wp-content\/uploads\/2025\/11\/Rectangle-38-400x235.png 400w\" sizes=\"auto, (max-width: 800px) 100vw, 800px\" \/><\/a><div class=\"entry\"><div class=\"entry__meta\"><span class=\"meta__posted-on\">Ver\u00f6ffentlicht am <time class=\"meta__date meta__date--published\" datetime=\"2025-11-26T04:27:04+01:00\" itemprop=\"datePublished\">26. November 2025<\/time><time class=\"meta__date--updated\" datetime=\"2026-01-22T14:16:49+01:00\" itemprop=\"dateModified\"><\/time><\/span><\/div><div class=\"entry__header\"><div class=\"entry__title h2\"><a href=\"https:\/\/biomes.world\/de\/wissenswertes\/darm\/darmschmerzen-periode-ursachen-was-du-tun-kannst\/\">Darmschmerzen Periode: Ursachen &amp; was du tun kannst<\/a><\/div><\/div><div class=\"entry__excerpt\"><p>Krampfartige Darmschmerzen, Bl\u00e4hungen oder pl\u00f6tzlicher Durchfall: Viele Frauen kennen diese Beschwerden, die p\u00fcnktlich mit dem Zyklusbeginn auftreten. W\u00e4hrend Menstruationsbeschwerden oft [...]<\/p><\/div><\/div><\/div><\/div><div class=\"post__item post column\"><div class=\"post__content\"><a href=\"https:\/\/biomes.world\/de\/wissenswertes\/ernaehrung\/test-lebensmittelunvertraeglichkeit-so-findest-du-heraus-was-dir-nicht-bekommt\/\" class=\"post__thumbnail\" tabindex=\"0\"><img loading=\"lazy\" decoding=\"async\" width=\"800\" height=\"470\" src=\"https:\/\/biomes.world\/wp-content\/uploads\/2025\/11\/Rectangle-37-800x470.png\" class=\"attachment-post-thumbnail size-post-thumbnail wp-post-image\" alt=\"Test Lebensmittelunvertr\u00e4glichkeit \u2013 So findest du heraus, was dir nicht bekommt\" srcset=\"https:\/\/biomes.world\/wp-content\/uploads\/2025\/11\/Rectangle-37-800x470.png 800w, https:\/\/biomes.world\/wp-content\/uploads\/2025\/11\/Rectangle-37-400x235.png 400w\" sizes=\"auto, (max-width: 800px) 100vw, 800px\" \/><\/a><div class=\"entry\"><div class=\"entry__meta\"><span class=\"meta__posted-on\">Ver\u00f6ffentlicht am <time class=\"meta__date meta__date--published\" datetime=\"2025-11-26T04:26:21+01:00\" itemprop=\"datePublished\">26. November 2025<\/time><time class=\"meta__date--updated\" datetime=\"2026-01-22T14:16:18+01:00\" itemprop=\"dateModified\"><\/time><\/span><\/div><div class=\"entry__header\"><div class=\"entry__title h2\"><a href=\"https:\/\/biomes.world\/de\/wissenswertes\/ernaehrung\/test-lebensmittelunvertraeglichkeit-so-findest-du-heraus-was-dir-nicht-bekommt\/\">Test Lebensmittelunvertr\u00e4glichkeit \u2013 So findest du heraus, was dir nicht bekommt<\/a><\/div><\/div><div class=\"entry__excerpt\"><p>Lebensmittelunvertr\u00e4glichkeiten k\u00f6nnen den Alltag massiv beeintr\u00e4chtigen: Bl\u00e4hungen, Durchfall, Hautprobleme oder st\u00e4ndige M\u00fcdigkeit sind nur einige der Symptome, die nach dem [...]<\/p><\/div><\/div><\/div><\/div><div class=\"post__item post column\"><div class=\"post__content\"><a href=\"https:\/\/biomes.world\/de\/wissenswertes\/darm\/darmkur-kinderwunsch-erfahrungen-wirkung-tipps\/\" class=\"post__thumbnail\" tabindex=\"0\"><img loading=\"lazy\" decoding=\"async\" width=\"800\" height=\"470\" src=\"https:\/\/biomes.world\/wp-content\/uploads\/2025\/11\/Rectangle-36-800x470.png\" class=\"attachment-post-thumbnail size-post-thumbnail wp-post-image\" alt=\"Probiotika Scheidenflora \u2013 Unterst\u00fctzung von innen\" srcset=\"https:\/\/biomes.world\/wp-content\/uploads\/2025\/11\/Rectangle-36-800x470.png 800w, https:\/\/biomes.world\/wp-content\/uploads\/2025\/11\/Rectangle-36-400x235.png 400w\" sizes=\"auto, (max-width: 800px) 100vw, 800px\" \/><\/a><div class=\"entry\"><div class=\"entry__meta\"><span class=\"meta__posted-on\">Ver\u00f6ffentlicht am <time class=\"meta__date meta__date--published\" datetime=\"2025-11-26T04:25:28+01:00\" itemprop=\"datePublished\">26. November 2025<\/time><time class=\"meta__date--updated\" datetime=\"2026-01-22T14:15:50+01:00\" itemprop=\"dateModified\"><\/time><\/span><\/div><div class=\"entry__header\"><div class=\"entry__title h2\"><a href=\"https:\/\/biomes.world\/de\/wissenswertes\/darm\/darmkur-kinderwunsch-erfahrungen-wirkung-tipps\/\">Darmkur Kinderwunsch: Erfahrungen, Wirkung &amp; Tipps<\/a><\/div><\/div><div class=\"entry__excerpt\"><p>Ein Kinderwunsch ist f\u00fcr viele Paare ein emotionales Thema. Doch wenn sich die Schwangerschaft nicht wie gew\u00fcnscht einstellt, lohnt es [...]<\/p><\/div><\/div><\/div><\/div><div class=\"post__item post column\"><div class=\"post__content\"><a href=\"https:\/\/biomes.world\/de\/wissenswertes\/ernaehrung\/probiotika-scheidenflora-unterstuetzung-von-innen\/\" class=\"post__thumbnail\" tabindex=\"0\"><img loading=\"lazy\" decoding=\"async\" width=\"800\" height=\"470\" src=\"https:\/\/biomes.world\/wp-content\/uploads\/2025\/11\/Rectangle-35-800x470.png\" class=\"attachment-post-thumbnail size-post-thumbnail wp-post-image\" alt=\"Probiotika Scheidenflora \u2013 Unterst\u00fctzung von innen\" srcset=\"https:\/\/biomes.world\/wp-content\/uploads\/2025\/11\/Rectangle-35-800x470.png 800w, https:\/\/biomes.world\/wp-content\/uploads\/2025\/11\/Rectangle-35-400x235.png 400w\" sizes=\"auto, (max-width: 800px) 100vw, 800px\" \/><\/a><div class=\"entry\"><div class=\"entry__meta\"><span class=\"meta__posted-on\">Ver\u00f6ffentlicht am <time class=\"meta__date meta__date--published\" datetime=\"2025-11-26T04:24:19+01:00\" itemprop=\"datePublished\">26. November 2025<\/time><time class=\"meta__date--updated\" datetime=\"2026-01-22T14:15:19+01:00\" itemprop=\"dateModified\"><\/time><\/span><\/div><div class=\"entry__header\"><div class=\"entry__title h2\"><a href=\"https:\/\/biomes.world\/de\/wissenswertes\/ernaehrung\/probiotika-scheidenflora-unterstuetzung-von-innen\/\">Probiotika Scheidenflora \u2013 Unterst\u00fctzung von innen<\/a><\/div><\/div><div class=\"entry__excerpt\"><p>Eine gesunde Scheidenflora ist der beste Schutz vor Infektionen, Reizungen und unangenehmen Beschwerden. Doch hormonelle Schwankungen, Stress, Antibiotika oder unausgewogene [...]<\/p><\/div><\/div><\/div><\/div><div class=\"post__item post column\"><div class=\"post__content\"><a href=\"https:\/\/biomes.world\/de\/wissenswertes\/darm\/schlafstoerungen-darm-wenn-dein-bauch-dir-den-schlaf-raubt\/\" class=\"post__thumbnail\" tabindex=\"0\"><img loading=\"lazy\" decoding=\"async\" width=\"800\" height=\"470\" src=\"https:\/\/biomes.world\/wp-content\/uploads\/2025\/11\/Rectangle-34-800x470.png\" class=\"attachment-post-thumbnail size-post-thumbnail wp-post-image\" alt=\"Schlafst\u00f6rungen Darm \u2013 Wenn dein Bauch dir den Schlaf raubt\" srcset=\"https:\/\/biomes.world\/wp-content\/uploads\/2025\/11\/Rectangle-34-800x470.png 800w, https:\/\/biomes.world\/wp-content\/uploads\/2025\/11\/Rectangle-34-400x235.png 400w\" sizes=\"auto, (max-width: 800px) 100vw, 800px\" \/><\/a><div class=\"entry\"><div class=\"entry__meta\"><span class=\"meta__posted-on\">Ver\u00f6ffentlicht am <time class=\"meta__date meta__date--published\" datetime=\"2025-11-26T04:23:24+01:00\" itemprop=\"datePublished\">26. November 2025<\/time><time class=\"meta__date--updated\" datetime=\"2026-01-22T14:14:49+01:00\" itemprop=\"dateModified\"><\/time><\/span><\/div><div class=\"entry__header\"><div class=\"entry__title h2\"><a href=\"https:\/\/biomes.world\/de\/wissenswertes\/darm\/schlafstoerungen-darm-wenn-dein-bauch-dir-den-schlaf-raubt\/\">Schlafst\u00f6rungen Darm \u2013 Wenn dein Bauch dir den Schlaf raubt<\/a><\/div><\/div><div class=\"entry__excerpt\"><p>Immer mehr Studien zeigen: Der Darm beeinflusst nicht nur unsere Verdauung, sondern auch unseren Schlaf. Denn \u00fcber das Mikrobiom, also [...]<\/p><\/div><\/div><\/div><\/div><div class=\"post__item post column\"><div class=\"post__content\"><a href=\"https:\/\/biomes.world\/de\/wissenswertes\/darm\/wechseljahre-magen-darm-erfahrungen-beschwerden-was-wirklich-hilft\/\" class=\"post__thumbnail\" tabindex=\"0\"><img loading=\"lazy\" decoding=\"async\" width=\"800\" height=\"470\" src=\"https:\/\/biomes.world\/wp-content\/uploads\/2025\/11\/Rectangle-33-800x470.png\" class=\"attachment-post-thumbnail size-post-thumbnail wp-post-image\" alt=\"Wechseljahre und Darm \u2013 Erfahrungen, Beschwerden &amp; was wirklich hilft\" srcset=\"https:\/\/biomes.world\/wp-content\/uploads\/2025\/11\/Rectangle-33-800x470.png 800w, https:\/\/biomes.world\/wp-content\/uploads\/2025\/11\/Rectangle-33-400x235.png 400w\" sizes=\"auto, (max-width: 800px) 100vw, 800px\" \/><\/a><div class=\"entry\"><div class=\"entry__meta\"><span class=\"meta__posted-on\">Ver\u00f6ffentlicht am <time class=\"meta__date meta__date--published\" datetime=\"2025-11-26T04:22:23+01:00\" itemprop=\"datePublished\">26. November 2025<\/time><time class=\"meta__date--updated\" datetime=\"2026-01-22T14:14:19+01:00\" itemprop=\"dateModified\"><\/time><\/span><\/div><div class=\"entry__header\"><div class=\"entry__title h2\"><a href=\"https:\/\/biomes.world\/de\/wissenswertes\/darm\/wechseljahre-magen-darm-erfahrungen-beschwerden-was-wirklich-hilft\/\">Wechseljahre Magen Darm: Erfahrungen, Beschwerden &amp; was wirklich hilft<\/a><\/div><\/div><div class=\"entry__excerpt\"><p>Verdauungsprobleme in den Wechseljahren sind keine Seltenheit, und doch oft ein Tabuthema. Viele Frauen berichten in Foren oder Gespr\u00e4chen mit [...]<\/p><\/div><\/div><\/div><\/div><\/div><\/div>\n","protected":false},"excerpt":{"rendered":"<p>Verdauungsprobleme in den Wechseljahren sind keine Seltenheit, und doch oft ein Tabuthema. Viele Frauen berichten in Foren oder Gespr\u00e4chen mit [&#8230;]<\/p>\n","protected":false},"author":3168,"featured_media":0,"parent":0,"menu_order":39,"comment_status":"closed","ping_status":"closed","template":"","meta":{"_acf_changed":false,"footnotes":""},"class_list":["post-130993","page","type-page","status-publish","hentry"],"acf":[],"yoast_head":"<!-- This site is optimized with the Yoast SEO plugin v27.4 - https:\/\/yoast.com\/product\/yoast-seo-wordpress\/ -->\n<title>Leider konnten wir die Seite nicht finden | BIOMES<\/title>\n<meta name=\"description\" content=\"Die gesuchte Seite existiert leider nicht. Falls du denkst, dass hierbei ein Fehler vorliegt, freuen wir uns \u00fcber eine kurze Nachricht.\" \/>\n<meta name=\"robots\" content=\"noindex, nofollow\" \/>\n<meta property=\"og:locale\" content=\"de_DE\" \/>\n<meta property=\"og:type\" content=\"article\" \/>\n<meta property=\"og:title\" content=\"Leider konnten wir die Seite nicht finden | BIOMES\" \/>\n<meta property=\"og:description\" content=\"Die gesuchte Seite existiert leider nicht. Falls du denkst, dass hierbei ein Fehler vorliegt, freuen wir uns \u00fcber eine kurze Nachricht.\" \/>\n<meta property=\"og:url\" content=\"https:\/\/biomes.world\/de\/seite-nicht-gefunden-404\/\" \/>\n<meta property=\"og:site_name\" content=\"BIOMES - Feel better\" \/>\n<meta property=\"article:publisher\" content=\"https:\/\/de-de.facebook.com\/BIOMES.world\/\" \/>\n<meta property=\"article:modified_time\" content=\"2021-09-02T13:27:58+00:00\" \/>\n<meta property=\"og:image\" content=\"http:\/\/biomes.world\/wp-content\/uploads\/2021\/05\/BMS_fahrrad.png\" \/>\n<meta name=\"twitter:card\" content=\"summary_large_image\" \/>\n<meta name=\"twitter:label1\" content=\"Gesch\u00e4tzte Lesezeit\" \/>\n\t<meta name=\"twitter:data1\" content=\"1\u00a0Minute\" \/>\n<script type=\"application\/ld+json\" class=\"yoast-schema-graph\">{\"@context\":\"https:\\\/\\\/schema.org\",\"@graph\":[{\"@type\":\"WebPage\",\"@id\":\"https:\\\/\\\/biomes.world\\\/de\\\/seite-nicht-gefunden-404\\\/\",\"url\":\"https:\\\/\\\/biomes.world\\\/de\\\/seite-nicht-gefunden-404\\\/\",\"name\":\"Leider konnten wir die Seite nicht finden | BIOMES\",\"isPartOf\":{\"@id\":\"https:\\\/\\\/biomes.world\\\/de\\\/#website\"},\"primaryImageOfPage\":{\"@id\":\"https:\\\/\\\/biomes.world\\\/de\\\/seite-nicht-gefunden-404\\\/#primaryimage\"},\"image\":{\"@id\":\"https:\\\/\\\/biomes.world\\\/de\\\/seite-nicht-gefunden-404\\\/#primaryimage\"},\"thumbnailUrl\":\"http:\\\/\\\/biomes.world\\\/wp-content\\\/uploads\\\/2021\\\/05\\\/BMS_fahrrad.png\",\"datePublished\":\"2018-10-16T10:57:56+00:00\",\"dateModified\":\"2021-09-02T13:27:58+00:00\",\"description\":\"Die gesuchte Seite existiert leider nicht. Falls du denkst, dass hierbei ein Fehler vorliegt, freuen wir uns \u00fcber eine kurze Nachricht.\",\"breadcrumb\":{\"@id\":\"https:\\\/\\\/biomes.world\\\/de\\\/seite-nicht-gefunden-404\\\/#breadcrumb\"},\"inLanguage\":\"de\",\"potentialAction\":[{\"@type\":\"ReadAction\",\"target\":[\"https:\\\/\\\/biomes.world\\\/de\\\/seite-nicht-gefunden-404\\\/\"]}]},{\"@type\":\"ImageObject\",\"inLanguage\":\"de\",\"@id\":\"https:\\\/\\\/biomes.world\\\/de\\\/seite-nicht-gefunden-404\\\/#primaryimage\",\"url\":\"http:\\\/\\\/biomes.world\\\/wp-content\\\/uploads\\\/2021\\\/05\\\/BMS_fahrrad.png\",\"contentUrl\":\"http:\\\/\\\/biomes.world\\\/wp-content\\\/uploads\\\/2021\\\/05\\\/BMS_fahrrad.png\"},{\"@type\":\"BreadcrumbList\",\"@id\":\"https:\\\/\\\/biomes.world\\\/de\\\/seite-nicht-gefunden-404\\\/#breadcrumb\",\"itemListElement\":[{\"@type\":\"ListItem\",\"position\":1,\"name\":\"Home\",\"item\":\"https:\\\/\\\/biomes.world\\\/de\\\/\"},{\"@type\":\"ListItem\",\"position\":2,\"name\":\"[404] &#8211; Seite nicht gefunden\"}]},{\"@type\":\"WebSite\",\"@id\":\"https:\\\/\\\/biomes.world\\\/de\\\/#website\",\"url\":\"https:\\\/\\\/biomes.world\\\/de\\\/\",\"name\":\"BIOMES - Feel better\",\"description\":\"Cutting-edge biotechnology used to help people\",\"publisher\":{\"@id\":\"https:\\\/\\\/biomes.world\\\/de\\\/#organization\"},\"potentialAction\":[{\"@type\":\"SearchAction\",\"target\":{\"@type\":\"EntryPoint\",\"urlTemplate\":\"https:\\\/\\\/biomes.world\\\/de\\\/?s={search_term_string}\"},\"query-input\":{\"@type\":\"PropertyValueSpecification\",\"valueRequired\":true,\"valueName\":\"search_term_string\"}}],\"inLanguage\":\"de\"},{\"@type\":\"Organization\",\"@id\":\"https:\\\/\\\/biomes.world\\\/de\\\/#organization\",\"name\":\"BIOMES 4.0 GmbH\",\"url\":\"https:\\\/\\\/biomes.world\\\/de\\\/\",\"logo\":{\"@type\":\"ImageObject\",\"inLanguage\":\"de\",\"@id\":\"https:\\\/\\\/biomes.world\\\/de\\\/#\\\/schema\\\/logo\\\/image\\\/\",\"url\":\"http:\\\/\\\/biomes.world\\\/wp-content\\\/uploads\\\/2024\\\/04\\\/biomes_logo_2021_RGB.png\",\"contentUrl\":\"http:\\\/\\\/biomes.world\\\/wp-content\\\/uploads\\\/2024\\\/04\\\/biomes_logo_2021_RGB.png\",\"width\":10040,\"height\":2599,\"caption\":\"BIOMES 4.0 GmbH\"},\"image\":{\"@id\":\"https:\\\/\\\/biomes.world\\\/de\\\/#\\\/schema\\\/logo\\\/image\\\/\"},\"sameAs\":[\"https:\\\/\\\/de-de.facebook.com\\\/BIOMES.world\\\/\",\"https:\\\/\\\/www.youtube.com\\\/@BIOMESworld\",\"https:\\\/\\\/www.instagram.com\\\/biomes_official\\\/\"]}]}<\/script>\n<!-- \/ Yoast SEO plugin. -->","yoast_head_json":{"title":"Leider konnten wir die Seite nicht finden | BIOMES","description":"Die gesuchte Seite existiert leider nicht. Falls du denkst, dass hierbei ein Fehler vorliegt, freuen wir uns \u00fcber eine kurze Nachricht.","robots":{"index":"noindex","follow":"nofollow"},"og_locale":"de_DE","og_type":"article","og_title":"Leider konnten wir die Seite nicht finden | BIOMES","og_description":"Die gesuchte Seite existiert leider nicht. Falls du denkst, dass hierbei ein Fehler vorliegt, freuen wir uns \u00fcber eine kurze Nachricht.","og_url":"https:\/\/biomes.world\/de\/seite-nicht-gefunden-404\/","og_site_name":"BIOMES - Feel better","article_publisher":"https:\/\/de-de.facebook.com\/BIOMES.world\/","article_modified_time":"2021-09-02T13:27:58+00:00","og_image":[{"url":"http:\/\/biomes.world\/wp-content\/uploads\/2021\/05\/BMS_fahrrad.png","type":"","width":"","height":""}],"twitter_card":"summary_large_image","twitter_misc":{"Gesch\u00e4tzte Lesezeit":"1\u00a0Minute"},"schema":{"@context":"https:\/\/schema.org","@graph":[{"@type":"WebPage","@id":"https:\/\/biomes.world\/de\/seite-nicht-gefunden-404\/","url":"https:\/\/biomes.world\/de\/seite-nicht-gefunden-404\/","name":"Leider konnten wir die Seite nicht finden | BIOMES","isPartOf":{"@id":"https:\/\/biomes.world\/de\/#website"},"primaryImageOfPage":{"@id":"https:\/\/biomes.world\/de\/seite-nicht-gefunden-404\/#primaryimage"},"image":{"@id":"https:\/\/biomes.world\/de\/seite-nicht-gefunden-404\/#primaryimage"},"thumbnailUrl":"http:\/\/biomes.world\/wp-content\/uploads\/2021\/05\/BMS_fahrrad.png","datePublished":"2018-10-16T10:57:56+00:00","dateModified":"2021-09-02T13:27:58+00:00","description":"Die gesuchte Seite existiert leider nicht. Falls du denkst, dass hierbei ein Fehler vorliegt, freuen wir uns \u00fcber eine kurze Nachricht.","breadcrumb":{"@id":"https:\/\/biomes.world\/de\/seite-nicht-gefunden-404\/#breadcrumb"},"inLanguage":"de","potentialAction":[{"@type":"ReadAction","target":["https:\/\/biomes.world\/de\/seite-nicht-gefunden-404\/"]}]},{"@type":"ImageObject","inLanguage":"de","@id":"https:\/\/biomes.world\/de\/seite-nicht-gefunden-404\/#primaryimage","url":"http:\/\/biomes.world\/wp-content\/uploads\/2021\/05\/BMS_fahrrad.png","contentUrl":"http:\/\/biomes.world\/wp-content\/uploads\/2021\/05\/BMS_fahrrad.png"},{"@type":"BreadcrumbList","@id":"https:\/\/biomes.world\/de\/seite-nicht-gefunden-404\/#breadcrumb","itemListElement":[{"@type":"ListItem","position":1,"name":"Home","item":"https:\/\/biomes.world\/de\/"},{"@type":"ListItem","position":2,"name":"[404] &#8211; Seite nicht gefunden"}]},{"@type":"WebSite","@id":"https:\/\/biomes.world\/de\/#website","url":"https:\/\/biomes.world\/de\/","name":"BIOMES - Feel better","description":"Cutting-edge biotechnology used to help people","publisher":{"@id":"https:\/\/biomes.world\/de\/#organization"},"potentialAction":[{"@type":"SearchAction","target":{"@type":"EntryPoint","urlTemplate":"https:\/\/biomes.world\/de\/?s={search_term_string}"},"query-input":{"@type":"PropertyValueSpecification","valueRequired":true,"valueName":"search_term_string"}}],"inLanguage":"de"},{"@type":"Organization","@id":"https:\/\/biomes.world\/de\/#organization","name":"BIOMES 4.0 GmbH","url":"https:\/\/biomes.world\/de\/","logo":{"@type":"ImageObject","inLanguage":"de","@id":"https:\/\/biomes.world\/de\/#\/schema\/logo\/image\/","url":"http:\/\/biomes.world\/wp-content\/uploads\/2024\/04\/biomes_logo_2021_RGB.png","contentUrl":"http:\/\/biomes.world\/wp-content\/uploads\/2024\/04\/biomes_logo_2021_RGB.png","width":10040,"height":2599,"caption":"BIOMES 4.0 GmbH"},"image":{"@id":"https:\/\/biomes.world\/de\/#\/schema\/logo\/image\/"},"sameAs":["https:\/\/de-de.facebook.com\/BIOMES.world\/","https:\/\/www.youtube.com\/@BIOMESworld","https:\/\/www.instagram.com\/biomes_official\/"]}]}},"_links":{"self":[{"href":"https:\/\/biomes.world\/de\/wp-json\/wp\/v2\/pages\/130993","targetHints":{"allow":["GET"]}}],"collection":[{"href":"https:\/\/biomes.world\/de\/wp-json\/wp\/v2\/pages"}],"about":[{"href":"https:\/\/biomes.world\/de\/wp-json\/wp\/v2\/types\/page"}],"author":[{"embeddable":true,"href":"https:\/\/biomes.world\/de\/wp-json\/wp\/v2\/users\/3168"}],"replies":[{"embeddable":true,"href":"https:\/\/biomes.world\/de\/wp-json\/wp\/v2\/comments?post=130993"}],"version-history":[{"count":0,"href":"https:\/\/biomes.world\/de\/wp-json\/wp\/v2\/pages\/130993\/revisions"}],"wp:attachment":[{"href":"https:\/\/biomes.world\/de\/wp-json\/wp\/v2\/media?parent=130993"}],"curies":[{"name":"wp","href":"https:\/\/api.w.org\/{rel}","templated":true}]}}